{"id":20541,"date":"2021-03-08T14:09:00","date_gmt":"2021-03-08T14:09:00","guid":{"rendered":"http:\/\/prrscontrolidiomas.advertis.es\/1-introduccion-al-prrs\/"},"modified":"2021-03-24T19:11:22","modified_gmt":"2021-03-24T19:11:22","slug":"introduccion-al-prrs","status":"publish","type":"page","link":"https:\/\/prrscontrol.com\/es\/prrs-la-enfermedad\/introduccion-al-prrs\/","title":{"rendered":"<span>1<\/span> Introducci\u00f3n al PRRS"},"content":{"rendered":"<div class=\"wpb-content-wrapper\"><p>[vc_row][vc_column width=\u00bb1\/1&#8243;][vc_row_inner][vc_column_inner el_class=\u00bbbox-knowledge\u00bb][vc_column_text]Tal y como su nombre indica, las caracter\u00edsticas cl\u00ednicas del s\u00edndrome reproductivo y respiratorio porcino (PRRS por su acr\u00f3nimo en ingl\u00e9s) incluye dos cuadros cl\u00ednicos diferenciados: <strong>cuadro reproductivo en hembras adultas<\/strong> (caracterizado por abortos, fetos momificados y nacimiento de lechones d\u00e9biles), y <strong>cuadro respiratorio, principalmente en cerdos j\u00f3venes<\/strong>.<\/p>\n<p>La enfermedad fue declarada por primera vez a finales de los 80s y el agente causal fue aislado en el a\u00f1o 1991. Actualmente, esta enfermedad est\u00e1 presente de forma end\u00e9mica en la mayor\u00eda de pa\u00edses.[\/vc_column_text][vc_column_text]\u00a0[\/vc_column_text][vc_column_text]Transcurridos 30 a\u00f1os desde que se describiera por primera vez, el PRRS a\u00fan est\u00e1\u00a0considerado como <strong>una de las enfermedades m\u00e1s caras<\/strong> para la industria porcina\u00a0mundial. A modo de ejemplo, se estima que solo en EE.UU. las p\u00e9rdidas ascienden a\u00a0664 millones de d\u00f3lares anuales. Por otro lado, cabe destacar que las cepas altamente virulentas de Asia afectaron en apenas unos meses a m\u00e1s de dos millones de cerdos, con mortalidades muy elevadas.<\/p>\n<p>La primera vacuna frente al virus del PRRS, basada en una cepa inactivada, fue comercializada en 1993. Poco despu\u00e9s, se comercializ\u00f3 una vacuna basada en un virus\u00a0vivo modificado (vacuna atenuada). En los a\u00f1os siguientes, el n\u00famero de vacunas\u00a0disponibles, basadas en virus inactivado o atenuado, fue muy limitado. Sin embargo, en\u00a0los \u00faltimos a\u00f1os el n\u00famero se ha incrementado de forma exponencial.<\/p>\n<p>As\u00ed, actualmente\u00a0existen aproximadamente 30 vacunas, aunque muchas de las cuales solo est\u00e1n\u00a0disponibles en su pa\u00eds de origen. A pesar de toda esta bater\u00eda de vacunas, hay consenso\u00a0sobre el hecho que ninguna de ellas aporta ni protecci\u00f3n completa ni universal.<\/p>\n<p>Existen dos razones por las cuales ocurre dicho fen\u00f3meno:<\/p>\n<ol>\n<li><strong>El virus del PRRS tiene una diversidad gen\u00e9tica extremadamente alta<\/strong><\/li>\n<li><strong>El virus del PRRS modula de forma muy marcada la respuesta inmunitaria<\/strong><\/li>\n<\/ol>\n<p>[\/vc_column_text][vc_column_text]<\/p>\n<p>Aun as\u00ed, las vacunas tienen efectos beneficiosos en t\u00e9rminos de reducci\u00f3n de la transmisi\u00f3n y de protecci\u00f3n cl\u00ednica. A pesar de los esfuerzos de la comunidad cient\u00edfica,\u00a0con m\u00e1s de 4.000 art\u00edculos relacionados con esta enfermedad publicados en revistas\u00a0indexadas, nuestro conocimiento de la misma dista de ser completo, por lo que a\u00fan\u00a0existen importantes inc\u00f3gnitas.[\/vc_column_text][vc_column_text]Como consecuencia, el virus del PRRS est\u00e1 presente en casi todo el mundo, con un\u00a0impacto econ\u00f3mico devastador.<\/p>\n<p>Incluso tras la implementaci\u00f3n de complejos y costosos\u00a0programas de control\/erradicaci\u00f3n el virus puede entrar de nuevo en las granjas,\u00a0regiones o incluso pa\u00edses, por lo que se considera <strong>uno de los mayores desaf\u00edos sanitarios\u00a0y econ\u00f3micos de la industria porcina<\/strong>.<\/p>\n<p>[\/vc_column_text][vc_column_text]<\/p>\n<hr \/>\n<p style=\"text-align: center;\">\u00a9 Laboratorios Hipra, S.A. 2026. Reservados todos los derechos.<br \/>\nNinguna parte de este sitio web o cualquiera de sus contenidos puede ser reproducido, copiado, modificado o adaptado, sin el consentimiento previo por escrito de HIPRA.<\/p>\n<p>[\/vc_column_text][\/vc_column_inner][\/vc_row_inner]<div class=\"toggle\"><div class=\"toggle-title \">Referencias<\/div><div class=\"toggle-inner\"><p>\n<ul>\n<li>Bautista EM, Meulenberg JJ, Choi CS, Molitor TW. Structural polypeptides of the American (VR-2332) strain of porcine reproductive and respiratory syndrome virus. Arch Virol. 1996:1357-65.<\/li>\n<li>Bloemraad M, de Kluijver EP, Petersen A, Burkhardt GE, Wensvoort G. Porcine reproductive and respiratory syndrome: temperature and pH stability of Lelystad virus and its survival in tissue specimens from viraemic pigs. Vet Microbiol. 1994, 42:361-71.<\/li>\n<li>Darwich L, D\u00edaz I, Mateu E. Certainties, doubts and hypotheses in porcine reproductive and respiratory syndrome virus immunobiology. Virus Res. 2010, 154:123-32.<\/li>\n<li>Hill H. Overview and history of Mystery Swine Disease (swine infertility\/respiratory syndrome). Proceedings of the Mystery Swine Disease Committee Meeting, Livestock Conversation Institute, Denver, CO. 1990, 29\u201331<\/li>\n<li>Holtkamp DJ, Kliebenstein JB, Neumann EJ, Zimmerman JJ, Rotto HF, Yoder TK, Wang C, Yeske PE, Mowrer CL and Haley CA. Assessment of the economic impact of porcine reproductive and respiratory syndrome virus on United States pork producers. J Swine Health Prod. 2013, 21:72-84.<\/li>\n<li>Keffaber KK. Reproductive failure of unknown etiology. AASP. 1989, 1: 2\u201310.<\/li>\n<li>Loula T. Mystery pig disease. Agri-practice. 1991, 12:23\u201334.<\/li>\n<li>Lunney JK, Benfield DA, Rowland RR.Porcine reproductive and respiratory syndrome virus: an update on an emerging and re-emerging viral disease of swine. Virus Res. 2010, 154:1-6.<\/li>\n<li>Mateu E, Diaz I. The challenge of PRRS immunology. Vet J. 2008, 177:345-51.<\/li>\n<li>Terpstra C, Wensvoorst G, Pol JMA. Experimental reproduction of porcine epidemic abortion and respiratory syndrome (mystery swine disease) by infection with\u00a0Lelystad virus: Koch&#8217;s postulates fulfilled. Vet Q. 1991, 13:131\u201336.<\/li>\n<li>Tian K, Yu X, Zhao T, Feng Y, Cao Z, Wang C, Hu Y, Chen X, Hu D, Tian X, Liu D, Zhang S, Deng X, Ding Y, Yang L, Zhang Y, Xiao H, Qiao M, Wang B, Hou L, Wang X, Yang X, Kang L, Sun M, Jin P, Wang S, Kitamura Y, Yan J, Gao GF. Emergence of fatal PRRSV variants: unparalleled outbreaks of atypical PRRS in China and molecular dissection of the unique hallmark. PLoS One. 200, 2:e526.<\/li>\n<li>Tong GZ, Zhou YJ, Hao XF, Tian ZJ, An TQ, Qiu HJ. Highly pathogenic porcine reproductive and respiratory syndrome, China. Emerg Infect Dis. 2007, 13:1434-6.<\/li>\n<li>Wensvoort G, Terpstra C, Pol JMA, Lask EA, Bloemraad M, de Kluyver EP, Kragten C, van Butten L, den Besten A, Wagenaar F, Broekhuijsen JM, Moonen PJM,\u00a0Zetstra T, de Boer EA, Tibben AhJ, de Jong MF, van\u2019r Veld P, Groenland GJR, van Gennep JA, Voets MTh, Verheijden JHM, Braamkamp J. Mystery swine disease in the Netherlands: the isolation of Lelystad virus. Vet Q. 1991, 13:121\u201330.<\/li>\n<\/ul>\n<\/p><\/div><\/div>[\/vc_column][\/vc_row]<\/p>\n<div style=\"text-align:center\" class=\"yasr-auto-insert-visitor\"><\/div><\/div>","protected":false},"excerpt":{"rendered":"<p>[vc_row][vc_column width=\u00bb1\/1&#8243;][vc_row_inner][vc_column_inner el_class=\u00bbbox-knowledge\u00bb][vc_column_text]Tal y como su nombre indica, las caracter\u00edsticas cl\u00ednicas del s\u00edndrome reproductivo y respiratorio porcino (PRRS por su acr\u00f3nimo en ingl\u00e9s) incluye dos cuadros cl\u00ednicos diferenciados: cuadro reproductivo en hembras adultas (caracterizado por abortos, fetos momificados y nacimiento de lechones d\u00e9biles), y cuadro respiratorio, principalmente en cerdos j\u00f3venes. La enfermedad fue declarada por primera vez a finales de los 80s y el agente causal fue aislado en el a\u00f1o 1991. Actualmente, esta enfermedad est\u00e1 presente de forma end\u00e9mica en la mayor\u00eda de pa\u00edses.[\/vc_column_text][vc_column_text]\u00a0[\/vc_column_text][vc_column_text]Transcurridos 30 a\u00f1os desde que se describiera por primera vez, el PRRS a\u00fan est\u00e1\u00a0considerado como una de las enfermedades m\u00e1s caras para la industria porcina\u00a0mundial. A modo de ejemplo, se estima que solo en EE.UU. las p\u00e9rdidas ascienden a\u00a0664 millones de d\u00f3lares anuales. Por otro lado, cabe destacar que las cepas altamente virulentas de Asia afectaron en apenas unos meses a m\u00e1s de dos millones de cerdos, con mortalidades muy elevadas. La primera vacuna frente al virus del PRRS, basada en una cepa inactivada, fue comercializada en 1993. Poco despu\u00e9s, se comercializ\u00f3 una vacuna basada en un virus\u00a0vivo modificado (vacuna atenuada). En los a\u00f1os siguientes, el n\u00famero de vacunas\u00a0disponibles, basadas en virus inactivado o atenuado, fue [&hellip;]<\/p>\n","protected":false},"author":19,"featured_media":17056,"parent":20561,"menu_order":0,"comment_status":"closed","ping_status":"closed","template":"","meta":{"_acf_changed":false,"_cbd_carousel_blocks":"[]","yasr_overall_rating":0,"yasr_post_is_review":"","yasr_auto_insert_disabled":"","yasr_review_type":"Product","footnotes":""},"categories":[],"tags":[],"class_list":["post-20541","page","type-page","status-publish","has-post-thumbnail","hentry"],"acf":[],"yasr_visitor_votes":{"number_of_votes":0,"sum_votes":0,"stars_attributes":{"read_only":false,"span_bottom":false}},"_links":{"self":[{"href":"https:\/\/prrscontrol.com\/es\/wp-json\/wp\/v2\/pages\/20541","targetHints":{"allow":["GET"]}}],"collection":[{"href":"https:\/\/prrscontrol.com\/es\/wp-json\/wp\/v2\/pages"}],"about":[{"href":"https:\/\/prrscontrol.com\/es\/wp-json\/wp\/v2\/types\/page"}],"author":[{"embeddable":true,"href":"https:\/\/prrscontrol.com\/es\/wp-json\/wp\/v2\/users\/19"}],"replies":[{"embeddable":true,"href":"https:\/\/prrscontrol.com\/es\/wp-json\/wp\/v2\/comments?post=20541"}],"version-history":[{"count":6,"href":"https:\/\/prrscontrol.com\/es\/wp-json\/wp\/v2\/pages\/20541\/revisions"}],"predecessor-version":[{"id":20566,"href":"https:\/\/prrscontrol.com\/es\/wp-json\/wp\/v2\/pages\/20541\/revisions\/20566"}],"up":[{"embeddable":true,"href":"https:\/\/prrscontrol.com\/es\/wp-json\/wp\/v2\/pages\/20561"}],"wp:featuredmedia":[{"embeddable":true,"href":"https:\/\/prrscontrol.com\/es\/wp-json\/wp\/v2\/media\/17056"}],"wp:attachment":[{"href":"https:\/\/prrscontrol.com\/es\/wp-json\/wp\/v2\/media?parent=20541"}],"wp:term":[{"taxonomy":"category","embeddable":true,"href":"https:\/\/prrscontrol.com\/es\/wp-json\/wp\/v2\/categories?post=20541"},{"taxonomy":"post_tag","embeddable":true,"href":"https:\/\/prrscontrol.com\/es\/wp-json\/wp\/v2\/tags?post=20541"}],"curies":[{"name":"wp","href":"https:\/\/api.w.org\/{rel}","templated":true}]}}