{"id":20561,"date":"2021-03-09T14:36:13","date_gmt":"2021-03-09T14:36:13","guid":{"rendered":"http:\/\/prrscontrolidiomas.advertis.es\/prrs-the-disease\/"},"modified":"2022-09-09T12:06:50","modified_gmt":"2022-09-09T12:06:50","slug":"prrs-la-enfermedad","status":"publish","type":"page","link":"https:\/\/prrscontrol.com\/es\/prrs-la-enfermedad\/","title":{"rendered":"PRRS: La enfermedad"},"content":{"rendered":"<div class=\"wpb-content-wrapper\"><p>[vc_row bg_image=\u00bb15411&#8243; top_padding=\u00bb50&#8243; bottom_padding=\u00bb50&#8243;][vc_column el_class=\u00bbhedaer-knowledge\u00bb width=\u00bb1\/1&#8243;][vc_row_inner][vc_column_inner width=\u00bb1\/2&#8243;][vc_column_text el_id=\u00bbwhat-is-title\u00bb]<\/p>\n<h1 class=\"p1\">PRRS: La enfermedad<\/h1>\n<p>[\/vc_column_text][\/vc_column_inner][vc_column_inner width=\u00bb1\/2&#8243;]<div class=\"video-embed  wpb_content_element\"><iframe loading=\"lazy\" title=\"PRRS - What comes to your mind when you hear about this disease?\" width=\"1161\" height=\"653\" src=\"https:\/\/www.youtube.com\/embed\/q-RaLW_d33s?feature=oembed\" frameborder=\"0\" allow=\"accelerometer; autoplay; clipboard-write; encrypted-media; gyroscope; picture-in-picture; web-share\" referrerpolicy=\"strict-origin-when-cross-origin\" allowfullscreen><\/iframe><\/div>[\/vc_column_inner][\/vc_row_inner][\/vc_column][\/vc_row][vc_row top_padding=\u00bb20&#8243; bottom_padding=\u00bb20&#8243;][vc_column width=\u00bb1\/1&#8243;][vc_row_inner][vc_column_inner css=\u00bb.vc_custom_1523371244870{margin-bottom: 30px !important;}\u00bb]<div class=\"newdivider align-center\" style=\"border-bottom-style: transparent; border-bottom-color: transparent; border-bottom-width: 0px; margin-top: 0; margin-bottom: 0; width: 100%; \"><\/div><div class=\"clear\"><\/div>[\/vc_column_inner][\/vc_row_inner][\/vc_column][\/vc_row][vc_row][vc_column width=\u00bb1\/1&#8243;][vc_row_inner][vc_column_inner el_class=\u00bbbox-knowledge\u00bb width=\u00bb1\/3&#8243;][vc_column_text el_class=\u00bbintro-titulo-articulo\u00bb]1<\/p>\n<h2>Introducci\u00f3n al PRRS<\/h2>\n<p>[\/vc_column_text]<div class=\"divider divider1\" style='margin:10px 20px 10px 45px  !important;'><\/div>[vc_column_text el_class=\u00bbmax-text-knowledge\u00bb]Tal y como su nombre indica, las caracter\u00edsticas cl\u00ednicas del s\u00edndrome reproductivo y\u00a0respiratorio porcino (PRRS por su acr\u00f3nimo en ingl\u00e9s) incluye dos cuadros cl\u00ednicos\u00a0diferenciados: cuadro reproductivo en hembras adultas (caracterizado por abortos, fetos\u00a0momificados y nacimiento de lechones d\u00e9biles), y cuadro respiratorio, principalmente\u00a0en cerdos j\u00f3venes. La enfermedad fue declarada por primera vez a finales de los 80s y el\u00a0agente causal fue aislado en el a\u00f1o 1991. Actualmente, esta enfermedad est\u00e1 presente\u00a0de forma end\u00e9mica en la mayor\u00eda de pa\u00edses.[\/vc_column_text][vc_column_text el_class=\u00bbread-more-custom\u00bb]<a class=\"read-more-link\" href=\"\/es\/prrs-sindrome-reproductivo-y-respiratorio-porcino\/introduccion-al-prrs\/\">leer m\u00e1s \u2192<\/a>[\/vc_column_text][\/vc_column_inner][vc_column_inner el_class=\u00bbbox-knowledge\u00bb width=\u00bb1\/3&#8243;][vc_column_text el_class=\u00bbintro-titulo-articulo\u00bb]2<\/p>\n<h2>Or\u00edgenes de la enfermedad del PRRS: perspectiva hist\u00f3rica, un origen incierto<\/h2>\n<p>[\/vc_column_text]<div class=\"divider divider1\" style='margin:10px 20px 10px 45px  !important;'><\/div>[vc_column_text el_class=\u00bbmax-text-knowledge\u00bb]A finales de la d\u00e9cada de los 80s, se inform\u00f3 de la aparici\u00f3n de una enfermedad,\u00a0hasta entonces desconocida, que se caracterizaba por p\u00e9rdidas reproductivas graves\u00a0hacia el final de la gestaci\u00f3n. La enfermedad tambi\u00e9n afectaba a los lechones,\u00a0increment\u00e1ndose el n\u00famero de nacidos d\u00e9biles y las tasas de mortalidad en las fases de\u00a0maternidad y transici\u00f3n. Adem\u00e1s, causaba neumon\u00eda grave y afectaba negativamente\u00a0a los par\u00e1metros productivos. El primer brote cl\u00ednico de esta nueva enfermedad fue\u00a0descrito en Carolina del Norte (EE.UU., 1987). Apenas unos a\u00f1os despu\u00e9s (1990), un\u00a0brote cl\u00ednico muy similar fue descrito en M\u00fcnster (Alemania). Hasta la fecha no se ha\u00a0podido encontrar conexi\u00f3n alguna entre los brotes de Europa y los de EE.UU. En los\u00a0a\u00f1os siguientes, el virus se disemin\u00f3 r\u00e1pidamente por otros pa\u00edses. Tras usar diferentes\u00a0nombres como Mystery swine disease (Enfermedad misteriosa del cerdo) o Blue-ear\u00a0pig disease (Enfermedad de la oreja azul), el nombre actual S\u00edndrome reproductivo y\u00a0respiratorio porcino fue finalmente adoptado en el primer congreso internacional de la\u00a0enfermedad (1992, EE.UU.).<\/p>\n<p><!--more-->[\/vc_column_text][vc_column_text el_class=\u00bbread-more-custom\u00bb]<a class=\"read-more-link\" href=\"\/es\/prrs-sindrome-reproductivo-y-respiratorio-porcino\/un-origen-incierto\/\">leer m\u00e1s \u2192<\/a>[\/vc_column_text][\/vc_column_inner][vc_column_inner el_class=\u00bbbox-knowledge\u00bb width=\u00bb1\/3&#8243;][vc_column_text el_class=\u00bbintro-titulo-articulo\u00bb]3<\/p>\n<h2>Patogenia, lesiones y signos cl\u00ednicos<\/h2>\n<p>[\/vc_column_text]<div class=\"divider divider1\" style='margin:10px 20px 10px 45px  !important;'><\/div>[vc_column_text el_class=\u00bbmax-text-knowledge\u00bb]El virus del PRRS tiene un tropismo extremadamente restringido para algunas\u00a0subpoblaciones de macr\u00f3fagos que pueden encontrarse en pulm\u00f3n, placenta y \u00f3rganos\u00a0linfoides. Recientes estudios se\u00f1alan que el virus del PRRS tambi\u00e9n es capaz de infectar\u00a0y replicarse en otros subtipos celulares, tales como las c\u00e9lulas dendr\u00edticas derivadas de\u00a0m\u00e9dula \u00f3sea o de monocitos. En cambio, monocitos, macr\u00f3fagos peritoneales, c\u00e9lulas\u00a0progenitoras de la m\u00e9dula \u00f3sea y c\u00e9lulas dendr\u00edticas plasmocitoides o pulmonares son\u00a0resistentes a la infecci\u00f3n.[\/vc_column_text][vc_column_text el_class=\u00bbread-more-custom\u00bb]<\/p>\n<p><a href=\"\/es\/prrs-sindrome-reproductivo-y-respiratorio-porcino\/patogenia-lesiones-y-signos-clinicos\/\">leer m\u00e1s \u2192<\/a><\/p>\n<p>[\/vc_column_text][\/vc_column_inner][\/vc_row_inner][vc_row_inner][vc_column_inner el_class=\u00bbbox-knowledge\u00bb width=\u00bb1\/3&#8243;][vc_column_text el_class=\u00bbintro-titulo-articulo\u00bb]4<\/p>\n<h2>Infecciones concomitantes o secundarias<\/h2>\n<p>[\/vc_column_text]<div class=\"divider divider1\" style='margin:10px 20px 10px 45px  !important;'><\/div>[vc_column_text el_class=\u00bbmax-text-knowledge\u00bb]La infecci\u00f3n por el virus del PRRS puede incrementar la susceptibilidad de los cerdos a otras\u00a0infecciones o, alternativamente, otras infecciones pueden existir de forma simult\u00e1nea. Sea\u00a0cual sea el caso, en condiciones de campo la presencia de otros pat\u00f3genos, ya sean virus\u00a0y\/o bacterias, es muy com\u00fan durante o tras la infecci\u00f3n del virus del PRRS. Obviamente, la simultaneidad de infecciones complica el cuadro cl\u00ednico y el diagn\u00f3stico.\u00a0Este fen\u00f3meno es especialmente evidente en lechones destetados y en la fase del cebo.[\/vc_column_text][vc_column_text el_class=\u00bbread-more-custom\u00bb]<a class=\"read-more-link\" href=\"\/es\/prrs-sindrome-reproductivo-y-respiratorio-porcino\/infecciones-concomitantes-o-secundarias\/\">leer m\u00e1s \u2192<\/a>[\/vc_column_text][\/vc_column_inner][vc_column_inner el_class=\u00bbbox-knowledge\u00bb width=\u00bb1\/3&#8243;][vc_column_text el_class=\u00bbintro-titulo-articulo\u00bb]5<\/p>\n<h2>Impacto econ\u00f3mico en la industria porcina<\/h2>\n<p>[\/vc_column_text]<div class=\"divider divider1\" style='margin:10px 20px 10px 45px  !important;'><\/div>[vc_column_text el_class=\u00bbmax-text-knowledge\u00bb]Numerosos autores han estimado que un brote cl\u00ednico de PRRS puede costar como media entre 100 y 200\u20ac por cerda presente en la granja.[\/vc_column_text][vc_column_text el_class=\u00bbread-more-custom\u00bb]<a class=\"read-more-link\" href=\"\/es\/prrs-sindrome-reproductivo-y-respiratorio-porcino\/impacto-economico-en-la-industria-porcina\/\">leer m\u00e1s \u2192<\/a>[\/vc_column_text][\/vc_column_inner][vc_column_inner el_class=\u00bbbox-knowledge\u00bb width=\u00bb1\/3&#8243;][vc_column_text el_class=\u00bbintro-titulo-articulo\u00bb]6<\/p>\n<h2>Distribuci\u00f3n geogr\u00e1fica<\/h2>\n<p>[\/vc_column_text]<div class=\"divider divider1\" style='margin:10px 20px 10px 45px  !important;'><\/div>[vc_column_text el_class=\u00bbmax-text-knowledge\u00bb]Se han establecido dos genotipos (tipo 1 o Europeo y tipo 2 o Americano). En Europa predomina el tipo 1 mientras que en Am\u00e9rica y Asia el m\u00e1s prevalente es el tipo 2. Dentro del PRRSV1 se han descrito al menos 4 subtipos. El subtipo I es el m\u00e1s predominante en la Europa Occidental, mientras que los subtipos II, III y IV han sido aislados hasta la fecha solo en pa\u00edses m\u00e1s al Este de Polonia. Respecto al PRRSV2 se han descrito dos clados.[\/vc_column_text][vc_column_text el_class=\u00bbread-more-custom\u00bb]<a class=\"read-more-link\" href=\"\/es\/prrs-sindrome-reproductivo-y-respiratorio-porcino\/distribucion-geografica\/\">leer m\u00e1s \u2192<\/a>[\/vc_column_text][\/vc_column_inner][\/vc_row_inner][\/vc_column][\/vc_row][vc_row top_padding=\u00bb20&#8243; bottom_padding=\u00bb20&#8243;][vc_column width=\u00bb1\/1&#8243;][vc_row_inner][vc_column_inner css=\u00bb.vc_custom_1523371244870{margin-bottom: 30px !important;}\u00bb]<div class=\"newdivider align-center\" style=\"border-bottom-style: transparent; border-bottom-color: transparent; border-bottom-width: 0px; margin-top: 0; margin-bottom: 0; width: 100%; \"><\/div><div class=\"clear\"><\/div>[\/vc_column_inner][\/vc_row_inner][\/vc_column][\/vc_row]<\/p>\n<div style=\"text-align:center\" class=\"yasr-auto-insert-visitor\"><\/div><\/div>","protected":false},"excerpt":{"rendered":"<p>[vc_row bg_image=\u00bb15411&#8243; top_padding=\u00bb50&#8243; bottom_padding=\u00bb50&#8243;][vc_column el_class=\u00bbhedaer-knowledge\u00bb width=\u00bb1\/1&#8243;][vc_row_inner][vc_column_inner width=\u00bb1\/2&#8243;][vc_column_text el_id=\u00bbwhat-is-title\u00bb] PRRS: La enfermedad [\/vc_column_text][\/vc_column_inner][vc_column_inner width=\u00bb1\/2&#8243;][\/vc_column_inner][\/vc_row_inner][\/vc_column][\/vc_row][vc_row top_padding=\u00bb20&#8243; bottom_padding=\u00bb20&#8243;][vc_column width=\u00bb1\/1&#8243;][vc_row_inner][vc_column_inner css=\u00bb.vc_custom_1523371244870{margin-bottom: 30px !important;}\u00bb][\/vc_column_inner][\/vc_row_inner][\/vc_column][\/vc_row][vc_row][vc_column width=\u00bb1\/1&#8243;][vc_row_inner][vc_column_inner el_class=\u00bbbox-knowledge\u00bb width=\u00bb1\/3&#8243;][vc_column_text el_class=\u00bbintro-titulo-articulo\u00bb]1 Introducci\u00f3n al PRRS [\/vc_column_text][vc_column_text el_class=\u00bbmax-text-knowledge\u00bb]Tal y como su nombre indica, las caracter\u00edsticas cl\u00ednicas del s\u00edndrome reproductivo y\u00a0respiratorio porcino (PRRS por su acr\u00f3nimo en ingl\u00e9s) incluye dos cuadros cl\u00ednicos\u00a0diferenciados: cuadro reproductivo en hembras adultas (caracterizado por abortos, fetos\u00a0momificados y nacimiento de lechones d\u00e9biles), y cuadro respiratorio, principalmente\u00a0en cerdos j\u00f3venes. La enfermedad fue declarada por primera vez a finales de los 80s y el\u00a0agente causal fue aislado en el a\u00f1o 1991. Actualmente, esta enfermedad est\u00e1 presente\u00a0de forma end\u00e9mica en la mayor\u00eda de pa\u00edses.[\/vc_column_text][vc_column_text el_class=\u00bbread-more-custom\u00bb]leer m\u00e1s \u2192[\/vc_column_text][\/vc_column_inner][vc_column_inner el_class=\u00bbbox-knowledge\u00bb width=\u00bb1\/3&#8243;][vc_column_text el_class=\u00bbintro-titulo-articulo\u00bb]2 Or\u00edgenes de la enfermedad del PRRS: perspectiva hist\u00f3rica, un origen incierto [\/vc_column_text][vc_column_text el_class=\u00bbmax-text-knowledge\u00bb]A finales de la d\u00e9cada de los 80s, se inform\u00f3 de la aparici\u00f3n de una enfermedad,\u00a0hasta entonces desconocida, que se caracterizaba por p\u00e9rdidas reproductivas graves\u00a0hacia el final de la gestaci\u00f3n. La enfermedad tambi\u00e9n afectaba a los lechones,\u00a0increment\u00e1ndose el n\u00famero de nacidos d\u00e9biles y las tasas de mortalidad en las fases de\u00a0maternidad y transici\u00f3n. Adem\u00e1s, causaba neumon\u00eda grave y afectaba negativamente\u00a0a los par\u00e1metros productivos. El primer brote cl\u00ednico de esta nueva enfermedad fue\u00a0descrito en Carolina del Norte (EE.UU., 1987). [&hellip;]<\/p>\n","protected":false},"author":19,"featured_media":17056,"parent":0,"menu_order":1,"comment_status":"closed","ping_status":"closed","template":"","meta":{"_acf_changed":false,"_cbd_carousel_blocks":"[]","yasr_overall_rating":0,"yasr_post_is_review":"","yasr_auto_insert_disabled":"","yasr_review_type":"","footnotes":""},"categories":[],"tags":[],"class_list":["post-20561","page","type-page","status-publish","has-post-thumbnail","hentry"],"acf":[],"yasr_visitor_votes":{"number_of_votes":0,"sum_votes":0,"stars_attributes":{"read_only":false,"span_bottom":false}},"_links":{"self":[{"href":"https:\/\/prrscontrol.com\/es\/wp-json\/wp\/v2\/pages\/20561","targetHints":{"allow":["GET"]}}],"collection":[{"href":"https:\/\/prrscontrol.com\/es\/wp-json\/wp\/v2\/pages"}],"about":[{"href":"https:\/\/prrscontrol.com\/es\/wp-json\/wp\/v2\/types\/page"}],"author":[{"embeddable":true,"href":"https:\/\/prrscontrol.com\/es\/wp-json\/wp\/v2\/users\/19"}],"replies":[{"embeddable":true,"href":"https:\/\/prrscontrol.com\/es\/wp-json\/wp\/v2\/comments?post=20561"}],"version-history":[{"count":10,"href":"https:\/\/prrscontrol.com\/es\/wp-json\/wp\/v2\/pages\/20561\/revisions"}],"predecessor-version":[{"id":21117,"href":"https:\/\/prrscontrol.com\/es\/wp-json\/wp\/v2\/pages\/20561\/revisions\/21117"}],"wp:featuredmedia":[{"embeddable":true,"href":"https:\/\/prrscontrol.com\/es\/wp-json\/wp\/v2\/media\/17056"}],"wp:attachment":[{"href":"https:\/\/prrscontrol.com\/es\/wp-json\/wp\/v2\/media?parent=20561"}],"wp:term":[{"taxonomy":"category","embeddable":true,"href":"https:\/\/prrscontrol.com\/es\/wp-json\/wp\/v2\/categories?post=20561"},{"taxonomy":"post_tag","embeddable":true,"href":"https:\/\/prrscontrol.com\/es\/wp-json\/wp\/v2\/tags?post=20561"}],"curies":[{"name":"wp","href":"https:\/\/api.w.org\/{rel}","templated":true}]}}