{"id":20567,"date":"2018-04-11T10:19:36","date_gmt":"2018-04-11T10:19:36","guid":{"rendered":"http:\/\/prrscontrolidiomas.advertis.es\/prrs-the-disease\/5-economic-impact-in-swine-industry\/"},"modified":"2023-12-15T09:33:43","modified_gmt":"2023-12-15T09:33:43","slug":"impacto-economico-en-la-industria-porcina","status":"publish","type":"page","link":"https:\/\/prrscontrol.com\/es\/prrs-la-enfermedad\/impacto-economico-en-la-industria-porcina\/","title":{"rendered":"<span>5<\/span> Impacto econ\u00f3mico en la industria porcina"},"content":{"rendered":"<div class=\"wpb-content-wrapper\"><p>[vc_row][vc_column width=\u00bb1\/1&#8243;][vc_column_text]<strong>EUROPA:<\/strong><\/p>\n<p>Numerosos autores han estimado que un brote cl\u00ednico de <strong>PRRS puede costar<\/strong> como media entre 1<strong>00 y 200\u20ac por cerda<\/strong> presente en la granja.<\/p>\n<p>Tras analizar los brotes aparecidos en nueve hatos de cerdas, investigadores holandeses calcularon que el n\u00famero de cerdos vendidos por cerda se puede reducir hasta en 1,7 (- 18%), y que el impacto econ\u00f3mico durante los brotes (teniendo en cuenta datos productivos, medicaci\u00f3n, diagn\u00f3stico, mano de obra, etc.) puede suponer p\u00e9rdidas entre 59 y 379\u20ac (p\u00e9rdida media 126\u20ac) por cerda presente durante un periodo de 18 semanas tras el brote.<\/p>\n<p>En general, las granjas sufrieron una disminuci\u00f3n en el n\u00famero de lechones nacidos vivos (de -2 a -17% por parto; media -8%) e incrementos en las tasas de mortalidad predestete (desde +17 a +124% ; media + 36%) y posdestete (de +85 a +350% ; media +167%).<\/p>\n<p>Seg\u00fan los autores, <strong>las p\u00e9rdidas econ\u00f3micas pueden variar debido a<\/strong>:<\/p>\n<ol>\n<li dir=\"ltr\">La cepa del virus del PRRS involucrada.<\/li>\n<li dir=\"ltr\">Caracter\u00edsticas intr\u00ednsecas de la granja.<\/li>\n<li dir=\"ltr\">Medidas de control aplicadas.<\/li>\n<\/ol>\n<p>[\/vc_column_text][vc_column_text]Diversos autores sugieren que el impacto de la enfermedad en otros pa\u00edses de Europa es\u00a0similar. A partir del an\u00e1lisis de brotes en Espa\u00f1a, se ha estimado que las p\u00e9rdidas en una\u00a0fase 1+2 (2.500 cerdas) podr\u00eda ser tan alto como 222.000\u20ac durante un periodo de seis meses.<\/p>\n<p>Adem\u00e1s, los costes relacionados con tener un estatus positivo e inestable, es decir nacimiento\u00a0de lechones vir\u00e9micos, puede suponer como m\u00ednimo 50\u20ac por cerda presente\/a\u00f1o, incluso sin\u00a0que exista una manifestaci\u00f3n cl\u00ednica evidente.[\/vc_column_text]<div class=\"single_image wpb_content_element align-left  animate image_box_rounded image_zoom \" data-animation=\"fade-in\" data-delay=\"300\"><a href=\"https:\/\/prrscontrol.com\/wp-content\/uploads\/2021\/03\/Impacto-economico-en-el-sector-porcino.jpg\" class=\"prettyPhoto\" rel=\"prettyPhoto[image]\"><img loading=\"lazy\" decoding=\"async\" width=\"1400\" height=\"1000\" src=\"https:\/\/prrscontrol.com\/wp-content\/uploads\/2021\/03\/Impacto-economico-en-el-sector-porcino.jpg\" class=\"attachment-full\" alt=\"\" title=\"Impacto-economico-en-el-sector-porcino\" srcset=\"https:\/\/prrscontrol.com\/wp-content\/uploads\/2021\/03\/Impacto-economico-en-el-sector-porcino.jpg 1400w, https:\/\/prrscontrol.com\/wp-content\/uploads\/2021\/03\/Impacto-economico-en-el-sector-porcino-300x214.jpg 300w, https:\/\/prrscontrol.com\/wp-content\/uploads\/2021\/03\/Impacto-economico-en-el-sector-porcino-768x549.jpg 768w, https:\/\/prrscontrol.com\/wp-content\/uploads\/2021\/03\/Impacto-economico-en-el-sector-porcino-1024x731.jpg 1024w, https:\/\/prrscontrol.com\/wp-content\/uploads\/2021\/03\/Impacto-economico-en-el-sector-porcino-120x86.jpg 120w, https:\/\/prrscontrol.com\/wp-content\/uploads\/2021\/03\/Impacto-economico-en-el-sector-porcino-350x250.jpg 350w, https:\/\/prrscontrol.com\/wp-content\/uploads\/2021\/03\/Impacto-economico-en-el-sector-porcino-750x536.jpg 750w, https:\/\/prrscontrol.com\/wp-content\/uploads\/2021\/03\/Impacto-economico-en-el-sector-porcino-1140x814.jpg 1140w\" sizes=\"auto, (max-width: 1400px) 100vw, 1400px\" \/><\/a><\/div>[vc_column_text]<strong>USA:<\/strong><\/p>\n<p>Investigadores de EE.UU. (2013) estimaron que las <strong>p\u00e9rdidas anuales<\/strong> causadas por el PRRS\u00a0ascend\u00edan en su pa\u00eds a <strong>664 millones de d\u00f3lares<\/strong> (periodo analizado 2005-2010), es decir,\u00a0m\u00e1s de 100 millones de d\u00f3lares que en un estudio previo (2005).<\/p>\n<p>Comparando ambos\u00a0estudios, el estudio de 2013 se diferenciaba de forma m\u00e1s significativa en la localizaci\u00f3n\u00a0de las p\u00e9rdidas:<\/p>\n<ul>\n<li>Estudio del 2005. Las p\u00e9rdidas en el hato reproductor supon\u00edan el 12% del total.<\/li>\n<li>Estudio del 2013. Las p\u00e9rdidas en el hato reproductor supon\u00edan el 45% del total.<\/li>\n<\/ul>\n<p>[\/vc_column_text][vc_column_text]Seg\u00fan el estudio del 2013, los costes totales adicionales (costes indirectos) atribuidos al\u00a0PRRS, tales como la vacunaci\u00f3n, la bioseguridad, etc. podr\u00edan haber supuesto 477 millones\u00a0de d\u00f3lares\/a\u00f1o. Por tanto, entre costes directos e indirectos, el PRRS supondr\u00eda un coste\u00a0superior a los 1.000 millones por a\u00f1o.<\/p>\n<p>Algunos autores han estimado que en EE.UU. el\u00a0PRRS provoca que se desteten anualmente alrededor de 8 millones menos de cerdos. El\u00a0impacto de la enfermedad en Canad\u00e1 o M\u00e9jico podr\u00eda ser similar.[\/vc_column_text][vc_column_text]<strong>ASIA:<\/strong><\/p>\n<p>En Jap\u00f3n, se ha estimado que las <strong>p\u00e9rdidas totales debidas al PRRS<\/strong> est\u00e1n en torno a los <strong>280 millones de d\u00f3lares anuales<\/strong>. Las estimaciones incluyen las p\u00e9rdidas de lechones en\u00a0maternidad (-6,7%), de lechones destetados (-30,7%) y de cerdos en engorde (-13,7%), as\u00ed\u00a0como el incremento de abortos (+36,4%) y de mortinatos (+6,6%). En general, estiman una\u00a0p\u00e9rdida de la ganancia media diaria de 5,8%.[\/vc_column_text][vc_column_text]Podemos asumir que la <strong>aparici\u00f3n de las cepas altamente virulentas en Asia ha\u00a0incrementado de forma muy significativa el impacto econ\u00f3mico de esta enfermedad en\u00a0dicho continente<\/strong>. Por ejemplo, se estima que el impacto del PRRS en Vietnam sobre el\u00a0mercado ha sido mucho mayor que el de cualquier otra enfermedad animal.[\/vc_column_text][vc_column_text el_class=\u00bbaviso\u00bb]<\/p>\n<hr \/>\n<p style=\"text-align: center;\">\u00a9 Laboratorios Hipra, S.A. 2026. Reservados todos los derechos.<br \/>\nNinguna parte de este sitio web o cualquiera de sus contenidos puede ser reproducido, copiado, modificado o adaptado, sin el consentimiento previo por escrito de HIPRA.<\/p>\n<p>[\/vc_column_text][\/vc_column][\/vc_row]<\/p>\n<div style=\"text-align:center\" class=\"yasr-auto-insert-visitor\"><\/div><\/div>","protected":false},"excerpt":{"rendered":"<p>[vc_row][vc_column width=\u00bb1\/1&#8243;][vc_column_text]EUROPA: Numerosos autores han estimado que un brote cl\u00ednico de PRRS puede costar como media entre 100 y 200\u20ac por cerda presente en la granja. Tras analizar los brotes aparecidos en nueve hatos de cerdas, investigadores holandeses calcularon que el n\u00famero de cerdos vendidos por cerda se puede reducir hasta en 1,7 (- 18%), y que el impacto econ\u00f3mico durante los brotes (teniendo en cuenta datos productivos, medicaci\u00f3n, diagn\u00f3stico, mano de obra, etc.) puede suponer p\u00e9rdidas entre 59 y 379\u20ac (p\u00e9rdida media 126\u20ac) por cerda presente durante un periodo de 18 semanas tras el brote. En general, las granjas sufrieron una disminuci\u00f3n en el n\u00famero de lechones nacidos vivos (de -2 a -17% por parto; media -8%) e incrementos en las tasas de mortalidad predestete (desde +17 a +124% ; media + 36%) y posdestete (de +85 a +350% ; media +167%). Seg\u00fan los autores, las p\u00e9rdidas econ\u00f3micas pueden variar debido a: La cepa del virus del PRRS involucrada. Caracter\u00edsticas intr\u00ednsecas de la granja. Medidas de control aplicadas. [\/vc_column_text][vc_column_text]Diversos autores sugieren que el impacto de la enfermedad en otros pa\u00edses de Europa es\u00a0similar. A partir del an\u00e1lisis de brotes en Espa\u00f1a, se ha estimado que las p\u00e9rdidas en una\u00a0fase [&hellip;]<\/p>\n","protected":false},"author":19,"featured_media":17056,"parent":20561,"menu_order":0,"comment_status":"closed","ping_status":"closed","template":"","meta":{"_acf_changed":false,"_cbd_carousel_blocks":"[]","yasr_overall_rating":0,"yasr_post_is_review":"","yasr_auto_insert_disabled":"","yasr_review_type":"","footnotes":""},"categories":[],"tags":[],"class_list":["post-20567","page","type-page","status-publish","has-post-thumbnail","hentry"],"acf":[],"yasr_visitor_votes":{"number_of_votes":0,"sum_votes":0,"stars_attributes":{"read_only":false,"span_bottom":false}},"_links":{"self":[{"href":"https:\/\/prrscontrol.com\/es\/wp-json\/wp\/v2\/pages\/20567","targetHints":{"allow":["GET"]}}],"collection":[{"href":"https:\/\/prrscontrol.com\/es\/wp-json\/wp\/v2\/pages"}],"about":[{"href":"https:\/\/prrscontrol.com\/es\/wp-json\/wp\/v2\/types\/page"}],"author":[{"embeddable":true,"href":"https:\/\/prrscontrol.com\/es\/wp-json\/wp\/v2\/users\/19"}],"replies":[{"embeddable":true,"href":"https:\/\/prrscontrol.com\/es\/wp-json\/wp\/v2\/comments?post=20567"}],"version-history":[{"count":5,"href":"https:\/\/prrscontrol.com\/es\/wp-json\/wp\/v2\/pages\/20567\/revisions"}],"predecessor-version":[{"id":20819,"href":"https:\/\/prrscontrol.com\/es\/wp-json\/wp\/v2\/pages\/20567\/revisions\/20819"}],"up":[{"embeddable":true,"href":"https:\/\/prrscontrol.com\/es\/wp-json\/wp\/v2\/pages\/20561"}],"wp:featuredmedia":[{"embeddable":true,"href":"https:\/\/prrscontrol.com\/es\/wp-json\/wp\/v2\/media\/17056"}],"wp:attachment":[{"href":"https:\/\/prrscontrol.com\/es\/wp-json\/wp\/v2\/media?parent=20567"}],"wp:term":[{"taxonomy":"category","embeddable":true,"href":"https:\/\/prrscontrol.com\/es\/wp-json\/wp\/v2\/categories?post=20567"},{"taxonomy":"post_tag","embeddable":true,"href":"https:\/\/prrscontrol.com\/es\/wp-json\/wp\/v2\/tags?post=20567"}],"curies":[{"name":"wp","href":"https:\/\/api.w.org\/{rel}","templated":true}]}}