{"id":20623,"date":"2021-03-22T11:05:54","date_gmt":"2021-03-22T11:05:54","guid":{"rendered":"http:\/\/prrscontrolidiomas.advertis.es\/la-respuesta-de-los-expertos-en-prrs\/"},"modified":"2024-12-17T10:31:00","modified_gmt":"2024-12-17T10:31:00","slug":"tendencias-en-prrs","status":"publish","type":"page","link":"https:\/\/prrscontrol.com\/es\/tendencias-en-prrs\/","title":{"rendered":"Tendencias en PRRS"},"content":{"rendered":"<div class=\"wpb-content-wrapper\"><p>[vc_row][vc_column]<div class=\"spacer\" style=\"height: 40px;\"><\/div>[\/vc_column][vc_column width=\u00bb1\/1&#8243;]<div class=\"blog-shortcode blog-page blog-medium\"><div class=\"blog-wrap\"><article id=\"post-27370\" class=\"clearfix post-27370 post type-post status-publish format-standard has-post-thumbnail hentry category-vacunacion category-virus-prrs tag-los-expertos-en-prrs-responden\">\n    \n        <div class=\"entry-image\">\n        <a href=\"https:\/\/prrscontrol.com\/es\/vvm-prrsv1-efectivas-contra-prrsv2\/\" title=\"Permalink to \u00bfPueden las vacunas vivas modificadas (VVM) frente a PRRSV1 ser efectivas contra PRRSV2?\" rel=\"bookmark\">\n            <img loading=\"lazy\" decoding=\"async\" width=\"600\" height=\"400\" src=\"https:\/\/prrscontrol.com\/wp-content\/uploads\/2023\/09\/Imagen-1-600x400.jpg\" class=\"attachment-portfolio size-portfolio wp-post-image\" alt=\"\" srcset=\"https:\/\/prrscontrol.com\/wp-content\/uploads\/2023\/09\/Imagen-1-600x400.jpg 600w, https:\/\/prrscontrol.com\/wp-content\/uploads\/2023\/09\/Imagen-1-300x200.jpg 300w, https:\/\/prrscontrol.com\/wp-content\/uploads\/2023\/09\/Imagen-1-1024x682.jpg 1024w, https:\/\/prrscontrol.com\/wp-content\/uploads\/2023\/09\/Imagen-1-768x511.jpg 768w, https:\/\/prrscontrol.com\/wp-content\/uploads\/2023\/09\/Imagen-1-1536x1022.jpg 1536w, https:\/\/prrscontrol.com\/wp-content\/uploads\/2023\/09\/Imagen-1-750x499.jpg 750w, https:\/\/prrscontrol.com\/wp-content\/uploads\/2023\/09\/Imagen-1-1140x759.jpg 1140w, https:\/\/prrscontrol.com\/wp-content\/uploads\/2023\/09\/Imagen-1.jpg 1570w\" sizes=\"auto, (max-width: 600px) 100vw, 600px\" \/>        <\/a>\n    <\/div>\n        \n    <div class=\"entry-wrap\">\n\n        <div class=\"entry-title\">\n        \t<h2><a href=\"https:\/\/prrscontrol.com\/es\/vvm-prrsv1-efectivas-contra-prrsv2\/\" title=\"Permalink to \u00bfPueden las vacunas vivas modificadas (VVM) frente a PRRSV1 ser efectivas contra PRRSV2?\" rel=\"bookmark\">\u00bfPueden las vacunas vivas modificadas (VVM) frente a PRRSV1 ser efectivas contra PRRSV2?<\/a><\/h2>\n        <\/div>\n\n        <div class=\"entry-content\">\n        \t\u00bfPueden las vacunas vivas modificadas (VVM) frente a PRRSV1 ser efectivas contra PRRSV2? &nbsp; El virus del s\u00edndrome reproductivo y respiratorio porcino (PRRSV) sigue siendo uno de los mayores desaf\u00edos... <a class=\"read-more-link\" href=\"https:\/\/prrscontrol.com\/es\/vvm-prrsv1-efectivas-contra-prrsv2\/\">read more  &rarr;<\/a>        <\/div>\n\n        <div class=\"entry-meta\">\n            <ul>\n\t\t\n\t\n\t\t\n\t\t<li class=\"meta-date\">enero 23, 2026<\/li>\n\t\t\n\t\n\t\t\n\t\n\t\t\n\n\n\t\t\t\t<\/ul>\n        <\/div>\n\n    <\/div>\n\n<\/article><!-- #post -->\n\n<div class=\"clear\"><\/div><article id=\"post-27218\" class=\"clearfix post-27218 post type-post status-publish format-standard has-post-thumbnail hentry category-vacunacion category-virus-prrs tag-los-expertos-en-prrs-responden\">\n    \n        <div class=\"entry-image\">\n        <a href=\"https:\/\/prrscontrol.com\/es\/vacunacion-temprana-de-lechones-con-unistrain-prrs-induce-titulos-de-anticuerpos-neutralizantes-similares-a-la-vacunacion-a-las-3-semanas-de-edad\/\" title=\"Permalink to Vacunaci\u00f3n temprana de lechones con UNISTRAIN\u00ae PRRS induce t\u00edtulos de anticuerpos neutralizantes similares a la vacunaci\u00f3n a las 3 semanas de edad\" rel=\"bookmark\">\n            <img loading=\"lazy\" decoding=\"async\" width=\"354\" height=\"196\" src=\"https:\/\/prrscontrol.com\/wp-content\/uploads\/2025\/07\/unistrain-PRRS_vaccination-2.png\" class=\"attachment-portfolio size-portfolio wp-post-image\" alt=\"\" srcset=\"https:\/\/prrscontrol.com\/wp-content\/uploads\/2025\/07\/unistrain-PRRS_vaccination-2.png 354w, https:\/\/prrscontrol.com\/wp-content\/uploads\/2025\/07\/unistrain-PRRS_vaccination-2-300x166.png 300w\" sizes=\"auto, (max-width: 354px) 100vw, 354px\" \/>        <\/a>\n    <\/div>\n        \n    <div class=\"entry-wrap\">\n\n        <div class=\"entry-title\">\n        \t<h2><a href=\"https:\/\/prrscontrol.com\/es\/vacunacion-temprana-de-lechones-con-unistrain-prrs-induce-titulos-de-anticuerpos-neutralizantes-similares-a-la-vacunacion-a-las-3-semanas-de-edad\/\" title=\"Permalink to Vacunaci\u00f3n temprana de lechones con UNISTRAIN\u00ae PRRS induce t\u00edtulos de anticuerpos neutralizantes similares a la vacunaci\u00f3n a las 3 semanas de edad\" rel=\"bookmark\">Vacunaci\u00f3n temprana de lechones con UNISTRAIN\u00ae PRRS induce t\u00edtulos de anticuerpos neutralizantes similares a la vacunaci\u00f3n a las 3 semanas de edad<\/a><\/h2>\n        <\/div>\n\n        <div class=\"entry-content\">\n        \tVacunaci\u00f3n temprana de lechones con UNISTRAIN\u00ae PRRS induce t\u00edtulos de anticuerpos neutralizantes similares a la vacunaci\u00f3n a las 3 semanas de edad Adaptado de la publicaci\u00f3n de Laia Aguirre et... <a class=\"read-more-link\" href=\"https:\/\/prrscontrol.com\/es\/vacunacion-temprana-de-lechones-con-unistrain-prrs-induce-titulos-de-anticuerpos-neutralizantes-similares-a-la-vacunacion-a-las-3-semanas-de-edad\/\">read more  &rarr;<\/a>        <\/div>\n\n        <div class=\"entry-meta\">\n            <ul>\n\t\t\n\t\n\t\t\n\t\t<li class=\"meta-date\">julio 18, 2025<\/li>\n\t\t\n\t\n\t\t\n\t\n\t\t\n\n\n\t\t\t\t<\/ul>\n        <\/div>\n\n    <\/div>\n\n<\/article><!-- #post -->\n\n<div class=\"clear\"><\/div><article id=\"post-27076\" class=\"clearfix post-27076 post type-post status-publish format-standard has-post-thumbnail hentry category-vacunacion category-virus-prrs tag-los-expertos-en-prrs-responden\">\n    \n        <div class=\"entry-image\">\n        <a href=\"https:\/\/prrscontrol.com\/es\/prrsv2-vacuna-prrs-mlv\/\" title=\"Permalink to Cerdos vacunados con una vacuna viva modificada de PRRSV1 desarrollaron una inmunidad potente contra cepas japonesas de PRRSV2\" rel=\"bookmark\">\n            <img loading=\"lazy\" decoding=\"async\" width=\"600\" height=\"400\" src=\"https:\/\/prrscontrol.com\/wp-content\/uploads\/2025\/03\/cepa-prrsv-600x400.jpg\" class=\"attachment-portfolio size-portfolio wp-post-image\" alt=\"\" srcset=\"https:\/\/prrscontrol.com\/wp-content\/uploads\/2025\/03\/cepa-prrsv-600x400.jpg 600w, https:\/\/prrscontrol.com\/wp-content\/uploads\/2025\/03\/cepa-prrsv-1140x758.jpg 1140w\" sizes=\"auto, (max-width: 600px) 100vw, 600px\" \/>        <\/a>\n    <\/div>\n        \n    <div class=\"entry-wrap\">\n\n        <div class=\"entry-title\">\n        \t<h2><a href=\"https:\/\/prrscontrol.com\/es\/prrsv2-vacuna-prrs-mlv\/\" title=\"Permalink to Cerdos vacunados con una vacuna viva modificada de PRRSV1 desarrollaron una inmunidad potente contra cepas japonesas de PRRSV2\" rel=\"bookmark\">Cerdos vacunados con una vacuna viva modificada de PRRSV1 desarrollaron una inmunidad potente contra cepas japonesas de PRRSV2<\/a><\/h2>\n        <\/div>\n\n        <div class=\"entry-content\">\n        \tCerdos vacunados con una vacuna viva modificada de PRRSV1 desarrollaron una inmunidad potente contra cepas japonesas de PRRSV2 Adaptado de la publicaci\u00f3n de Salvador Romero et al. en el IPVS... <a class=\"read-more-link\" href=\"https:\/\/prrscontrol.com\/es\/prrsv2-vacuna-prrs-mlv\/\">read more  &rarr;<\/a>        <\/div>\n\n        <div class=\"entry-meta\">\n            <ul>\n\t\t\n\t\n\t\t\n\t\t<li class=\"meta-date\">marzo 5, 2025<\/li>\n\t\t\n\t\n\t\t\n\t\n\t\t\n\n\n\t\t\t\t<\/ul>\n        <\/div>\n\n    <\/div>\n\n<\/article><!-- #post -->\n\n<div class=\"clear\"><\/div><article id=\"post-27021\" class=\"clearfix post-27021 post type-post status-publish format-standard has-post-thumbnail hentry category-vacunacion tag-los-expertos-en-prrs-responden\">\n    \n        <div class=\"entry-image\">\n        <a href=\"https:\/\/prrscontrol.com\/es\/vacunacion-prrsv-mlv-lechones-mortalidad\/\" title=\"Permalink to Vacunaci\u00f3n de lechones con PRRSV-MLV reduce a largo plazo la mortalidad en transici\u00f3n\" rel=\"bookmark\">\n            <img loading=\"lazy\" decoding=\"async\" width=\"600\" height=\"378\" src=\"https:\/\/prrscontrol.com\/wp-content\/uploads\/2025\/01\/vaccination-piglets-prrsv-mlv-mortality.jpg\" class=\"attachment-portfolio size-portfolio wp-post-image\" alt=\"\" srcset=\"https:\/\/prrscontrol.com\/wp-content\/uploads\/2025\/01\/vaccination-piglets-prrsv-mlv-mortality.jpg 600w, https:\/\/prrscontrol.com\/wp-content\/uploads\/2025\/01\/vaccination-piglets-prrsv-mlv-mortality-300x189.jpg 300w\" sizes=\"auto, (max-width: 600px) 100vw, 600px\" \/>        <\/a>\n    <\/div>\n        \n    <div class=\"entry-wrap\">\n\n        <div class=\"entry-title\">\n        \t<h2><a href=\"https:\/\/prrscontrol.com\/es\/vacunacion-prrsv-mlv-lechones-mortalidad\/\" title=\"Permalink to Vacunaci\u00f3n de lechones con PRRSV-MLV reduce a largo plazo la mortalidad en transici\u00f3n\" rel=\"bookmark\">Vacunaci\u00f3n de lechones con PRRSV-MLV reduce a largo plazo la mortalidad en transici\u00f3n<\/a><\/h2>\n        <\/div>\n\n        <div class=\"entry-content\">\n        \tVacunaci\u00f3n de lechones con PRRSV-MLV reduce a largo plazo la mortalidad en transici\u00f3n Adaptado de la publicaci\u00f3n de Vasco Martins et al. in the IPVS 2024. &nbsp; Introducci\u00f3n En algunas... <a class=\"read-more-link\" href=\"https:\/\/prrscontrol.com\/es\/vacunacion-prrsv-mlv-lechones-mortalidad\/\">read more  &rarr;<\/a>        <\/div>\n\n        <div class=\"entry-meta\">\n            <ul>\n\t\t\n\t\n\t\t\n\t\t<li class=\"meta-date\">enero 20, 2025<\/li>\n\t\t\n\t\n\t\t\n\t\n\t\t\n\n\n\t\t\t\t<\/ul>\n        <\/div>\n\n    <\/div>\n\n<\/article><!-- #post -->\n\n<div class=\"clear\"><\/div><article id=\"post-26922\" class=\"clearfix post-26922 post type-post status-publish format-standard has-post-thumbnail hentry category-vacunacion tag-los-expertos-en-prrs-responden\">\n    \n        <div class=\"entry-image\">\n        <a href=\"https:\/\/prrscontrol.com\/es\/productividad-cerdos-vacunados-prrsv\/\" title=\"Permalink to Mejora de productividad y reducci\u00f3n de antibi\u00f3ticos en cerdos vacunados por v\u00eda intrad\u00e9rmica con una vacuna viva de PRRSV1 en una granja positiva a PRRSV2 en Jap\u00f3n\" rel=\"bookmark\">\n            <img loading=\"lazy\" decoding=\"async\" width=\"600\" height=\"400\" src=\"https:\/\/prrscontrol.com\/wp-content\/uploads\/2022\/12\/modified-live-vaccines-600x400.jpg\" class=\"attachment-portfolio size-portfolio wp-post-image\" alt=\"\" srcset=\"https:\/\/prrscontrol.com\/wp-content\/uploads\/2022\/12\/modified-live-vaccines.jpg 600w, https:\/\/prrscontrol.com\/wp-content\/uploads\/2022\/12\/modified-live-vaccines-300x200.jpg 300w\" sizes=\"auto, (max-width: 600px) 100vw, 600px\" \/>        <\/a>\n    <\/div>\n        \n    <div class=\"entry-wrap\">\n\n        <div class=\"entry-title\">\n        \t<h2><a href=\"https:\/\/prrscontrol.com\/es\/productividad-cerdos-vacunados-prrsv\/\" title=\"Permalink to Mejora de productividad y reducci\u00f3n de antibi\u00f3ticos en cerdos vacunados por v\u00eda intrad\u00e9rmica con una vacuna viva de PRRSV1 en una granja positiva a PRRSV2 en Jap\u00f3n\" rel=\"bookmark\">Mejora de productividad y reducci\u00f3n de antibi\u00f3ticos en cerdos vacunados por v\u00eda intrad\u00e9rmica con una vacuna viva de PRRSV1 en una granja positiva a PRRSV2 en Jap\u00f3n<\/a><\/h2>\n        <\/div>\n\n        <div class=\"entry-content\">\n        \tMejora de productividad y reducci\u00f3n de antibi\u00f3ticos en cerdos vacunados por v\u00eda intrad\u00e9rmica con una vacuna viva de PRRSV1 en una granja positiva a PRRSV2 en Jap\u00f3n Publicaci\u00f3n de Joel... <a class=\"read-more-link\" href=\"https:\/\/prrscontrol.com\/es\/productividad-cerdos-vacunados-prrsv\/\">read more  &rarr;<\/a>        <\/div>\n\n        <div class=\"entry-meta\">\n            <ul>\n\t\t\n\t\n\t\t\n\t\t<li class=\"meta-date\">noviembre 6, 2024<\/li>\n\t\t\n\t\n\t\t\n\t\n\t\t\n\n\n\t\t\t\t<\/ul>\n        <\/div>\n\n    <\/div>\n\n<\/article><!-- #post -->\n\n<div class=\"clear\"><\/div><article id=\"post-26798\" class=\"clearfix post-26798 post type-post status-publish format-standard has-post-thumbnail hentry category-vacunacion tag-los-expertos-en-prrs-responden\">\n    \n        <div class=\"entry-image\">\n        <a href=\"https:\/\/prrscontrol.com\/es\/impacto-vacunacion-prrsv-cepa-rosalia\/\" title=\"Permalink to El impacto de la vacunaci\u00f3n contra el PRRSV frente a una cepa altamente pat\u00f3gena: el caso de Rosal\u00eda\" rel=\"bookmark\">\n            <img loading=\"lazy\" decoding=\"async\" width=\"600\" height=\"400\" src=\"https:\/\/prrscontrol.com\/wp-content\/uploads\/2024\/10\/842_633_1-600x400.png\" class=\"attachment-portfolio size-portfolio wp-post-image\" alt=\"\" srcset=\"https:\/\/prrscontrol.com\/wp-content\/uploads\/2024\/10\/842_633_1-600x400.png 600w, https:\/\/prrscontrol.com\/wp-content\/uploads\/2024\/10\/842_633_1-842x563.png 842w\" sizes=\"auto, (max-width: 600px) 100vw, 600px\" \/>        <\/a>\n    <\/div>\n        \n    <div class=\"entry-wrap\">\n\n        <div class=\"entry-title\">\n        \t<h2><a href=\"https:\/\/prrscontrol.com\/es\/impacto-vacunacion-prrsv-cepa-rosalia\/\" title=\"Permalink to El impacto de la vacunaci\u00f3n contra el PRRSV frente a una cepa altamente pat\u00f3gena: el caso de Rosal\u00eda\" rel=\"bookmark\">El impacto de la vacunaci\u00f3n contra el PRRSV frente a una cepa altamente pat\u00f3gena: el caso de Rosal\u00eda<\/a><\/h2>\n        <\/div>\n\n        <div class=\"entry-content\">\n        \tEl impacto de la vacunaci\u00f3n contra el PRRSV frente a una cepa altamente pat\u00f3gena: el caso de Rosal\u00eda Tiago Nunes1, Salvador Romero1, Lidia de Lucas1, Fernando de Mergelina1, Joel Miranda2... <a class=\"read-more-link\" href=\"https:\/\/prrscontrol.com\/es\/impacto-vacunacion-prrsv-cepa-rosalia\/\">read more  &rarr;<\/a>        <\/div>\n\n        <div class=\"entry-meta\">\n            <ul>\n\t\t\n\t\n\t\t\n\t\t<li class=\"meta-date\">octubre 9, 2024<\/li>\n\t\t\n\t\n\t\t\n\t\n\t\t\n\n\n\t\t\t\t<\/ul>\n        <\/div>\n\n    <\/div>\n\n<\/article><!-- #post -->\n\n<div class=\"clear\"><\/div><article id=\"post-26719\" class=\"clearfix post-26719 post type-post status-publish format-standard has-post-thumbnail hentry category-virus-prrs tag-los-expertos-en-prrs-responden\">\n    \n        <div class=\"entry-image\">\n        <a href=\"https:\/\/prrscontrol.com\/es\/productivo-economico-brotes-prrs\/\" title=\"Permalink to Impacto productivo y econ\u00f3mico de dos brotes de PRRS altamente virulento en una explotaci\u00f3n porcina en Espa\u00f1a\" rel=\"bookmark\">\n            <img loading=\"lazy\" decoding=\"async\" width=\"600\" height=\"400\" src=\"https:\/\/prrscontrol.com\/wp-content\/uploads\/2020\/11\/vaccinology-hero-600x400.jpg\" class=\"attachment-portfolio size-portfolio wp-post-image\" alt=\"\" \/>        <\/a>\n    <\/div>\n        \n    <div class=\"entry-wrap\">\n\n        <div class=\"entry-title\">\n        \t<h2><a href=\"https:\/\/prrscontrol.com\/es\/productivo-economico-brotes-prrs\/\" title=\"Permalink to Impacto productivo y econ\u00f3mico de dos brotes de PRRS altamente virulento en una explotaci\u00f3n porcina en Espa\u00f1a\" rel=\"bookmark\">Impacto productivo y econ\u00f3mico de dos brotes de PRRS altamente virulento en una explotaci\u00f3n porcina en Espa\u00f1a<\/a><\/h2>\n        <\/div>\n\n        <div class=\"entry-content\">\n        \tImpacto productivo y econ\u00f3mico de dos brotes de PRRS altamente virulento en una explotaci\u00f3n porcina en Espa\u00f1a Publicaci\u00f3n de Alberto Garc\u00eda Flores et al. en el IPVS 2024 &nbsp; Introducci\u00f3n... <a class=\"read-more-link\" href=\"https:\/\/prrscontrol.com\/es\/productivo-economico-brotes-prrs\/\">read more  &rarr;<\/a>        <\/div>\n\n        <div class=\"entry-meta\">\n            <ul>\n\t\t\n\t\n\t\t\n\t\t<li class=\"meta-date\">julio 29, 2024<\/li>\n\t\t\n\t\n\t\t\n\t\n\t\t\n\n\n\t\t\t\t<\/ul>\n        <\/div>\n\n    <\/div>\n\n<\/article><!-- #post -->\n\n<div class=\"clear\"><\/div><article id=\"post-26550\" class=\"clearfix post-26550 post type-post status-publish format-standard has-post-thumbnail hentry category-vacunacion tag-los-expertos-en-prrs-responden\">\n    \n        <div class=\"entry-image\">\n        <a href=\"https:\/\/prrscontrol.com\/es\/evaluacion-vacunacion-lechones-prrs-espana\/\" title=\"Permalink to Evaluaci\u00f3n de la vacunaci\u00f3n de lechones contra el PRRS en una transici\u00f3n multiorigen en Espa\u00f1a\" rel=\"bookmark\">\n            <img loading=\"lazy\" decoding=\"async\" width=\"600\" height=\"400\" src=\"https:\/\/prrscontrol.com\/wp-content\/uploads\/2021\/08\/prrs-virus-vaccination-farms-swine-600x400.jpg\" class=\"attachment-portfolio size-portfolio wp-post-image\" alt=\"\" \/>        <\/a>\n    <\/div>\n        \n    <div class=\"entry-wrap\">\n\n        <div class=\"entry-title\">\n        \t<h2><a href=\"https:\/\/prrscontrol.com\/es\/evaluacion-vacunacion-lechones-prrs-espana\/\" title=\"Permalink to Evaluaci\u00f3n de la vacunaci\u00f3n de lechones contra el PRRS en una transici\u00f3n multiorigen en Espa\u00f1a\" rel=\"bookmark\">Evaluaci\u00f3n de la vacunaci\u00f3n de lechones contra el PRRS en una transici\u00f3n multiorigen en Espa\u00f1a<\/a><\/h2>\n        <\/div>\n\n        <div class=\"entry-content\">\n        \tEvaluaci\u00f3n de la vacunaci\u00f3n de lechones contra el PRRS en una transici\u00f3n multiorigen en Espa\u00f1a Publicaci\u00f3n de Lidia de Lucas et al. en el IPVS 2024 &nbsp; Introducci\u00f3n La vacunaci\u00f3n... <a class=\"read-more-link\" href=\"https:\/\/prrscontrol.com\/es\/evaluacion-vacunacion-lechones-prrs-espana\/\">read more  &rarr;<\/a>        <\/div>\n\n        <div class=\"entry-meta\">\n            <ul>\n\t\t\n\t\n\t\t\n\t\t<li class=\"meta-date\">junio 26, 2024<\/li>\n\t\t\n\t\n\t\t\n\t\n\t\t\n\n\n\t\t\t\t<\/ul>\n        <\/div>\n\n    <\/div>\n\n<\/article><!-- #post -->\n\n<div class=\"clear\"><\/div><article id=\"post-26513\" class=\"clearfix post-26513 post type-post status-publish format-standard has-post-thumbnail hentry category-vacunacion\">\n    \n        <div class=\"entry-image\">\n        <a href=\"https:\/\/prrscontrol.com\/es\/prrsv-vacunacion-granjas-cepas-alta-virulencia\/\" title=\"Permalink to \u00bfComo gestionar la vacunaci\u00f3n contra PRRSV en las granjas infectadas con cepas de alta virulencia?\" rel=\"bookmark\">\n            <img loading=\"lazy\" decoding=\"async\" width=\"600\" height=\"400\" src=\"https:\/\/prrscontrol.com\/wp-content\/uploads\/2021\/03\/Los-cuatro-pilares-del-control-del-PRRS-600x400.jpg\" class=\"attachment-portfolio size-portfolio wp-post-image\" alt=\"\" \/>        <\/a>\n    <\/div>\n        \n    <div class=\"entry-wrap\">\n\n        <div class=\"entry-title\">\n        \t<h2><a href=\"https:\/\/prrscontrol.com\/es\/prrsv-vacunacion-granjas-cepas-alta-virulencia\/\" title=\"Permalink to \u00bfComo gestionar la vacunaci\u00f3n contra PRRSV en las granjas infectadas con cepas de alta virulencia?\" rel=\"bookmark\">\u00bfComo gestionar la vacunaci\u00f3n contra PRRSV en las granjas infectadas con cepas de alta virulencia?<\/a><\/h2>\n        <\/div>\n\n        <div class=\"entry-content\">\n        \tEn Espa\u00f1a estamos teniendo muchos problemas con cepas de PRRSV1 hiperpat\u00f3genas y las vacunas parece que no funcionan del todo, \u00bfser\u00eda recomendable dejar de vacunar cerdas y lechones en estos... <a class=\"read-more-link\" href=\"https:\/\/prrscontrol.com\/es\/prrsv-vacunacion-granjas-cepas-alta-virulencia\/\">read more  &rarr;<\/a>        <\/div>\n\n        <div class=\"entry-meta\">\n            <ul>\n\t\t\n\t\n\t\t\n\t\t<li class=\"meta-date\">abril 25, 2024<\/li>\n\t\t\n\t\n\t<li class=\"meta-country\"> <span class=\"pais\">Pregunta desde <\/span>Espa\u00f1a<\/li>\t\n\t\n\t\t\n\n\n\t\t\t\t<\/ul>\n        <\/div>\n\n    <\/div>\n\n<\/article><!-- #post -->\n\n<div class=\"clear\"><\/div><article id=\"post-26478\" class=\"clearfix post-26478 post type-post status-publish format-standard has-post-thumbnail hentry category-virus-prrs tag-los-expertos-en-prrs-responden\">\n    \n        <div class=\"entry-image\">\n        <a href=\"https:\/\/prrscontrol.com\/es\/prrsv-cerdos-consumo-carne-animales-positivos\/\" title=\"Permalink to \u00bfPuede el PRRSV transmitirse a los cerdos a trav\u00e9s del consumo de carne procedente de animales positivos?\" rel=\"bookmark\">\n            <img loading=\"lazy\" decoding=\"async\" width=\"600\" height=\"400\" src=\"https:\/\/prrscontrol.com\/wp-content\/uploads\/2021\/03\/Transmision-entre-granjas-600x400.jpg\" class=\"attachment-portfolio size-portfolio wp-post-image\" alt=\"\" \/>        <\/a>\n    <\/div>\n        \n    <div class=\"entry-wrap\">\n\n        <div class=\"entry-title\">\n        \t<h2><a href=\"https:\/\/prrscontrol.com\/es\/prrsv-cerdos-consumo-carne-animales-positivos\/\" title=\"Permalink to \u00bfPuede el PRRSV transmitirse a los cerdos a trav\u00e9s del consumo de carne procedente de animales positivos?\" rel=\"bookmark\">\u00bfPuede el PRRSV transmitirse a los cerdos a trav\u00e9s del consumo de carne procedente de animales positivos?<\/a><\/h2>\n        <\/div>\n\n        <div class=\"entry-content\">\n        \tEn cuanto a la transmisi\u00f3n del PRRS en el mercado de carne fresca procedente de granjas positivas: \u00bfqu\u00e9 protocolo siguen los pa\u00edses a la hora de sacrificar cerdos positivos al... <a class=\"read-more-link\" href=\"https:\/\/prrscontrol.com\/es\/prrsv-cerdos-consumo-carne-animales-positivos\/\">read more  &rarr;<\/a>        <\/div>\n\n        <div class=\"entry-meta\">\n            <ul>\n\t\t\n\t\n\t\t\n\t\t<li class=\"meta-date\">marzo 4, 2024<\/li>\n\t\t\n\t\n\t<li class=\"meta-country\"> <span class=\"pais\">Pregunta desde <\/span>South Africa<\/li>\t\n\t\n\t\t\n\n\n\t\t\t\t<\/ul>\n        <\/div>\n\n    <\/div>\n\n<\/article><!-- #post -->\n\n<div class=\"clear\"><\/div><div class=\"pagination\" id=\"pagination\"><ul><li  class=\"current\"><a href=\"https:\/\/prrscontrol.com\/es\/wp-json\/wp\/v2\/pages\/20623\/\" >1<\/a><\/li><li class=\"pagination-next\"><a href=\"https:\/\/prrscontrol.com\/es\/wp-json\/wp\/v2\/pages\/20623\/page\/2\/\" ><i class=\"fa fa-chevron-right\"><\/i><\/a><\/li><\/ul><\/div><\/div><\/div>[\/vc_column][\/vc_row]<\/p>\n<div style=\"text-align:center\" class=\"yasr-auto-insert-visitor\"><\/div><\/div>","protected":false},"excerpt":{"rendered":"<p>[vc_row][vc_column][\/vc_column][vc_column width=\u00bb1\/1&#8243;][\/vc_column][\/vc_row]<\/p>\n","protected":false},"author":19,"featured_media":17056,"parent":0,"menu_order":0,"comment_status":"open","ping_status":"open","template":"","meta":{"_acf_changed":false,"_cbd_carousel_blocks":"[]","yasr_overall_rating":0,"yasr_post_is_review":"","yasr_auto_insert_disabled":"","yasr_review_type":"","footnotes":""},"categories":[],"tags":[],"class_list":["post-20623","page","type-page","status-publish","has-post-thumbnail","hentry"],"acf":[],"yasr_visitor_votes":{"number_of_votes":1,"sum_votes":5,"stars_attributes":{"read_only":false,"span_bottom":false}},"_links":{"self":[{"href":"https:\/\/prrscontrol.com\/es\/wp-json\/wp\/v2\/pages\/20623","targetHints":{"allow":["GET"]}}],"collection":[{"href":"https:\/\/prrscontrol.com\/es\/wp-json\/wp\/v2\/pages"}],"about":[{"href":"https:\/\/prrscontrol.com\/es\/wp-json\/wp\/v2\/types\/page"}],"author":[{"embeddable":true,"href":"https:\/\/prrscontrol.com\/es\/wp-json\/wp\/v2\/users\/19"}],"replies":[{"embeddable":true,"href":"https:\/\/prrscontrol.com\/es\/wp-json\/wp\/v2\/comments?post=20623"}],"version-history":[{"count":6,"href":"https:\/\/prrscontrol.com\/es\/wp-json\/wp\/v2\/pages\/20623\/revisions"}],"predecessor-version":[{"id":26970,"href":"https:\/\/prrscontrol.com\/es\/wp-json\/wp\/v2\/pages\/20623\/revisions\/26970"}],"wp:featuredmedia":[{"embeddable":true,"href":"https:\/\/prrscontrol.com\/es\/wp-json\/wp\/v2\/media\/17056"}],"wp:attachment":[{"href":"https:\/\/prrscontrol.com\/es\/wp-json\/wp\/v2\/media?parent=20623"}],"wp:term":[{"taxonomy":"category","embeddable":true,"href":"https:\/\/prrscontrol.com\/es\/wp-json\/wp\/v2\/categories?post=20623"},{"taxonomy":"post_tag","embeddable":true,"href":"https:\/\/prrscontrol.com\/es\/wp-json\/wp\/v2\/tags?post=20623"}],"curies":[{"name":"wp","href":"https:\/\/api.w.org\/{rel}","templated":true}]}}