{"id":20627,"date":"2021-03-22T11:11:17","date_gmt":"2021-03-22T11:11:17","guid":{"rendered":"http:\/\/prrscontrolidiomas.advertis.es\/inmunologia\/"},"modified":"2022-09-09T12:10:02","modified_gmt":"2022-09-09T12:10:02","slug":"inmunologia","status":"publish","type":"page","link":"https:\/\/prrscontrol.com\/es\/inmunologia\/","title":{"rendered":"Inmunolog\u00eda"},"content":{"rendered":"<div class=\"wpb-content-wrapper\"><p>[vc_row bg_image=\u00bb15411&#8243; top_padding=\u00bb50&#8243; bottom_padding=\u00bb50&#8243;][vc_column el_class=\u00bbhedaer-knowledge\u00bb width=\u00bb1\/1&#8243;][vc_row_inner][vc_column_inner width=\u00bb1\/2&#8243;][vc_column_text el_id=\u00bbwhat-is-title\u00bb]<\/p>\n<h1 class=\"p1\">Inmunolog\u00eda<\/h1>\n<p>[\/vc_column_text][\/vc_column_inner][vc_column_inner width=\u00bb1\/2&#8243;]<div class=\"video-embed  wpb_content_element\"><iframe loading=\"lazy\" title=\"PRRS Disease - What does the future hold?\" width=\"1161\" height=\"653\" src=\"https:\/\/www.youtube.com\/embed\/HQxZ4V1Z4qo?feature=oembed\" frameborder=\"0\" allow=\"accelerometer; autoplay; clipboard-write; encrypted-media; gyroscope; picture-in-picture; web-share\" referrerpolicy=\"strict-origin-when-cross-origin\" allowfullscreen><\/iframe><\/div>[\/vc_column_inner][\/vc_row_inner][\/vc_column][\/vc_row][vc_row top_padding=\u00bb20&#8243; bottom_padding=\u00bb20&#8243;][vc_column width=\u00bb1\/1&#8243;][vc_row_inner][vc_column_inner css=\u00bb.vc_custom_1523371244870{margin-bottom: 30px !important;}\u00bb]<div class=\"newdivider align-center\" style=\"border-bottom-style: transparent; border-bottom-color: transparent; border-bottom-width: 0px; margin-top: 0; margin-bottom: 0; width: 100%; \"><\/div><div class=\"clear\"><\/div>[\/vc_column_inner][\/vc_row_inner][\/vc_column][\/vc_row][vc_row][vc_column width=\u00bb1\/1&#8243;][vc_row_inner][vc_column_inner el_class=\u00bbbox-knowledge\u00bb width=\u00bb1\/3&#8243;][vc_column_text el_class=\u00bbintro-titulo-articulo\u00bb]1<\/p>\n<h2>Respuesta inmunitaria<\/h2>\n<p>[\/vc_column_text]<div class=\"divider divider1\" style='margin:10px 20px 10px 45px  !important;'><\/div>[vc_column_text el_class=\u00bbmax-text-knowledge\u00bb]Para poder entender mejor el desarrollo de la inmunidad que se genera frente al virus del PRRS, es conveniente tener una idea general del funcionamiento del sistema inmunitario. Desde un punto de vista acad\u00e9mico, la respuesta inmunitaria se divide entre innata\/inespec\u00edfica y adaptativa\/espec\u00edfica, aunque en realidad deben considerarse como un \u00fanico proceso continuo en el cual existen estrechas interacciones. De forma breve, las principales diferencias entre la inmunidad innata y la adaptativa radican en tiempo, especificidad y memoria..<\/p>\n<p><!--more-->[\/vc_column_text][vc_column_text el_class=\u00bbread-more-custom\u00bb]<a class=\"read-more-link\" href=\"\/es\/inmunologia\/respuesta-inmunitaria\/\">leer m\u00e1s \u2192<\/a>[\/vc_column_text][\/vc_column_inner][vc_column_inner el_class=\u00bbbox-knowledge\u00bb width=\u00bb1\/3&#8243;][vc_column_text el_class=\u00bbintro-titulo-articulo\u00bb]2<\/p>\n<h2>Modulaci\u00f3n de la respuesta inmunitaria<\/h2>\n<p>[\/vc_column_text]<div class=\"divider divider1\" style='margin:10px 20px 10px 45px  !important;'><\/div>[vc_column_text el_class=\u00bbmax-text-knowledge\u00bb]A pesar de los continuados esfuerzos por parte de la comunidad cient\u00edfica, existen puntos cruciales en la inmunidad frente a este virus que a\u00fan son poco conocidos.[\/vc_column_text][vc_column_text el_class=\u00bbread-more-custom\u00bb]<a class=\"read-more-link\" href=\"\/es\/inmunologia\/modulacion-de-la-respuesta-inmunitaria\/\">leer m\u00e1s \u2192<\/a>[\/vc_column_text][\/vc_column_inner][vc_column_inner el_class=\u00bbbox-knowledge\u00bb width=\u00bb1\/3&#8243;][vc_column_text el_class=\u00bbintro-titulo-articulo\u00bb]3<\/p>\n<h2>Respuesta inmunitaria innata<\/h2>\n<p>[\/vc_column_text]<div class=\"divider divider1\" style='margin:10px 20px 10px 45px  !important;'><\/div>[vc_column_text el_class=\u00bbmax-text-knowledge\u00bb]El virus del PRRS y los TLRs: Los receptores Toll-like (TLRs) desempe\u00f1an un papel crucial en la inmunidad innata ya que son receptores capaces de reconocer patrones de mol\u00e9culas conservados en los pat\u00f3genos. Concretamente, los TLR3, TLR7-8 y TLR9 est\u00e1n involucrados en las respuestas antivirales. Los resultados preliminares de estudios in vitro e in vivo muestran que el virus del PRRS podr\u00eda producir interferencias o una inhibici\u00f3n transitoria de alguno de estos TLR en macr\u00f3fagos y c\u00e9lulas dendr\u00edticas. Como consecuencia, varias citoquinas se producir\u00edan a niveles bajos.[\/vc_column_text][vc_column_text el_class=\u00bbread-more-custom\u00bb]<a class=\"read-more-link\" href=\"\/es\/inmunologia\/respuesta-inmunitaria-innata\/\">leer m\u00e1s \u2192<\/a>[\/vc_column_text][\/vc_column_inner][\/vc_row_inner][vc_row_inner][vc_column_inner el_class=\u00bbbox-knowledge\u00bb width=\u00bb1\/3&#8243;][vc_column_text el_class=\u00bbintro-titulo-articulo\u00bb]4<\/p>\n<h2>Respuesta inmunitaria adaptativa<\/h2>\n<p>[\/vc_column_text]<div class=\"divider divider1\" style='margin:10px 20px 10px 45px  !important;'><\/div>[vc_column_text el_class=\u00bbmax-text-knowledge\u00bb]Los estudios relacionados con la respuesta adaptativa frente a este virus se han focalizado principalmente en el desarrollo de los anticuerpos neutralizantes (AN) y en la inmunidad mediada por c\u00e9lulas. Se ha demostrado ampliamente que ambos componentes, AN y respuesta celular, aparecen de forma inusual, pobre y tard\u00eda.[\/vc_column_text][vc_column_text el_class=\u00bbread-more-custom\u00bb]<a class=\"read-more-link\" href=\"\/es\/inmunologia\/respuesta-inmunitaria-adaptativa\/\">leer m\u00e1s \u2192<\/a>[\/vc_column_text][\/vc_column_inner][vc_column_inner el_class=\u00bbbox-knowledge\u00bb width=\u00bb1\/3&#8243;][vc_column_text el_class=\u00bbintro-titulo-articulo\u00bb]5<\/p>\n<h2>\u00bfPor qu\u00e9 los AN no se desarrollan de forma tan pronunciada y temprana como los anticuerpos no-neutralizantes?<\/h2>\n<p>[\/vc_column_text]<div class=\"divider divider1\" style='margin:10px 20px 10px 45px  !important;'><\/div>[vc_column_text el_class=\u00bbmax-text-knowledge\u00bb]Se han propuesto varias hip\u00f3tesis para explicar este fen\u00f3meno: 1. Modulaci\u00f3n en la expresi\u00f3n de mol\u00e9culas de superficie inmunol\u00f3gicamente relevantes y pobre estimulaci\u00f3n de citoquinas: Tal y como se describi\u00f3 anteriormente, la modulaci\u00f3n por parte del virus del PRRS sobre las APC puede interferir en el correcto desarrollo de las respuestas Th1 y Th2. Este hecho provocar\u00eda un retraso en la movilizaci\u00f3n de la inmunidad adaptativa y, consecuentemente, una producci\u00f3n baja de AN.[\/vc_column_text][vc_column_text el_class=\u00bbread-more-custom\u00bb]<a class=\"read-more-link\" href=\"\/es\/inmunologia\/preguntas-mas-frecuentes-sobre-la-inmunologia-del-prrs\/\">leer m\u00e1s \u2192<\/a>[\/vc_column_text][\/vc_column_inner][vc_column_inner el_class=\u00bbbox-knowledge\u00bb width=\u00bb1\/3&#8243;][vc_column_text el_class=\u00bbintro-titulo-articulo\u00bb]6<\/p>\n<h2>\u00bfPor qu\u00e9 el desarrollo de la inmunidad mediada por c\u00e9lulas es lento y d\u00e9bil?<\/h2>\n<p>[\/vc_column_text]<div class=\"divider divider1\" style='margin:10px 20px 10px 45px  !important;'><\/div>[vc_column_text el_class=\u00bbmax-text-knowledge\u00bb]Se han propuesto varias hip\u00f3tesis para explicar este fen\u00f3meno: 1. Deficiencia o incremento de algunas citoquinas: La deficiencia en algunas citoquinas como el IFN-\u03b1 o el TNF-\u03b1 puede afectar el desarrollo de la respuesta Th1. Por otro lado, la inducci\u00f3n de la producci\u00f3n de IL-10 podr\u00eda afectar negativamente las respuestas celulares.[\/vc_column_text][vc_column_text el_class=\u00bbread-more-custom\u00bb]<a class=\"read-more-link\" href=\"\/es\/inmunologia\/por-que-el-desarrollo-de-la-inmunidad-mediada-por-celulas-es-lento-y-debil\/\">leer m\u00e1s \u2192<\/a>[\/vc_column_text][\/vc_column_inner][\/vc_row_inner][vc_row_inner][vc_column_inner el_class=\u00bbbox-knowledge\u00bb width=\u00bb3\/3&#8243;][vc_raw_html]IA==[\/vc_raw_html][\/vc_column_inner][\/vc_row_inner][\/vc_column][\/vc_row][vc_row top_padding=\u00bb20&#8243; bottom_padding=\u00bb20&#8243;][vc_column width=\u00bb1\/1&#8243;][vc_row_inner][vc_column_inner css=\u00bb.vc_custom_1523371244870{margin-bottom: 30px !important;}\u00bb]<div class=\"newdivider align-center\" style=\"border-bottom-style: transparent; border-bottom-color: transparent; border-bottom-width: 0px; margin-top: 0; margin-bottom: 0; width: 100%; \"><\/div><div class=\"clear\"><\/div>[\/vc_column_inner][\/vc_row_inner][\/vc_column][\/vc_row]<\/p>\n<div style=\"text-align:center\" class=\"yasr-auto-insert-visitor\"><\/div><\/div>","protected":false},"excerpt":{"rendered":"<p>[vc_row bg_image=\u00bb15411&#8243; top_padding=\u00bb50&#8243; bottom_padding=\u00bb50&#8243;][vc_column el_class=\u00bbhedaer-knowledge\u00bb width=\u00bb1\/1&#8243;][vc_row_inner][vc_column_inner width=\u00bb1\/2&#8243;][vc_column_text el_id=\u00bbwhat-is-title\u00bb] Inmunolog\u00eda [\/vc_column_text][\/vc_column_inner][vc_column_inner width=\u00bb1\/2&#8243;][\/vc_column_inner][\/vc_row_inner][\/vc_column][\/vc_row][vc_row top_padding=\u00bb20&#8243; bottom_padding=\u00bb20&#8243;][vc_column width=\u00bb1\/1&#8243;][vc_row_inner][vc_column_inner css=\u00bb.vc_custom_1523371244870{margin-bottom: 30px !important;}\u00bb][\/vc_column_inner][\/vc_row_inner][\/vc_column][\/vc_row][vc_row][vc_column width=\u00bb1\/1&#8243;][vc_row_inner][vc_column_inner el_class=\u00bbbox-knowledge\u00bb width=\u00bb1\/3&#8243;][vc_column_text el_class=\u00bbintro-titulo-articulo\u00bb]1 Respuesta inmunitaria [\/vc_column_text][vc_column_text el_class=\u00bbmax-text-knowledge\u00bb]Para poder entender mejor el desarrollo de la inmunidad que se genera frente al virus del PRRS, es conveniente tener una idea general del funcionamiento del sistema inmunitario. Desde un punto de vista acad\u00e9mico, la respuesta inmunitaria se divide entre innata\/inespec\u00edfica y adaptativa\/espec\u00edfica, aunque en realidad deben considerarse como un \u00fanico proceso continuo en el cual existen estrechas interacciones. De forma breve, las principales diferencias entre la inmunidad innata y la adaptativa radican en tiempo, especificidad y memoria..<\/p>\n","protected":false},"author":19,"featured_media":17056,"parent":0,"menu_order":3,"comment_status":"closed","ping_status":"closed","template":"","meta":{"_acf_changed":false,"_cbd_carousel_blocks":"[]","yasr_overall_rating":0,"yasr_post_is_review":"","yasr_auto_insert_disabled":"","yasr_review_type":"","footnotes":""},"categories":[],"tags":[],"class_list":["post-20627","page","type-page","status-publish","has-post-thumbnail","hentry"],"acf":[],"yasr_visitor_votes":{"number_of_votes":0,"sum_votes":0,"stars_attributes":{"read_only":false,"span_bottom":false}},"_links":{"self":[{"href":"https:\/\/prrscontrol.com\/es\/wp-json\/wp\/v2\/pages\/20627","targetHints":{"allow":["GET"]}}],"collection":[{"href":"https:\/\/prrscontrol.com\/es\/wp-json\/wp\/v2\/pages"}],"about":[{"href":"https:\/\/prrscontrol.com\/es\/wp-json\/wp\/v2\/types\/page"}],"author":[{"embeddable":true,"href":"https:\/\/prrscontrol.com\/es\/wp-json\/wp\/v2\/users\/19"}],"replies":[{"embeddable":true,"href":"https:\/\/prrscontrol.com\/es\/wp-json\/wp\/v2\/comments?post=20627"}],"version-history":[{"count":4,"href":"https:\/\/prrscontrol.com\/es\/wp-json\/wp\/v2\/pages\/20627\/revisions"}],"predecessor-version":[{"id":20956,"href":"https:\/\/prrscontrol.com\/es\/wp-json\/wp\/v2\/pages\/20627\/revisions\/20956"}],"wp:featuredmedia":[{"embeddable":true,"href":"https:\/\/prrscontrol.com\/es\/wp-json\/wp\/v2\/media\/17056"}],"wp:attachment":[{"href":"https:\/\/prrscontrol.com\/es\/wp-json\/wp\/v2\/media?parent=20627"}],"wp:term":[{"taxonomy":"category","embeddable":true,"href":"https:\/\/prrscontrol.com\/es\/wp-json\/wp\/v2\/categories?post=20627"},{"taxonomy":"post_tag","embeddable":true,"href":"https:\/\/prrscontrol.com\/es\/wp-json\/wp\/v2\/tags?post=20627"}],"curies":[{"name":"wp","href":"https:\/\/api.w.org\/{rel}","templated":true}]}}