{"id":20685,"date":"2021-03-22T16:39:05","date_gmt":"2021-03-22T16:39:05","guid":{"rendered":"http:\/\/prrscontrolidiomas.advertis.es\/4-inmunizacion-de-nuliparas-y-cerdas-reproductoras\/"},"modified":"2021-03-24T19:14:53","modified_gmt":"2021-03-24T19:14:53","slug":"inmunizacion-de-nuliparas-y-cerdas-reproductoras","status":"publish","type":"page","link":"https:\/\/prrscontrol.com\/es\/vacunacion-prrs\/inmunizacion-de-nuliparas-y-cerdas-reproductoras\/","title":{"rendered":"<span>4<\/span> Inmunizaci\u00f3n de nul\u00edparas y cerdas reproductoras"},"content":{"rendered":"<div class=\"wpb-content-wrapper\"><p>[vc_row][vc_column width=\u00bb1\/1&#8243;][vc_column_text el_class=\u00bbintro\u00bb]<\/p>\n<h2>Inmunizaci\u00f3n de nul\u00edparas:<\/h2>\n<p>[\/vc_column_text][vc_column_text]Dos de los m\u00e9todos m\u00e1s frecuentemente utilizados para inmunizar nul\u00edparas son:<\/p>\n<h3>A) Inoculaci\u00f3n\/contacto con virus vivo propio de la granja:<\/h3>\n<p>La inmunizaci\u00f3n con virus\u00a0residentes se realiza generalmente mediante el contacto con <strong>material presumiblemente\u00a0infectado<\/strong>, como heces o animales, o mediante la <strong>inoculaci\u00f3n de suero<\/strong> de lech\u00f3n vir\u00e9mico.\u00a0Ambas estrategias son potencialmente peligrosas y el resultado es impredecible.<\/p>\n<ul>\n<li><strong>Calidad del producto desconocida<\/strong>:<br \/>\nPuede haber otros agentes pat\u00f3genos en el\u00a0material\/animal utilizados.<\/li>\n<li><strong>Cantidad desconocida de virus del PRRS en el producto<\/strong>:<br \/>\nGeneralmente, la\u00a0cantidad de virus en el material\/animal utilizado para inmunizar no se cuantifica.<br \/>\nSi se cuantifica, la cantidad suele ser baja o insuficiente para infectar e inducir una\u00a0respuesta inmunol\u00f3gica al mismo tiempo en todos los animales.<\/li>\n<li><strong>Riesgo de introducci\u00f3n de nul\u00edparas infectadas en el hato reproductor<\/strong>:<br \/>\nDebido,\u00a0por ejemplo, a una concentraci\u00f3n de virus insuficiente en el material, algunas cerdas\u00a0puede que no se infecten inicialmente, sino que lo hagan m\u00e1s tarde por contacto a\u00a0partir de las que se infectaron en primera instancia.<br \/>\nCuando esto sucede, el momento\u00a0de la infecci\u00f3n se desconoce, por lo que no se puede saber cu\u00e1nto tiempo exacto\u00a0habr\u00e1 transcurrido desde la misma.<br \/>\nEn consecuencia, las cerdas j\u00f3venes podr\u00edan\u00a0introducirse en el hato reproductor siendo todav\u00eda vir\u00e9micas y\/o excretando el virus.\u00a0Es importante tener en cuenta que la inmunizaci\u00f3n se realiza con una cepa virulenta\u00a0y, por lo tanto, la introducci\u00f3n de una reposici\u00f3n que est\u00e9 excretando el virus es\u00a0extremadamente peligroso.<\/li>\n<li><strong>M\u00e1s de una cepa podr\u00eda estar circulando por la granja<\/strong>:<br \/>\nLa inoculaci\u00f3n o el contacto\u00a0con el virus vivo tiene como objeto inmunizar las nul\u00edparas con la cepa que circula\u00a0en la granja y por tanto otorgarles una protecci\u00f3n hom\u00f3loga.<br \/>\nSin embargo, en la\u00a0granja pueden estar circulando m\u00e1s de una cepa. En estas circunstancias, el material\u00a0utilizado para inmunizar cerdas j\u00f3venes podr\u00eda no contener la cepa m\u00e1s importante\u00a0en la granja en t\u00e9rminos de cl\u00ednica o prevalencia.<\/li>\n<\/ul>\n<p>&nbsp;<\/p>\n<h3>B) Vacunaci\u00f3n con vacunas MLV:<\/h3>\n<p>La inmunidad que ofrecen las vacunas comerciales es\u00a0<strong>siempre heter\u00f3loga<\/strong>; debido a la alta variabilidad gen\u00e9tica del virus del PRRS, todas las\u00a0infecciones de campo deben considerarse como heter\u00f3logas. Sin embargo, si se siguen\u00a0las pautas del proveedor, las vacunas ofrecen claras ventajas en comparaci\u00f3n con la inoculaci\u00f3n\/contacto con el virus residente vivo:<\/p>\n<ul>\n<li><strong>Calidad conocida del producto<\/strong>:<br \/>\nLa vacuna comercial solo contiene virus del PRRS.<\/li>\n<li><strong>Cantidad conocida del virus del PRRS en el producto<\/strong>:<br \/>\nLas compa\u00f1\u00edas farmac\u00e9uticas\u00a0garantizan la concentraci\u00f3n del virus del PRRS que contiene una vacuna comercial.\u00a0Esta informaci\u00f3n siempre est\u00e1 indicada en la etiqueta.<\/li>\n<li><strong>No hay riesgo de introducci\u00f3n de cerdas de reposici\u00f3n infectadas en el hato<\/strong><br \/>\n<strong>reproductor<\/strong>:<br \/>\nEl tiempo cero de inmunizaci\u00f3n es conocido (las cerdas nul\u00edparas se\u00a0inmunizan cuando reciben la vacuna). Por tanto, el riesgo de introducir un animal\u00a0vir\u00e9mico en el hato reproductor es muy bajo. M\u00e1s importante a\u00fan, las vacunas vivas\u00a0se basan en virus atenuados que, si bien pueden inducir viremia y excretarse, no son\u00a0virulentas.<\/li>\n<li><strong>El producto permanece constante<\/strong>:<br \/>\nA diferencia de la inoculaci\u00f3n\/contacto con\u00a0el virus de la granja, la composici\u00f3n de la vacuna comercial es constante y est\u00e1\u00a0garantizada por la compa\u00f1\u00eda farmac\u00e9utica.<\/li>\n<\/ul>\n<p>[\/vc_column_text][vc_column_text]Cualquiera que sea el m\u00e9todo elegido, la <strong>seroconversi\u00f3n<\/strong> (aparici\u00f3n\u00a0de anticuerpos) debe verificarse a las <strong>2-3 semanas<\/strong>.<br \/>\nSi se opta por la\u00a0inmunizaci\u00f3n de las nul\u00edparas mediante inoculaci\u00f3n\/contacto con virus\u00a0de granja, tambi\u00e9n debe analizarse, siempre antes de introducirlas al\u00a0hato reproductor, la posible presencia del virus en sangre o en fluidos\u00a0orales.<br \/>\nEn este caso se recomienda que, con el objeto de minimizar las\u00a0posibilidades de que se introduzcan al hato reproductor animales que\u00a0est\u00e9n excretando el virus, los tiempos de aclimataci\u00f3n sean prolongados[\/vc_column_text][vc_column_text el_class=\u00bbdestacado\u00bb]<\/p>\n<blockquote><p><strong>La vacunaci\u00f3n es la manera m\u00e1s sencilla y segura de inmunizar nul\u00edparas y cerdas<\/strong><\/p><\/blockquote>\n<p>[\/vc_column_text][vc_column_text]<\/p>\n<h2>Inmunizaci\u00f3n de las cerdas:<\/h2>\n<p>[\/vc_column_text][vc_column_text]Las vacunas inducen solo inmunidad parcial contra el desaf\u00edo heter\u00f3logo, pero son\u00a0efectivas para <strong>reducir<\/strong> los abortos, la mortalidad de los lechones reci\u00e9n nacidos y otros\u00a0<strong>trastornos reproductivos<\/strong> relacionados con la infecci\u00f3n.<br \/>\nEn cuanto a los par\u00e1metros\u00a0virol\u00f3gicos, las vacunas ayudan a <strong>reducir la transmisi\u00f3n<\/strong> de la infecci\u00f3n, ya que pueden\u00a0contribuir a reducir la viremia y la excreci\u00f3n. Por tanto, las vacunas son una herramienta\u00a0\u00fatil para estabilizar la granja (detener la transmisi\u00f3n vertical de las cerdas a los fetos) y\u00a0para minimizar el impacto de un brote:<\/p>\n<ul>\n<li><strong>Minimizar el impacto de un brote<\/strong>:<br \/>\nPor lo general, se logra mediante la vacunaci\u00f3n\u00a0en s\u00e1bana con vacuna viva, es decir, <strong>todos los animales al mismo tiempo<\/strong>. La\u00a0vacuna no tendr\u00e1 efecto en los animales ya infectados, pero inducir\u00e1 inmunidad en\u00a0aquellos animales que a\u00fan no se han infectado.<\/li>\n<li><strong>Revacunaciones de recuerdo<\/strong>:<br \/>\nExisten varios protocolos de vacunaci\u00f3n para\u00a0inmunizar las cerdas frente al virus del PRRS.<br \/>\nTodos ellos tienen como objeto\u00a0mantener la inmunidad alcanzada durante la adaptaci\u00f3n y evitar la existencia de\u00a0subpoblaciones negativas. La vacunaci\u00f3n de recuerdo se puede hacer usando\u00a0MLV o KV.<br \/>\nActualmente, el protocolo m\u00e1s com\u00fanmente aplicado se basa en <strong>3-4\u00a0vacunaciones MLV\/a\u00f1o<\/strong>, generalmente en una estrategia de vacunaci\u00f3n en <em>s\u00e1bana<\/em>.<\/li>\n<\/ul>\n<p>[\/vc_column_text][vc_column_text el_class=\u00bbsquare-content\u00bb]Ejemplos de protocolos vacunales para inmunizar nul\u00edparas y cerdas:<\/p>\n<ul>\n<li><strong>Protocolo 1 <\/strong><\/li>\n<\/ul>\n<p>Nul\u00edparas: Vacunaci\u00f3n (y revacunaci\u00f3n) con MLV antes de introducirlas al hato<br \/>\nreproductor.<\/p>\n<p>Cerdas: Revacunaciones de recuerdo con MLV (2-4 veces\/a\u00f1o) en <em>s\u00e1bana<\/em>.<\/p>\n<ul>\n<li><strong>Protocolo 2<\/strong><\/li>\n<\/ul>\n<p>Nul\u00edparas: Vacunaci\u00f3n con MLV y revacunaci\u00f3n con KV antes de introducirlas al hato\u00a0reproductor.<\/p>\n<p>Cerdas: Revacunaciones de recuerdo con KV (2-4 veces\/a\u00f1o) en <em>s\u00e1bana<\/em>.<\/p>\n<ul>\n<li><strong>Protocolo 3<\/strong><\/li>\n<\/ul>\n<p>Nul\u00edparas: Vacunaci\u00f3n (y revacunaci\u00f3n) con MLV antes de introducirlas al hato reproductor.<\/p>\n<p>Cerdas: Revacunaciones de recuerdo con MLV usando la estrategia 6-60; 6 d\u00edas despu\u00e9s del parto y a d\u00eda 60 de gestaci\u00f3n.<\/p>\n<ul>\n<li><strong>Protocolo 4<\/strong><\/li>\n<\/ul>\n<p>Nul\u00edparas: Vacunaci\u00f3n y revacunaci\u00f3n con KV antes de introducirlas al hato reproductor.<\/p>\n<p>Cerdas: Revacunaciones de recuerdo con KV (2-4 veces\/a\u00f1o) en <em>s\u00e1bana<\/em>.<\/p>\n<ul>\n<li><strong>Protocolo 5<\/strong><\/li>\n<\/ul>\n<p>Nul\u00edparas: Vacunaci\u00f3n (y revacunaci\u00f3n) con MLV antes de introducirlas al hato reproductor.<\/p>\n<p>Cerdas: Revacunaciones de recuerdo con MLV al principio de gestaci\u00f3n y con KV a los\u00a060-90 d\u00edas.<\/p>\n<ul>\n<li><strong>Protocolo 6 para una granja PRRS negativa<\/strong><\/li>\n<\/ul>\n<p>No vacunar o hacerlo preferiblemente con KV.[\/vc_column_text][vc_column_text]El cumplimiento de la vacunaci\u00f3n (Compliance) se puede verificar analizando los\u00a0anticuerpos mediante ELISA, ya que, en principio, todos los animales vacunados deber\u00edan\u00a0ser positivos.<\/p>\n<p>Sin embargo, veterinarios de porcino, tanto en Europa como en Am\u00e9rica\u00a0del Norte, informan peri\u00f3dicamente que algunas cerdas multivacunadas con MLV dan\u00a0resultados negativos en el ELISA.<\/p>\n<p>Obviamente, esto crea incertidumbre sobre el estado\u00a0real de las cerdas y el rendimiento de los ELISAs. Consultar el punto 9 \u201c<em>Monitorizaci\u00f3n<\/em>\u201d en\u00a0el cap\u00edtulo \u201c<em>Diagn\u00f3stico y monitorizaci\u00f3n<\/em>\u201d para obtener m\u00e1s informaci\u00f3n.[\/vc_column_text][vc_column_text el_class=\u00bbaviso\u00bb]<\/p>\n<hr \/>\n<p style=\"text-align: center;\">\u00a9 Laboratorios Hipra, S.A. 2026. Reservados todos los derechos.<br \/>\nNinguna parte de este sitio web o cualquiera de sus contenidos puede ser reproducida, copiada, modificada o adaptada, sin el consentimiento previo por escrito de HIPRA.<\/p>\n<p>[\/vc_column_text][\/vc_column][\/vc_row][vc_row top_padding=\u00bb30&#8243; row_id=\u00bbreferencias\u00bb][vc_column width=\u00bb1\/1&#8243;]<div class=\"toggle\"><div class=\"toggle-title \"><i class='fa fal fa-book'><\/i>Referencias<\/div><div class=\"toggle-inner\"><p>\n<ul>\n<li>Bautista EM, Molitor TW. Cell-mediated immunity to porcine reproductive and respiratory syndrome virus in swine. Viral Immunol. 1997, 10: 83-94.<\/li>\n<li>Bautista EM, Molitor TW. IFN gamma inhibits porcine reproductive and respiratory syndrome virus replication in macrophages. Arch Virol. 1999, 144:1191-200.<\/li>\n<li>Butler JE, Lager KM, Golde W, Faaberg KS, Sinkora M, Loving C, Zhang YI. Porcine reproductive and respiratory syndrome (PRRS): an immune dysregulatory pandemic. Immunol Res. 2014, 59:81-108.<\/li>\n<li>Darwich L, D\u00edaz I, Mateu E. Certainties, doubts and hypotheses in porcine reproductive and respiratory syndrome virus immunobiology. Virus Res. 2010, 154:123-32.<\/li>\n<li>D\u00edaz I, Darwich L, Pappaterra G, Pujols J, Mateu E. Different European-type vaccines against porcine reproductive and respiratory syndrome virus have different immunological properties and confer different protection to pigs. Virology. 2006, 351:249-59.<\/li>\n<li>D\u00edaz I, Gimeno M, Darwich L, Navarro N, Kuzemtseva L, L\u00f3pez S, Galindo I, Segal\u00e9s J, Mart\u00edn M, Pujols J, Mateu E. Characterization of homologous and heterologous adaptive immune responses in porcine reproductive and respiratory syndrome virus infection. Vet Res. 2012, 19:43:30.<\/li>\n<li>Dwivedi V, Manickam C, Binjawadagi B, Linhares D, Murtaugh MP, Renukaradhya GJ. Evaluation of immune responses to porcine reproductive and respiratory syndrome virus in pigs during early stage of infection under farm conditions. Virol J. 2012, 9:45.<\/li>\n<li>Kimman TG, Cornelissen LA, Moormann RJ, Rebel JM, Stockhofe-Zurwieden N. Challenges for porcine reproductive and respiratory syndrome virus (PRRSV) vaccinology. Vaccine. 2009, 27:3704-18.<\/li>\n<li>Labarque GG, Nauwynck HJ, Van Reeth K, Pensaert MB. Effect of cellular changes and onset of humoral immunity on the replication of porcine reproductive and respiratory syndrome virus in the lungs of pigs. J Gen Virol. 2000, 81:1327-34.<\/li>\n<li>Lopez OJ, Osorio FA. Role of neutralizing antibodies in PRRSV protective immunity. Vet Immunol Immunopathol. 2004, 102:155-63.<\/li>\n<li>Lowe JE, Husmann R, Firkins LD, Zuckermann FA, Goldberg TL. Correlation of cell-mediated immunity against porcine reproductive and respiratory syndrome virus with protection against reproductive failure in sows during outbreaks of porcine reproductive and respiratory syndrome in commercial herds. J Am Vet Med Assoc. 2005, 226:1707-11.<\/li>\n<li>Lunney JK, Benfield DA, Rowland RR. Porcine reproductive and respiratory syndrome virus: an update on an emerging and re-emerging viral disease of swine. Virus Res. 2010, 154:1-6.<\/li>\n<li>Lunney JK, Fang Y, Ladinig A, Chen N, Li Y, Rowland B, Renukaradhya GJ. Porcine reproductive and respiratory syndrome virus (PRRSV): Pathogenesis and Interaction with the Immune System. Annu Rev Anim Biosci. 2016, 4:129-54<\/li>\n<li>Martelli P, Gozio S, Ferrari L, Rosina S, De Angelis E, Quintavalla C, Bottarelli E, Borghetti P. Efficacy of a modified live porcine reproductive and respiratory syndrome virus (PRRSV) vaccine in pigs naturally exposed to a heterologous European (Italian cluster) field strain: Clinical protection and cell-mediated immunity. Vaccine. 2009, 27:3788-99.<\/li>\n<li>Mart\u00ednez-Lobo FJ, D\u00edez-Fuertes F, Simarro I, Castro JM, Prieto C. Porcine Reproductive and Respiratory Syndrome Virus isolates differ in their susceptibility to neutralization. Vaccine. 2011, 29:6928-40.<\/li>\n<li>Mateu E, Diaz I. The challenge of PRRS immunology. Vet J. 2008, 177:345-51.<\/li>\n<li>Meier WA, Galeota J, Osorio FA, Husmann RJ, Schnitzlein WM, Zuckermann FA. Gradual development of the interferon-gamma response of swine to porcine reproductive and respiratory syndrome virus infection or vaccination. Virology. 2003, 309:18-31.<\/li>\n<li>Mengeling WL, Lager KM, Vorwald AC, Koehler KJ. Strain specificity of the immune response of pigs following vaccination with various strains of porcine reproductive and respiratory syndrome virus. Vet Microbiol. 2003, 93:13-24.<\/li>\n<li>Miranda J, Torrents D, Busquet M, Fenech M, Mateu E, D\u00edaz I. Heterologous cell-mediated immune responses against PRRS virus in gilts vaccinated intramuscularly and intradermally with UNISTRAIN\u00ae PRRS. 2015, 7th International Symposium on Emerging and Re-emerging Pig Diseases.<\/li>\n<li>Murtaugh MP, Xiao Z, Zuckermann F. Immunological responses of swine to porcine reproductive and respiratory syndrome virus infection. Viral Immunol. 2002, 15:533-47.<\/li>\n<li>Murtaugh MP, Genzow M. Immunological solutions for treatment and prevention of porcine reproductive and respiratory syndrome (PRRS). Vaccine. 2011, 29:8192-204.<\/li>\n<li>Murtaugh MP, Stadejek T, Abrahante JE, Lam TT, Leung FC. The ever-expanding diversity of porcine reproductive and respiratory syndrome virus. Virus Res. 2010, 154:18-30.<\/li>\n<li>Rose N, Renson P, Andraud M, Paboeuf F, Le Potier MF, Bourry O. Porcine reproductive and respiratory syndrome virus (PRRSv) modified-live vaccine reduces virus transmission in experimental conditions. Vaccine. 2015, 33:2493-9.<\/li>\n<li>Pileri E, Gibert E, Soldevila F, Garc\u00eda-Saenz A, Pujols J, Diaz I, Darwich L, Casal J, Mart\u00edn M, Mateu E. Vaccination with a genotype 1 modified live vaccine against porcine reproductive and respiratory syndrome virus significantly reduces viremia, viral shedding and transmission of the virus in a quasi-natural experimental model. Vet Microbiol. 2015, 175:7-16.<\/li>\n<li>Prieto C, Alvarez E, Mart\u00ednez-Lobo FJ, Simarro I, Castro JM. Similarity of European porcine reproductive and respiratory syndrome virus strains to vaccine strain is not necessarily predictive of the degree of protective immunity conferred. Vet J. 2008, 175:356-63.<\/li>\n<li>Roca M, Gimeno M, Bruguera S, Segal\u00e9s J, D\u00edaz I, Galindo-Cardiel IJ, Mart\u00ednez E, Darwich L, Fang Y, Maldonado J, March R, Mateu E. Effects of challenge with a virulent genotype II strain of porcine reproductive and respiratory syndrome virus on piglets vaccinated with an attenuated genotype I strain vaccine. Vet J. 2012, 193:92-6.<\/li>\n<li>Royaee AR, Husmann RJ, Dawson HD, Calzada-Nova G, Schnitzlein WM, Zuckermann FA, Lunney JK. Deciphering the involvement of innate immune factors in the development of the host response to PRRSV vaccination. Vet Immunol Immunopathol. 2004, 102:199-216.<\/li>\n<li>Scortti M, Prieto C, Mart\u00ednez-Lobo FJ, Simarro I, Castro JM. Effects of two commercial European modified-live vaccines against porcine reproductive and respiratory syndrome viruses in pregnant gilts. Vet J. 2006, 172:506-14.<\/li>\n<li>Weesendorp E, Morgan S, Stockhofe-Zurwieden N, Popma-De Graaf DJ, Graham SP, Rebel JM. Comparative analysis of immune responses following experimental infection of pigs with European porcine reproductive and respiratory syndrome virus strains of differing virulence. Vet Microbiol. 2013, 163:1-12.<\/li>\n<li>Yoon KJ, Wu LL, Zimmerman JJ, Platt KB. Field isolates of porcine reproductive and respiratory syndrome virus (PRRSV) vary in their susceptibility to antibody dependent enhancement (ADE) of infection. Vet Microbiol. 1997, 55:277-87.<\/li>\n<li>Zimmerman JJ, Benfield DA, Dee SA, Murtaugh MP, Stadejek T, Stevenson GW, Torremorell M. Porcine reproductive and respiratory syndrome virus (porcine arterivirus). In: 10th ed. Diseases of swine, Ed. Wiley-Blackwell. 2012, 31:463-86.<\/li>\n<\/ul>\n<\/p><\/div><\/div>[\/vc_column][\/vc_row]<\/p>\n<div style=\"text-align:center\" class=\"yasr-auto-insert-visitor\"><\/div><\/div>","protected":false},"excerpt":{"rendered":"<p>[vc_row][vc_column width=\u00bb1\/1&#8243;][vc_column_text el_class=\u00bbintro\u00bb] Inmunizaci\u00f3n de nul\u00edparas: [\/vc_column_text][vc_column_text]Dos de los m\u00e9todos m\u00e1s frecuentemente utilizados para inmunizar nul\u00edparas son: A) Inoculaci\u00f3n\/contacto con virus vivo propio de la granja: La inmunizaci\u00f3n con virus\u00a0residentes se realiza generalmente mediante el contacto con material presumiblemente\u00a0infectado, como heces o animales, o mediante la inoculaci\u00f3n de suero de lech\u00f3n vir\u00e9mico.\u00a0Ambas estrategias son potencialmente peligrosas y el resultado es impredecible. Calidad del producto desconocida: Puede haber otros agentes pat\u00f3genos en el\u00a0material\/animal utilizados. Cantidad desconocida de virus del PRRS en el producto: Generalmente, la\u00a0cantidad de virus en el material\/animal utilizado para inmunizar no se cuantifica. Si se cuantifica, la cantidad suele ser baja o insuficiente para infectar e inducir una\u00a0respuesta inmunol\u00f3gica al mismo tiempo en todos los animales. Riesgo de introducci\u00f3n de nul\u00edparas infectadas en el hato reproductor: Debido,\u00a0por ejemplo, a una concentraci\u00f3n de virus insuficiente en el material, algunas cerdas\u00a0puede que no se infecten inicialmente, sino que lo hagan m\u00e1s tarde por contacto a\u00a0partir de las que se infectaron en primera instancia. Cuando esto sucede, el momento\u00a0de la infecci\u00f3n se desconoce, por lo que no se puede saber cu\u00e1nto tiempo exacto\u00a0habr\u00e1 transcurrido desde la misma. En consecuencia, las cerdas j\u00f3venes podr\u00edan\u00a0introducirse en el hato reproductor siendo todav\u00eda vir\u00e9micas y\/o [&hellip;]<\/p>\n","protected":false},"author":19,"featured_media":17056,"parent":20697,"menu_order":0,"comment_status":"closed","ping_status":"closed","template":"","meta":{"_acf_changed":false,"_cbd_carousel_blocks":"[]","yasr_overall_rating":0,"yasr_post_is_review":"","yasr_auto_insert_disabled":"","yasr_review_type":"Product","footnotes":""},"categories":[],"tags":[],"class_list":["post-20685","page","type-page","status-publish","has-post-thumbnail","hentry"],"acf":[],"yasr_visitor_votes":{"number_of_votes":0,"sum_votes":0,"stars_attributes":{"read_only":false,"span_bottom":false}},"_links":{"self":[{"href":"https:\/\/prrscontrol.com\/es\/wp-json\/wp\/v2\/pages\/20685","targetHints":{"allow":["GET"]}}],"collection":[{"href":"https:\/\/prrscontrol.com\/es\/wp-json\/wp\/v2\/pages"}],"about":[{"href":"https:\/\/prrscontrol.com\/es\/wp-json\/wp\/v2\/types\/page"}],"author":[{"embeddable":true,"href":"https:\/\/prrscontrol.com\/es\/wp-json\/wp\/v2\/users\/19"}],"replies":[{"embeddable":true,"href":"https:\/\/prrscontrol.com\/es\/wp-json\/wp\/v2\/comments?post=20685"}],"version-history":[{"count":1,"href":"https:\/\/prrscontrol.com\/es\/wp-json\/wp\/v2\/pages\/20685\/revisions"}],"predecessor-version":[{"id":20686,"href":"https:\/\/prrscontrol.com\/es\/wp-json\/wp\/v2\/pages\/20685\/revisions\/20686"}],"up":[{"embeddable":true,"href":"https:\/\/prrscontrol.com\/es\/wp-json\/wp\/v2\/pages\/20697"}],"wp:featuredmedia":[{"embeddable":true,"href":"https:\/\/prrscontrol.com\/es\/wp-json\/wp\/v2\/media\/17056"}],"wp:attachment":[{"href":"https:\/\/prrscontrol.com\/es\/wp-json\/wp\/v2\/media?parent=20685"}],"wp:term":[{"taxonomy":"category","embeddable":true,"href":"https:\/\/prrscontrol.com\/es\/wp-json\/wp\/v2\/categories?post=20685"},{"taxonomy":"post_tag","embeddable":true,"href":"https:\/\/prrscontrol.com\/es\/wp-json\/wp\/v2\/tags?post=20685"}],"curies":[{"name":"wp","href":"https:\/\/api.w.org\/{rel}","templated":true}]}}