{"id":20687,"date":"2021-03-23T08:52:59","date_gmt":"2021-03-23T08:52:59","guid":{"rendered":"http:\/\/prrscontrolidiomas.advertis.es\/5-inmunizacion-de-los-lechones\/"},"modified":"2021-03-26T10:23:14","modified_gmt":"2021-03-26T10:23:14","slug":"inmunizacion-de-los-lechones","status":"publish","type":"page","link":"https:\/\/prrscontrol.com\/es\/vacunacion-prrs\/inmunizacion-de-los-lechones\/","title":{"rendered":"<span>5<\/span> Inmunizaci\u00f3n de los lechones"},"content":{"rendered":"<div class=\"wpb-content-wrapper\"><p>[vc_row][vc_column width=\u00bb1\/1&#8243;][vc_column_text]El uso de vacunas comerciales debe ser planteado como la \u00fanica opci\u00f3n posible para\u00a0inmunizar a los lechones.<\/p>\n<p>Para elegir el mejor momento para vacunar a los lechones,\u00a0deben considerarse dos puntos importantes:<\/p>\n<ul>\n<li>El desarrollo de la inmunidad requerir\u00e1 al menos 3 semanas.<\/li>\n<li>Los anticuerpos maternales pueden interferir con las vacunas.<\/li>\n<\/ul>\n<p>[\/vc_column_text][vc_column_text el_class=\u00bbintro\u00bb]La vacunaci\u00f3n de los lechones debe evitarse si estos nacen vir\u00e9micos (granja inestable), ya\u00a0que la vacunaci\u00f3n de animales ya infectados no tendr\u00e1 ninguna utilidad.<\/p>\n<p>En estos casos, la\u00a0estrategia m\u00e1s adecuada ser\u00eda abordar el problema de origen, es decir, las cerdas.[\/vc_column_text][vc_column_text]En una granja estable, se puede considerar la vacunaci\u00f3n de lechones si la infecci\u00f3n ocurre\u00a0alrededor de las seis semanas de edad. Solo en estas circunstancias ser\u00e1 posible ajustar\u00a0el tiempo de vacunaci\u00f3n seg\u00fan el desarrollo de la inmunidad y la ca\u00edda de los anticuerpos\u00a0maternales.[\/vc_column_text][vc_column_text el_class=\u00bbdestacado\u00bb]<\/p>\n<blockquote><p><strong>La vacunaci\u00f3n de animales ya infectados no tiene utilidad.<\/strong><\/p><\/blockquote>\n<p>[\/vc_column_text][vc_column_text el_class=\u00bbdestacado\u00bb]<\/p>\n<blockquote><p><strong>El manejo (por ejemplo, las medidas Mc Rebel)\u00a0y la bioseguridad interna deben acompa\u00f1ar siempre\u00a0a un protocolo de vacunaci\u00f3n en lechones.<\/strong><\/p><\/blockquote>\n<p>[\/vc_column_text][vc_column_text]<\/p>\n<h2>Los anticuerpos de origen maternal y su posible interferencia con la vacunaci\u00f3n:<\/h2>\n<p>[\/vc_column_text][vc_column_text]Los lechones nacen pr\u00e1cticamente indefensos. A diferencia de los humanos y otras especies,\u00a0la cerda no transfiere anticuerpos a trav\u00e9s de la placenta.<\/p>\n<p>Por lo tanto, los lechones solo\u00a0reciben <strong>inmunidad pasiva<\/strong> despu\u00e9s del nacimiento, mediante la ingesti\u00f3n de <strong>calostro<\/strong>, el\u00a0cual se secreta y se ingiere durante las primeras horas.<\/p>\n<p>Los anticuerpos presentes en el\u00a0calostro se conocen como anticuerpos de origen materno (MDA por su acr\u00f3nimo en ingl\u00e9s).\u00a0La composici\u00f3n del calostro es de aproximadamente 60% de inmunoglobulina G (IgG), 30%\u00a0de inmunoglobulina A (IgA) y 10% de inmunoglobulina M (IgM).<\/p>\n<p>Por el contrario, la leche,\u00a0que tambi\u00e9n contiene anticuerpos, est\u00e1 compuesta principalmente por IgA (70%) e IgG\u00a0(30%).<\/p>\n<p>En las cerdas, los MDA se inducen durante la gestaci\u00f3n despu\u00e9s de la exposici\u00f3n\u00a0a una infecci\u00f3n y\/o por vacunaci\u00f3n.<\/p>\n<p>En los lechones, los MDA pueden persistir hasta doce\u00a0semanas; la duraci\u00f3n depende de la cantidad de anticuerpo ingerido a trav\u00e9s del calostro\u00a0y del tipo de ant\u00edgeno contra el que reaccionan los anticuerpos.[\/vc_column_text][vc_column_text]Durante los primeros d\u00edas\/semanas de vida, los MDA son esenciales para la supervivencia\u00a0del lech\u00f3n. <strong>Su funci\u00f3n principal es neutralizar a los pat\u00f3genos<\/strong>.<\/p>\n<p><strong>Desafortunadamente,\u00a0debido a esta capacidad, tambi\u00e9n son capaces de interferir con las vacunas<\/strong>. Se ha\u00a0observado que los MDA interfieren con varias vacunas, como la del virus de la Influenza,\u00a0la del virus de la enfermedad de Aujeszky, la del virus de la peste porcina cl\u00e1sica y la del\u00a0PCV2.<\/p>\n<p>Adem\u00e1s, dicha interferencia tambi\u00e9n se ha demostrado para la arteritis viral equina,\u00a0una enfermedad causada por un arterivirus.<\/p>\n<p>En el caso del virus del PRRS, pocos estudios\u00a0han abordado este tema.[\/vc_column_text][vc_column_text el_class=\u00bbsquare-content\u00bb]<strong>En el estudio \u00abLos MDA perjudican las respuestas inmunitarias humorales y celulares que\u00a0desarrollan los lechones tras la vacunaci\u00f3n frente al virus del PRRS\u00bb (Fablet y colaboradores,\u00a02016)<\/strong>.<\/p>\n<p>\u00bfCu\u00e1l es el papel de los MDA en las respuestas inmunitarias humorales y celulares\u00a0posvacunaci\u00f3n?\u00a0Para responder a esta pregunta, los lechones procedentes de un hato reproductor\u00a0vacunado se dividieron en dos grupos: los que ten\u00edan cantidades bajas de MDA que\u00a0neutralizaban el virus del PRRS (A-) y los que ten\u00edan cantidades altas (A+). Todos los cerdos\u00a0fueron vacunados a las 3 semanas de edad:<\/p>\n<ul>\n<li>En la primera semana posterior a la vacunaci\u00f3n no se detect\u00f3 virus vacunal en A+.<\/li>\n<li>El 85% de los lechones A- y el 0% de los lechones A+ seroconvirtieron (ELISA) entre las\u00a02 y 4 semanas despu\u00e9s de la vacunaci\u00f3n.<\/li>\n<li>Los AN aparecieron a las 4 semanas despu\u00e9s de la vacunaci\u00f3n en los lechones A- y a\u00a0las 14 semanas en los lechones A+.<\/li>\n<li>A las 2 y 4 semanas despu\u00e9s de la vacunaci\u00f3n, el n\u00famero de CP-IFN-\u03b3 espec\u00edficas del\u00a0virus del PRRS fue significativamente mayor en los lechones A-.<\/li>\n<\/ul>\n<p>[\/vc_column_text][vc_column_text]<strong>Los resultados demuestran que los MDA afectan las respuestas inmunitarias humorales y celulares que se desarrollan tras la vacunaci\u00f3n.<\/strong>[\/vc_column_text][vc_column_text el_class=\u00bbdestacado\u00bb]<\/p>\n<blockquote><p><strong>En conclusi\u00f3n, el calendario de vacunaci\u00f3n de los lechones debe\u00a0ajustarse al nivel de MDA espec\u00edficos para el virus del PRRS. De hecho, en\u00a0la ficha t\u00e9cnica de la mayor\u00eda de las vacunas se incluye una advertencia\u00a0especial sobre la interferencia de los MDA y la forma en que se debe\u00a0planificar el momento id\u00f3neo de vacunaci\u00f3n de los lechones.<\/strong><\/p><\/blockquote>\n<p>[\/vc_column_text]<div class=\"single_image wpb_content_element align-left  animate image_box_rounded image_zoom \" data-animation=\"fade-in\" data-delay=\"300\"><a href=\"https:\/\/prrscontrol.com\/wp-content\/uploads\/2021\/03\/Inmunizacion-de-los-lechones.jpg\" class=\"prettyPhoto\" rel=\"prettyPhoto[image]\"><img loading=\"lazy\" decoding=\"async\" width=\"1400\" height=\"846\" src=\"https:\/\/prrscontrol.com\/wp-content\/uploads\/2021\/03\/Inmunizacion-de-los-lechones.jpg\" class=\"attachment-full\" alt=\"\" title=\"Inmunizacion-de-los-lechones\" srcset=\"https:\/\/prrscontrol.com\/wp-content\/uploads\/2021\/03\/Inmunizacion-de-los-lechones.jpg 1400w, https:\/\/prrscontrol.com\/wp-content\/uploads\/2021\/03\/Inmunizacion-de-los-lechones-300x181.jpg 300w, https:\/\/prrscontrol.com\/wp-content\/uploads\/2021\/03\/Inmunizacion-de-los-lechones-768x464.jpg 768w, https:\/\/prrscontrol.com\/wp-content\/uploads\/2021\/03\/Inmunizacion-de-los-lechones-1024x619.jpg 1024w, https:\/\/prrscontrol.com\/wp-content\/uploads\/2021\/03\/Inmunizacion-de-los-lechones-750x453.jpg 750w, https:\/\/prrscontrol.com\/wp-content\/uploads\/2021\/03\/Inmunizacion-de-los-lechones-1140x689.jpg 1140w\" sizes=\"auto, (max-width: 1400px) 100vw, 1400px\" \/><\/a><\/div>[vc_column_text][\/vc_column_text][vc_column_text]<\/p>\n<h2>\u00bfC\u00f3mo superar o reducir la interferencia de los MDA?<\/h2>\n<ul>\n<li><strong>Posponer la vacunaci\u00f3n hasta que podamos asumir que no hay interferencia:<\/strong><br \/>\nLos niveles de MDA disminuyen con el tiempo hasta un punto que ya no interfieren\u00a0con la vacuna. La vacunaci\u00f3n debe administrarse lo m\u00e1s tarde posible para evitar la\u00a0interferencia con los MDA y al mismo tiempo con bastante antelaci\u00f3n (2-3 semanas\u00a0por lo menos) antes de que ocurra la infecci\u00f3n; de lo contrario, el animal no tendr\u00eda tiempo para desarrollar una inmunidad adaptativa. Los seroperfiles a diferentes\u00a0edades son pues necesarios para determinar cu\u00e1ndo caen los niveles de MDA y\u00a0cu\u00e1ndo aparecen los anticuerpos debidos a la infecci\u00f3n.<\/li>\n<li><strong>Elegir vacunas m\u00e1s potentes:<\/strong><br \/>\nSe podr\u00edan crear vacunas m\u00e1s potentes aumentando\u00a0el t\u00edtulo antig\u00e9nico y\/o con adyuvantes adecuados. Una de las debilidades de las\u00a0vacunas frente a PRRS es la poca cantidad de ant\u00edgeno que contienen. De hecho,\u00a0uno de los problemas m\u00e1s importantes en la producci\u00f3n de vacunas frente a PRRS\u00a0es la obtenci\u00f3n de t\u00edtulos elevados de virus en cultivos celulares.<\/li>\n<li><strong>Utilizar v\u00edas de administraci\u00f3n alternativas:<\/strong><br \/>\nAunque no se dispone de datos\u00a0concluyentes, se podr\u00eda esperar una menor interferencia mediante la vacunaci\u00f3n\u00a0intranasal o intrad\u00e9rmica.<\/li>\n<li><strong>Administrar dos dosis de vacuna en un corto per\u00edodo:<\/strong><br \/>\nEn aquellos animales\u00a0en los cuales la primera dosis fuera neutralizada por los MDA, la segunda dosis\u00a0conferir\u00eda una respuesta a la vacuna.<\/li>\n<\/ul>\n<p>[\/vc_column_text][vc_column_text el_class=\u00bbaviso\u00bb]<\/p>\n<hr \/>\n<p style=\"text-align: center;\">\u00a9 Laboratorios Hipra, S.A. 2026. Reservados todos los derechos.<br \/>\nNinguna parte de este sitio web o cualquiera de sus contenidos puede ser reproducida, copiada, modificada o adaptada, sin el consentimiento previo por escrito de HIPRA.<\/p>\n<p>[\/vc_column_text][\/vc_column][\/vc_row][vc_row top_padding=\u00bb30&#8243; row_id=\u00bbreferencias\u00bb][vc_column width=\u00bb1\/1&#8243;]<div class=\"toggle\"><div class=\"toggle-title \"><i class='fa fal fa-book'><\/i>Referencias<\/div><div class=\"toggle-inner\"><p>\n<ul>\n<li>Bautista EM, Molitor TW. Cell-mediated immunity to porcine reproductive and respiratory syndrome virus in swine. Viral Immunol. 1997, 10: 83-94.<\/li>\n<li>Bautista EM, Molitor TW. IFN gamma inhibits porcine reproductive and respiratory syndrome virus replication in macrophages. Arch Virol. 1999, 144:1191-200.<\/li>\n<li>Butler JE, Lager KM, Golde W, Faaberg KS, Sinkora M, Loving C, Zhang YI. Porcine reproductive and respiratory syndrome (PRRS): an immune dysregulatory pandemic. Immunol Res. 2014, 59:81-108.<\/li>\n<li>Darwich L, D\u00edaz I, Mateu E. Certainties, doubts and hypotheses in porcine reproductive and respiratory syndrome virus immunobiology. Virus Res. 2010, 154:123-32.<\/li>\n<li>D\u00edaz I, Darwich L, Pappaterra G, Pujols J, Mateu E. Different European-type vaccines against porcine reproductive and respiratory syndrome virus have different immunological properties and confer different protection to pigs. Virology. 2006, 351:249-59.<\/li>\n<li>D\u00edaz I, Gimeno M, Darwich L, Navarro N, Kuzemtseva L, L\u00f3pez S, Galindo I, Segal\u00e9s J, Mart\u00edn M, Pujols J, Mateu E. Characterization of homologous and heterologous adaptive immune responses in porcine reproductive and respiratory syndrome virus infection. Vet Res. 2012, 19:43:30.<\/li>\n<li>Dwivedi V, Manickam C, Binjawadagi B, Linhares D, Murtaugh MP, Renukaradhya GJ. Evaluation of immune responses to porcine reproductive and respiratory syndrome virus in pigs during early stage of infection under farm conditions. Virol J. 2012, 9:45.<\/li>\n<li>Kimman TG, Cornelissen LA, Moormann RJ, Rebel JM, Stockhofe-Zurwieden N. Challenges for porcine reproductive and respiratory syndrome virus (PRRSV) vaccinology. Vaccine. 2009, 27:3704-18.<\/li>\n<li>Labarque GG, Nauwynck HJ, Van Reeth K, Pensaert MB. Effect of cellular changes and onset of humoral immunity on the replication of porcine reproductive and respiratory syndrome virus in the lungs of pigs. J Gen Virol. 2000, 81:1327-34.<\/li>\n<li>Lopez OJ, Osorio FA. Role of neutralizing antibodies in PRRSV protective immunity. Vet Immunol Immunopathol. 2004, 102:155-63.<\/li>\n<li>Lowe JE, Husmann R, Firkins LD, Zuckermann FA, Goldberg TL. Correlation of cell-mediated immunity against porcine reproductive and respiratory syndrome virus with protection against reproductive failure in sows during outbreaks of porcine reproductive and respiratory syndrome in commercial herds. J Am Vet Med Assoc. 2005, 226:1707-11.<\/li>\n<li>Lunney JK, Benfield DA, Rowland RR. Porcine reproductive and respiratory syndrome virus: an update on an emerging and re-emerging viral disease of swine. Virus Res. 2010, 154:1-6.<\/li>\n<li>Lunney JK, Fang Y, Ladinig A, Chen N, Li Y, Rowland B, Renukaradhya GJ. Porcine reproductive and respiratory syndrome virus (PRRSV): Pathogenesis and Interaction with the Immune System. Annu Rev Anim Biosci. 2016, 4:129-54<\/li>\n<li>Martelli P, Gozio S, Ferrari L, Rosina S, De Angelis E, Quintavalla C, Bottarelli E, Borghetti P. Efficacy of a modified live porcine reproductive and respiratory syndrome virus (PRRSV) vaccine in pigs naturally exposed to a heterologous European (Italian cluster) field strain: Clinical protection and cell-mediated immunity. Vaccine. 2009, 27:3788-99.<\/li>\n<li>Mart\u00ednez-Lobo FJ, D\u00edez-Fuertes F, Simarro I, Castro JM, Prieto C. Porcine Reproductive and Respiratory Syndrome Virus isolates differ in their susceptibility to neutralization. Vaccine. 2011, 29:6928-40.<\/li>\n<li>Mateu E, Diaz I. The challenge of PRRS immunology. Vet J. 2008, 177:345-51.<\/li>\n<li>Meier WA, Galeota J, Osorio FA, Husmann RJ, Schnitzlein WM, Zuckermann FA. Gradual development of the interferon-gamma response of swine to porcine reproductive and respiratory syndrome virus infection or vaccination. Virology. 2003, 309:18-31.<\/li>\n<li>Mengeling WL, Lager KM, Vorwald AC, Koehler KJ. Strain specificity of the immune response of pigs following vaccination with various strains of porcine reproductive and respiratory syndrome virus. Vet Microbiol. 2003, 93:13-24.<\/li>\n<li>Miranda J, Torrents D, Busquet M, Fenech M, Mateu E, D\u00edaz I. Heterologous cell-mediated immune responses against PRRS virus in gilts vaccinated intramuscularly and intradermally with UNISTRAIN\u00ae PRRS. 2015, 7th International Symposium on Emerging and Re-emerging Pig Diseases.<\/li>\n<li>Murtaugh MP, Xiao Z, Zuckermann F. Immunological responses of swine to porcine reproductive and respiratory syndrome virus infection. Viral Immunol. 2002, 15:533-47.<\/li>\n<li>Murtaugh MP, Genzow M. Immunological solutions for treatment and prevention of porcine reproductive and respiratory syndrome (PRRS). Vaccine. 2011, 29:8192-204.<\/li>\n<li>Murtaugh MP, Stadejek T, Abrahante JE, Lam TT, Leung FC. The ever-expanding diversity of porcine reproductive and respiratory syndrome virus. Virus Res. 2010, 154:18-30.<\/li>\n<li>Rose N, Renson P, Andraud M, Paboeuf F, Le Potier MF, Bourry O. Porcine reproductive and respiratory syndrome virus (PRRSv) modified-live vaccine reduces virus transmission in experimental conditions. Vaccine. 2015, 33:2493-9.<\/li>\n<li>Pileri E, Gibert E, Soldevila F, Garc\u00eda-Saenz A, Pujols J, Diaz I, Darwich L, Casal J, Mart\u00edn M, Mateu E. Vaccination with a genotype 1 modified live vaccine against porcine reproductive and respiratory syndrome virus significantly reduces viremia, viral shedding and transmission of the virus in a quasi-natural experimental model. Vet Microbiol. 2015, 175:7-16.<\/li>\n<li>Prieto C, Alvarez E, Mart\u00ednez-Lobo FJ, Simarro I, Castro JM. Similarity of European porcine reproductive and respiratory syndrome virus strains to vaccine strain is not necessarily predictive of the degree of protective immunity conferred. Vet J. 2008, 175:356-63.<\/li>\n<li>Roca M, Gimeno M, Bruguera S, Segal\u00e9s J, D\u00edaz I, Galindo-Cardiel IJ, Mart\u00ednez E, Darwich L, Fang Y, Maldonado J, March R, Mateu E. Effects of challenge with a virulent genotype II strain of porcine reproductive and respiratory syndrome virus on piglets vaccinated with an attenuated genotype I strain vaccine. Vet J. 2012, 193:92-6.<\/li>\n<li>Royaee AR, Husmann RJ, Dawson HD, Calzada-Nova G, Schnitzlein WM, Zuckermann FA, Lunney JK. Deciphering the involvement of innate immune factors in the development of the host response to PRRSV vaccination. Vet Immunol Immunopathol. 2004, 102:199-216.<\/li>\n<li>Scortti M, Prieto C, Mart\u00ednez-Lobo FJ, Simarro I, Castro JM. Effects of two commercial European modified-live vaccines against porcine reproductive and respiratory syndrome viruses in pregnant gilts. Vet J. 2006, 172:506-14.<\/li>\n<li>Weesendorp E, Morgan S, Stockhofe-Zurwieden N, Popma-De Graaf DJ, Graham SP, Rebel JM. Comparative analysis of immune responses following experimental infection of pigs with European porcine reproductive and respiratory syndrome virus strains of differing virulence. Vet Microbiol. 2013, 163:1-12.<\/li>\n<li>Yoon KJ, Wu LL, Zimmerman JJ, Platt KB. Field isolates of porcine reproductive and respiratory syndrome virus (PRRSV) vary in their susceptibility to antibody dependent enhancement (ADE) of infection. Vet Microbiol. 1997, 55:277-87.<\/li>\n<li>Zimmerman JJ, Benfield DA, Dee SA, Murtaugh MP, Stadejek T, Stevenson GW, Torremorell M. Porcine reproductive and respiratory syndrome virus (porcine arterivirus). In: 10th ed. Diseases of swine, Ed. Wiley-Blackwell. 2012, 31:463-86.<\/li>\n<\/ul>\n<\/p><\/div><\/div>[\/vc_column][\/vc_row]<\/p>\n<div style=\"text-align:center\" class=\"yasr-auto-insert-visitor\"><\/div><\/div>","protected":false},"excerpt":{"rendered":"<p>[vc_row][vc_column width=\u00bb1\/1&#8243;][vc_column_text]El uso de vacunas comerciales debe ser planteado como la \u00fanica opci\u00f3n posible para\u00a0inmunizar a los lechones. Para elegir el mejor momento para vacunar a los lechones,\u00a0deben considerarse dos puntos importantes: El desarrollo de la inmunidad requerir\u00e1 al menos 3 semanas. Los anticuerpos maternales pueden interferir con las vacunas. [\/vc_column_text][vc_column_text el_class=\u00bbintro\u00bb]La vacunaci\u00f3n de los lechones debe evitarse si estos nacen vir\u00e9micos (granja inestable), ya\u00a0que la vacunaci\u00f3n de animales ya infectados no tendr\u00e1 ninguna utilidad. En estos casos, la\u00a0estrategia m\u00e1s adecuada ser\u00eda abordar el problema de origen, es decir, las cerdas.[\/vc_column_text][vc_column_text]En una granja estable, se puede considerar la vacunaci\u00f3n de lechones si la infecci\u00f3n ocurre\u00a0alrededor de las seis semanas de edad. Solo en estas circunstancias ser\u00e1 posible ajustar\u00a0el tiempo de vacunaci\u00f3n seg\u00fan el desarrollo de la inmunidad y la ca\u00edda de los anticuerpos\u00a0maternales.[\/vc_column_text][vc_column_text el_class=\u00bbdestacado\u00bb] La vacunaci\u00f3n de animales ya infectados no tiene utilidad. [\/vc_column_text][vc_column_text el_class=\u00bbdestacado\u00bb] El manejo (por ejemplo, las medidas Mc Rebel)\u00a0y la bioseguridad interna deben acompa\u00f1ar siempre\u00a0a un protocolo de vacunaci\u00f3n en lechones. [\/vc_column_text][vc_column_text] Los anticuerpos de origen maternal y su posible interferencia con la vacunaci\u00f3n: [\/vc_column_text][vc_column_text]Los lechones nacen pr\u00e1cticamente indefensos. A diferencia de los humanos y otras especies,\u00a0la cerda no transfiere anticuerpos a trav\u00e9s de la placenta. [&hellip;]<\/p>\n","protected":false},"author":19,"featured_media":17056,"parent":20697,"menu_order":0,"comment_status":"closed","ping_status":"closed","template":"","meta":{"_acf_changed":false,"_cbd_carousel_blocks":"[]","yasr_overall_rating":0,"yasr_post_is_review":"","yasr_auto_insert_disabled":"","yasr_review_type":"Product","footnotes":""},"categories":[],"tags":[],"class_list":["post-20687","page","type-page","status-publish","has-post-thumbnail","hentry"],"acf":[],"yasr_visitor_votes":{"number_of_votes":0,"sum_votes":0,"stars_attributes":{"read_only":false,"span_bottom":false}},"_links":{"self":[{"href":"https:\/\/prrscontrol.com\/es\/wp-json\/wp\/v2\/pages\/20687","targetHints":{"allow":["GET"]}}],"collection":[{"href":"https:\/\/prrscontrol.com\/es\/wp-json\/wp\/v2\/pages"}],"about":[{"href":"https:\/\/prrscontrol.com\/es\/wp-json\/wp\/v2\/types\/page"}],"author":[{"embeddable":true,"href":"https:\/\/prrscontrol.com\/es\/wp-json\/wp\/v2\/users\/19"}],"replies":[{"embeddable":true,"href":"https:\/\/prrscontrol.com\/es\/wp-json\/wp\/v2\/comments?post=20687"}],"version-history":[{"count":2,"href":"https:\/\/prrscontrol.com\/es\/wp-json\/wp\/v2\/pages\/20687\/revisions"}],"predecessor-version":[{"id":20874,"href":"https:\/\/prrscontrol.com\/es\/wp-json\/wp\/v2\/pages\/20687\/revisions\/20874"}],"up":[{"embeddable":true,"href":"https:\/\/prrscontrol.com\/es\/wp-json\/wp\/v2\/pages\/20697"}],"wp:featuredmedia":[{"embeddable":true,"href":"https:\/\/prrscontrol.com\/es\/wp-json\/wp\/v2\/media\/17056"}],"wp:attachment":[{"href":"https:\/\/prrscontrol.com\/es\/wp-json\/wp\/v2\/media?parent=20687"}],"wp:term":[{"taxonomy":"category","embeddable":true,"href":"https:\/\/prrscontrol.com\/es\/wp-json\/wp\/v2\/categories?post=20687"},{"taxonomy":"post_tag","embeddable":true,"href":"https:\/\/prrscontrol.com\/es\/wp-json\/wp\/v2\/tags?post=20687"}],"curies":[{"name":"wp","href":"https:\/\/api.w.org\/{rel}","templated":true}]}}