{"id":20694,"date":"2021-03-23T10:49:10","date_gmt":"2021-03-23T10:49:10","guid":{"rendered":"http:\/\/prrscontrolidiomas.advertis.es\/7-cual-es-el-papel-de-los-anticuerpos-neutralizantes-y-de-la-inmunidad-celular\/"},"modified":"2021-03-26T10:32:32","modified_gmt":"2021-03-26T10:32:32","slug":"cual-es-el-papel-de-los-anticuerpos-neutralizantes-y-de-la-inmunidad-celular","status":"publish","type":"page","link":"https:\/\/prrscontrol.com\/es\/vacunacion-prrs\/cual-es-el-papel-de-los-anticuerpos-neutralizantes-y-de-la-inmunidad-celular\/","title":{"rendered":"<span>7<\/span> \u00bfCu\u00e1l es el papel de los anticuerpos neutralizantes y de la inmunidad celular?"},"content":{"rendered":"<div class=\"wpb-content-wrapper\"><p>[vc_row][vc_column width=\u00bb1\/1&#8243;][vc_column_text el_class=\u00bbintro\u00bb]<\/p>\n<h2>Eliminaci\u00f3n del virus tras la infecci\u00f3n<\/h2>\n<p>[\/vc_column_text][vc_column_text]Los estudios de transferencia pasiva han demostrado que los anticuerpos espec\u00edficos contra\u00a0el virus del PRRS son capaces de proteger a los animales frente a un desaf\u00edo hom\u00f3logo.<\/p>\n<p>Sin\u00a0embargo, <strong>el papel de las AN en el curso de la infecci\u00f3n es un tema controvertido<\/strong>.<\/p>\n<p>Si bien\u00a0algunos autores han demostrado una cierta correlaci\u00f3n entre la aparici\u00f3n de AN y el cese\u00a0de la viremia o la eliminaci\u00f3n del virus de los pulmones, otros estudios han sugerido que,\u00a0para algunas cepas, la eliminaci\u00f3n del virus en sangre puede ocurrir sin la presencia de\u00a0AN; a\u00fan m\u00e1s, la viremia y la replicaci\u00f3n viral pueden persistir incluso en presencia de AN.<\/p>\n<p>En relaci\u00f3n a la inmunidad mediada por c\u00e9lulas, algunos estudios han observado que, en\u00a0ausencia de AN, el IFN-\u03b3 podr\u00eda estar asociado a la eliminaci\u00f3n del virus.[\/vc_column_text][vc_column_text]<\/p>\n<h2>Protecci\u00f3n frente la reinfecci\u00f3n:<\/h2>\n<p>[\/vc_column_text][vc_column_text]Como ya se ha discutido ampliamente, los niveles de AN despu\u00e9s de la infecci\u00f3n\/vacunaci\u00f3n con este virus suelen ser bajos o nulos.<\/p>\n<p>De hecho, la eficacia de los AN frente\u00a0a aislados heter\u00f3logos es muy limitada, ya que la neutralizaci\u00f3n cruzada (neutralizaci\u00f3n\u00a0de una cepa concreta por los AN inducidos por otra cepa) puede ser baja incluso\u00a0entre cepas muy similares.<\/p>\n<p>Parece ser que la neutralizaci\u00f3n cruzada podr\u00eda no estar\u00a0estrictamente relacionada con las secuencias y\/o el n\u00famero de glicosilaciones en los\u00a0ep\u00edtopos neutralizantes conocidos de GP3, GP4 o GP5. Este hecho ha llevado a algunos\u00a0autores a sugerir que quiz\u00e1s existan otros ep\u00edtopos neutralizantes a\u00fan no conocidos.<\/p>\n<p>De\u00a0todas formas, como norma general sujeta a excepciones, <strong>cuanto mayor sea la cantidad\u00a0de AN, mejor ser\u00e1 la protecci\u00f3n frente a una reinfecci\u00f3n<\/strong>.[\/vc_column_text][vc_column_text]En t\u00e9rminos de inmunidad mediada por c\u00e9lulas, varios estudios han relacionado, en\u00a0ausencia de AN, las frecuencias altas de CP-IFN-\u03b3 con la protecci\u00f3n cl\u00ednica y virol\u00f3gica.<\/p>\n<p>Este fen\u00f3meno ha sido descrito tanto en cerdas como en lechones, en t\u00e9rminos de protecci\u00f3n frente a trastornos reproductivos o respiratorios, respectivamente.<\/p>\n<p>A pesar de ello, es importante se\u00f1alar que, como se observa con los AN, la resoluci\u00f3n de la\u00a0viremia puede lograrse incluso sin un desarrollo aparente de CP IFN-\u03b3.<\/p>\n<p>Algunos estudios\u00a0han demostrado que con niveles altos de AN y bajas respuestas de CP-IFN-\u03b3 despu\u00e9s de la\u00a0vacunaci\u00f3n, los cerdos tambi\u00e9n pueden estar protegidos frente a un desaf\u00edo.[\/vc_column_text][vc_column_text]<\/p>\n<h2>El papel de los anticuerpos neutralizantes y de la inmunidad mediada por c\u00e9lulas en\u00a0la eliminaci\u00f3n del virus y en la protecci\u00f3n. Algunos ejemplos:<\/h2>\n<ul>\n<li><strong>Ejemplo I. Inmunidad mediada por c\u00e9lulas y anticuerpos neutralizantes\u00a0en lechones vacunados.<\/strong><br \/>\nDos grupos de lechones fueron vacunados (vacuna I\u00a0y II) y desafiados (cepa Ch).<br \/>\nComo era de esperar, los lechones vacunados no\u00a0desarrollaron AN. En esta situaci\u00f3n, probablemente fueron las CP-IFN-\u03b3 el\u00a0principal mecanismo de protecci\u00f3n frente a la infecci\u00f3n.<br \/>\nLa identidad gen\u00e9tica\u00a0entre las prote\u00ednas estructurales de las vacunas I y II y la cepa utilizada en\u00a0el desaf\u00edo fue superior al 90%. Sin embargo, fue mayor entre la vacuna I y Ch\u00a0(98.3-99.7%) que entre la vacuna II y Ch (92.3-98.6%).<br \/>\nCuriosamente, en este\u00a0caso, la cepa m\u00e1s diferente (II), heter\u00f3loga, proporcion\u00f3 una mejor protecci\u00f3n\u00a0que la cepa m\u00e1s parecida (I), hom\u00f3loga. Seg\u00fan los autores, este hecho podr\u00eda\u00a0explicarse por la capacidad de cada vacuna para inducir CP-IFN-\u03b3 espec\u00edficas\u00a0para el virus del PRRS. Fuente: D\u00edaz y col. (2006).<\/li>\n<\/ul>\n<p>[\/vc_column_text]<div class=\"single_image wpb_content_element align-left  animate image_box_rounded image_zoom \" data-animation=\"fade-in\" data-delay=\"300\"><a href=\"https:\/\/prrscontrol.com\/wp-content\/uploads\/2021\/03\/Celulas-productoras-de-IFN-\u03b3-en-sangre.jpg\" class=\"prettyPhoto\" rel=\"prettyPhoto[image]\"><img loading=\"lazy\" decoding=\"async\" width=\"1400\" height=\"950\" src=\"https:\/\/prrscontrol.com\/wp-content\/uploads\/2021\/03\/Celulas-productoras-de-IFN-\u03b3-en-sangre.jpg\" class=\"attachment-full\" alt=\"\" title=\"Celulas-productoras-de-IFN-\u03b3-en-sangre\" srcset=\"https:\/\/prrscontrol.com\/wp-content\/uploads\/2021\/03\/Celulas-productoras-de-IFN-\u03b3-en-sangre.jpg 1400w, https:\/\/prrscontrol.com\/wp-content\/uploads\/2021\/03\/Celulas-productoras-de-IFN-\u03b3-en-sangre-300x204.jpg 300w, https:\/\/prrscontrol.com\/wp-content\/uploads\/2021\/03\/Celulas-productoras-de-IFN-\u03b3-en-sangre-768x521.jpg 768w, https:\/\/prrscontrol.com\/wp-content\/uploads\/2021\/03\/Celulas-productoras-de-IFN-\u03b3-en-sangre-1024x695.jpg 1024w, https:\/\/prrscontrol.com\/wp-content\/uploads\/2021\/03\/Celulas-productoras-de-IFN-\u03b3-en-sangre-750x509.jpg 750w, https:\/\/prrscontrol.com\/wp-content\/uploads\/2021\/03\/Celulas-productoras-de-IFN-\u03b3-en-sangre-1140x774.jpg 1140w\" sizes=\"auto, (max-width: 1400px) 100vw, 1400px\" \/><\/a><\/div>[vc_column_text][\/vc_column_text][vc_column_text]<\/p>\n<ul>\n<li><strong>Ejemplo II. Inmunidad mediada por c\u00e9lulas en lechones vacunados\u00a0(condiciones de campo):<\/strong><br \/>\nLos lechones vacunados no estaban completamente\u00a0protegidos contra la infecci\u00f3n, pero la enfermedad curs\u00f3 de forma menos\u00a0grave. Curiosamente, se observaron puntuaciones de signos cl\u00ednicos m\u00e1s altas\u00a0y viremias m\u00e1s largas en aquellos animales con las respuestas m\u00e1s bajas de CPIFN-\u03b3. Fuente: Martelli y col. (2009).<\/li>\n<li><strong>Ejemplo III. Inmunidad mediada por c\u00e9lulas y AN en desaf\u00edos hom\u00f3logos y\u00a0heter\u00f3logos:<br \/>\n<\/strong>Con el fin de determinar la importancia de cada mecanismo en la\u00a0protecci\u00f3n frente al virus del PRRS, se caracterizaron las respuestas inmunitarias\u00a0hom\u00f3logas y heter\u00f3logas en lechones infectados. Para ello, se inocul\u00f3 a un grupo\u00a0de animales con la cepa A; tres meses m\u00e1s tarde se sometieron a un desaf\u00edo con la\u00a0cepa A o la cepa B (A-A y A-B) y se realiz\u00f3 un seguimiento durante las siguientes dos\u00a0semanas. Por otro lado, otro grupo de cerdos se inocul\u00f3 con la cepa B y a los tres\u00a0meses se sometieron a un desaf\u00edo con la cepa B o la A (B-B y B-A).<br \/>\nLos principales resultados y conclusiones que se extrajeron de este estudio\u00a0fueron los siguientes:<\/li>\n<\/ul>\n<ul>\n<li><strong>Eliminaci\u00f3n del virus tras la infecci\u00f3n:<\/strong> En los animales inoculados con la cepa\u00a0A, la viremia ces\u00f3 en ausencia de AN. En los animales inoculados con la cepa B,\u00a0la viremia fue m\u00e1s larga y sostenida, y coexisti\u00f3 durante semanas con AN.<br \/>\nPor\u00a0lo tanto, el papel de los AN en la eliminaci\u00f3n de la viremia podr\u00eda considerarse\u00a0limitado. Con respecto a la inmunidad mediada por c\u00e9lulas, la cepa A indujo\u00a0las frecuencias m\u00e1s altas de CP-IFN-\u03b3. Dado que los AN no se detectaron en este grupo de animales, estos resultados indicar\u00edan que las CP-IFN-\u03b3 fueron las\u00a0responsables de la eliminaci\u00f3n del virus en la sangre.<\/li>\n<li><strong>Protecci\u00f3n contra la reinfecci\u00f3n:<\/strong> Despu\u00e9s de la reinfecci\u00f3n de los animales que\u00a0previamente hab\u00edan sido inoculados con la cepa B, desaf\u00edo hom\u00f3logo (B-B) o\u00a0heter\u00f3logo (B-A), se detect\u00f3 virus en los tejidos, pero no en la sangre.<br \/>\nAdem\u00e1s, la\u00a0infecci\u00f3n en estos cerdos fue de menor intensidad que en los animales A-A y A-B.<br \/>\nPor tanto, a diferencia de la eliminaci\u00f3n del virus tras la primera inoculaci\u00f3n,\u00a0los AN preformados parec\u00edan desempe\u00f1ar un papel clave en la protecci\u00f3n frente\u00a0a la reinfecci\u00f3n.<br \/>\nNuevamente, dado que la cepa A no induc\u00eda AN, sino altas\u00a0frecuencias de CP-IFN-\u03b3, los datos indicar\u00edan que la inmunidad mediada por\u00a0c\u00e9lulas podr\u00eda ser <strong>la responsable de limitar la viremia y la propagaci\u00f3n del virus\u00a0a los tejidos en ausencia de AN<\/strong>.<\/li>\n<\/ul>\n<p>[\/vc_column_text]<div class=\"single_image wpb_content_element align-left  animate image_box_rounded image_zoom \" data-animation=\"fade-in\" data-delay=\"300\"><a href=\"https:\/\/prrscontrol.com\/wp-content\/uploads\/2021\/03\/Respuesta-inmunitaria-adaptativa-frente-a-infecciones-homologas-y-heterologas-del-virus-del-PRRS.jpg\" class=\"prettyPhoto\" rel=\"prettyPhoto[image]\"><img loading=\"lazy\" decoding=\"async\" width=\"1400\" height=\"878\" src=\"https:\/\/prrscontrol.com\/wp-content\/uploads\/2021\/03\/Respuesta-inmunitaria-adaptativa-frente-a-infecciones-homologas-y-heterologas-del-virus-del-PRRS.jpg\" class=\"attachment-full\" alt=\"\" title=\"Respuesta-inmunitaria-adaptativa-frente-a-infecciones-homologas-y-heterologas-del-virus-del-PRRS\" srcset=\"https:\/\/prrscontrol.com\/wp-content\/uploads\/2021\/03\/Respuesta-inmunitaria-adaptativa-frente-a-infecciones-homologas-y-heterologas-del-virus-del-PRRS.jpg 1400w, https:\/\/prrscontrol.com\/wp-content\/uploads\/2021\/03\/Respuesta-inmunitaria-adaptativa-frente-a-infecciones-homologas-y-heterologas-del-virus-del-PRRS-300x188.jpg 300w, https:\/\/prrscontrol.com\/wp-content\/uploads\/2021\/03\/Respuesta-inmunitaria-adaptativa-frente-a-infecciones-homologas-y-heterologas-del-virus-del-PRRS-768x482.jpg 768w, https:\/\/prrscontrol.com\/wp-content\/uploads\/2021\/03\/Respuesta-inmunitaria-adaptativa-frente-a-infecciones-homologas-y-heterologas-del-virus-del-PRRS-1024x642.jpg 1024w, https:\/\/prrscontrol.com\/wp-content\/uploads\/2021\/03\/Respuesta-inmunitaria-adaptativa-frente-a-infecciones-homologas-y-heterologas-del-virus-del-PRRS-750x470.jpg 750w, https:\/\/prrscontrol.com\/wp-content\/uploads\/2021\/03\/Respuesta-inmunitaria-adaptativa-frente-a-infecciones-homologas-y-heterologas-del-virus-del-PRRS-1140x715.jpg 1140w\" sizes=\"auto, (max-width: 1400px) 100vw, 1400px\" \/><\/a><\/div>[vc_column_text]En general, los resultados de este estudio suger\u00edan que \u201clos AN preformados pueden tener\u00a0un papel protector frete a la infecci\u00f3n, pero los animales que carecen de AN detectables\u00a0pueden limitar la propagaci\u00f3n de la infecci\u00f3n, lo que indica que la inmunidad mediada por\u00a0c\u00e9lulas probablemente tambi\u00e9n contribuye a la protecci\u00f3n\u201d.[\/vc_column_text][vc_column_text el_class=\u00bbaviso\u00bb]<\/p>\n<hr \/>\n<p style=\"text-align: center;\">\u00a9 Laboratorios Hipra, S.A. 2026. Reservados todos los derechos.<br \/>\nNinguna parte de este sitio web o cualquiera de sus contenidos puede ser reproducida, copiada, modificada o adaptada, sin el consentimiento previo por escrito de HIPRA.<\/p>\n<p>[\/vc_column_text][\/vc_column][\/vc_row][vc_row top_padding=\u00bb30&#8243; row_id=\u00bbreferencias\u00bb][vc_column width=\u00bb1\/1&#8243;]<div class=\"toggle\"><div class=\"toggle-title \"><i class='fa fal fa-book'><\/i>Referencias<\/div><div class=\"toggle-inner\"><p>\n<ul>\n<li>Bautista EM, Molitor TW. Cell-mediated immunity to porcine reproductive and respiratory syndrome virus in swine. Viral Immunol. 1997, 10: 83-94.<\/li>\n<li>Bautista EM, Molitor TW. IFN gamma inhibits porcine reproductive and respiratory syndrome virus replication in macrophages. Arch Virol. 1999, 144:1191-200.<\/li>\n<li>Butler JE, Lager KM, Golde W, Faaberg KS, Sinkora M, Loving C, Zhang YI. Porcine reproductive and respiratory syndrome (PRRS): an immune dysregulatory pandemic. Immunol Res. 2014, 59:81-108.<\/li>\n<li>Darwich L, D\u00edaz I, Mateu E. Certainties, doubts and hypotheses in porcine reproductive and respiratory syndrome virus immunobiology. Virus Res. 2010, 154:123-32.<\/li>\n<li>D\u00edaz I, Darwich L, Pappaterra G, Pujols J, Mateu E. Different European-type vaccines against porcine reproductive and respiratory syndrome virus have different immunological properties and confer different protection to pigs. Virology. 2006, 351:249-59.<\/li>\n<li>D\u00edaz I, Gimeno M, Darwich L, Navarro N, Kuzemtseva L, L\u00f3pez S, Galindo I, Segal\u00e9s J, Mart\u00edn M, Pujols J, Mateu E. Characterization of homologous and heterologous adaptive immune responses in porcine reproductive and respiratory syndrome virus infection. Vet Res. 2012, 19:43:30.<\/li>\n<li>Dwivedi V, Manickam C, Binjawadagi B, Linhares D, Murtaugh MP, Renukaradhya GJ. Evaluation of immune responses to porcine reproductive and respiratory syndrome virus in pigs during early stage of infection under farm conditions. Virol J. 2012, 9:45.<\/li>\n<li>Kimman TG, Cornelissen LA, Moormann RJ, Rebel JM, Stockhofe-Zurwieden N. Challenges for porcine reproductive and respiratory syndrome virus (PRRSV) vaccinology. Vaccine. 2009, 27:3704-18.<\/li>\n<li>Labarque GG, Nauwynck HJ, Van Reeth K, Pensaert MB. Effect of cellular changes and onset of humoral immunity on the replication of porcine reproductive and respiratory syndrome virus in the lungs of pigs. J Gen Virol. 2000, 81:1327-34.<\/li>\n<li>Lopez OJ, Osorio FA. Role of neutralizing antibodies in PRRSV protective immunity. Vet Immunol Immunopathol. 2004, 102:155-63.<\/li>\n<li>Lowe JE, Husmann R, Firkins LD, Zuckermann FA, Goldberg TL. Correlation of cell-mediated immunity against porcine reproductive and respiratory syndrome virus with protection against reproductive failure in sows during outbreaks of porcine reproductive and respiratory syndrome in commercial herds. J Am Vet Med Assoc. 2005, 226:1707-11.<\/li>\n<li>Lunney JK, Benfield DA, Rowland RR. Porcine reproductive and respiratory syndrome virus: an update on an emerging and re-emerging viral disease of swine. Virus Res. 2010, 154:1-6.<\/li>\n<li>Lunney JK, Fang Y, Ladinig A, Chen N, Li Y, Rowland B, Renukaradhya GJ. Porcine reproductive and respiratory syndrome virus (PRRSV): Pathogenesis and Interaction with the Immune System. Annu Rev Anim Biosci. 2016, 4:129-54<\/li>\n<li>Martelli P, Gozio S, Ferrari L, Rosina S, De Angelis E, Quintavalla C, Bottarelli E, Borghetti P. Efficacy of a modified live porcine reproductive and respiratory syndrome virus (PRRSV) vaccine in pigs naturally exposed to a heterologous European (Italian cluster) field strain: Clinical protection and cell-mediated immunity. Vaccine. 2009, 27:3788-99.<\/li>\n<li>Mart\u00ednez-Lobo FJ, D\u00edez-Fuertes F, Simarro I, Castro JM, Prieto C. Porcine Reproductive and Respiratory Syndrome Virus isolates differ in their susceptibility to neutralization. Vaccine. 2011, 29:6928-40.<\/li>\n<li>Mateu E, Diaz I. The challenge of PRRS immunology. Vet J. 2008, 177:345-51.<\/li>\n<li>Meier WA, Galeota J, Osorio FA, Husmann RJ, Schnitzlein WM, Zuckermann FA. Gradual development of the interferon-gamma response of swine to porcine reproductive and respiratory syndrome virus infection or vaccination. Virology. 2003, 309:18-31.<\/li>\n<li>Mengeling WL, Lager KM, Vorwald AC, Koehler KJ. Strain specificity of the immune response of pigs following vaccination with various strains of porcine reproductive and respiratory syndrome virus. Vet Microbiol. 2003, 93:13-24.<\/li>\n<li>Miranda J, Torrents D, Busquet M, Fenech M, Mateu E, D\u00edaz I. Heterologous cell-mediated immune responses against PRRS virus in gilts vaccinated intramuscularly and intradermally with UNISTRAIN\u00ae PRRS. 2015, 7th International Symposium on Emerging and Re-emerging Pig Diseases.<\/li>\n<li>Murtaugh MP, Xiao Z, Zuckermann F. Immunological responses of swine to porcine reproductive and respiratory syndrome virus infection. Viral Immunol. 2002, 15:533-47.<\/li>\n<li>Murtaugh MP, Genzow M. Immunological solutions for treatment and prevention of porcine reproductive and respiratory syndrome (PRRS). Vaccine. 2011, 29:8192-204.<\/li>\n<li>Murtaugh MP, Stadejek T, Abrahante JE, Lam TT, Leung FC. The ever-expanding diversity of porcine reproductive and respiratory syndrome virus. Virus Res. 2010, 154:18-30.<\/li>\n<li>Rose N, Renson P, Andraud M, Paboeuf F, Le Potier MF, Bourry O. Porcine reproductive and respiratory syndrome virus (PRRSv) modified-live vaccine reduces virus transmission in experimental conditions. Vaccine. 2015, 33:2493-9.<\/li>\n<li>Pileri E, Gibert E, Soldevila F, Garc\u00eda-Saenz A, Pujols J, Diaz I, Darwich L, Casal J, Mart\u00edn M, Mateu E. Vaccination with a genotype 1 modified live vaccine against porcine reproductive and respiratory syndrome virus significantly reduces viremia, viral shedding and transmission of the virus in a quasi-natural experimental model. Vet Microbiol. 2015, 175:7-16.<\/li>\n<li>Prieto C, Alvarez E, Mart\u00ednez-Lobo FJ, Simarro I, Castro JM. Similarity of European porcine reproductive and respiratory syndrome virus strains to vaccine strain is not necessarily predictive of the degree of protective immunity conferred. Vet J. 2008, 175:356-63.<\/li>\n<li>Roca M, Gimeno M, Bruguera S, Segal\u00e9s J, D\u00edaz I, Galindo-Cardiel IJ, Mart\u00ednez E, Darwich L, Fang Y, Maldonado J, March R, Mateu E. Effects of challenge with a virulent genotype II strain of porcine reproductive and respiratory syndrome virus on piglets vaccinated with an attenuated genotype I strain vaccine. Vet J. 2012, 193:92-6.<\/li>\n<li>Royaee AR, Husmann RJ, Dawson HD, Calzada-Nova G, Schnitzlein WM, Zuckermann FA, Lunney JK. Deciphering the involvement of innate immune factors in the development of the host response to PRRSV vaccination. Vet Immunol Immunopathol. 2004, 102:199-216.<\/li>\n<li>Scortti M, Prieto C, Mart\u00ednez-Lobo FJ, Simarro I, Castro JM. Effects of two commercial European modified-live vaccines against porcine reproductive and respiratory syndrome viruses in pregnant gilts. Vet J. 2006, 172:506-14.<\/li>\n<li>Weesendorp E, Morgan S, Stockhofe-Zurwieden N, Popma-De Graaf DJ, Graham SP, Rebel JM. Comparative analysis of immune responses following experimental infection of pigs with European porcine reproductive and respiratory syndrome virus strains of differing virulence. Vet Microbiol. 2013, 163:1-12.<\/li>\n<li>Yoon KJ, Wu LL, Zimmerman JJ, Platt KB. Field isolates of porcine reproductive and respiratory syndrome virus (PRRSV) vary in their susceptibility to antibody dependent enhancement (ADE) of infection. Vet Microbiol. 1997, 55:277-87.<\/li>\n<li>Zimmerman JJ, Benfield DA, Dee SA, Murtaugh MP, Stadejek T, Stevenson GW, Torremorell M. Porcine reproductive and respiratory syndrome virus (porcine arterivirus). In: 10th ed. Diseases of swine, Ed. Wiley-Blackwell. 2012, 31:463-86.<\/li>\n<\/ul>\n<\/p><\/div><\/div>[\/vc_column][\/vc_row]<\/p>\n<div style=\"text-align:center\" class=\"yasr-auto-insert-visitor\"><\/div><\/div>","protected":false},"excerpt":{"rendered":"<p>[vc_row][vc_column width=\u00bb1\/1&#8243;][vc_column_text el_class=\u00bbintro\u00bb] Eliminaci\u00f3n del virus tras la infecci\u00f3n [\/vc_column_text][vc_column_text]Los estudios de transferencia pasiva han demostrado que los anticuerpos espec\u00edficos contra\u00a0el virus del PRRS son capaces de proteger a los animales frente a un desaf\u00edo hom\u00f3logo. Sin\u00a0embargo, el papel de las AN en el curso de la infecci\u00f3n es un tema controvertido. Si bien\u00a0algunos autores han demostrado una cierta correlaci\u00f3n entre la aparici\u00f3n de AN y el cese\u00a0de la viremia o la eliminaci\u00f3n del virus de los pulmones, otros estudios han sugerido que,\u00a0para algunas cepas, la eliminaci\u00f3n del virus en sangre puede ocurrir sin la presencia de\u00a0AN; a\u00fan m\u00e1s, la viremia y la replicaci\u00f3n viral pueden persistir incluso en presencia de AN. En relaci\u00f3n a la inmunidad mediada por c\u00e9lulas, algunos estudios han observado que, en\u00a0ausencia de AN, el IFN-\u03b3 podr\u00eda estar asociado a la eliminaci\u00f3n del virus.[\/vc_column_text][vc_column_text] Protecci\u00f3n frente la reinfecci\u00f3n: [\/vc_column_text][vc_column_text]Como ya se ha discutido ampliamente, los niveles de AN despu\u00e9s de la infecci\u00f3n\/vacunaci\u00f3n con este virus suelen ser bajos o nulos. De hecho, la eficacia de los AN frente\u00a0a aislados heter\u00f3logos es muy limitada, ya que la neutralizaci\u00f3n cruzada (neutralizaci\u00f3n\u00a0de una cepa concreta por los AN inducidos por otra cepa) puede ser baja incluso\u00a0entre cepas muy similares. [&hellip;]<\/p>\n","protected":false},"author":19,"featured_media":17056,"parent":20697,"menu_order":0,"comment_status":"closed","ping_status":"closed","template":"","meta":{"_acf_changed":false,"_cbd_carousel_blocks":"[]","yasr_overall_rating":0,"yasr_post_is_review":"","yasr_auto_insert_disabled":"","yasr_review_type":"Product","footnotes":""},"categories":[],"tags":[],"class_list":["post-20694","page","type-page","status-publish","has-post-thumbnail","hentry"],"acf":[],"yasr_visitor_votes":{"number_of_votes":0,"sum_votes":0,"stars_attributes":{"read_only":false,"span_bottom":false}},"_links":{"self":[{"href":"https:\/\/prrscontrol.com\/es\/wp-json\/wp\/v2\/pages\/20694","targetHints":{"allow":["GET"]}}],"collection":[{"href":"https:\/\/prrscontrol.com\/es\/wp-json\/wp\/v2\/pages"}],"about":[{"href":"https:\/\/prrscontrol.com\/es\/wp-json\/wp\/v2\/types\/page"}],"author":[{"embeddable":true,"href":"https:\/\/prrscontrol.com\/es\/wp-json\/wp\/v2\/users\/19"}],"replies":[{"embeddable":true,"href":"https:\/\/prrscontrol.com\/es\/wp-json\/wp\/v2\/comments?post=20694"}],"version-history":[{"count":3,"href":"https:\/\/prrscontrol.com\/es\/wp-json\/wp\/v2\/pages\/20694\/revisions"}],"predecessor-version":[{"id":20882,"href":"https:\/\/prrscontrol.com\/es\/wp-json\/wp\/v2\/pages\/20694\/revisions\/20882"}],"up":[{"embeddable":true,"href":"https:\/\/prrscontrol.com\/es\/wp-json\/wp\/v2\/pages\/20697"}],"wp:featuredmedia":[{"embeddable":true,"href":"https:\/\/prrscontrol.com\/es\/wp-json\/wp\/v2\/media\/17056"}],"wp:attachment":[{"href":"https:\/\/prrscontrol.com\/es\/wp-json\/wp\/v2\/media?parent=20694"}],"wp:term":[{"taxonomy":"category","embeddable":true,"href":"https:\/\/prrscontrol.com\/es\/wp-json\/wp\/v2\/categories?post=20694"},{"taxonomy":"post_tag","embeddable":true,"href":"https:\/\/prrscontrol.com\/es\/wp-json\/wp\/v2\/tags?post=20694"}],"curies":[{"name":"wp","href":"https:\/\/api.w.org\/{rel}","templated":true}]}}