{"id":20697,"date":"2021-03-23T11:00:17","date_gmt":"2021-03-23T11:00:17","guid":{"rendered":"http:\/\/prrscontrolidiomas.advertis.es\/vacunologia\/"},"modified":"2022-09-09T12:11:19","modified_gmt":"2022-09-09T12:11:19","slug":"vacunacion-prrs","status":"publish","type":"page","link":"https:\/\/prrscontrol.com\/es\/vacunacion-prrs\/","title":{"rendered":"Vacunaci\u00f3n frente al PRRS"},"content":{"rendered":"<div class=\"wpb-content-wrapper\"><p>[vc_row bg_image=\u00bb15411&#8243; top_padding=\u00bb50&#8243; bottom_padding=\u00bb50&#8243;][vc_column el_class=\u00bbhedaer-knowledge\u00bb width=\u00bb1\/1&#8243;][vc_row_inner][vc_column_inner width=\u00bb1\/2&#8243;][vc_column_text el_id=\u00bbwhat-is-title\u00bb]<\/p>\n<h1>Vacunolog\u00eda<\/h1>\n<p>[\/vc_column_text][\/vc_column_inner][vc_column_inner width=\u00bb1\/2&#8243;]<div class=\"video-embed  wpb_content_element\"><iframe loading=\"lazy\" title=\"Vaccination against PRRS Disease\" width=\"1161\" height=\"653\" src=\"https:\/\/www.youtube.com\/embed\/UxePEP7P7uQ?feature=oembed\" frameborder=\"0\" allow=\"accelerometer; autoplay; clipboard-write; encrypted-media; gyroscope; picture-in-picture; web-share\" referrerpolicy=\"strict-origin-when-cross-origin\" allowfullscreen><\/iframe><\/div>[\/vc_column_inner][\/vc_row_inner][\/vc_column][\/vc_row][vc_row top_padding=\u00bb20&#8243; bottom_padding=\u00bb20&#8243;][vc_column width=\u00bb1\/1&#8243;][vc_row_inner][vc_column_inner css=\u00bb.vc_custom_1523371244870{margin-bottom: 30px !important;}\u00bb]<div class=\"newdivider align-center\" style=\"border-bottom-style: transparent; border-bottom-color: transparent; border-bottom-width: 0px; margin-top: 0; margin-bottom: 0; width: 100%; \"><\/div><div class=\"clear\"><\/div>[\/vc_column_inner][\/vc_row_inner][\/vc_column][\/vc_row][vc_row][vc_column width=\u00bb1\/1&#8243;][vc_row_inner][vc_column_inner el_class=\u00bbbox-knowledge\u00bb width=\u00bb1\/3&#8243;][vc_column_text el_class=\u00bbintro-titulo-articulo\u00bb]1<\/p>\n<h2>Tipos de vacunas frente al PRRS<\/h2>\n<p>[\/vc_column_text]<div class=\"divider divider1\" style='margin:10px 20px 10px 45px  !important;'><\/div>[vc_column_text el_class=\u00bbmax-text-knowledge\u00bb]Actualmente, existen alrededor de 30 vacunas, algunas de ellas est\u00e1n disponibles solo en\u00a0su pa\u00eds de origen. Pr\u00e1cticamente todas ellas est\u00e1n basadas en virus atenuado (modified live\u00a0virus; MLV) o en virus inactivado (killed virus; KV) para PRRSV1 o PRRSV2, con la excepci\u00f3n\u00a0de dos vacunas de PRRSV2 basadas en subunidades.<\/p>\n<p><!--more-->[\/vc_column_text][vc_column_text el_class=\u00bbread-more-custom\u00bb]<a class=\"read-more-link\" href=\"\/es\/vacunologia\/tipos-de-vacunas-frente-al-prrs\/\">leer m\u00e1s \u2192<\/a>[\/vc_column_text][\/vc_column_inner][vc_column_inner el_class=\u00bbbox-knowledge\u00bb width=\u00bb1\/3&#8243;][vc_column_text el_class=\u00bbintro-titulo-articulo\u00bb]2<\/p>\n<h2>\u00bfSon \u00fatiles las vacunas de PRRS?<\/h2>\n<p>[\/vc_column_text]<div class=\"divider divider1\" style='margin:10px 20px 10px 45px  !important;'><\/div>[vc_column_text el_class=\u00bbmax-text-knowledge\u00bb]Aunque existen muchas vacunas disponibles de PRRS, sabemos que ninguna otorga una\u00a0protecci\u00f3n completa ni universal frente a la infecci\u00f3n. Como ya se ha comentado, existen\u00a0dos razones principales:\u00a0\u2022 La elevada diversidad gen\u00e9tica del virus.\u00a0\u2022 El virus modula las respuestas inmunitarias.[\/vc_column_text][vc_column_text el_class=\u00bbread-more-custom\u00bb]<a class=\"read-more-link\" href=\"\/es\/vacunologia\/son-utiles-las-vacunas-de-prrs\/\">leer m\u00e1s \u2192<\/a>[\/vc_column_text][\/vc_column_inner][vc_column_inner el_class=\u00bbbox-knowledge\u00bb width=\u00bb1\/3&#8243;][vc_column_text el_class=\u00bbintro-titulo-articulo\u00bb]3<\/p>\n<h2>\u00bfPodemos predecir la protecci\u00f3n entre cepas?<\/h2>\n<p>[\/vc_column_text]<div class=\"divider divider1\" style='margin:10px 20px 10px 45px  !important;'><\/div>[vc_column_text el_class=\u00bbmax-text-knowledge\u00bb]Desafortunadamente, en la actualidad la respuesta es CATEG\u00d3RICAMENTE NO. No es\u00a0posible predecir el nivel de protecci\u00f3n que una determinada cepa o vacuna de campo\u00a0conferir\u00e1 frente a una infecci\u00f3n con otra cepa.\u00a0Como ya se ha comentado, la diversidad del virus es extrema en muchos aspectos\u00a0(consultar \u201c<em>\u00bfQu\u00e9 es el virus del PRRS?<\/em>\u201d).[\/vc_column_text][vc_column_text el_class=\u00bbread-more-custom\u00bb]<a class=\"read-more-link\" href=\"\/es\/vacunologia\/podemos-predecir-la-proteccion-entre-cepas\/\">leer m\u00e1s \u2192<\/a>[\/vc_column_text][\/vc_column_inner][\/vc_row_inner][vc_row_inner][vc_column_inner el_class=\u00bbbox-knowledge\u00bb width=\u00bb1\/3&#8243;][vc_column_text el_class=\u00bbintro-titulo-articulo\u00bb]4<\/p>\n<h2>Inmunizaci\u00f3n de nul\u00edparas y cerdas reproductoras<\/h2>\n<p>[\/vc_column_text]<div class=\"divider divider1\" style='margin:10px 20px 10px 45px  !important;'><\/div>[vc_column_text el_class=\u00bbmax-text-knowledge\u00bb]Inmunizaci\u00f3n de nul\u00edparas:\u00a0Dos de los m\u00e9todos m\u00e1s frecuentemente utilizados para inmunizar nul\u00edparas son:\u00a0Inoculaci\u00f3n\/contacto con virus vivo propio de la granja: La inmunizaci\u00f3n con virus\u00a0residentes se realiza generalmente mediante el contacto con material presumiblemente\u00a0infectado, como heces o animales, o mediante la inoculaci\u00f3n de suero de lech\u00f3n vir\u00e9mico.\u00a0Ambas estrategias son potencialmente peligrosas y el resultado es impredecible.[\/vc_column_text][vc_column_text el_class=\u00bbread-more-custom\u00bb]<a class=\"read-more-link\" href=\"\/es\/vacunologia\/inmunizacion-de-nuliparas-y-cerdas-reproductoras\/\">leer m\u00e1s \u2192<\/a>[\/vc_column_text][\/vc_column_inner][vc_column_inner el_class=\u00bbbox-knowledge\u00bb width=\u00bb1\/3&#8243;][vc_column_text el_class=\u00bbintro-titulo-articulo\u00bb]5<\/p>\n<h2>Inmunizaci\u00f3n de los lechones<\/h2>\n<p>[\/vc_column_text]<div class=\"divider divider1\" style='margin:10px 20px 10px 45px  !important;'><\/div>[vc_column_text el_class=\u00bbmax-text-knowledge\u00bb]El uso de vacunas comerciales debe ser planteado como la \u00fanica opci\u00f3n posible para\u00a0inmunizar a los lechones. Para elegir el mejor momento para vacunar a los lechones,\u00a0deben considerarse dos puntos importantes:\u00a0\u2022 El desarrollo de la inmunidad requerir\u00e1 al menos 3 semanas.\u00a0\u2022 Los anticuerpos maternales pueden interferir con las vacunas.[\/vc_column_text][vc_column_text el_class=\u00bbread-more-custom\u00bb]<a class=\"read-more-link\" href=\"\/es\/vacunologia\/inmunizacion-de-los-lechones\/\">leer m\u00e1s \u2192<\/a>[\/vc_column_text][\/vc_column_inner][vc_column_inner el_class=\u00bbbox-knowledge\u00bb width=\u00bb1\/3&#8243;][vc_column_text el_class=\u00bbintro-titulo-articulo\u00bb]6<\/p>\n<h2>V\u00edas de administraci\u00f3n: Intramuscular e intrad\u00e9rmica<\/h2>\n<p>[\/vc_column_text]<div class=\"divider divider1\" style='margin:10px 20px 10px 45px  !important;'><\/div>[vc_column_text el_class=\u00bbmax-text-knowledge\u00bb]Actualmente, todas las vacunas comerciales est\u00e1n indicadas para la administraci\u00f3n\u00a0intramuscular. Sin embargo, algunas de ellas tambi\u00e9n lo est\u00e1n para inyectarse por v\u00eda\u00a0intrad\u00e9rmica. En comparaci\u00f3n con la administraci\u00f3n intramuscular convencional, la inyecci\u00f3n\u00a0intrad\u00e9rmica se realiza generalmente utilizando inyectores sin agujas.[\/vc_column_text][vc_column_text el_class=\u00bbread-more-custom\u00bb]<a class=\"read-more-link\" href=\"\/es\/vacunologia\/vias-de-administracion-intramuscular-e-intradermica\/\">leer m\u00e1s \u2192<\/a>[\/vc_column_text][\/vc_column_inner][\/vc_row_inner][vc_row_inner][vc_column_inner el_class=\u00bbbox-knowledge\u00bb width=\u00bb1\/3&#8243;][vc_column_text el_class=\u00bbintro-titulo-articulo\u00bb]7<\/p>\n<h2>\u00bfCu\u00e1l es el papel de los anticuerpos neutralizantes y de la inmunidad celular?<\/h2>\n<p>[\/vc_column_text]<div class=\"divider divider1\" style='margin:10px 20px 10px 45px  !important;'><\/div>[vc_column_text el_class=\u00bbmax-text-knowledge\u00bb]Eliminaci\u00f3n del virus tras la infecci\u00f3n:\u00a0Los estudios de transferencia pasiva han demostrado que los anticuerpos espec\u00edficos contra\u00a0el virus del PRRS son capaces de proteger a los animales frente a un desaf\u00edo hom\u00f3logo. Sin\u00a0embargo, el papel de las AN en el curso de la infecci\u00f3n es un tema controvertido. Si bien\u00a0algunos autores han demostrado una cierta correlaci\u00f3n entre la aparici\u00f3n de AN y el cese\u00a0de la viremia o la eliminaci\u00f3n del virus de los pulmones, otros estudios han sugerido que,\u00a0para algunas cepas, la eliminaci\u00f3n del virus en sangre puede ocurrir sin la presencia de\u00a0AN; a\u00fan m\u00e1s, la viremia y la replicaci\u00f3n viral pueden persistir incluso en presencia de AN.\u00a0En relaci\u00f3n a la inmunidad mediada por c\u00e9lulas, algunos estudios han observado que, en\u00a0ausencia de AN, el IFN-\u03b3 podr\u00eda estar asociado a la eliminaci\u00f3n del virus.[\/vc_column_text][vc_column_text el_class=\u00bbread-more-custom\u00bb]<a class=\"read-more-link\" href=\"\/es\/vacunologia\/cual-es-el-papel-de-los-anticuerpos-neutralizantes-y-de-la-inmunidad-celular\/\">leer m\u00e1s \u2192<\/a>[\/vc_column_text][\/vc_column_inner][vc_column_inner el_class=\u00bbbox-knowledge\u00bb width=\u00bb2\/3&#8243;][vc_raw_html]IA==[\/vc_raw_html][\/vc_column_inner][\/vc_row_inner][\/vc_column][\/vc_row][vc_row top_padding=\u00bb20&#8243; bottom_padding=\u00bb20&#8243;][vc_column width=\u00bb1\/1&#8243;][vc_row_inner][vc_column_inner css=\u00bb.vc_custom_1523371244870{margin-bottom: 30px !important;}\u00bb]<div class=\"newdivider align-center\" style=\"border-bottom-style: transparent; border-bottom-color: transparent; border-bottom-width: 0px; margin-top: 0; margin-bottom: 0; width: 100%; \"><\/div><div class=\"clear\"><\/div>[\/vc_column_inner][\/vc_row_inner][\/vc_column][\/vc_row]<\/p>\n<div style=\"text-align:center\" class=\"yasr-auto-insert-visitor\"><\/div><\/div>","protected":false},"excerpt":{"rendered":"<p>[vc_row bg_image=\u00bb15411&#8243; top_padding=\u00bb50&#8243; bottom_padding=\u00bb50&#8243;][vc_column el_class=\u00bbhedaer-knowledge\u00bb width=\u00bb1\/1&#8243;][vc_row_inner][vc_column_inner width=\u00bb1\/2&#8243;][vc_column_text el_id=\u00bbwhat-is-title\u00bb] Vacunolog\u00eda [\/vc_column_text][\/vc_column_inner][vc_column_inner width=\u00bb1\/2&#8243;][\/vc_column_inner][\/vc_row_inner][\/vc_column][\/vc_row][vc_row top_padding=\u00bb20&#8243; bottom_padding=\u00bb20&#8243;][vc_column width=\u00bb1\/1&#8243;][vc_row_inner][vc_column_inner css=\u00bb.vc_custom_1523371244870{margin-bottom: 30px !important;}\u00bb][\/vc_column_inner][\/vc_row_inner][\/vc_column][\/vc_row][vc_row][vc_column width=\u00bb1\/1&#8243;][vc_row_inner][vc_column_inner el_class=\u00bbbox-knowledge\u00bb width=\u00bb1\/3&#8243;][vc_column_text el_class=\u00bbintro-titulo-articulo\u00bb]1 Tipos de vacunas frente al PRRS [\/vc_column_text][vc_column_text el_class=\u00bbmax-text-knowledge\u00bb]Actualmente, existen alrededor de 30 vacunas, algunas de ellas est\u00e1n disponibles solo en\u00a0su pa\u00eds de origen. Pr\u00e1cticamente todas ellas est\u00e1n basadas en virus atenuado (modified live\u00a0virus; MLV) o en virus inactivado (killed virus; KV) para PRRSV1 o PRRSV2, con la excepci\u00f3n\u00a0de dos vacunas de PRRSV2 basadas en subunidades.<\/p>\n","protected":false},"author":19,"featured_media":17056,"parent":0,"menu_order":4,"comment_status":"closed","ping_status":"closed","template":"","meta":{"_acf_changed":false,"_cbd_carousel_blocks":"[]","yasr_overall_rating":0,"yasr_post_is_review":"","yasr_auto_insert_disabled":"","yasr_review_type":"","footnotes":""},"categories":[],"tags":[],"class_list":["post-20697","page","type-page","status-publish","has-post-thumbnail","hentry"],"acf":[],"yasr_visitor_votes":{"number_of_votes":0,"sum_votes":0,"stars_attributes":{"read_only":false,"span_bottom":false}},"_links":{"self":[{"href":"https:\/\/prrscontrol.com\/es\/wp-json\/wp\/v2\/pages\/20697","targetHints":{"allow":["GET"]}}],"collection":[{"href":"https:\/\/prrscontrol.com\/es\/wp-json\/wp\/v2\/pages"}],"about":[{"href":"https:\/\/prrscontrol.com\/es\/wp-json\/wp\/v2\/types\/page"}],"author":[{"embeddable":true,"href":"https:\/\/prrscontrol.com\/es\/wp-json\/wp\/v2\/users\/19"}],"replies":[{"embeddable":true,"href":"https:\/\/prrscontrol.com\/es\/wp-json\/wp\/v2\/comments?post=20697"}],"version-history":[{"count":4,"href":"https:\/\/prrscontrol.com\/es\/wp-json\/wp\/v2\/pages\/20697\/revisions"}],"predecessor-version":[{"id":20955,"href":"https:\/\/prrscontrol.com\/es\/wp-json\/wp\/v2\/pages\/20697\/revisions\/20955"}],"wp:featuredmedia":[{"embeddable":true,"href":"https:\/\/prrscontrol.com\/es\/wp-json\/wp\/v2\/media\/17056"}],"wp:attachment":[{"href":"https:\/\/prrscontrol.com\/es\/wp-json\/wp\/v2\/media?parent=20697"}],"wp:term":[{"taxonomy":"category","embeddable":true,"href":"https:\/\/prrscontrol.com\/es\/wp-json\/wp\/v2\/categories?post=20697"},{"taxonomy":"post_tag","embeddable":true,"href":"https:\/\/prrscontrol.com\/es\/wp-json\/wp\/v2\/tags?post=20697"}],"curies":[{"name":"wp","href":"https:\/\/api.w.org\/{rel}","templated":true}]}}