{"id":20725,"date":"2021-03-23T14:21:05","date_gmt":"2021-03-23T14:21:05","guid":{"rendered":"http:\/\/prrscontrolidiomas.advertis.es\/epidemiologia\/"},"modified":"2022-09-09T12:12:08","modified_gmt":"2022-09-09T12:12:08","slug":"epidemiologia","status":"publish","type":"page","link":"https:\/\/prrscontrol.com\/es\/epidemiologia\/","title":{"rendered":"Epidemiolog\u00eda"},"content":{"rendered":"<div class=\"wpb-content-wrapper\"><p>[vc_row bg_image=\u00bb15411&#8243; top_padding=\u00bb50&#8243; bottom_padding=\u00bb50&#8243;][vc_column el_class=\u00bbhedaer-knowledge\u00bb width=\u00bb1\/1&#8243;][vc_row_inner][vc_column_inner width=\u00bb1\/2&#8243;][vc_column_text el_id=\u00bbwhat-is-title\u00bb]<\/p>\n<h1>Epidemiolog\u00eda<\/h1>\n<p>[\/vc_column_text][\/vc_column_inner][vc_column_inner width=\u00bb1\/2&#8243;]<div class=\"video-embed  wpb_content_element\"><iframe loading=\"lazy\" title=\"PRRS Disease - Epidemiology of PRRS\" width=\"1161\" height=\"653\" src=\"https:\/\/www.youtube.com\/embed\/wYs3Ta7a9Yk?feature=oembed\" frameborder=\"0\" allow=\"accelerometer; autoplay; clipboard-write; encrypted-media; gyroscope; picture-in-picture; web-share\" referrerpolicy=\"strict-origin-when-cross-origin\" allowfullscreen><\/iframe><\/div>[\/vc_column_inner][\/vc_row_inner][\/vc_column][\/vc_row][vc_row top_padding=\u00bb20&#8243; bottom_padding=\u00bb20&#8243;][vc_column width=\u00bb1\/1&#8243;][vc_row_inner][vc_column_inner css=\u00bb.vc_custom_1523371244870{margin-bottom: 30px !important;}\u00bb]<div class=\"newdivider align-center\" style=\"border-bottom-style: transparent; border-bottom-color: transparent; border-bottom-width: 0px; margin-top: 0; margin-bottom: 0; width: 100%; \"><\/div><div class=\"clear\"><\/div>[\/vc_column_inner][\/vc_row_inner][\/vc_column][\/vc_row][vc_row][vc_column width=\u00bb1\/1&#8243;][vc_row_inner][vc_column_inner el_class=\u00bbbox-knowledge\u00bb width=\u00bb1\/3&#8243;][vc_column_text el_class=\u00bbintro-titulo-articulo\u00bb]1<\/p>\n<h2>Transmisi\u00f3n entre granjas<\/h2>\n<p>[\/vc_column_text]<div class=\"divider divider1\" style='margin:10px 20px 10px 45px  !important;'><\/div>[vc_column_text el_class=\u00bbmax-text-knowledge\u00bb]El virus del PRRS se disemina principalmente por semen o contacto directo con un animal\u00a0infectado. En este \u00faltimo caso, las situaciones que suponen un mayor riesgo son la\u00a0introducci\u00f3n de reposici\u00f3n positiva en el reba\u00f1o de reproductoras o la introducci\u00f3n de\u00a0lechones de diferentes or\u00edgenes (positivos y negativos) en los cebos.<\/p>\n<p><!--more-->[\/vc_column_text][vc_column_text el_class=\u00bbread-more-custom\u00bb]<a class=\"read-more-link\" href=\"\/es\/epidemiologia\/transmision-entre-granjas\/\">leer m\u00e1s \u2192<\/a>[\/vc_column_text][\/vc_column_inner][vc_column_inner el_class=\u00bbbox-knowledge\u00bb width=\u00bb1\/3&#8243;][vc_column_text el_class=\u00bbintro-titulo-articulo\u00bb]2<\/p>\n<h2>Transmisi\u00f3n dentro de la granja<\/h2>\n<p>[\/vc_column_text]<div class=\"divider divider1\" style='margin:10px 20px 10px 45px  !important;'><\/div>[vc_column_text el_class=\u00bbmax-text-knowledge\u00bb]Los cerdos infectados pueden excretar el virus por m\u00faltiples v\u00edas y durante un largo\u00a0periodo de tiempo; principalmente por la saliva y el semen; de forma menos frecuente por\u00a0la leche y el calostro, y raramente y de forma espor\u00e1dica por las secreciones nasales, orina\u00a0y heces. La cantidad de virus excretado, junto a la duraci\u00f3n de la excreci\u00f3n, var\u00eda de forma\u00a0significativa entre cepas.<\/p>\n<p><u><\/u><strong><u><br \/>\n<\/u><\/strong>[\/vc_column_text][vc_column_text el_class=\u00bbread-more-custom\u00bb]<a class=\"read-more-link\" href=\"\/es\/epidemiologia\/transmision-dentro-de-la-granja\/\">leer m\u00e1s \u2192<\/a>[\/vc_column_text][\/vc_column_inner][vc_column_inner el_class=\u00bbbox-knowledge\u00bb width=\u00bb1\/3&#8243;][vc_column_text el_class=\u00bbintro-titulo-articulo\u00bb]3<\/p>\n<h2>\u00bfQu\u00e9 ocurre en una granja infectada?<\/h2>\n<p>[\/vc_column_text]<div class=\"divider divider1\" style='margin:10px 20px 10px 45px  !important;'><\/div>[vc_column_text el_class=\u00bbmax-text-knowledge\u00bb]Las consecuencias de una infecci\u00f3n por el virus del PRRS en una granja depender\u00e1n\u00a0principalmente de la virulencia de la cepa y del estado previo de inmunizaci\u00f3n.\u00a0Una vez que se introduce el virus del PRRS en una granja, este tender\u00e1 a circular\u00a0indefinidamente. La eliminaci\u00f3n espont\u00e1nea puede ocurrir, especialmente en granjas\u00a0peque\u00f1as, pero es muy rara. La presencia de una infecci\u00f3n persistente en animales\u00a0portadores, la presencia de subpoblaciones negativas en el hato reproductor y\/o un flujo\u00a0continuo de animales susceptibles pueden perpetuar la infecci\u00f3n: reposici\u00f3n negativa\u00a0insuficientemente inmunizada, nacimiento de lechones de cerdas seronegativas, p\u00e9rdida\u00a0de inmunidad pasiva en lechones o p\u00e9rdida de inmunidad activa en cerdos previamente\u00a0infectados.[\/vc_column_text][vc_column_text el_class=\u00bbread-more-custom\u00bb]<a class=\"read-more-link\" href=\"\/es\/epidemiologia\/que-ocurre-en-una-granja-infectada\/\">leer m\u00e1s \u2192<\/a>[\/vc_column_text][\/vc_column_inner][\/vc_row_inner][vc_row_inner][vc_column_inner el_class=\u00bbbox-knowledge\u00bb width=\u00bb1\/3&#8243;][vc_column_text el_class=\u00bbintro-titulo-articulo\u00bb]4<\/p>\n<h2>\u00bfCu\u00e1ntas cepas pueden co-existir en una misma granja?<\/h2>\n<p>[\/vc_column_text]<div class=\"divider divider1\" style='margin:10px 20px 10px 45px  !important;'><\/div>[vc_column_text el_class=\u00bbmax-text-knowledge\u00bb]La respuesta es bastante simple: <em>a priori<\/em>, no hay l\u00edmite.\u00a0Para poder seguir explorando este tema, a continuaci\u00f3n se analizar\u00e1n algunos de los datos\u00a0disponibles.\u00a0En el pasado, se cre\u00eda que la recombinaci\u00f3n entre diferentes cepas era un fen\u00f3meno poco\u00a0com\u00fan. Sin embargo, el an\u00e1lisis de las secuencias del genoma completo ha demostrado que:[\/vc_column_text][vc_column_text el_class=\u00bbread-more-custom\u00bb]<a class=\"read-more-link\" href=\"\/es\/epidemiologia\/cuantas-cepas-pueden-co-existir-en-una-misma-granja\/\">leer m\u00e1s \u2192<\/a>[\/vc_column_text][\/vc_column_inner][vc_column_inner el_class=\u00bbbox-knowledge\u00bb width=\u00bb1\/3&#8243;][vc_column_text el_class=\u00bbintro-titulo-articulo\u00bb]5<\/p>\n<h2>\u00bfC\u00f3mo cuantificar la transmisi\u00f3n del virus del PRRS?<\/h2>\n<p>[\/vc_column_text]<div class=\"divider divider1\" style='margin:10px 20px 10px 45px  !important;'><\/div>[vc_column_text el_class=\u00bbmax-text-knowledge\u00bb]El conocimiento de la din\u00e1mica de la circulaci\u00f3n del virus del PRRS dentro de un hato y\u00a0la cuantificaci\u00f3n de la transmisi\u00f3n del virus en una poblaci\u00f3n de cerdos son puntos clave\u00a0para el desarrollo de estrategias de prevenci\u00f3n y control de la infecci\u00f3n, as\u00ed como para\u00a0evaluar el impacto de tales intervenciones.[\/vc_column_text][vc_column_text el_class=\u00bbread-more-custom\u00bb]<a class=\"read-more-link\" href=\"\/es\/epidemiologia\/como-cuantificar-la-transmision-del-virus-del-prrs\/\">leer m\u00e1s \u2192<\/a>[\/vc_column_text][\/vc_column_inner][vc_column_inner el_class=\u00bbbox-knowledge\u00bb width=\u00bb1\/3&#8243;][vc_raw_html]IA==[\/vc_raw_html][\/vc_column_inner][\/vc_row_inner][\/vc_column][\/vc_row][vc_row top_padding=\u00bb20&#8243; bottom_padding=\u00bb20&#8243;][vc_column width=\u00bb1\/1&#8243;][vc_row_inner][vc_column_inner css=\u00bb.vc_custom_1523371244870{margin-bottom: 30px !important;}\u00bb]<div class=\"newdivider align-center\" style=\"border-bottom-style: transparent; border-bottom-color: transparent; border-bottom-width: 0px; margin-top: 0; margin-bottom: 0; width: 100%; \"><\/div><div class=\"clear\"><\/div>[\/vc_column_inner][\/vc_row_inner][\/vc_column][\/vc_row]<\/p>\n<div style=\"text-align:center\" class=\"yasr-auto-insert-visitor\"><\/div><\/div>","protected":false},"excerpt":{"rendered":"<p>[vc_row bg_image=\u00bb15411&#8243; top_padding=\u00bb50&#8243; bottom_padding=\u00bb50&#8243;][vc_column el_class=\u00bbhedaer-knowledge\u00bb width=\u00bb1\/1&#8243;][vc_row_inner][vc_column_inner width=\u00bb1\/2&#8243;][vc_column_text el_id=\u00bbwhat-is-title\u00bb] Epidemiolog\u00eda [\/vc_column_text][\/vc_column_inner][vc_column_inner width=\u00bb1\/2&#8243;][\/vc_column_inner][\/vc_row_inner][\/vc_column][\/vc_row][vc_row top_padding=\u00bb20&#8243; bottom_padding=\u00bb20&#8243;][vc_column width=\u00bb1\/1&#8243;][vc_row_inner][vc_column_inner css=\u00bb.vc_custom_1523371244870{margin-bottom: 30px !important;}\u00bb][\/vc_column_inner][\/vc_row_inner][\/vc_column][\/vc_row][vc_row][vc_column width=\u00bb1\/1&#8243;][vc_row_inner][vc_column_inner el_class=\u00bbbox-knowledge\u00bb width=\u00bb1\/3&#8243;][vc_column_text el_class=\u00bbintro-titulo-articulo\u00bb]1 Transmisi\u00f3n entre granjas [\/vc_column_text][vc_column_text el_class=\u00bbmax-text-knowledge\u00bb]El virus del PRRS se disemina principalmente por semen o contacto directo con un animal\u00a0infectado. En este \u00faltimo caso, las situaciones que suponen un mayor riesgo son la\u00a0introducci\u00f3n de reposici\u00f3n positiva en el reba\u00f1o de reproductoras o la introducci\u00f3n de\u00a0lechones de diferentes or\u00edgenes (positivos y negativos) en los cebos.<\/p>\n","protected":false},"author":19,"featured_media":17056,"parent":0,"menu_order":5,"comment_status":"closed","ping_status":"closed","template":"","meta":{"_acf_changed":false,"_cbd_carousel_blocks":"[]","yasr_overall_rating":0,"yasr_post_is_review":"","yasr_auto_insert_disabled":"","yasr_review_type":"","footnotes":""},"categories":[],"tags":[],"class_list":["post-20725","page","type-page","status-publish","has-post-thumbnail","hentry"],"acf":[],"yasr_visitor_votes":{"number_of_votes":0,"sum_votes":0,"stars_attributes":{"read_only":false,"span_bottom":false}},"_links":{"self":[{"href":"https:\/\/prrscontrol.com\/es\/wp-json\/wp\/v2\/pages\/20725","targetHints":{"allow":["GET"]}}],"collection":[{"href":"https:\/\/prrscontrol.com\/es\/wp-json\/wp\/v2\/pages"}],"about":[{"href":"https:\/\/prrscontrol.com\/es\/wp-json\/wp\/v2\/types\/page"}],"author":[{"embeddable":true,"href":"https:\/\/prrscontrol.com\/es\/wp-json\/wp\/v2\/users\/19"}],"replies":[{"embeddable":true,"href":"https:\/\/prrscontrol.com\/es\/wp-json\/wp\/v2\/comments?post=20725"}],"version-history":[{"count":3,"href":"https:\/\/prrscontrol.com\/es\/wp-json\/wp\/v2\/pages\/20725\/revisions"}],"predecessor-version":[{"id":20728,"href":"https:\/\/prrscontrol.com\/es\/wp-json\/wp\/v2\/pages\/20725\/revisions\/20728"}],"wp:featuredmedia":[{"embeddable":true,"href":"https:\/\/prrscontrol.com\/es\/wp-json\/wp\/v2\/media\/17056"}],"wp:attachment":[{"href":"https:\/\/prrscontrol.com\/es\/wp-json\/wp\/v2\/media?parent=20725"}],"wp:term":[{"taxonomy":"category","embeddable":true,"href":"https:\/\/prrscontrol.com\/es\/wp-json\/wp\/v2\/categories?post=20725"},{"taxonomy":"post_tag","embeddable":true,"href":"https:\/\/prrscontrol.com\/es\/wp-json\/wp\/v2\/tags?post=20725"}],"curies":[{"name":"wp","href":"https:\/\/api.w.org\/{rel}","templated":true}]}}