{"id":20760,"date":"2021-03-23T16:09:54","date_gmt":"2021-03-23T16:09:54","guid":{"rendered":"http:\/\/prrscontrolidiomas.advertis.es\/7-deteccion-de-anticuerpos\/"},"modified":"2021-03-26T12:17:57","modified_gmt":"2021-03-26T12:17:57","slug":"deteccion-de-anticuerpos","status":"publish","type":"page","link":"https:\/\/prrscontrol.com\/es\/diagnostico-y-monitorizacion\/deteccion-de-anticuerpos\/","title":{"rendered":"<span>7<\/span> Detecci\u00f3n de anticuerpos"},"content":{"rendered":"<div class=\"wpb-content-wrapper\"><p>[vc_row][vc_column width=\u00bb1\/1&#8243;][vc_column_text el_class=\u00bbintro\u00bb]<\/p>\n<h2>Ensayo por inmunoabsorci\u00f3n ligado a enzimas (ELISA).<\/h2>\n<p>Consiste en la <strong>detecci\u00f3n de anticuerpos en suero o fluidos orales<\/strong>. Es f\u00e1cil, r\u00e1pido y m\u00e1s barato\u00a0en comparaci\u00f3n con otros ensayos.<\/p>\n<p>En la actualidad, hay muchos kits ELISA disponibles\u00a0comercialmente para la detecci\u00f3n de anticuerpos espec\u00edficos para el virus del PRRS. Algunos\u00a0de ellos tienen la capacidad de identificar anticuerpos frente a ambos PRRSV1 y PRRSV2,\u00a0mientras que otros pueden distinguir entre especie. Recientemente, se han adaptado algunos\u00a0ELISAs para analizar muestras de fluidos orales.[\/vc_column_text][vc_column_text]La <strong>seroconversi\u00f3n<\/strong> (de negativo a positivo en las pruebas de detecci\u00f3n de anticuerpos)\u00a0indica que un animal ha sido infectado por el virus del PRRS o, alternativamente, que ha\u00a0sido vacunado.<\/p>\n<p>Sin embargo, las respuestas individuales son variables y podr\u00edan existir\u00a0algunos problemas de sensibilidad y especificidad a este nivel. De hecho, se han observado\u00a0discrepancias importantes entre diferentes ELISA comerciales al clasificar cerdos individuales.\u00a0Si esto ocurre, podemos despejar dudas probando la misma muestra con m\u00e1s de dos pruebas.<\/p>\n<p>De todas formas, el <strong>ELISA es uno de los ensayos m\u00e1s com\u00fanmente utilizados para detectar y monitorizar infecciones a nivel grupal<\/strong>.<\/p>\n<p>El muestreo seriado de diversas edades es \u00fatil para determinar la edad de la infecci\u00f3n y la\u00a0duraci\u00f3n de los anticuerpos maternales, los cuales se detectan generalmente hasta las 3-8\u00a0semanas de edad.[\/vc_column_text]<div class=\"single_image wpb_content_element align-left  animate image_box_rounded image_zoom \" data-animation=\"fade-in\" data-delay=\"300\"><a href=\"https:\/\/prrscontrol.com\/wp-content\/uploads\/2021\/03\/Ejemplo-de-dinamica-de-anticuerpos-frente-al-virus-del-PRRS.jpg\" class=\"prettyPhoto\" rel=\"prettyPhoto[image]\"><img loading=\"lazy\" decoding=\"async\" width=\"1400\" height=\"898\" src=\"https:\/\/prrscontrol.com\/wp-content\/uploads\/2021\/03\/Ejemplo-de-dinamica-de-anticuerpos-frente-al-virus-del-PRRS.jpg\" class=\"attachment-full\" alt=\"\" title=\"Ejemplo-de-dinamica-de-anticuerpos-frente-al-virus-del-PRRS\" srcset=\"https:\/\/prrscontrol.com\/wp-content\/uploads\/2021\/03\/Ejemplo-de-dinamica-de-anticuerpos-frente-al-virus-del-PRRS.jpg 1400w, https:\/\/prrscontrol.com\/wp-content\/uploads\/2021\/03\/Ejemplo-de-dinamica-de-anticuerpos-frente-al-virus-del-PRRS-300x192.jpg 300w, https:\/\/prrscontrol.com\/wp-content\/uploads\/2021\/03\/Ejemplo-de-dinamica-de-anticuerpos-frente-al-virus-del-PRRS-768x493.jpg 768w, https:\/\/prrscontrol.com\/wp-content\/uploads\/2021\/03\/Ejemplo-de-dinamica-de-anticuerpos-frente-al-virus-del-PRRS-1024x657.jpg 1024w, https:\/\/prrscontrol.com\/wp-content\/uploads\/2021\/03\/Ejemplo-de-dinamica-de-anticuerpos-frente-al-virus-del-PRRS-750x481.jpg 750w, https:\/\/prrscontrol.com\/wp-content\/uploads\/2021\/03\/Ejemplo-de-dinamica-de-anticuerpos-frente-al-virus-del-PRRS-1140x731.jpg 1140w\" sizes=\"auto, (max-width: 1400px) 100vw, 1400px\" \/><\/a><\/div>[vc_column_text][\/vc_column_text][vc_column_text]<\/p>\n<h3>Din\u00e1mica de los anticuerpos contra el virus PRRS<\/h3>\n<p>Las IgM se detectan a los 7 d\u00edas, mientras que las IgG se suelen detectar a partir de las dos\u00a0semanas.<\/p>\n<p>Si un ensayo ELISA se basa en la detecci\u00f3n de anticuerpos generados contra la\u00a0prote\u00edna N, los resultados positivos se obtienen generalmente a los 14 d\u00edas; entre las 5 y 6\u00a0semanas se suele observar un pico m\u00e1ximo y se pueden detectar durante varios meses.<\/p>\n<p>Algunos cerdos pueden seronegativizar en un lapso de 3 a 6 meses, pero otros pueden\u00a0permanecer positivos durante mucho m\u00e1s tiempo, hasta 1,5 a\u00f1os. En este sentido, hay un\u00a0fuerte componente idiosincr\u00e1sico.[\/vc_column_text][vc_column_text]<\/p>\n<h3>Limitaciones:<\/h3>\n<ul>\n<li>En la actualidad, los ELISAs comerciales no pueden distinguir los animales infectados\u00a0de los vacunados.<\/li>\n<li>El ELISA tiene limitaciones si queremos estimar la etapa de infecci\u00f3n en la que se encuentra\u00a0el animal.<\/li>\n<li>Los anticuerpos detectados por ELISAs comerciales no se correlacionan con la protecci\u00f3n.<\/li>\n<li>Un resultado elevado en ELISA no est\u00e1 relacionado necesariamente con una alta virulencia.<\/li>\n<li>Por lo general, los resultados se muestran como un ratio entre la muestra y un control\u00a0positivo proporcionado por el fabricante (ratio S\/P). Por lo tanto, el resultado del ELISA\u00a0no puede considerarse como un \u201ct\u00edtulo\u201d.<\/li>\n<li>No se puede utilizar la magnitud del ratio S\/P para diferenciar los anticuerpos derivados\u00a0de la vacuna de los anticuerpos derivados de aislados de campo.<\/li>\n<li>En un animal revacunado, o despu\u00e9s de una infecci\u00f3n en un animal previamente\u00a0infectado\/vacunado, no siempre se puede observar un aumento en los niveles de\u00a0anticuerpos. En otras palabras, no tiene porqu\u00e9 observarse un booster.<\/li>\n<\/ul>\n<p>[\/vc_column_text][vc_column_text]<\/p>\n<h2>Inmunoperoxidasa en monocapa (IPMA) e inmunofluorescencia (IF)<\/h2>\n<p><strong>Ambos ensayos se basan en la tinci\u00f3n indirecta de monocapas de c\u00e9lulas infectadas<\/strong>.\u00a0Brevemente, las c\u00e9lulas MARC-145 o los macr\u00f3fagos alveolares porcinos se siembran en\u00a0placas de microtitulaci\u00f3n y se infectan con el virus del PRRS.<\/p>\n<p>Posteriormente, se a\u00f1ade el\u00a0suero a analizar. Si hay anticuerpos en el suero, estos se unir\u00e1n al ant\u00edgeno que se encuentra\u00a0en las c\u00e9lulas infectadas. En el caso de la IPMA, los anticuerpos unidos se detectan mediante\u00a0conjugado de peroxidasa de r\u00e1bano picante y un crom\u00f3geno.<\/p>\n<p>El resultado se lee utilizando un\u00a0microscopio invertido.\u00a0La IF es similar a la IPMA, pero en este caso los anticuerpos unidos se detectan utilizando una\u00a0IgG anti-porcina conjugada con fluoresce\u00edna.<\/p>\n<p>El resultado se lee utilizando un microscopio de\u00a0fluorescencia.<\/p>\n<p>En ambos casos, la sensibilidad de las t\u00e9cnicas puede depender de la experiencia\u00a0del laboratorio y de las diferencias antig\u00e9nicas entre el aislado utilizado en la prueba y el virus\u00a0de campo que indujo los anticuerpos. Se puede cuantificar el t\u00edtulo de anticuerpos de la\u00a0muestra utilizando diluciones seriadas de la misma.[\/vc_column_text]<div class=\"single_image wpb_content_element align-left  animate image_box_rounded image_zoom \" data-animation=\"fade-in\" data-delay=\"300\"><a href=\"https:\/\/prrscontrol.com\/wp-content\/uploads\/2018\/04\/DIAGNOSIS-09.jpg\" class=\"prettyPhoto\" rel=\"prettyPhoto[image]\"><img loading=\"lazy\" decoding=\"async\" width=\"1025\" height=\"769\" src=\"https:\/\/prrscontrol.com\/wp-content\/uploads\/2018\/04\/DIAGNOSIS-09.jpg\" class=\"attachment-full\" alt=\"detection of prrs virus antigens\" title=\"DIAGNOSIS-09\" srcset=\"https:\/\/prrscontrol.com\/wp-content\/uploads\/2018\/04\/DIAGNOSIS-09.jpg 1025w, https:\/\/prrscontrol.com\/wp-content\/uploads\/2018\/04\/DIAGNOSIS-09-300x225.jpg 300w, https:\/\/prrscontrol.com\/wp-content\/uploads\/2018\/04\/DIAGNOSIS-09-768x576.jpg 768w, https:\/\/prrscontrol.com\/wp-content\/uploads\/2018\/04\/DIAGNOSIS-09-1024x768.jpg 1024w\" sizes=\"auto, (max-width: 1025px) 100vw, 1025px\" \/><\/a><\/div>[vc_column_text el_class=\u00bbdestacado\u00bb][\/vc_column_text][vc_column_text el_class=\u00bbdestacado\u00bb]<\/p>\n<h2><strong>Prueba de neutralizaci\u00f3n del virus (VNT)<\/strong><\/h2>\n<p><strong>Esta t\u00e9cnica detecta anticuerpos capaces de neutralizar el virus del PRRS en cultivos\u00a0celulares<\/strong>.<\/p>\n<p>La sensibilidad de la VNT depende en gran medida de las diferencias antig\u00e9nicas\u00a0entre el aislado utilizado en la prueba y el virus de campo que infect\u00f3 a los animales e\u00a0indujo los anticuerpos. Dada su complejidad, no es una prueba de diagn\u00f3stico de rutina.\u00a0Se puede cuantificar el t\u00edtulo de anticuerpos neutralizantes de la muestra utilizando\u00a0diluciones seriadas de la misma.[\/vc_column_text][vc_column_text el_class=\u00bbaviso\u00bb]<\/p>\n<hr \/>\n<p style=\"text-align: center;\">\u00a9 Laboratorios Hipra, S.A. 2026. Reservados todos los derechos.<br \/>\nNinguna parte de este sitio web o cualquiera de sus contenidos puede ser reproducida, copiada, modificada o adaptada, sin el consentimiento previo por escrito de HIPRA.<\/p>\n<p>[\/vc_column_text][\/vc_column][\/vc_row][vc_row top_padding=\u00bb30&#8243; row_id=\u00bbreferencias\u00bb][vc_column width=\u00bb1\/1&#8243;]<div class=\"toggle\"><div class=\"toggle-title \"><i class='fa fal fa-book'><\/i>Referencias<\/div><div class=\"toggle-inner\"><p>\n<ul>\n<li>Bautista EM, Meulenberg JJ, Choi CS, Molitor TW. Structural polypeptides of the American (VR-2332) strain of porcine reproductive and respiratory syndrome virus. Arch Virol. 1996:1357-65.<\/li>\n<li>Benfield DA, Nelson E, Collins JE, Harris L, Hennings JC, Shaw DP, Goyal SM, McCullough S, Morrison RB, Joo HS, Gorcyca D, Chladek D. Characterization of swine infertility and respiratory syndrome (SIRS) virus (isolate ATCC VR-2332). J Vet Diagn Invest. 1992. 4, 127-133.<\/li>\n<li>Benfield D, Nelson J, Rossow K, Nelson C, Steffen M, Rowland R. Diagnosis of persistent or prolonged porcine reproductive and respiratory syndrome virus infections Vet Res. 2000, 31:71.<\/li>\n<li>Brockmeier SL, Halbur PG, Thacker EL. Porcine respiratory disease complex. In KA Brogden, JM Guthmiller, eds, Polymicrobial Diseases. Washington, DC: ASM Press. 2002, 231-58.<\/li>\n<li>Calzada-Nova G, Schnitzlein W, Husmann R, Zuckermann FA. Characterization of the cytokine and maturation responses of pure populations of porcine plasmacytoid dendritic cells to porcine viruses and toll-like receptor agonists. Vet Immunol Immunopathol. 2010, 135:20-33.<\/li>\n<li><a href=\"https:\/\/xpv.uab.cat\/pubmed\/,DanaInfo=.awxyCrhhpHwvxL0wwPx6C,SSL+?term=Chen%20WY%5BAuthor%5D&amp;cauthor=true&amp;cauthor_uid=29070690\" target=\"_blank\" rel=\"noopener\">Chen WY<\/a>,\u00a0<a href=\"https:\/\/xpv.uab.cat\/pubmed\/,DanaInfo=.awxyCrhhpHwvxL0wwPx6C,SSL+?term=Schniztlein%20WM%5BAuthor%5D&amp;cauthor=true&amp;cauthor_uid=29070690\" target=\"_blank\" rel=\"noopener\">Schniztlein WM<\/a>,\u00a0<a href=\"https:\/\/xpv.uab.cat\/pubmed\/,DanaInfo=.awxyCrhhpHwvxL0wwPx6C,SSL+?term=Calzada-Nova%20G%5BAuthor%5D&amp;cauthor=true&amp;cauthor_uid=29070690\" target=\"_blank\" rel=\"noopener\">Calzada-Nova G<\/a>,\u00a0<a href=\"https:\/\/xpv.uab.cat\/pubmed\/,DanaInfo=.awxyCrhhpHwvxL0wwPx6C,SSL+?term=Zuckermann%20FA%5BAuthor%5D&amp;cauthor=true&amp;cauthor_uid=29070690\" target=\"_blank\" rel=\"noopener\">Zuckermann FA<\/a>. Genotype 2 strains of\u00a0porcine reproductive and respiratory syndrome\u00a0virus\u00a0dysregulate alveolar macrophage cytokine production via the unfolded protein response. <a href=\"https:\/\/xpv.uab.cat\/pubmed\/,DanaInfo=.awxyCrhhpHwvxL0wwPx6C,SSL+29070690\" target=\"_blank\" rel=\"noopener\">J Virol.<\/a>2017, pii: JVI.01251-17.<\/li>\n<li>Christopher-Hennings J, Nelson EA, Hines RJ, Nelson JK, Swenson SL, Zimmerman JJ, Chase CL, Yaeger MJ, Benfield DA. Persistence of porcine reproductive and respiratory syndrome virus in serum and semen of adult boars. J Vet Diagn Invest. 1995, 7:456-64.<\/li>\n<li>Cortey M, D\u00edaz I, Mart\u00edn-Valls GE, Mateu E. Next-generation sequencing as a tool for the study of Porcine reproductive and respiratory syndrome virus (PRRSV) macro- and micro- molecular epidemiology. Vet Microbiol. 2017. doi: 10.1016\/j.vetmic.2017.02.002.<\/li>\n<li>Darwich L, D\u00edaz I, Mateu E. Certainties, doubts and hypotheses in porcine reproductive and respiratory syndrome virus immunobiology. Virus Res. 2010, 154:123-32.<\/li>\n<li>D\u00edaz I, Darwich L, Pappaterra G, Pujols J, Mateu E. Different European-type vaccines against porcine reproductive and respiratory syndrome virus have different immunological properties and confer different protection to pigs. Virology. 2006, 351:249-59.<\/li>\n<li>D\u00edaz I, Gimeno M, Darwich L, Navarro N, Kuzemtseva L, L\u00f3pez S, Galindo I, Segal\u00e9s J, Mart\u00edn M, Pujols J, Mateu E. Characterization of homologous and heterologous adaptive immune responses in porcine reproductive and respiratory syndrome virus infection. Vet Res. 2012, 19:43:30.<\/li>\n<li>Garc\u00eda-Nicol\u00e1s O, Quereda JJ, G\u00f3mez-Laguna J, Salguero FJ, Carrasco L, Ramis G, Pallar\u00e9s FJ. Cytokines transcript levels in lung and lymphoid organs during genotype 1 Porcine Reproductive and Respiratory Syndrome Virus (PRRSV) infection. Vet Immunol Immunopathol. 2014, 160:26-40.<\/li>\n<li>Gimeno M, Darwich L, Diaz I, de la Torre E, Pujols J, Mart\u00edn M, Inumaru S, Cano E, Domingo M, Montoya M, Mateu E. Cytokine profiles and phenotype regulation of antigen presenting cells by genotype-I porcine reproductive and respiratory syndrome virus isolates. Vet Res. 2011, 42:9.<\/li>\n<li>G\u00f3mez-Laguna J, Salguero FJ, Pallar\u00e9s FJ, Carrasco L. Immunopathogenesis of porcine reproductive and respiratory syndrome in the respiratory tract of pigs. Vet J. 2013, 195:148-55.<\/li>\n<li>Haynes JS, Halbur PG, Sirinarumitr T, Paul PS, Meng XJ, Huffman EL. Temporal and morphologic characterization of the distribution of porcine reproductive and respiratory syndrome virus (PRRSV) by in situ hybridization in pigs infected with isolates of PRRSV that differ in virulence. Vet Pathol. 1997, 34:39-43.<\/li>\n<li>Hill H. Overview and history of Mystery Swine Disease (swine infertility\/respiratory syndrome). Proceedings of the Mystery Swine Disease Committee Meeting, Livestock Conversation Institute, Denver, CO. 1990, 29\u201331.<\/li>\n<li>Holtkamp DJ, Polson DD, Torremorrell M. Terminology for classifying swine herds by porcine reproductive and respiratory status.\u00a0J Swine Health and Prod<em>.<\/em> 2011, 19:44-56.<\/li>\n<li>Horter DC, Pogranichniy RM, Chang CC, Evans RB, Yoon KJ, Zimmerman JJ. Characterization of the carrier state in porcine reproductive and respiratory syndrome virus infection. Vet Microbiol. 2002, 86:213-28.<\/li>\n<li>Loula T. Mystery pig disease. Agri-practice. 1991, 12:23\u201334.<\/li>\n<li>Lunney JK, Benfield DA, Rowland RR. Porcine reproductive and respiratory syndrome virus: an update on an emerging and re-emerging viral disease of swine. Virus Res. 2010, 154:1-6.<\/li>\n<li>Mateu E, Tello M, Coll A, Casal J, Mart\u00edn M. Comparison of three ELISAs for the diagnosis of porcine reproductive and respiratory syndrome. Vet Rec. 2006, 159:717-8.<\/li>\n<li>Mateu E, Diaz I. The challenge of PRRS immunology. Vet J. 2008, 177:345-51.<\/li>\n<li>Meier WA, Galeota J, Osorio FA, Husmann RJ, Schnitzlein WM, Zuckermann FA. Gradual development of the interferon-gamma response of swine to porcine reproductive and respiratory syndrome virus infection or vaccination. Virology. 2003, 309:18-31.<\/li>\n<li>Nelson EA, Christopher-Hennings J, Benfield DA. Serum immune responses to the proteins of porcine reproductive and respiratory syndrome (PRRS) virus. J Vet Diagn Invest. 1994, 6:410-5.<\/li>\n<li>Appendices IV and V of the REPORT OF THE OIE AD HOC GROUP ON PORCINE REPRODUCTIVE RESPIRATORY SYNDROME Paris, 9 &#8211; 11 June 2008 http:\/\/www.oie.int\/fileadmin\/Home\/eng\/Our_scientific_expertise\/docs\/pdf\/PRRS_guide_web_bulletin.pdf.<\/li>\n<li>Rodr\u00edguez-G\u00f3mez IM, G\u00f3mez-Laguna J, Carrasco L. Impact of PRRSV on activation and viability of antigen presenting cells. World J Virol. 2013, 2:146-51.<\/li>\n<li>Rovira A, Cano JP, Mu\u00f1oz-Zanzi C. Feasibility of pooled-sample testing for the detection of porcine reproductive and respiratory syndrome virus antibodies on serum samples by ELISA. Vet Microbiol. 2008, 130:60-8.<\/li>\n<li>Rovira A, Clement T, Christopher-Hennings J, Thompson B, Engle M, Reicks D, Mu\u00f1oz-Zanzi C. Evaluation of the sensitivity of reverse-transcription polymerase chain reaction to detect porcine reproductive and respiratory syndrome virus on individual and pooled samples from boars. J Vet Diagn Invest. 2007, 19:502-9.<\/li>\n<li>Rovira A, Reicks D, Mu\u00f1oz-Zanzi C. Evaluation of surveillance protocols for detecting porcine reproductive and respiratory syndrome virus infection in boar studs by simulation modeling. J Vet Diagn Invest. 2007, 19:492-501.<\/li>\n<li>Salguero FJ, Frossard JP, Rebel JM, Stadejek T, Morgan SB, Graham SP, Steinbach F. Host-pathogen interactions during porcine reproductive and respiratory syndrome virus 1 infection of piglets. Virus Res. 2015, 202:135-43.<\/li>\n<li>Segal\u00e9s J, Domingo M, Balasch M, Solano GI, Pijoan C. Ultrastructural study of porcine alveolar macrophages infected in vitro with porcine reproductive and respiratory syndrome (PRRS) virus, with and without Haemophilus parasuis. J Comp Pathol. 1998, 118:231-43.<\/li>\n<li>Sur JH, Cooper VL, Galeota JA, Hesse RA, Doster AR, Osorio FA. In vivo detection of porcine reproductive and respiratory syndrome virus RNA by in situ hybridization at different times postinfection. J Clin Microbiol. 1996, 34:2280-6.<\/li>\n<li>Terpstra C, Wensvoorst G, Pol JMA. Experimental reproduction of porcine epidemic abortion and respiratory syndrome (mystery swine disease) by infection with Lelystad virus: Koch&#8217;s postulates fulfilled. Vet Q. 1991, 13:131\u201336.<\/li>\n<li>Tian K, Yu X, Zhao T, Feng Y, Cao Z, Wang C, Hu Y, Chen X, Hu D, Tian X, Liu D, Zhang S, Deng X, Ding Y, Yang L, Zhang Y, Xiao H, Qiao M, Wang B, Hou L, Wang X, Yang X, Kang L, Sun M, Jin P, Wang S, Kitamura Y, Yan J, Gao GF. Emergence of fatal PRRSV variants: unparalleled outbreaks of atypical PRRS in China and molecular dissection of the unique hallmark. PLoS One. 200, 2:e526.<\/li>\n<li>Tong GZ, Zhou YJ, Hao XF, Tian ZJ, An TQ, Qiu HJ. Highly pathogenic porcine reproductive and respiratory syndrome, China. Emerg Infect Dis. 2007, 13:1434-6.<br \/>\nVan Alstine WG, Popielarczyk M, Albregts SR. Effect of formalin fixation on the immunohistochemical detection of PRRS virus antigen in experimentally and naturally infected pigs. J Vet Diagn Invest. 2002, 14:504-7.<\/li>\n<li>V\u00e9zina SA, Loemba H, Fournier M, Dea S, Archambault D. Antibody production and blastogenic response in pigs experimentally infected with porcine reproductive and respiratory syndrome virus. Can J Vet Res. 1996, 60:94-9.<\/li>\n<li>Wensvoort G, Terpstra C, Pol JMA, Lask EA, Bloemraad M, de Kluyver EP, Kragten C, van Butten L, den Besten A, Wagenaar F, Broekhuijsen JM, Moonen PJM, Zetstra T, de Boer EA, Tibben AhJ, de Jong MF, van\u2019r Veld P, Groenland GJR, van Gennep JA, Voets MTh, Verheijden JHM, Braamkamp J. Mystery swine disease in the Netherlands: the isolation of Lelystad virus. Vet Q. 1991, 13:121\u201330.<\/li>\n<li>Wills RW, Doster AR, Galeota JA, Sur JH, Osorio FA. Duration of infection and proportion of pigs persistently infected with porcine reproductive and respiratory syndrome virus. J Clin Microbiol. 2003, 41:58-62.<\/li>\n<li>Zimmerman JJ, Benfield DA, Dee SA, Murtaugh MP, Stadejek T, Stevenson GW, Torremorell M. Porcine reproductive and respiratory syndrome virus (porcine arterivirus). In: 10th ed. Diseases of swine, Ed. Wiley-Blackwell. 2012, 31:463-86.<\/li>\n<\/ul>\n<\/p><\/div><\/div>[\/vc_column][\/vc_row]<\/p>\n<div style=\"text-align:center\" class=\"yasr-auto-insert-visitor\"><\/div><\/div>","protected":false},"excerpt":{"rendered":"<p>[vc_row][vc_column width=\u00bb1\/1&#8243;][vc_column_text el_class=\u00bbintro\u00bb] Ensayo por inmunoabsorci\u00f3n ligado a enzimas (ELISA). Consiste en la detecci\u00f3n de anticuerpos en suero o fluidos orales. Es f\u00e1cil, r\u00e1pido y m\u00e1s barato\u00a0en comparaci\u00f3n con otros ensayos. En la actualidad, hay muchos kits ELISA disponibles\u00a0comercialmente para la detecci\u00f3n de anticuerpos espec\u00edficos para el virus del PRRS. Algunos\u00a0de ellos tienen la capacidad de identificar anticuerpos frente a ambos PRRSV1 y PRRSV2,\u00a0mientras que otros pueden distinguir entre especie. Recientemente, se han adaptado algunos\u00a0ELISAs para analizar muestras de fluidos orales.[\/vc_column_text][vc_column_text]La seroconversi\u00f3n (de negativo a positivo en las pruebas de detecci\u00f3n de anticuerpos)\u00a0indica que un animal ha sido infectado por el virus del PRRS o, alternativamente, que ha\u00a0sido vacunado. Sin embargo, las respuestas individuales son variables y podr\u00edan existir\u00a0algunos problemas de sensibilidad y especificidad a este nivel. De hecho, se han observado\u00a0discrepancias importantes entre diferentes ELISA comerciales al clasificar cerdos individuales.\u00a0Si esto ocurre, podemos despejar dudas probando la misma muestra con m\u00e1s de dos pruebas. De todas formas, el ELISA es uno de los ensayos m\u00e1s com\u00fanmente utilizados para detectar y monitorizar infecciones a nivel grupal. El muestreo seriado de diversas edades es \u00fatil para determinar la edad de la infecci\u00f3n y la\u00a0duraci\u00f3n de los anticuerpos maternales, los cuales se [&hellip;]<\/p>\n","protected":false},"author":19,"featured_media":17056,"parent":20772,"menu_order":7,"comment_status":"closed","ping_status":"closed","template":"","meta":{"_acf_changed":false,"_cbd_carousel_blocks":"[]","yasr_overall_rating":0,"yasr_post_is_review":"","yasr_auto_insert_disabled":"","yasr_review_type":"Product","footnotes":""},"categories":[],"tags":[],"class_list":["post-20760","page","type-page","status-publish","has-post-thumbnail","hentry"],"acf":[],"yasr_visitor_votes":{"number_of_votes":0,"sum_votes":0,"stars_attributes":{"read_only":false,"span_bottom":false}},"_links":{"self":[{"href":"https:\/\/prrscontrol.com\/es\/wp-json\/wp\/v2\/pages\/20760","targetHints":{"allow":["GET"]}}],"collection":[{"href":"https:\/\/prrscontrol.com\/es\/wp-json\/wp\/v2\/pages"}],"about":[{"href":"https:\/\/prrscontrol.com\/es\/wp-json\/wp\/v2\/types\/page"}],"author":[{"embeddable":true,"href":"https:\/\/prrscontrol.com\/es\/wp-json\/wp\/v2\/users\/19"}],"replies":[{"embeddable":true,"href":"https:\/\/prrscontrol.com\/es\/wp-json\/wp\/v2\/comments?post=20760"}],"version-history":[{"count":3,"href":"https:\/\/prrscontrol.com\/es\/wp-json\/wp\/v2\/pages\/20760\/revisions"}],"predecessor-version":[{"id":20932,"href":"https:\/\/prrscontrol.com\/es\/wp-json\/wp\/v2\/pages\/20760\/revisions\/20932"}],"up":[{"embeddable":true,"href":"https:\/\/prrscontrol.com\/es\/wp-json\/wp\/v2\/pages\/20772"}],"wp:featuredmedia":[{"embeddable":true,"href":"https:\/\/prrscontrol.com\/es\/wp-json\/wp\/v2\/media\/17056"}],"wp:attachment":[{"href":"https:\/\/prrscontrol.com\/es\/wp-json\/wp\/v2\/media?parent=20760"}],"wp:term":[{"taxonomy":"category","embeddable":true,"href":"https:\/\/prrscontrol.com\/es\/wp-json\/wp\/v2\/categories?post=20760"},{"taxonomy":"post_tag","embeddable":true,"href":"https:\/\/prrscontrol.com\/es\/wp-json\/wp\/v2\/tags?post=20760"}],"curies":[{"name":"wp","href":"https:\/\/api.w.org\/{rel}","templated":true}]}}