{"id":20764,"date":"2021-03-23T16:16:43","date_gmt":"2021-03-23T16:16:43","guid":{"rendered":"http:\/\/prrscontrolidiomas.advertis.es\/8-aproximacion-practica-al-diagnostico\/"},"modified":"2021-03-26T12:24:26","modified_gmt":"2021-03-26T12:24:26","slug":"aproximacion-practica-al-diagnostico","status":"publish","type":"page","link":"https:\/\/prrscontrol.com\/es\/diagnostico-y-monitorizacion\/aproximacion-practica-al-diagnostico\/","title":{"rendered":"<span>8<\/span> Aproximaci\u00f3n pr\u00e1ctica al diagn\u00f3stico"},"content":{"rendered":"<div class=\"wpb-content-wrapper\"><p>[vc_row][vc_column width=\u00bb1\/1&#8243;][vc_column_text]<\/p>\n<h2>Confirmaci\u00f3n laboratorial durante un cuadro reproductivo<\/h2>\n<p>Las cerdas generalmente abortan de 3 a 21 d\u00edas despu\u00e9s de la infecci\u00f3n. Por tanto, el diagn\u00f3stico\u00a0despu\u00e9s de los 21 d\u00edas se complica.<\/p>\n<p>En algunas circunstancias, el suero de las cerdas no debe considerarse como una de las\u00a0primeras opciones para diagnosticar un fallo reproductivo debido al virus del PRRS:<\/p>\n<ol>\n<li>Es dif\u00edcil detectar el virus en la sangre por RT-PCR, ya que la viremia en las cerdas\u00a0suele ser corta (de 1 a 7 d\u00edas). Frente a un resultado positivo en un animal que ha\u00a0sido vacunado recientemente, debemos descartar mediante secuenciaci\u00f3n que la\u00a0viremia no se deba a la presencia de virus vacunal.<\/li>\n<li>La seroconversi\u00f3n puede utilizarse para demostrar la participaci\u00f3n de PRRS\u00a0\u00fanicamente si el animal era previamente negativo. Un aumento en el ratio S\/P\u00a0(ELISA) es dif\u00edcil de demostrar en un animal\/reba\u00f1o previamente positivo o\u00a0vacunado.<\/li>\n<\/ol>\n<p>[\/vc_column_text][vc_column_text]Las muestras de fetos abortados, momificados o autol\u00edticos no deben usarse como muestra\u00a0principal durante un cuadro reproductivo. El virus del PRRS es relativamente l\u00e1bil y desaparece\u00a0r\u00e1pidamente de estas muestras, por lo que generalmente se obtienen resultados negativos.[\/vc_column_text][vc_column_text el_class=\u00bbdestacado\u00bb]<\/p>\n<blockquote><p><strong>Durante un cuadro reproductivo en el que el virus del PRRS es uno\u00a0de los principales sospechosos, las mejores muestras son: muestras\u00a0de sangre de cerdas (para determinar la seroconversi\u00f3n por ELISA,\u00a0siempre que sea posible) y\/o muestras de sangre (o cord\u00f3n umbilical)\u00a0de lechones nacido d\u00e9biles (para determinar la viremia por RT-PCR).<\/strong><\/p><\/blockquote>\n<p>[\/vc_column_text][vc_column_text]<\/p>\n<h2>Confirmaci\u00f3n laboratorial durante un cuadro respiratorio<\/h2>\n<p>La seroconversi\u00f3n por ELISA puede usarse para demostrar la participaci\u00f3n del virus del PRRS\u00a0en un cuadro respiratorio.<\/p>\n<p>Sin embargo, la seroconversi\u00f3n solo puede observarse en un animal\/granja previamente negativos. La toma de muestras seriadas de diversas edades para detectar\u00a0anticuerpos mediante ELISA es \u00fatil para determinar la edad a la que ocurre la infecci\u00f3n y, en\u00a0consecuencia, el mejor momento para detectar la presencia del virus en la sangre.<\/p>\n<p>La detecci\u00f3n\u00a0del virus en el suero mediante RT-PCR es \u00fatil porque la viremia es m\u00e1s prolongada en los\u00a0cerdos j\u00f3venes. Mediante la combinaci\u00f3n en tejidos de IHQ o HIS con histopatolog\u00eda, se puede\u00a0demostrar el v\u00ednculo entre el virus y las lesiones, especialmente en los pulmones.[\/vc_column_text][vc_column_text el_class=\u00bbdestacado\u00bb]<\/p>\n<blockquote><p><strong>La presencia de complicaciones bacterianas puede complicar\u00a0considerablemente el diagn\u00f3stico de PRRS durante un brote\u00a0respiratorio. Adem\u00e1s, la infecci\u00f3n por el virus del PRRS puede\u00a0causar cuadros cl\u00ednicos de gravedad muy diversa.<\/strong><\/p><\/blockquote>\n<p>[\/vc_column_text][vc_column_text]<strong>Combinaci\u00f3n de ELISA y RT-PCR<\/strong><\/p>\n<p>Los ELISAs comerciales y la RT-PCR convencional o a tiempo real son las pruebas de diagn\u00f3stico\u00a0m\u00e1s frecuentemente usadas.<\/p>\n<p>En combinaci\u00f3n, se pueden utilizar no solo para detectar una\u00a0infecci\u00f3n, sino tambi\u00e9n para determinar aproximadamente cu\u00e1ndo ocurri\u00f3 y para controlar\u00a0el estado inmunol\u00f3gico a nivel individual o de la granja.<\/p>\n<p>Si las complementamos con la\u00a0secuenciaci\u00f3n, podemos incluso establecer el posible origen del virus.[\/vc_column_text]<div class=\"single_image wpb_content_element align-left  animate image_box_rounded image_zoom \" data-animation=\"fade-in\" data-delay=\"300\"><a href=\"https:\/\/prrscontrol.com\/wp-content\/uploads\/2021\/03\/Resultados-de-PCR-de-muestras-de-suero-tras-la-infeccion.jpg\" class=\"prettyPhoto\" rel=\"prettyPhoto[image]\"><img loading=\"lazy\" decoding=\"async\" width=\"1400\" height=\"1042\" src=\"https:\/\/prrscontrol.com\/wp-content\/uploads\/2021\/03\/Resultados-de-PCR-de-muestras-de-suero-tras-la-infeccion.jpg\" class=\"attachment-full\" alt=\"\" title=\"Resultados-de-PCR-de-muestras-de-suero-tras-la-infeccion\" srcset=\"https:\/\/prrscontrol.com\/wp-content\/uploads\/2021\/03\/Resultados-de-PCR-de-muestras-de-suero-tras-la-infeccion.jpg 1400w, https:\/\/prrscontrol.com\/wp-content\/uploads\/2021\/03\/Resultados-de-PCR-de-muestras-de-suero-tras-la-infeccion-300x223.jpg 300w, https:\/\/prrscontrol.com\/wp-content\/uploads\/2021\/03\/Resultados-de-PCR-de-muestras-de-suero-tras-la-infeccion-768x572.jpg 768w, https:\/\/prrscontrol.com\/wp-content\/uploads\/2021\/03\/Resultados-de-PCR-de-muestras-de-suero-tras-la-infeccion-1024x762.jpg 1024w, https:\/\/prrscontrol.com\/wp-content\/uploads\/2021\/03\/Resultados-de-PCR-de-muestras-de-suero-tras-la-infeccion-750x558.jpg 750w, https:\/\/prrscontrol.com\/wp-content\/uploads\/2021\/03\/Resultados-de-PCR-de-muestras-de-suero-tras-la-infeccion-1140x848.jpg 1140w\" sizes=\"auto, (max-width: 1400px) 100vw, 1400px\" \/><\/a><\/div><div class=\"single_image wpb_content_element align-left  animate image_box_rounded image_zoom \" data-animation=\"fade-in\" data-delay=\"300\"><a href=\"https:\/\/prrscontrol.com\/wp-content\/uploads\/2021\/03\/Resultados-de-ELISA-de-muestras-de-suero-tras-la-infeccion.jpg\" class=\"prettyPhoto\" rel=\"prettyPhoto[image]\"><img loading=\"lazy\" decoding=\"async\" width=\"1400\" height=\"954\" src=\"https:\/\/prrscontrol.com\/wp-content\/uploads\/2021\/03\/Resultados-de-ELISA-de-muestras-de-suero-tras-la-infeccion.jpg\" class=\"attachment-full\" alt=\"\" title=\"Resultados-de-ELISA-de-muestras-de-suero-tras-la-infeccion\" srcset=\"https:\/\/prrscontrol.com\/wp-content\/uploads\/2021\/03\/Resultados-de-ELISA-de-muestras-de-suero-tras-la-infeccion.jpg 1400w, https:\/\/prrscontrol.com\/wp-content\/uploads\/2021\/03\/Resultados-de-ELISA-de-muestras-de-suero-tras-la-infeccion-300x204.jpg 300w, https:\/\/prrscontrol.com\/wp-content\/uploads\/2021\/03\/Resultados-de-ELISA-de-muestras-de-suero-tras-la-infeccion-768x523.jpg 768w, https:\/\/prrscontrol.com\/wp-content\/uploads\/2021\/03\/Resultados-de-ELISA-de-muestras-de-suero-tras-la-infeccion-1024x698.jpg 1024w, https:\/\/prrscontrol.com\/wp-content\/uploads\/2021\/03\/Resultados-de-ELISA-de-muestras-de-suero-tras-la-infeccion-750x511.jpg 750w, https:\/\/prrscontrol.com\/wp-content\/uploads\/2021\/03\/Resultados-de-ELISA-de-muestras-de-suero-tras-la-infeccion-1140x777.jpg 1140w\" sizes=\"auto, (max-width: 1400px) 100vw, 1400px\" \/><\/a><\/div><div class=\"single_image wpb_content_element align-left  animate image_box_rounded image_zoom \" data-animation=\"fade-in\" data-delay=\"300\"><a href=\"https:\/\/prrscontrol.com\/wp-content\/uploads\/2021\/03\/Resultados-de-ELISA-y-PCR-de-muestras-de-suero-tras-la-infeccion.jpg\" class=\"prettyPhoto\" rel=\"prettyPhoto[image]\"><img loading=\"lazy\" decoding=\"async\" width=\"1400\" height=\"954\" src=\"https:\/\/prrscontrol.com\/wp-content\/uploads\/2021\/03\/Resultados-de-ELISA-y-PCR-de-muestras-de-suero-tras-la-infeccion.jpg\" class=\"attachment-full\" alt=\"\" title=\"Resultados-de-ELISA-y-PCR-de-muestras-de-suero-tras-la-infeccion\" srcset=\"https:\/\/prrscontrol.com\/wp-content\/uploads\/2021\/03\/Resultados-de-ELISA-y-PCR-de-muestras-de-suero-tras-la-infeccion.jpg 1400w, https:\/\/prrscontrol.com\/wp-content\/uploads\/2021\/03\/Resultados-de-ELISA-y-PCR-de-muestras-de-suero-tras-la-infeccion-300x204.jpg 300w, https:\/\/prrscontrol.com\/wp-content\/uploads\/2021\/03\/Resultados-de-ELISA-y-PCR-de-muestras-de-suero-tras-la-infeccion-768x523.jpg 768w, https:\/\/prrscontrol.com\/wp-content\/uploads\/2021\/03\/Resultados-de-ELISA-y-PCR-de-muestras-de-suero-tras-la-infeccion-1024x698.jpg 1024w, https:\/\/prrscontrol.com\/wp-content\/uploads\/2021\/03\/Resultados-de-ELISA-y-PCR-de-muestras-de-suero-tras-la-infeccion-750x511.jpg 750w, https:\/\/prrscontrol.com\/wp-content\/uploads\/2021\/03\/Resultados-de-ELISA-y-PCR-de-muestras-de-suero-tras-la-infeccion-1140x777.jpg 1140w\" sizes=\"auto, (max-width: 1400px) 100vw, 1400px\" \/><\/a><\/div><div class=\"single_image wpb_content_element align-left  animate image_box_rounded image_zoom \" data-animation=\"fade-in\" data-delay=\"300\"><a href=\"https:\/\/prrscontrol.com\/wp-content\/uploads\/2021\/03\/Interpretacion-de-los-resultados.jpg\" class=\"prettyPhoto\" rel=\"prettyPhoto[image]\"><img loading=\"lazy\" decoding=\"async\" width=\"1400\" height=\"954\" src=\"https:\/\/prrscontrol.com\/wp-content\/uploads\/2021\/03\/Interpretacion-de-los-resultados.jpg\" class=\"attachment-full\" alt=\"\" title=\"Interpretacion-de-los-resultados\" srcset=\"https:\/\/prrscontrol.com\/wp-content\/uploads\/2021\/03\/Interpretacion-de-los-resultados.jpg 1400w, https:\/\/prrscontrol.com\/wp-content\/uploads\/2021\/03\/Interpretacion-de-los-resultados-300x204.jpg 300w, https:\/\/prrscontrol.com\/wp-content\/uploads\/2021\/03\/Interpretacion-de-los-resultados-768x523.jpg 768w, https:\/\/prrscontrol.com\/wp-content\/uploads\/2021\/03\/Interpretacion-de-los-resultados-1024x698.jpg 1024w, https:\/\/prrscontrol.com\/wp-content\/uploads\/2021\/03\/Interpretacion-de-los-resultados-750x511.jpg 750w, https:\/\/prrscontrol.com\/wp-content\/uploads\/2021\/03\/Interpretacion-de-los-resultados-1140x777.jpg 1140w\" sizes=\"auto, (max-width: 1400px) 100vw, 1400px\" \/><\/a><\/div>[vc_column_text]<\/p>\n<p style=\"margin-left: 40px; font-size: 12px;\"><sup>1\u00a0<\/sup>Excluyendo los efectos relacionados con la baja sensibilidad y\/o baja especificidad.<br \/>\n<sup>2<\/sup>\u00a0En adultos, la viremia es corta, por lo tanto este patr\u00f3n se puede observar generalmente 14 d\u00edas despu\u00e9s de la infecci\u00f3n.\u00a0En cerdos j\u00f3venes, la viremia es m\u00e1s larga, por lo tanto este patr\u00f3n puede observarse 14-28 d\u00edas despu\u00e9s de la infecci\u00f3n.<\/p>\n<p>[\/vc_column_text][vc_column_text el_class=\u00bbaviso\u00bb]<\/p>\n<hr \/>\n<p style=\"text-align: center;\">\u00a9 Laboratorios Hipra, S.A. 2026. Reservados todos los derechos.<br \/>\nNinguna parte de este sitio web o cualquiera de sus contenidos puede ser reproducida, copiada, modificada o adaptada, sin el consentimiento previo por escrito de HIPRA.<\/p>\n<p>[\/vc_column_text][\/vc_column][\/vc_row][vc_row top_padding=\u00bb30&#8243; row_id=\u00bbreferencias\u00bb][vc_column width=\u00bb1\/1&#8243;]<div class=\"toggle\"><div class=\"toggle-title \"><i class='fa fal fa-book'><\/i>Referencias<\/div><div class=\"toggle-inner\"><p>\n<ul>\n<li>Bautista EM, Meulenberg JJ, Choi CS, Molitor TW. Structural polypeptides of the American (VR-2332) strain of porcine reproductive and respiratory syndrome virus. Arch Virol. 1996:1357-65.<\/li>\n<li>Benfield DA, Nelson E, Collins JE, Harris L, Hennings JC, Shaw DP, Goyal SM, McCullough S, Morrison RB, Joo HS, Gorcyca D, Chladek D. Characterization of swine infertility and respiratory syndrome (SIRS) virus (isolate ATCC VR-2332). J Vet Diagn Invest. 1992. 4, 127-133.<\/li>\n<li>Benfield D, Nelson J, Rossow K, Nelson C, Steffen M, Rowland R. Diagnosis of persistent or prolonged porcine reproductive and respiratory syndrome virus infections Vet Res. 2000, 31:71.<\/li>\n<li>Brockmeier SL, Halbur PG, Thacker EL. Porcine respiratory disease complex. In KA Brogden, JM Guthmiller, eds, Polymicrobial Diseases. Washington, DC: ASM Press. 2002, 231-58.<\/li>\n<li>Calzada-Nova G, Schnitzlein W, Husmann R, Zuckermann FA. Characterization of the cytokine and maturation responses of pure populations of porcine plasmacytoid dendritic cells to porcine viruses and toll-like receptor agonists. Vet Immunol Immunopathol. 2010, 135:20-33.<\/li>\n<li><a href=\"https:\/\/xpv.uab.cat\/pubmed\/,DanaInfo=.awxyCrhhpHwvxL0wwPx6C,SSL+?term=Chen%20WY%5BAuthor%5D&amp;cauthor=true&amp;cauthor_uid=29070690\" target=\"_blank\" rel=\"noopener\">Chen WY<\/a>,\u00a0<a href=\"https:\/\/xpv.uab.cat\/pubmed\/,DanaInfo=.awxyCrhhpHwvxL0wwPx6C,SSL+?term=Schniztlein%20WM%5BAuthor%5D&amp;cauthor=true&amp;cauthor_uid=29070690\" target=\"_blank\" rel=\"noopener\">Schniztlein WM<\/a>,\u00a0<a href=\"https:\/\/xpv.uab.cat\/pubmed\/,DanaInfo=.awxyCrhhpHwvxL0wwPx6C,SSL+?term=Calzada-Nova%20G%5BAuthor%5D&amp;cauthor=true&amp;cauthor_uid=29070690\" target=\"_blank\" rel=\"noopener\">Calzada-Nova G<\/a>,\u00a0<a href=\"https:\/\/xpv.uab.cat\/pubmed\/,DanaInfo=.awxyCrhhpHwvxL0wwPx6C,SSL+?term=Zuckermann%20FA%5BAuthor%5D&amp;cauthor=true&amp;cauthor_uid=29070690\" target=\"_blank\" rel=\"noopener\">Zuckermann FA<\/a>. Genotype 2 strains of\u00a0porcine reproductive and respiratory syndrome\u00a0virus\u00a0dysregulate alveolar macrophage cytokine production via the unfolded protein response. <a href=\"https:\/\/xpv.uab.cat\/pubmed\/,DanaInfo=.awxyCrhhpHwvxL0wwPx6C,SSL+29070690\" target=\"_blank\" rel=\"noopener\">J Virol.<\/a>2017, pii: JVI.01251-17.<\/li>\n<li>Christopher-Hennings J, Nelson EA, Hines RJ, Nelson JK, Swenson SL, Zimmerman JJ, Chase CL, Yaeger MJ, Benfield DA. Persistence of porcine reproductive and respiratory syndrome virus in serum and semen of adult boars. J Vet Diagn Invest. 1995, 7:456-64.<\/li>\n<li>Cortey M, D\u00edaz I, Mart\u00edn-Valls GE, Mateu E. Next-generation sequencing as a tool for the study of Porcine reproductive and respiratory syndrome virus (PRRSV) macro- and micro- molecular epidemiology. Vet Microbiol. 2017. doi: 10.1016\/j.vetmic.2017.02.002.<\/li>\n<li>Darwich L, D\u00edaz I, Mateu E. Certainties, doubts and hypotheses in porcine reproductive and respiratory syndrome virus immunobiology. Virus Res. 2010, 154:123-32.<\/li>\n<li>D\u00edaz I, Darwich L, Pappaterra G, Pujols J, Mateu E. Different European-type vaccines against porcine reproductive and respiratory syndrome virus have different immunological properties and confer different protection to pigs. Virology. 2006, 351:249-59.<\/li>\n<li>D\u00edaz I, Gimeno M, Darwich L, Navarro N, Kuzemtseva L, L\u00f3pez S, Galindo I, Segal\u00e9s J, Mart\u00edn M, Pujols J, Mateu E. Characterization of homologous and heterologous adaptive immune responses in porcine reproductive and respiratory syndrome virus infection. Vet Res. 2012, 19:43:30.<\/li>\n<li>Garc\u00eda-Nicol\u00e1s O, Quereda JJ, G\u00f3mez-Laguna J, Salguero FJ, Carrasco L, Ramis G, Pallar\u00e9s FJ. Cytokines transcript levels in lung and lymphoid organs during genotype 1 Porcine Reproductive and Respiratory Syndrome Virus (PRRSV) infection. Vet Immunol Immunopathol. 2014, 160:26-40.<\/li>\n<li>Gimeno M, Darwich L, Diaz I, de la Torre E, Pujols J, Mart\u00edn M, Inumaru S, Cano E, Domingo M, Montoya M, Mateu E. Cytokine profiles and phenotype regulation of antigen presenting cells by genotype-I porcine reproductive and respiratory syndrome virus isolates. Vet Res. 2011, 42:9.<\/li>\n<li>G\u00f3mez-Laguna J, Salguero FJ, Pallar\u00e9s FJ, Carrasco L. Immunopathogenesis of porcine reproductive and respiratory syndrome in the respiratory tract of pigs. Vet J. 2013, 195:148-55.<\/li>\n<li>Haynes JS, Halbur PG, Sirinarumitr T, Paul PS, Meng XJ, Huffman EL. Temporal and morphologic characterization of the distribution of porcine reproductive and respiratory syndrome virus (PRRSV) by in situ hybridization in pigs infected with isolates of PRRSV that differ in virulence. Vet Pathol. 1997, 34:39-43.<\/li>\n<li>Hill H. Overview and history of Mystery Swine Disease (swine infertility\/respiratory syndrome). Proceedings of the Mystery Swine Disease Committee Meeting, Livestock Conversation Institute, Denver, CO. 1990, 29\u201331.<\/li>\n<li>Holtkamp DJ, Polson DD, Torremorrell M. Terminology for classifying swine herds by porcine reproductive and respiratory status.\u00a0J Swine Health and Prod<em>.<\/em> 2011, 19:44-56.<\/li>\n<li>Horter DC, Pogranichniy RM, Chang CC, Evans RB, Yoon KJ, Zimmerman JJ. Characterization of the carrier state in porcine reproductive and respiratory syndrome virus infection. Vet Microbiol. 2002, 86:213-28.<\/li>\n<li>Loula T. Mystery pig disease. Agri-practice. 1991, 12:23\u201334.<\/li>\n<li>Lunney JK, Benfield DA, Rowland RR. Porcine reproductive and respiratory syndrome virus: an update on an emerging and re-emerging viral disease of swine. Virus Res. 2010, 154:1-6.<\/li>\n<li>Mateu E, Tello M, Coll A, Casal J, Mart\u00edn M. Comparison of three ELISAs for the diagnosis of porcine reproductive and respiratory syndrome. Vet Rec. 2006, 159:717-8.<\/li>\n<li>Mateu E, Diaz I. The challenge of PRRS immunology. Vet J. 2008, 177:345-51.<\/li>\n<li>Meier WA, Galeota J, Osorio FA, Husmann RJ, Schnitzlein WM, Zuckermann FA. Gradual development of the interferon-gamma response of swine to porcine reproductive and respiratory syndrome virus infection or vaccination. Virology. 2003, 309:18-31.<\/li>\n<li>Nelson EA, Christopher-Hennings J, Benfield DA. Serum immune responses to the proteins of porcine reproductive and respiratory syndrome (PRRS) virus. J Vet Diagn Invest. 1994, 6:410-5.<\/li>\n<li>Appendices IV and V of the REPORT OF THE OIE AD HOC GROUP ON PORCINE REPRODUCTIVE RESPIRATORY SYNDROME Paris, 9 &#8211; 11 June 2008 http:\/\/www.oie.int\/fileadmin\/Home\/eng\/Our_scientific_expertise\/docs\/pdf\/PRRS_guide_web_bulletin.pdf.<\/li>\n<li>Rodr\u00edguez-G\u00f3mez IM, G\u00f3mez-Laguna J, Carrasco L. Impact of PRRSV on activation and viability of antigen presenting cells. World J Virol. 2013, 2:146-51.<\/li>\n<li>Rovira A, Cano JP, Mu\u00f1oz-Zanzi C. Feasibility of pooled-sample testing for the detection of porcine reproductive and respiratory syndrome virus antibodies on serum samples by ELISA. Vet Microbiol. 2008, 130:60-8.<\/li>\n<li>Rovira A, Clement T, Christopher-Hennings J, Thompson B, Engle M, Reicks D, Mu\u00f1oz-Zanzi C. Evaluation of the sensitivity of reverse-transcription polymerase chain reaction to detect porcine reproductive and respiratory syndrome virus on individual and pooled samples from boars. J Vet Diagn Invest. 2007, 19:502-9.<\/li>\n<li>Rovira A, Reicks D, Mu\u00f1oz-Zanzi C. Evaluation of surveillance protocols for detecting porcine reproductive and respiratory syndrome virus infection in boar studs by simulation modeling. J Vet Diagn Invest. 2007, 19:492-501.<\/li>\n<li>Salguero FJ, Frossard JP, Rebel JM, Stadejek T, Morgan SB, Graham SP, Steinbach F. Host-pathogen interactions during porcine reproductive and respiratory syndrome virus 1 infection of piglets. Virus Res. 2015, 202:135-43.<\/li>\n<li>Segal\u00e9s J, Domingo M, Balasch M, Solano GI, Pijoan C. Ultrastructural study of porcine alveolar macrophages infected in vitro with porcine reproductive and respiratory syndrome (PRRS) virus, with and without Haemophilus parasuis. J Comp Pathol. 1998, 118:231-43.<\/li>\n<li>Sur JH, Cooper VL, Galeota JA, Hesse RA, Doster AR, Osorio FA. In vivo detection of porcine reproductive and respiratory syndrome virus RNA by in situ hybridization at different times postinfection. J Clin Microbiol. 1996, 34:2280-6.<\/li>\n<li>Terpstra C, Wensvoorst G, Pol JMA. Experimental reproduction of porcine epidemic abortion and respiratory syndrome (mystery swine disease) by infection with Lelystad virus: Koch&#8217;s postulates fulfilled. Vet Q. 1991, 13:131\u201336.<\/li>\n<li>Tian K, Yu X, Zhao T, Feng Y, Cao Z, Wang C, Hu Y, Chen X, Hu D, Tian X, Liu D, Zhang S, Deng X, Ding Y, Yang L, Zhang Y, Xiao H, Qiao M, Wang B, Hou L, Wang X, Yang X, Kang L, Sun M, Jin P, Wang S, Kitamura Y, Yan J, Gao GF. Emergence of fatal PRRSV variants: unparalleled outbreaks of atypical PRRS in China and molecular dissection of the unique hallmark. PLoS One. 200, 2:e526.<\/li>\n<li>Tong GZ, Zhou YJ, Hao XF, Tian ZJ, An TQ, Qiu HJ. Highly pathogenic porcine reproductive and respiratory syndrome, China. Emerg Infect Dis. 2007, 13:1434-6.<br \/>\nVan Alstine WG, Popielarczyk M, Albregts SR. Effect of formalin fixation on the immunohistochemical detection of PRRS virus antigen in experimentally and naturally infected pigs. J Vet Diagn Invest. 2002, 14:504-7.<\/li>\n<li>V\u00e9zina SA, Loemba H, Fournier M, Dea S, Archambault D. Antibody production and blastogenic response in pigs experimentally infected with porcine reproductive and respiratory syndrome virus. Can J Vet Res. 1996, 60:94-9.<\/li>\n<li>Wensvoort G, Terpstra C, Pol JMA, Lask EA, Bloemraad M, de Kluyver EP, Kragten C, van Butten L, den Besten A, Wagenaar F, Broekhuijsen JM, Moonen PJM, Zetstra T, de Boer EA, Tibben AhJ, de Jong MF, van\u2019r Veld P, Groenland GJR, van Gennep JA, Voets MTh, Verheijden JHM, Braamkamp J. Mystery swine disease in the Netherlands: the isolation of Lelystad virus. Vet Q. 1991, 13:121\u201330.<\/li>\n<li>Wills RW, Doster AR, Galeota JA, Sur JH, Osorio FA. Duration of infection and proportion of pigs persistently infected with porcine reproductive and respiratory syndrome virus. J Clin Microbiol. 2003, 41:58-62.<\/li>\n<li>Zimmerman JJ, Benfield DA, Dee SA, Murtaugh MP, Stadejek T, Stevenson GW, Torremorell M. Porcine reproductive and respiratory syndrome virus (porcine arterivirus). In: 10th ed. Diseases of swine, Ed. Wiley-Blackwell. 2012, 31:463-86.<\/li>\n<\/ul>\n<\/p><\/div><\/div>[\/vc_column][\/vc_row]<\/p>\n<div style=\"text-align:center\" class=\"yasr-auto-insert-visitor\"><\/div><\/div>","protected":false},"excerpt":{"rendered":"<p>[vc_row][vc_column width=\u00bb1\/1&#8243;][vc_column_text] Confirmaci\u00f3n laboratorial durante un cuadro reproductivo Las cerdas generalmente abortan de 3 a 21 d\u00edas despu\u00e9s de la infecci\u00f3n. Por tanto, el diagn\u00f3stico\u00a0despu\u00e9s de los 21 d\u00edas se complica. En algunas circunstancias, el suero de las cerdas no debe considerarse como una de las\u00a0primeras opciones para diagnosticar un fallo reproductivo debido al virus del PRRS: Es dif\u00edcil detectar el virus en la sangre por RT-PCR, ya que la viremia en las cerdas\u00a0suele ser corta (de 1 a 7 d\u00edas). Frente a un resultado positivo en un animal que ha\u00a0sido vacunado recientemente, debemos descartar mediante secuenciaci\u00f3n que la\u00a0viremia no se deba a la presencia de virus vacunal. La seroconversi\u00f3n puede utilizarse para demostrar la participaci\u00f3n de PRRS\u00a0\u00fanicamente si el animal era previamente negativo. Un aumento en el ratio S\/P\u00a0(ELISA) es dif\u00edcil de demostrar en un animal\/reba\u00f1o previamente positivo o\u00a0vacunado. [\/vc_column_text][vc_column_text]Las muestras de fetos abortados, momificados o autol\u00edticos no deben usarse como muestra\u00a0principal durante un cuadro reproductivo. El virus del PRRS es relativamente l\u00e1bil y desaparece\u00a0r\u00e1pidamente de estas muestras, por lo que generalmente se obtienen resultados negativos.[\/vc_column_text][vc_column_text el_class=\u00bbdestacado\u00bb] Durante un cuadro reproductivo en el que el virus del PRRS es uno\u00a0de los principales sospechosos, las mejores muestras son: muestras\u00a0de sangre [&hellip;]<\/p>\n","protected":false},"author":19,"featured_media":17056,"parent":20772,"menu_order":8,"comment_status":"closed","ping_status":"closed","template":"","meta":{"_acf_changed":false,"_cbd_carousel_blocks":"[]","yasr_overall_rating":0,"yasr_post_is_review":"","yasr_auto_insert_disabled":"","yasr_review_type":"Product","footnotes":""},"categories":[],"tags":[],"class_list":["post-20764","page","type-page","status-publish","has-post-thumbnail","hentry"],"acf":[],"yasr_visitor_votes":{"number_of_votes":0,"sum_votes":0,"stars_attributes":{"read_only":false,"span_bottom":false}},"_links":{"self":[{"href":"https:\/\/prrscontrol.com\/es\/wp-json\/wp\/v2\/pages\/20764","targetHints":{"allow":["GET"]}}],"collection":[{"href":"https:\/\/prrscontrol.com\/es\/wp-json\/wp\/v2\/pages"}],"about":[{"href":"https:\/\/prrscontrol.com\/es\/wp-json\/wp\/v2\/types\/page"}],"author":[{"embeddable":true,"href":"https:\/\/prrscontrol.com\/es\/wp-json\/wp\/v2\/users\/19"}],"replies":[{"embeddable":true,"href":"https:\/\/prrscontrol.com\/es\/wp-json\/wp\/v2\/comments?post=20764"}],"version-history":[{"count":3,"href":"https:\/\/prrscontrol.com\/es\/wp-json\/wp\/v2\/pages\/20764\/revisions"}],"predecessor-version":[{"id":20938,"href":"https:\/\/prrscontrol.com\/es\/wp-json\/wp\/v2\/pages\/20764\/revisions\/20938"}],"up":[{"embeddable":true,"href":"https:\/\/prrscontrol.com\/es\/wp-json\/wp\/v2\/pages\/20772"}],"wp:featuredmedia":[{"embeddable":true,"href":"https:\/\/prrscontrol.com\/es\/wp-json\/wp\/v2\/media\/17056"}],"wp:attachment":[{"href":"https:\/\/prrscontrol.com\/es\/wp-json\/wp\/v2\/media?parent=20764"}],"wp:term":[{"taxonomy":"category","embeddable":true,"href":"https:\/\/prrscontrol.com\/es\/wp-json\/wp\/v2\/categories?post=20764"},{"taxonomy":"post_tag","embeddable":true,"href":"https:\/\/prrscontrol.com\/es\/wp-json\/wp\/v2\/tags?post=20764"}],"curies":[{"name":"wp","href":"https:\/\/api.w.org\/{rel}","templated":true}]}}