{"id":20772,"date":"2021-03-23T16:39:14","date_gmt":"2021-03-23T16:39:14","guid":{"rendered":"http:\/\/prrscontrolidiomas.advertis.es\/diagnostico-y-monitorizacion\/"},"modified":"2022-09-09T12:15:31","modified_gmt":"2022-09-09T12:15:31","slug":"diagnostico-y-monitorizacion","status":"publish","type":"page","link":"https:\/\/prrscontrol.com\/es\/diagnostico-y-monitorizacion\/","title":{"rendered":"Diagn\u00f3stico y monitorizaci\u00f3n"},"content":{"rendered":"<div class=\"wpb-content-wrapper\"><p>[vc_row bg_image=\u00bb15411&#8243; top_padding=\u00bb50&#8243; bottom_padding=\u00bb50&#8243;][vc_column el_class=\u00bbhedaer-knowledge\u00bb width=\u00bb1\/1&#8243;][vc_row_inner][vc_column_inner width=\u00bb1\/2&#8243;][vc_column_text el_id=\u00bbwhat-is-title\u00bb]<\/p>\n<h1><strong>Diagn\u00f3stico y monitorizaci\u00f3n<\/strong><\/h1>\n<p>[\/vc_column_text][\/vc_column_inner][vc_column_inner width=\u00bb1\/2&#8243;][\/vc_column_inner][\/vc_row_inner][\/vc_column][\/vc_row][vc_row top_padding=\u00bb20&#8243; bottom_padding=\u00bb20&#8243;][vc_column width=\u00bb1\/1&#8243;][vc_row_inner][vc_column_inner css=\u00bb.vc_custom_1523371244870{margin-bottom: 30px !important;}\u00bb]<div class=\"newdivider align-center\" style=\"border-bottom-style: transparent; border-bottom-color: transparent; border-bottom-width: 0px; margin-top: 0; margin-bottom: 0; width: 100%; \"><\/div><div class=\"clear\"><\/div>[\/vc_column_inner][\/vc_row_inner][\/vc_column][\/vc_row][vc_row][vc_column width=\u00bb1\/1&#8243;][vc_row_inner][vc_column_inner el_class=\u00bbbox-knowledge\u00bb width=\u00bb1\/3&#8243;][vc_column_text el_class=\u00bbintro-titulo-articulo\u00bb]1<\/p>\n<h2>Bases del diagn\u00f3stico de PRRS<\/h2>\n<p>[\/vc_column_text]<div class=\"divider divider1\" style='margin:10px 20px 10px 45px  !important;'><\/div>[vc_column_text el_class=\u00bbmax-text-knowledge\u00bb]Un diagn\u00f3stico de PRRS basado \u00fanicamente en la sospecha cl\u00ednica puede ser extremadamente\u00a0complicado o llevarnos a error, ya que la gravedad de la infecci\u00f3n var\u00eda ampliamente (desde la\u00a0casi inexistencia de signos cl\u00ednicos hasta brotes catastr\u00f3ficos).<\/p>\n<p><!--more-->[\/vc_column_text][vc_column_text el_class=\u00bbread-more-custom\u00bb]<a class=\"read-more-link\" href=\"\/es\/diagnostico-y-monitorizacion\/bases-del-diagnostico-de-prrs\/\">leer m\u00e1s \u2192<\/a>[\/vc_column_text][\/vc_column_inner][vc_column_inner el_class=\u00bbbox-knowledge\u00bb width=\u00bb1\/3&#8243;][vc_column_text el_class=\u00bbintro-titulo-articulo\u00bb]2<\/p>\n<h2>Diagn\u00f3stico laboratorial<\/h2>\n<p>[\/vc_column_text]<div class=\"divider divider1\" style='margin:10px 20px 10px 45px  !important;'><\/div>[vc_column_text el_class=\u00bbmax-text-knowledge\u00bb]El diagn\u00f3stico laboratorial es absolutamente necesario para confirmar el PRRS.\u00a0Obviamente, un diagn\u00f3stico correcto, preciso y representativo depende en gran medida de la\u00a0calidad y la idoneidad de las muestras.[\/vc_column_text][vc_column_text el_class=\u00bbread-more-custom\u00bb]<a class=\"read-more-link\" href=\"\/es\/diagnostico-y-monitorizacion\/diagnostico-laboratorial\/\">leer m\u00e1s \u2192<\/a>[\/vc_column_text][\/vc_column_inner][vc_column_inner el_class=\u00bbbox-knowledge\u00bb width=\u00bb1\/3&#8243;][vc_column_text el_class=\u00bbintro-titulo-articulo\u00bb]3<\/p>\n<h2>M\u00e9todos alternativos de muestreo y conservaci\u00f3n<\/h2>\n<p>[\/vc_column_text]<div class=\"divider divider1\" style='margin:10px 20px 10px 45px  !important;'><\/div>[vc_column_text el_class=\u00bbmax-text-knowledge\u00bb]En algunos pa\u00edses, el fluido oral se ha convertido en una muestra muy utilizada para detectar el\u00a0genoma del virus del PRRS por RT-PCR y los anticuerpos por ELISA. Hay ensayos comerciales\u00a0y home-made para ambas t\u00e9cnicas. No obstante, es importante destacar que, debido a las\u00a0caracter\u00edsticas f\u00edsicas del fluido oral, los ensayos de RT-PCR y ELISA utilizados para el an\u00e1lisis\u00a0de suero no pueden utilizarse directamente, sino que deben adaptarse.[\/vc_column_text][vc_column_text el_class=\u00bbread-more-custom\u00bb]<a class=\"read-more-link\" href=\"\/es\/diagnostico-y-monitorizacion\/metodos-alternativos-de-muestreo-y-conservacion\/\">leer m\u00e1s \u2192<\/a>[\/vc_column_text][\/vc_column_inner][\/vc_row_inner][vc_row_inner][vc_column_inner el_class=\u00bbbox-knowledge\u00bb width=\u00bb1\/3&#8243;][vc_column_text el_class=\u00bbintro-titulo-articulo\u00bb]4<\/p>\n<h2>Evaluaci\u00f3n anatomopatol\u00f3gica<\/h2>\n<p>[\/vc_column_text]<div class=\"divider divider1\" style='margin:10px 20px 10px 45px  !important;'><\/div>[vc_column_text el_class=\u00bbmax-text-knowledge\u00bb]Se pueden observar lesiones graves de neumon\u00eda intersticial y engrosamiento de los\u00a0linfonodos debido a la infecci\u00f3n por el virus del PRRS. Estas lesiones pueden observarse\u00a0tambi\u00e9n durante otras infecciones. Como se mencion\u00f3 anteriormente, no hay lesiones\u00a0patognom\u00f3nicas en los pulmones de cerdos que sufren brotes respiratorios de PRRS, ni en\u00a0cerdas o fetos abortados durante cuadros reproductivos.[\/vc_column_text][vc_column_text el_class=\u00bbread-more-custom\u00bb]<a class=\"read-more-link\" href=\"\/es\/diagnostico-y-monitorizacion\/evaluacion-anatomopatologica\/\">leer m\u00e1s \u2192<\/a>[\/vc_column_text][\/vc_column_inner][vc_column_inner el_class=\u00bbbox-knowledge\u00bb width=\u00bb1\/3&#8243;][vc_column_text el_class=\u00bbintro-titulo-articulo\u00bb]5<\/p>\n<h2>Detecci\u00f3n del virus<\/h2>\n<p>[\/vc_column_text]<div class=\"divider divider1\" style='margin:10px 20px 10px 45px  !important;'><\/div>[vc_column_text el_class=\u00bbmax-text-knowledge\u00bb]La identificaci\u00f3n del virus se puede lograr mediante la detecci\u00f3n de prote\u00ednas virales\u00a0(ant\u00edgeno) o de \u00e1cidos nucleicos y mediante el aislamiento.\u00a0Inmunohistoqu\u00edmica (IHQ) e hibridaci\u00f3n in situ (HIS).\u00a0El ant\u00edgeno y el \u00e1cido nucleico del virus del PRRS pueden detectarse en tejidos mediante\u00a0IHQ o HIS, respectivamente. La relaci\u00f3n entre la presencia del virus y las lesiones puede\u00a0establecerse mediante una combinaci\u00f3n de IHQ o HIS e histopatolog\u00eda.[\/vc_column_text][vc_column_text el_class=\u00bbread-more-custom\u00bb]<a class=\"read-more-link\" href=\"\/es\/diagnostico-y-monitorizacion\/deteccion-del-virus\/\">leer m\u00e1s \u2192<\/a>[\/vc_column_text][\/vc_column_inner][vc_column_inner el_class=\u00bbbox-knowledge\u00bb width=\u00bb1\/3&#8243;][vc_column_text el_class=\u00bbintro-titulo-articulo\u00bb]6<\/p>\n<h2>Secuenciaci\u00f3n<\/h2>\n<p>[\/vc_column_text]<div class=\"divider divider1\" style='margin:10px 20px 10px 45px  !important;'><\/div>[vc_column_text el_class=\u00bbmax-text-knowledge\u00bb]El ADN obtenido durante el ensayo de RT-PCR se puede secuenciar y por tanto podemos\u00a0obtener el orden de los nucle\u00f3tidos en el genoma. La secuenciaci\u00f3n del ADN es \u00fatil para\u00a0discriminar entre cepas individuales. Normalmente, la relaci\u00f3n entre los diferentes\u00a0aislados se ha realizado en base a la comparaci\u00f3n de las secuencias de ORF5, ORF6 u ORF7.[\/vc_column_text][vc_column_text el_class=\u00bbread-more-custom\u00bb]<a class=\"read-more-link\" href=\"\/es\/diagnostico-y-monitorizacion\/secuenciacion\/\">leer m\u00e1s \u2192<\/a>[\/vc_column_text][\/vc_column_inner][\/vc_row_inner][vc_row_inner][vc_column_inner el_class=\u00bbbox-knowledge\u00bb width=\u00bb1\/3&#8243;][vc_column_text el_class=\u00bbintro-titulo-articulo\u00bb]7<\/p>\n<h2>Detecci\u00f3n de anticuerpos<\/h2>\n<p>[\/vc_column_text]<div class=\"divider divider1\" style='margin:10px 20px 10px 45px  !important;'><\/div>[vc_column_text el_class=\u00bbmax-text-knowledge\u00bb]Ensayo por inmunoabsorci\u00f3n ligado a enzimas (ELISA).\u00a0Consiste en la detecci\u00f3n de anticuerpos en suero o fluidos orales. Es f\u00e1cil, r\u00e1pido y m\u00e1s barato\u00a0en comparaci\u00f3n con otros ensayos. En la actualidad, hay muchos kits ELISA\u00a0 disponibles\u00a0comercialmente para la detecci\u00f3n de anticuerpos espec\u00edficos para el virus del PRRS. Algunos\u00a0de ellos tienen la capacidad de identificar anticuerpos frente a ambos PRRSV1 y PRRSV2,\u00a0mientras que otros pueden distinguir entre especie. Recientemente, se han adaptado algunos\u00a0ELISAs para analizar muestras de fluidos orales.[\/vc_column_text][vc_column_text el_class=\u00bbread-more-custom\u00bb]<a class=\"read-more-link\" href=\"\/es\/diagnostico-y-monitorizacion\/deteccion-de-anticuerpos\/\">leer m\u00e1s \u2192<\/a>[\/vc_column_text][\/vc_column_inner][vc_column_inner el_class=\u00bbbox-knowledge\u00bb width=\u00bb1\/3&#8243;][vc_column_text el_class=\u00bbintro-titulo-articulo\u00bb]8<\/p>\n<h2>Aproximaci\u00f3n pr\u00e1ctica al diagn\u00f3stico<\/h2>\n<p>[\/vc_column_text]<div class=\"divider divider1\" style='margin:10px 20px 10px 45px  !important;'><\/div>[vc_column_text el_class=\u00bbmax-text-knowledge\u00bb]Confirmaci\u00f3n laboratorial durante un cuadro reproductivo.\u00a0Las cerdas generalmente abortan de 3 a 21 d\u00edas despu\u00e9s de la infecci\u00f3n. Por tanto, el\u00a0 diagn\u00f3stico\u00a0despu\u00e9s de los 21 d\u00edas se complica.\u00a0En algunas circunstancias, el suero de las cerdas no debe considerarse como una de las\u00a0primeras opciones para diagnosticar un fallo reproductivo debido al virus del PRRS:[\/vc_column_text][vc_column_text el_class=\u00bbread-more-custom\u00bb]<a class=\"read-more-link\" href=\"\/es\/diagnostico-y-monitorizacion\/aproximacion-practica-al-diagnostico\/\">leer m\u00e1s \u2192<\/a>[\/vc_column_text][\/vc_column_inner][vc_column_inner width=\u00bb1\/3&#8243;][vc_column_text el_class=\u00bbintro-titulo-articulo\u00bb]9<\/p>\n<h2>Monitorizaci\u00f3n<\/h2>\n<p>[\/vc_column_text]<div class=\"divider divider1\" style='margin:10px 20px 10px 45px  !important;'><\/div>[vc_column_text el_class=\u00bbmax-text-knowledge\u00bb]El manejo, la bioseguridad, la monitorizaci\u00f3n y la vacunaci\u00f3n son los\u00a0pilares sobre los cuales debe sustentarse un plan de control de PRRS.\u00a0La monitorizaci\u00f3n, basada en la detecci\u00f3n del virus por RT-PCR y los anticuerpos por ELISA, es\u00a0esencial para:\u00a0\u2022 Detectar problemas tempranos asociados con el PRRS.\u00a0\u2022 Clasificar la granja respecto al virus del PRRS.\u00a0\u2022 Verificar que se est\u00e1 implementando un programa de control.\u00a0\u2022 Evaluar el \u00e9xito de un programa de control[\/vc_column_text][vc_column_text el_class=\u00bbread-more-custom\u00bb]<a class=\"read-more-link\" href=\"\/es\/diagnostico-y-monitorizacion\/monitorizacion\/\">leer m\u00e1s \u2192<\/a>[\/vc_column_text][\/vc_column_inner][\/vc_row_inner][\/vc_column][\/vc_row][vc_row top_padding=\u00bb20&#8243; bottom_padding=\u00bb20&#8243;][vc_column width=\u00bb1\/1&#8243;][vc_row_inner][vc_column_inner css=\u00bb.vc_custom_1523371244870{margin-bottom: 30px !important;}\u00bb]<div class=\"newdivider align-center\" style=\"border-bottom-style: transparent; border-bottom-color: transparent; border-bottom-width: 0px; margin-top: 0; margin-bottom: 0; width: 100%; \"><\/div><div class=\"clear\"><\/div>[\/vc_column_inner][\/vc_row_inner][\/vc_column][\/vc_row]<\/p>\n<div style=\"text-align:center\" class=\"yasr-auto-insert-visitor\"><\/div><\/div>","protected":false},"excerpt":{"rendered":"<p>[vc_row bg_image=\u00bb15411&#8243; top_padding=\u00bb50&#8243; bottom_padding=\u00bb50&#8243;][vc_column el_class=\u00bbhedaer-knowledge\u00bb width=\u00bb1\/1&#8243;][vc_row_inner][vc_column_inner width=\u00bb1\/2&#8243;][vc_column_text el_id=\u00bbwhat-is-title\u00bb] Diagn\u00f3stico y monitorizaci\u00f3n [\/vc_column_text][\/vc_column_inner][vc_column_inner width=\u00bb1\/2&#8243;][\/vc_column_inner][\/vc_row_inner][\/vc_column][\/vc_row][vc_row top_padding=\u00bb20&#8243; bottom_padding=\u00bb20&#8243;][vc_column width=\u00bb1\/1&#8243;][vc_row_inner][vc_column_inner css=\u00bb.vc_custom_1523371244870{margin-bottom: 30px !important;}\u00bb][\/vc_column_inner][\/vc_row_inner][\/vc_column][\/vc_row][vc_row][vc_column width=\u00bb1\/1&#8243;][vc_row_inner][vc_column_inner el_class=\u00bbbox-knowledge\u00bb width=\u00bb1\/3&#8243;][vc_column_text el_class=\u00bbintro-titulo-articulo\u00bb]1 Bases del diagn\u00f3stico de PRRS [\/vc_column_text][vc_column_text el_class=\u00bbmax-text-knowledge\u00bb]Un diagn\u00f3stico de PRRS basado \u00fanicamente en la sospecha cl\u00ednica puede ser extremadamente\u00a0complicado o llevarnos a error, ya que la gravedad de la infecci\u00f3n var\u00eda ampliamente (desde la\u00a0casi inexistencia de signos cl\u00ednicos hasta brotes catastr\u00f3ficos).<\/p>\n","protected":false},"author":19,"featured_media":17056,"parent":0,"menu_order":6,"comment_status":"closed","ping_status":"closed","template":"","meta":{"_acf_changed":false,"_cbd_carousel_blocks":"[]","yasr_overall_rating":0,"yasr_post_is_review":"","yasr_auto_insert_disabled":"","yasr_review_type":"","footnotes":""},"categories":[],"tags":[],"class_list":["post-20772","page","type-page","status-publish","has-post-thumbnail","hentry"],"acf":[],"yasr_visitor_votes":{"number_of_votes":0,"sum_votes":0,"stars_attributes":{"read_only":false,"span_bottom":false}},"_links":{"self":[{"href":"https:\/\/prrscontrol.com\/es\/wp-json\/wp\/v2\/pages\/20772","targetHints":{"allow":["GET"]}}],"collection":[{"href":"https:\/\/prrscontrol.com\/es\/wp-json\/wp\/v2\/pages"}],"about":[{"href":"https:\/\/prrscontrol.com\/es\/wp-json\/wp\/v2\/types\/page"}],"author":[{"embeddable":true,"href":"https:\/\/prrscontrol.com\/es\/wp-json\/wp\/v2\/users\/19"}],"replies":[{"embeddable":true,"href":"https:\/\/prrscontrol.com\/es\/wp-json\/wp\/v2\/comments?post=20772"}],"version-history":[{"count":4,"href":"https:\/\/prrscontrol.com\/es\/wp-json\/wp\/v2\/pages\/20772\/revisions"}],"predecessor-version":[{"id":24938,"href":"https:\/\/prrscontrol.com\/es\/wp-json\/wp\/v2\/pages\/20772\/revisions\/24938"}],"wp:featuredmedia":[{"embeddable":true,"href":"https:\/\/prrscontrol.com\/es\/wp-json\/wp\/v2\/media\/17056"}],"wp:attachment":[{"href":"https:\/\/prrscontrol.com\/es\/wp-json\/wp\/v2\/media?parent=20772"}],"wp:term":[{"taxonomy":"category","embeddable":true,"href":"https:\/\/prrscontrol.com\/es\/wp-json\/wp\/v2\/categories?post=20772"},{"taxonomy":"post_tag","embeddable":true,"href":"https:\/\/prrscontrol.com\/es\/wp-json\/wp\/v2\/tags?post=20772"}],"curies":[{"name":"wp","href":"https:\/\/api.w.org\/{rel}","templated":true}]}}