{"id":20964,"date":"2021-06-16T08:06:29","date_gmt":"2021-06-16T08:06:29","guid":{"rendered":"http:\/\/prrscontrolidiomas.advertis.es\/controlling-prrs-copy\/"},"modified":"2021-06-16T08:06:29","modified_gmt":"2021-06-16T08:06:29","slug":"controlling-prrs-copy","status":"publish","type":"page","link":"https:\/\/prrscontrol.com\/es\/controlling-prrs-copy\/","title":{"rendered":"Controlling PRRS  Copy"},"content":{"rendered":"<div id=\"integration-video-gallery\" class=\"emd-container emd-integration-wrap\">\n\t\t\t\t<div id='video_items_1_emd_video-cont' class='emd-container '>\n\t\t\t\t\t\t\t\t<div id='video_items_1_emd_video-view' class='emd-view-results'>\n\t\t\t\t\t\t\t\t<input type='hidden' id='emd_entity' name='emd_entity' value='emd_video'>\n\t\t\t\t<input type='hidden' id='emd_view' name='emd_view' value='video_items'>\n\t\t\t\t<input type='hidden' id='emd_view_count' name='emd_view_count' value='1'>\t\n\t\t\t\t<input type='hidden' id='emd_app' name='emd_app' value='youtube_showcase'>\n\t\t\t\t\t\t\t\t\t\t\t<input type='hidden' id='atts_filter' name='atts_filter' value='attr::emd_video_featured::is::1;'>\n\t\t\t\t\t\t<div data-interval=\"false\" id=\"emdvideos\" class=\"carousel slide article-slide\">\n    <div class=\"carousel-inner cont-slider\"><div id=\"emd-videos\" class=\"item active\">\n\t<div class=\"emd-embed-responsive\">\n\t<iframe src=\"https:\/\/www.youtube-nocookie.com\/embed\/b2umBZYfres\" frameborder=\"0\" allowfullscreen referrerpolicy=\"strict-origin-when-cross-origin\" allow=\"autoplay; encrypted-media; fullscreen\"><\/iframe>\n\t<\/div>\t\n<div class=\"panel panel-default\">\n  <div class=\"video-summary\">\n<p><a title=\"What can we expect from PRRS piglet vaccination\" href=\"https:\/\/prrscontrol.com\/es\/videos\/piglets-vaccination-expectation\/\">What can we expect from PRRS piglet vaccination<\/a><\/p>\n <div class=\"video-excerpt\"> PRRS plays an important part in the porcine respiratory disease complex as it\u2019s a primary agent that causes clinical signs and economic losses. Moreover, PRRS infection in piglets opens the door to secondary infection with a huge impact on farms. We ask the experts how PRRS piglet vaccination helps to control respiratory disease.<\/div>\n  <\/div>\n      <!-- Controls -->\n      <div class=\"controls visible-xs-block\">\n      <a data-slide=\"prev\" role=\"button\" href=\"#emdvideos\" class=\"left carousel-control\">\n        <span class=\"icon-prev\"><\/span>\n        <span class=\"sr-only\">Previous<\/span>\n      <\/a>\n      <a data-slide=\"next\" role=\"button\" href=\"#emdvideos\" class=\"right carousel-control\">\n        <span class=\"icon-next\"><\/span>\n        <span class=\"sr-only\">Next<\/span>\n      <\/a>\n      <\/div>\n<\/div>\n <\/div><div id=\"emd-videos\" class=\"item \">\n\t<div class=\"emd-embed-responsive\">\n\t<iframe src=\"https:\/\/www.youtube-nocookie.com\/embed\/1eCGDdIz-H0\" frameborder=\"0\" allowfullscreen referrerpolicy=\"strict-origin-when-cross-origin\" allow=\"autoplay; encrypted-media; fullscreen\"><\/iframe>\n\t<\/div>\t\n<div class=\"panel panel-default\">\n  <div class=\"video-summary\">\n<p><a title=\"What is the best strategy for vaccination of piglets against PRRS?\" href=\"https:\/\/prrscontrol.com\/es\/videos\/piglets-vaccination-strategy\/\">What is the best strategy for vaccination of piglets against PRRS?<\/a><\/p>\n <div class=\"video-excerpt\"> In order to maximize the efficacy of PRRS piglet vaccination, the experts enlighten us about the time of vaccination, the dynamics of infection in the nursery unit and the role of maternally derived antibodies. Get the most out of PRRS piglet vaccination by following their advice.<\/div>\n  <\/div>\n      <!-- Controls -->\n      <div class=\"controls visible-xs-block\">\n      <a data-slide=\"prev\" role=\"button\" href=\"#emdvideos\" class=\"left carousel-control\">\n        <span class=\"icon-prev\"><\/span>\n        <span class=\"sr-only\">Previous<\/span>\n      <\/a>\n      <a data-slide=\"next\" role=\"button\" href=\"#emdvideos\" class=\"right carousel-control\">\n        <span class=\"icon-next\"><\/span>\n        <span class=\"sr-only\">Next<\/span>\n      <\/a>\n      <\/div>\n<\/div>\n <\/div><div id=\"emd-videos\" class=\"item \">\n\t<div class=\"emd-embed-responsive\">\n\t<iframe src=\"https:\/\/www.youtube-nocookie.com\/embed\/ztgUYFEdUKE\" frameborder=\"0\" allowfullscreen referrerpolicy=\"strict-origin-when-cross-origin\" allow=\"autoplay; encrypted-media; fullscreen\"><\/iframe>\n\t<\/div>\t\n<div class=\"panel panel-default\">\n  <div class=\"video-summary\">\n<p><a title=\"Recombinacio\u0301n del virus de PRRS\" href=\"https:\/\/prrscontrol.com\/es\/videos\/recombinacion-virus-prrs\/\">Recombinacio\u0301n del virus de PRRS<\/a><\/p>\n <div class=\"video-excerpt\"> Lars E. Larsen y Cesar Corzo nos explican por qu\u00e9 el virus PRRS tiene tanta facilidad para recombinarse, remarcando que esto no siempre genera problemas en granja. Adem\u00e1s, Enric Mateu resalta la importancia de seguir planes de vacunaci\u00f3n adecuados para minimizar la posibilidad de recombinaciones.<\/div>\n  <\/div>\n      <!-- Controls -->\n      <div class=\"controls visible-xs-block\">\n      <a data-slide=\"prev\" role=\"button\" href=\"#emdvideos\" class=\"left carousel-control\">\n        <span class=\"icon-prev\"><\/span>\n        <span class=\"sr-only\">Previous<\/span>\n      <\/a>\n      <a data-slide=\"next\" role=\"button\" href=\"#emdvideos\" class=\"right carousel-control\">\n        <span class=\"icon-next\"><\/span>\n        <span class=\"sr-only\">Next<\/span>\n      <\/a>\n      <\/div>\n<\/div>\n <\/div><div id=\"emd-videos\" class=\"item \">\n\t<div class=\"emd-embed-responsive\">\n\t<iframe src=\"https:\/\/www.youtube-nocookie.com\/embed\/cMsKU4XDdIA\" frameborder=\"0\" allowfullscreen referrerpolicy=\"strict-origin-when-cross-origin\" allow=\"autoplay; encrypted-media; fullscreen\"><\/iframe>\n\t<\/div>\t\n<div class=\"panel panel-default\">\n  <div class=\"video-summary\">\n<p><a title=\"Interference of maternal antibodies with piglet vaccination\" href=\"https:\/\/prrscontrol.com\/es\/videos\/piglet-vaccination-interference-maternal-antibodies\/\">Interference of maternal antibodies with piglet vaccination<\/a><\/p>\n <div class=\"video-excerpt\"> The presence of maternal antibodies could interfere with PRRS piglet vaccine efficacy. There are options to reduce the interference of maternal antibodies such as 2-shot vaccination, delaying the time of vaccination or the use of an alternative route such as ID vaccination. Listen to the expert to find the keys to this.<\/div>\n  <\/div>\n      <!-- Controls -->\n      <div class=\"controls visible-xs-block\">\n      <a data-slide=\"prev\" role=\"button\" href=\"#emdvideos\" class=\"left carousel-control\">\n        <span class=\"icon-prev\"><\/span>\n        <span class=\"sr-only\">Previous<\/span>\n      <\/a>\n      <a data-slide=\"next\" role=\"button\" href=\"#emdvideos\" class=\"right carousel-control\">\n        <span class=\"icon-next\"><\/span>\n        <span class=\"sr-only\">Next<\/span>\n      <\/a>\n      <\/div>\n<\/div>\n <\/div><div id=\"emd-videos\" class=\"item \">\n\t<div class=\"emd-embed-responsive\">\n\t<iframe src=\"https:\/\/www.youtube-nocookie.com\/embed\/O2VCvJ9X-Os\" frameborder=\"0\" allowfullscreen referrerpolicy=\"strict-origin-when-cross-origin\" allow=\"autoplay; encrypted-media; fullscreen\"><\/iframe>\n\t<\/div>\t\n<div class=\"panel panel-default\">\n  <div class=\"video-summary\">\n<p><a title=\"Can we vaccinate piglets against different diseases at the same time?\" href=\"https:\/\/prrscontrol.com\/es\/videos\/vaccinate-piglets-against-different-diseases\/\">Can we vaccinate piglets against different diseases at the same time?<\/a><\/p>\n <div class=\"video-excerpt\"> The normal vaccination programme for piglets includes PRRS, Mycoplasma and Circovirus vaccination. So, any system that reduces labour on the farm is much appreciated. But, can the immune system generate immunity against different antigens at once? The experts explain this to us. <\/div>\n  <\/div>\n      <!-- Controls -->\n      <div class=\"controls visible-xs-block\">\n      <a data-slide=\"prev\" role=\"button\" href=\"#emdvideos\" class=\"left carousel-control\">\n        <span class=\"icon-prev\"><\/span>\n        <span class=\"sr-only\">Previous<\/span>\n      <\/a>\n      <a data-slide=\"next\" role=\"button\" href=\"#emdvideos\" class=\"right carousel-control\">\n        <span class=\"icon-next\"><\/span>\n        <span class=\"sr-only\">Next<\/span>\n      <\/a>\n      <\/div>\n<\/div>\n <\/div><div id=\"emd-videos\" class=\"item \">\n\t<div class=\"emd-embed-responsive\">\n\t<iframe src=\"https:\/\/www.youtube-nocookie.com\/embed\/CqWXfCoV2vA\" frameborder=\"0\" allowfullscreen referrerpolicy=\"strict-origin-when-cross-origin\" allow=\"autoplay; encrypted-media; fullscreen\"><\/iframe>\n\t<\/div>\t\n<div class=\"panel panel-default\">\n  <div class=\"video-summary\">\n<p><a title=\"La secuenciacio\u0301n como herramienta de control del PRRS\" href=\"https:\/\/prrscontrol.com\/es\/videos\/secuenciacion-prrs\/\">La secuenciacio\u0301n como herramienta de control del PRRS<\/a><\/p>\n <div class=\"video-excerpt\"> Enric Mateu, Lars E.Larsen y Carlo Lasagna nos cuentan su opini\u00f3n sobre utilidad de la secuenciaci\u00f3n como herramienta en el control del PRRS. La gran variabilidad del PRRS hace que la secuenciaci\u00f3n sea una forma muy \u00fatil para tener informaci\u00f3n epidemiol\u00f3gica de nuestras cepas de PRRS, pudiendo compararlas entre ellas, diferenciar cepas campo y vacunales, estudiar la variaci\u00f3n del virus a lo largo del tiempo o detectar la entrada de nuevas cepas.\r\n<\/div>\n  <\/div>\n      <!-- Controls -->\n      <div class=\"controls visible-xs-block\">\n      <a data-slide=\"prev\" role=\"button\" href=\"#emdvideos\" class=\"left carousel-control\">\n        <span class=\"icon-prev\"><\/span>\n        <span class=\"sr-only\">Previous<\/span>\n      <\/a>\n      <a data-slide=\"next\" role=\"button\" href=\"#emdvideos\" class=\"right carousel-control\">\n        <span class=\"icon-next\"><\/span>\n        <span class=\"sr-only\">Next<\/span>\n      <\/a>\n      <\/div>\n<\/div>\n <\/div><div id=\"emd-videos\" class=\"item \">\n\t<div class=\"emd-embed-responsive\">\n\t<iframe src=\"https:\/\/www.youtube-nocookie.com\/embed\/hADdgZnk5KE\" frameborder=\"0\" allowfullscreen referrerpolicy=\"strict-origin-when-cross-origin\" allow=\"autoplay; encrypted-media; fullscreen\"><\/iframe>\n\t<\/div>\t\n<div class=\"panel panel-default\">\n  <div class=\"video-summary\">\n<p><a title=\"Intradermal PRRS vaccination\" href=\"https:\/\/prrscontrol.com\/es\/videos\/intradermal-prrs-vaccination\/\">Intradermal PRRS vaccination<\/a><\/p>\n <div class=\"video-excerpt\"> Intradermal vaccination against PRRS with a needle-free device is a step forward in PRRS vaccination. It brings advantages in terms of the limitation of spread of viruses and bacteria, improved welfare for piglets, greater efficacy and happier farmers. Discover what the experts think about intradermal PRRS vaccination.<\/div>\n  <\/div>\n      <!-- Controls -->\n      <div class=\"controls visible-xs-block\">\n      <a data-slide=\"prev\" role=\"button\" href=\"#emdvideos\" class=\"left carousel-control\">\n        <span class=\"icon-prev\"><\/span>\n        <span class=\"sr-only\">Previous<\/span>\n      <\/a>\n      <a data-slide=\"next\" role=\"button\" href=\"#emdvideos\" class=\"right carousel-control\">\n        <span class=\"icon-next\"><\/span>\n        <span class=\"sr-only\">Next<\/span>\n      <\/a>\n      <\/div>\n<\/div>\n <\/div><div id=\"emd-videos\" class=\"item \">\n\t<div class=\"emd-embed-responsive\">\n\t<iframe src=\"https:\/\/www.youtube-nocookie.com\/embed\/Fe4Lu5JmtT0\" frameborder=\"0\" allowfullscreen referrerpolicy=\"strict-origin-when-cross-origin\" allow=\"autoplay; encrypted-media; fullscreen\"><\/iframe>\n\t<\/div>\t\n<div class=\"panel panel-default\">\n  <div class=\"video-summary\">\n<p><a title=\"Vacuna inactivada de PRRS\" href=\"https:\/\/prrscontrol.com\/es\/videos\/vacuna-inactivada-prrs\/\">Vacuna inactivada de PRRS<\/a><\/p>\n <div class=\"video-excerpt\"> \u00bfTiene sentido la vacunaci\u00f3n frente a PRRS con vacuna inactivada? \r\n\r\n\u00bfCu\u00e1l es su mecanismo de acci\u00f3n y cu\u00e1l ser\u00eda el momento \u00f3ptimo de aplicaci\u00f3n?  \u00bfPuede usarse en granjas positivas? Iv\u00e1n D\u00edaz, Investigador del IRTA-CRESA nos responde a estas preguntas y aclara m\u00e1s dudas acerca de este tema de actualidad.\r\n<\/div>\n  <\/div>\n      <!-- Controls -->\n      <div class=\"controls visible-xs-block\">\n      <a data-slide=\"prev\" role=\"button\" href=\"#emdvideos\" class=\"left carousel-control\">\n        <span class=\"icon-prev\"><\/span>\n        <span class=\"sr-only\">Previous<\/span>\n      <\/a>\n      <a data-slide=\"next\" role=\"button\" href=\"#emdvideos\" class=\"right carousel-control\">\n        <span class=\"icon-next\"><\/span>\n        <span class=\"sr-only\">Next<\/span>\n      <\/a>\n      <\/div>\n<\/div>\n <\/div><\/div>\n<\/div>\t\t\t\t\t<div class='pagination-bar' style='clear:both;'>\n\t\t\t\t\t<ul class='emd-pagination hidden'><li><span class=\"page-numbers current\">1<\/span><\/li><li><a class=\"page-numbers\" href=\"https:\/\/prrscontrol.com\/es\/\/\/page\/2\/\">2<\/a><\/li><li><a class=\"page-numbers\" href=\"https:\/\/prrscontrol.com\/es\/\/\/page\/3\/\">3<\/a><\/li><li><a class=\"next page-numbers\" href=\"https:\/\/prrscontrol.com\/es\/\/\/page\/2\/\">Siguiente &raquo;<\/a><\/li><\/ul>\t\t\t\t\t<\/div>\n\t\t\t\t\t\t\t\t<\/div>\n\t\t\t\t<\/div>\n\t\t\t\t\n\t\t\t\t<div id='video_indicators_2_emd_video-cont' class='emd-container '>\n\t\t\t\t\t\t\t\t<div id='video_indicators_2_emd_video-view' class='emd-view-results'>\n\t\t\t\t\t\t\t\t<input type='hidden' id='emd_entity' name='emd_entity' value='emd_video'>\n\t\t\t\t<input type='hidden' id='emd_view' name='emd_view' value='video_indicators'>\n\t\t\t\t<input type='hidden' id='emd_view_count' name='emd_view_count' value='2'>\t\n\t\t\t\t<input type='hidden' id='emd_app' name='emd_app' value='youtube_showcase'>\n\t\t\t\t\t\t\t\t\t\t\t<input type='hidden' id='atts_filter' name='atts_filter' value='attr::emd_video_featured::is::1;'>\n\t\t\t\t\t\t<div class=\"row \"><div style=\"cursor: pointer;\" class=\"col-lg-3 col-sm-4 col-xs-6 active\" data-slide-to=\"0\" data-target=\"#emdvideos\" onclick=\"[removed]='#emdvideos'\">\n<div class=\"panel panel-info item-video\">\n  <div class=\"panel-body emd-vid\">\n            <div class=\"thumbnail\" style=\"padding:0;border: 0;border-bottom-left-radius: 0;border-bottom-right-radius: 0;\">\n                <img decoding=\"async\" style=\"width:100%;height:auto;\" src=\"https:\/\/img.youtube.com\/vi\/b2umBZYfres\/mqdefault.jpg\" alt=\"What can we expect from PRRS piglet vaccination\" \/>\n            <\/div>\n  <\/div>\n  <div class=\"panel-footer\" style=\"background-color: rgba(0, 0, 0, 0);\">What can we expect from PRRS piglet vaccination<\/div>\n<\/div>\n <\/div><div style=\"cursor: pointer;\" class=\"col-lg-3 col-sm-4 col-xs-6 \" data-slide-to=\"1\" data-target=\"#emdvideos\" onclick=\"[removed]='#emdvideos'\">\n<div class=\"panel panel-info item-video\">\n  <div class=\"panel-body emd-vid\">\n            <div class=\"thumbnail\" style=\"padding:0;border: 0;border-bottom-left-radius: 0;border-bottom-right-radius: 0;\">\n                <img decoding=\"async\" style=\"width:100%;height:auto;\" src=\"https:\/\/img.youtube.com\/vi\/1eCGDdIz-H0\/mqdefault.jpg\" alt=\"What is the best strategy for vaccination of piglets against PRRS?\" \/>\n            <\/div>\n  <\/div>\n  <div class=\"panel-footer\" style=\"background-color: rgba(0, 0, 0, 0);\">What is the best strategy for vaccination of piglets against PRRS?<\/div>\n<\/div>\n <\/div><div style=\"cursor: pointer;\" class=\"col-lg-3 col-sm-4 col-xs-6 \" data-slide-to=\"2\" data-target=\"#emdvideos\" onclick=\"[removed]='#emdvideos'\">\n<div class=\"panel panel-info item-video\">\n  <div class=\"panel-body emd-vid\">\n            <div class=\"thumbnail\" style=\"padding:0;border: 0;border-bottom-left-radius: 0;border-bottom-right-radius: 0;\">\n                <img decoding=\"async\" style=\"width:100%;height:auto;\" src=\"https:\/\/img.youtube.com\/vi\/ztgUYFEdUKE\/mqdefault.jpg\" alt=\"Recombinacio\u0301n del virus de PRRS\" \/>\n            <\/div>\n  <\/div>\n  <div class=\"panel-footer\" style=\"background-color: rgba(0, 0, 0, 0);\">Recombinacio\u0301n del virus de PRRS<\/div>\n<\/div>\n <\/div><div style=\"cursor: pointer;\" class=\"col-lg-3 col-sm-4 col-xs-6 \" data-slide-to=\"3\" data-target=\"#emdvideos\" onclick=\"[removed]='#emdvideos'\">\n<div class=\"panel panel-info item-video\">\n  <div class=\"panel-body emd-vid\">\n            <div class=\"thumbnail\" style=\"padding:0;border: 0;border-bottom-left-radius: 0;border-bottom-right-radius: 0;\">\n                <img decoding=\"async\" style=\"width:100%;height:auto;\" src=\"https:\/\/img.youtube.com\/vi\/cMsKU4XDdIA\/mqdefault.jpg\" alt=\"Interference of maternal antibodies with piglet vaccination\" \/>\n            <\/div>\n  <\/div>\n  <div class=\"panel-footer\" style=\"background-color: rgba(0, 0, 0, 0);\">Interference of maternal antibodies with piglet vaccination<\/div>\n<\/div>\n <\/div><div style=\"cursor: pointer;\" class=\"col-lg-3 col-sm-4 col-xs-6 \" data-slide-to=\"4\" data-target=\"#emdvideos\" onclick=\"[removed]='#emdvideos'\">\n<div class=\"panel panel-info item-video\">\n  <div class=\"panel-body emd-vid\">\n            <div class=\"thumbnail\" style=\"padding:0;border: 0;border-bottom-left-radius: 0;border-bottom-right-radius: 0;\">\n                <img decoding=\"async\" style=\"width:100%;height:auto;\" src=\"https:\/\/img.youtube.com\/vi\/O2VCvJ9X-Os\/mqdefault.jpg\" alt=\"Can we vaccinate piglets against different diseases at the same time?\" \/>\n            <\/div>\n  <\/div>\n  <div class=\"panel-footer\" style=\"background-color: rgba(0, 0, 0, 0);\">Can we vaccinate piglets against different diseases at the same time?<\/div>\n<\/div>\n <\/div><div style=\"cursor: pointer;\" class=\"col-lg-3 col-sm-4 col-xs-6 \" data-slide-to=\"5\" data-target=\"#emdvideos\" onclick=\"[removed]='#emdvideos'\">\n<div class=\"panel panel-info item-video\">\n  <div class=\"panel-body emd-vid\">\n            <div class=\"thumbnail\" style=\"padding:0;border: 0;border-bottom-left-radius: 0;border-bottom-right-radius: 0;\">\n                <img decoding=\"async\" style=\"width:100%;height:auto;\" src=\"https:\/\/img.youtube.com\/vi\/CqWXfCoV2vA\/mqdefault.jpg\" alt=\"La secuenciacio\u0301n como herramienta de control del PRRS\" \/>\n            <\/div>\n  <\/div>\n  <div class=\"panel-footer\" style=\"background-color: rgba(0, 0, 0, 0);\">La secuenciacio\u0301n como herramienta de control del PRRS<\/div>\n<\/div>\n <\/div><div style=\"cursor: pointer;\" class=\"col-lg-3 col-sm-4 col-xs-6 \" data-slide-to=\"6\" data-target=\"#emdvideos\" onclick=\"[removed]='#emdvideos'\">\n<div class=\"panel panel-info item-video\">\n  <div class=\"panel-body emd-vid\">\n            <div class=\"thumbnail\" style=\"padding:0;border: 0;border-bottom-left-radius: 0;border-bottom-right-radius: 0;\">\n                <img decoding=\"async\" style=\"width:100%;height:auto;\" src=\"https:\/\/img.youtube.com\/vi\/hADdgZnk5KE\/mqdefault.jpg\" alt=\"Intradermal PRRS vaccination\" \/>\n            <\/div>\n  <\/div>\n  <div class=\"panel-footer\" style=\"background-color: rgba(0, 0, 0, 0);\">Intradermal PRRS vaccination<\/div>\n<\/div>\n <\/div><div style=\"cursor: pointer;\" class=\"col-lg-3 col-sm-4 col-xs-6 \" data-slide-to=\"7\" data-target=\"#emdvideos\" onclick=\"[removed]='#emdvideos'\">\n<div class=\"panel panel-info item-video\">\n  <div class=\"panel-body emd-vid\">\n            <div class=\"thumbnail\" style=\"padding:0;border: 0;border-bottom-left-radius: 0;border-bottom-right-radius: 0;\">\n                <img decoding=\"async\" style=\"width:100%;height:auto;\" src=\"https:\/\/img.youtube.com\/vi\/Fe4Lu5JmtT0\/mqdefault.jpg\" alt=\"Vacuna inactivada de PRRS\" \/>\n            <\/div>\n  <\/div>\n  <div class=\"panel-footer\" style=\"background-color: rgba(0, 0, 0, 0);\">Vacuna inactivada de PRRS<\/div>\n<\/div>\n <\/div><\/div>\t\t\t\t\t<div class='pagination-bar' style='clear:both;'>\n\t\t\t\t\t<ul class='emd-pagination '><li><span class=\"page-numbers current\">1<\/span><\/li><li><a class=\"page-numbers\" href=\"https:\/\/prrscontrol.com\/es\/\/\/page\/2\/\">2<\/a><\/li><li><a class=\"page-numbers\" href=\"https:\/\/prrscontrol.com\/es\/\/\/page\/3\/\">3<\/a><\/li><li><a class=\"next page-numbers\" href=\"https:\/\/prrscontrol.com\/es\/\/\/page\/2\/\">Siguiente &raquo;<\/a><\/li><\/ul>\t\t\t\t\t<\/div>\n\t\t\t\t\t\t\t\t<\/div>\n\t\t\t\t<\/div>\n\t\t\t\t<\/div><!--container-end-->\n<div style=\"text-align:center\" class=\"yasr-auto-insert-visitor\"><\/div>","protected":false},"excerpt":{"rendered":"\u00bfTiene sentido la vacunaci\u00f3n frente a PRRS con vacuna inactivada? \u00bfCu\u00e1l es su mecanismo de acci\u00f3n y cu\u00e1l ser\u00eda el momento \u00f3ptimo de aplicaci\u00f3n? \u00bfPuede usarse en granjas positivas?Iv\u00e1n D\u00edaz, Investigador del IRTA-CRESA nos responde a estas preguntas y aclara m\u00e1s dudas acerca de este tema de actualidad. &nbsp; &nbsp;","protected":false},"author":19,"featured_media":19756,"parent":0,"menu_order":0,"comment_status":"closed","ping_status":"closed","template":"","meta":{"_acf_changed":false,"_cbd_carousel_blocks":"[]","yasr_overall_rating":0,"yasr_post_is_review":"","yasr_auto_insert_disabled":"","yasr_review_type":"Product","footnotes":""},"categories":[],"tags":[],"class_list":["post-20964","page","type-page","status-publish","has-post-thumbnail","hentry"],"acf":[],"yasr_visitor_votes":{"number_of_votes":0,"sum_votes":0,"stars_attributes":{"read_only":false,"span_bottom":false}},"_links":{"self":[{"href":"https:\/\/prrscontrol.com\/es\/wp-json\/wp\/v2\/pages\/20964","targetHints":{"allow":["GET"]}}],"collection":[{"href":"https:\/\/prrscontrol.com\/es\/wp-json\/wp\/v2\/pages"}],"about":[{"href":"https:\/\/prrscontrol.com\/es\/wp-json\/wp\/v2\/types\/page"}],"author":[{"embeddable":true,"href":"https:\/\/prrscontrol.com\/es\/wp-json\/wp\/v2\/users\/19"}],"replies":[{"embeddable":true,"href":"https:\/\/prrscontrol.com\/es\/wp-json\/wp\/v2\/comments?post=20964"}],"version-history":[{"count":0,"href":"https:\/\/prrscontrol.com\/es\/wp-json\/wp\/v2\/pages\/20964\/revisions"}],"wp:featuredmedia":[{"embeddable":true,"href":"https:\/\/prrscontrol.com\/es\/wp-json\/wp\/v2\/media\/19756"}],"wp:attachment":[{"href":"https:\/\/prrscontrol.com\/es\/wp-json\/wp\/v2\/media?parent=20964"}],"wp:term":[{"taxonomy":"category","embeddable":true,"href":"https:\/\/prrscontrol.com\/es\/wp-json\/wp\/v2\/categories?post=20964"},{"taxonomy":"post_tag","embeddable":true,"href":"https:\/\/prrscontrol.com\/es\/wp-json\/wp\/v2\/tags?post=20964"}],"curies":[{"name":"wp","href":"https:\/\/api.w.org\/{rel}","templated":true}]}}