{"id":20970,"date":"2021-06-16T08:17:35","date_gmt":"2021-06-16T08:17:35","guid":{"rendered":"http:\/\/prrscontrolidiomas.advertis.es\/unistrain-prrs\/"},"modified":"2022-12-12T13:20:54","modified_gmt":"2022-12-12T13:20:54","slug":"unistrain-prrs","status":"publish","type":"page","link":"https:\/\/prrscontrol.com\/es\/unistrain-prrs\/","title":{"rendered":"Unistrain\u00ae PRRS"},"content":{"rendered":"<div class=\"wpb-content-wrapper\"><p>[vc_row bg_image=\u00bb16196&#8243; bg_color=\u00bb#f9f9f9&#8243; top_padding=\u00bb260&#8243; bottom_padding=\u00bb170&#8243; class=\u00bbtitulo\u00bb bg_position=\u00bbcenter center\u00bb][vc_column el_class=\u00bbtitular\u00bb width=\u00bb1\/1&#8243;]<h1 class=\"headline font-inherit fontsize-inherit fontweight-inherit lh-inherit align-left transform-inherit \" style=\" color: #e75e13;\">UNISTRAIN\u00ae <strong>PRRS<\/strong><\/h1><h2 class=\"headline font-inherit fontsize-inherit fontweight-400 lh-inherit align-left transform-inherit \" style=\"margin: 0; color: rgba(191,191,191,0.71);\">Vacuna viva contra el virus del S\u00edndrome Reproductivo<br \/>\ny Respiratorio Porcino<\/h2>[\/vc_column][\/vc_row][vc_row bottom_padding=\u00bb50&#8243;][vc_column el_class=\u00bbcontenido\u00bb width=\u00bb8\/12&#8243;]<div class=\"single_image wpb_content_element align-left  animate   logounstrain\" data-animation=\"fade-in\" data-delay=\"0\"><img loading=\"lazy\" decoding=\"async\" width=\"306\" height=\"103\" src=\"https:\/\/prrscontrol.com\/wp-content\/uploads\/2018\/04\/UNISTRAIN_PRRS_vaccine_logo.jpg\" class=\"attachment-full\" alt=\"UNISTRAIN PRRS vaccine logo\" title=\"UNISTRAIN_PRRS_vaccine_logo\" srcset=\"https:\/\/prrscontrol.com\/wp-content\/uploads\/2018\/04\/UNISTRAIN_PRRS_vaccine_logo.jpg 306w, https:\/\/prrscontrol.com\/wp-content\/uploads\/2018\/04\/UNISTRAIN_PRRS_vaccine_logo-300x101.jpg 300w\" sizes=\"auto, (max-width: 306px) 100vw, 306px\" \/><\/div><div class=\"single_image wpb_content_element align-center  animate   \" data-animation=\"fade-in\" data-delay=\"0\"><img loading=\"lazy\" decoding=\"async\" width=\"650\" height=\"416\" src=\"https:\/\/prrscontrol.com\/wp-content\/uploads\/2022\/12\/unistrain-HIPRA.png\" class=\"attachment-full\" alt=\"\" title=\"unistrain-HIPRA\" srcset=\"https:\/\/prrscontrol.com\/wp-content\/uploads\/2022\/12\/unistrain-HIPRA.png 650w, https:\/\/prrscontrol.com\/wp-content\/uploads\/2022\/12\/unistrain-HIPRA-300x192.png 300w\" sizes=\"auto, (max-width: 650px) 100vw, 650px\" \/><\/div>[vc_column_text]<\/p>\n<div class=\"itemBody\">\n<p id=\"composicionTitulo\" class=\"titulo_naranja\" dir=\"ltr\"><strong>COMPOSICI\u00d3N:<\/strong><\/p>\n<p dir=\"ltr\"><strong><span style=\"color: #003896;\">Cada dosis contiene:<\/span><\/strong><\/p>\n<p>Principio activo:<br \/>\nPRRSV vivo atenuado, cepa VP-046 BIS: 10<sup>3,5<\/sup>-10<sup>5,5<\/sup> CCID<sub>50<\/sub>. (Dosis infectiva en cultivo celular)<\/p>\n<p class=\"titulo_naranja\" dir=\"ltr\"><strong>INDICACIONES:\u00a0<\/strong><\/p>\n<p dir=\"ltr\"><span style=\"color: #003896;\"><strong>Hembras reproductoras: <\/strong><\/span>Inmunizaci\u00f3n activa de las hembras reproductoras en granjas afectadas por el virus europeo del PRRS a efectos de<br \/>\nreducir los trastornos reproductivos, la incidencia y la duraci\u00f3n de la viremia, la transmisi\u00f3n transplacentaria del virus, la carga tisular del virus y los signos cl\u00ednicos asociados con la infecci\u00f3n por cepas del virus del PRRS.<br \/>\nEn condiciones de laboratorio, la vacunaci\u00f3n de las hembras redujo el impacto negativo de la infecci\u00f3n por el virus del PRRS sobre el rendimiento de los lechones (mortalidad y aumento de peso) en los 28\u00a0primeros d\u00edas de vida.<\/p>\n<p dir=\"ltr\"><span style=\"color: #003896;\"><b>Cerdos a partir de 4\u00a0semanas de edad:<\/b><\/span>\u00a0Inmunizaci\u00f3n activa de cerdos en granjas afectadas por el virus europeo del PRRS a efectos de reducir los signos cl\u00ednicos asociados a la infecci\u00f3n por el virus del PRRS, la incidencia y la duraci\u00f3n de la viremia, y la duraci\u00f3n de la excreci\u00f3n del virus por los animales infectados. En condiciones experimentales, se ha demostrado que la vacunaci\u00f3n reduce la carga v\u00edrica en el tejido pulmonar. En condiciones de campo, cuando la infecci\u00f3n por el PRRSV se ha producido durante el per\u00edodo de cebo, se ha demostrado reducci\u00f3n de la mortalidad y de los efectos negativos de la infecci\u00f3n en la ganancia de peso diario.<\/p>\n<p class=\"titulo_naranja\" dir=\"ltr\"><strong>V\u00cdA DE ADMINISTRACI\u00d3N:<\/strong><\/p>\n<p dir=\"ltr\">V\u00eda intramuscular o intrad\u00e9rmica.<\/p>\n<ul dir=\"ltr\">\n<li>En el caso de la v\u00eda intrad\u00e9rmica, debe utilizarse un dispositivo adecuado.<\/li>\n<li>Agitar suavemente hasta la resuspensi\u00f3n completa del comprimido liofilizado antes de la administraci\u00f3n.<\/li>\n<li>Una vez reconstituido, administrar la vacuna en el plazo m\u00e1ximo de cuatro horas.<\/li>\n<\/ul>\n<p class=\"titulo_naranja\" dir=\"ltr\"><strong>POSOLOG\u00cdA:<\/strong><\/p>\n<p dir=\"ltr\">Inyecci\u00f3n intramuscular de 2\u00a0ml o administraci\u00f3n intrad\u00e9rmica de 0,2\u00a0ml.<\/p>\n<p dir=\"ltr\"><strong><span style=\"color: #003896;\"><b>Hembras reproductoras:<\/b><\/span><\/strong><\/p>\n<ul dir=\"ltr\">\n<li><strong><strong><span style=\"color: #003896;\"><b>Nul\u00edparas: <\/b><\/span><\/strong><\/strong>Vacunar 4\u00a0semanas antes de la cubrici\u00f3n.<\/li>\n<li><strong><strong><span style=\"color: #003896;\">Cerdas: <\/span><\/strong><\/strong>Vacunar 2\u00a0semanas antes de la cubrici\u00f3n o a las 8-9\u00a0semanas de gestaci\u00f3n o vacunar a las cerdas cada 4 meses. Para el uso simult\u00e1neo con <a href=\"https:\/\/www.hipra.com\/portal\/es\/hipra\/animalhealth\/products\/detail\/eryseng-parvo\" target=\"_blank\" rel=\"noopener\">ERYSENG\u00ae PARVO<\/a> en reproductoras a partir de los 6\u00a0meses de edad, la administraci\u00f3n mixta de UNISTRAIN\u00ae PRRS y de <a href=\"https:\/\/www.hipra.com\/portal\/es\/hipra\/animalhealth\/products\/detail\/eryseng-parvo\" target=\"_blank\" rel=\"noopener\">ERYSENG\u00ae PARVO<\/a> solo debe emplearse para la vacunaci\u00f3n de animales antes de la cubrici\u00f3n.<\/li>\n<\/ul>\n<p dir=\"ltr\"><strong><strong><span style=\"color: #003896;\"><b>Cerdos: <\/b><\/span><\/strong><\/strong>a partir de las 4\u00a0semanas de edad.<\/p>\n<p class=\"titulo_naranja\" dir=\"ltr\"><strong>EFECTOS SECUNDARIOS Y CONTRAINDICACIONES:<\/strong><\/p>\n<ul dir=\"ltr\">\n<li>No usar en caso de hipersensibilidad al principio activo o a alguno de los excipientes.<\/li>\n<li>No usar en piaras negativas en las que no se ha determinado la presencia del PRRSV Europeo a trav\u00e9s de m\u00e9todos virol\u00f3gicos fiables para el diagn\u00f3stico.<\/li>\n<\/ul>\n<p class=\"titulo_naranja\" dir=\"ltr\"><strong>INTERACCI\u00d3N CON OTROS F\u00c1RMACOS:<\/strong><\/p>\n<p dir=\"ltr\">Existe informaci\u00f3n sobre la seguridad y la eficacia que demuestra que esta vacuna puede mezclarse y administrarse con <a href=\"https:\/\/www.hipra.com\/portal\/es\/hipra\/animalhealth\/products\/detail\/eryseng-parvo\" target=\"_blank\" rel=\"noopener\">ERYSENG\u00ae PARVO<\/a> en el mismo punto de inoculaci\u00f3n. Antes de la administraci\u00f3n de los productos mezclados, debe consultarse la documentaci\u00f3n de <a href=\"https:\/\/www.hipra.com\/portal\/es\/hipra\/animalhealth\/products\/detail\/eryseng-parvo\" target=\"_blank\" rel=\"noopener\">ERYSENG\u00ae PARVO<\/a>. La mezcla de estas dos vacunas debe administrarse en un per\u00edodo m\u00e1ximo de dos horas despu\u00e9s de la reconstituci\u00f3n.<\/p>\n<p class=\"titulo_naranja\" dir=\"ltr\"><strong>PRECAUCIONES ESPECIALES:<\/strong><\/p>\n<p dir=\"ltr\">Vacunar solamente a animales sanos. No deben rotarse de forma rutinaria dos o m\u00e1s vacunas comerciales VVM PRRS basadas en distintas cepas\u00a0en una misma piara. A fin de limitar el posible riesgo de recombinaci\u00f3n entre las cepas de la vacuna VVM PRRS del mismo genotipo, no utilizar vacunas VVM PRRS distintas basadas en diferentes cepas del mismo genotipo en la misma explotaci\u00f3n al mismo tiempo. En caso de transici\u00f3n de una vacuna VVM PRRS a otra, se debe respetar un periodo de transici\u00f3n entre la \u00faltima administraci\u00f3n de la vacuna actual y la primera administraci\u00f3n de la vacuna nueva. Este periodo de transici\u00f3n debe ser m\u00e1s prolongado que el periodo de excreci\u00f3n de la vacuna actual despu\u00e9s de la\u00a0vacunaci\u00f3n. Las hembras vacunadas podr\u00edan excretar la cepa vacunal en los nueve d\u00edas siguientes a la vacunaci\u00f3n a trav\u00e9s de las secreciones nasales. En algunos casos, tambi\u00e9n puede producirse excreci\u00f3n fecal. La cepa vacunal puede afectar a los animales no vacunados que ocupen el mismo espacio, incluidos los fetos durante la gestaci\u00f3n y los lechones despu\u00e9s del parto, sin ninguna consecuencia cl\u00ednica. Por lo tanto, se deben tomar precauciones especiales para evitar la diseminaci\u00f3n a animales susceptibles, si fuera necesario. Las hembras reci\u00e9n introducidas que nunca han sido expuestas al PRRSV deber\u00edan ser vacunadas antes de la gestaci\u00f3n. Puede utilizarse durante la gestaci\u00f3n y la lactaci\u00f3n.<br \/>\nNo se ha estudiado la seguridad de la vacuna cuando se administra despu\u00e9s de los 60\u00a0d\u00edas de gestaci\u00f3n.<br \/>\nNo existe informaci\u00f3n disponible sobre la seguridad y la eficacia del uso de esta vacuna con cualquier otro medicamento veterinario a excepci\u00f3n de <a href=\"https:\/\/www.hipra.com\/portal\/es\/hipra\/animalhealth\/products\/detail\/eryseng-parvo\" target=\"_blank\" rel=\"noopener\">ERYSENG\u00ae PARVO<\/a>.<\/p>\n<\/div>\n<p>[\/vc_column_text][\/vc_column][vc_column el_class=\u00bbsidebar-pagina\u00bb width=\u00bb4\/12&#8243;][vc_row_inner][vc_column_inner css=\u00bb.vc_custom_1523889679021{padding-bottom: 25px !important;}\u00bb][vc_column_text el_class=\u00bbtit\u00bb]Material relacionado[\/vc_column_text]<div class=\"minti_list wpb_content_element color-grey circle\" style=\"\">\n<ul>\n<li><a href=\"\/es\/publicaciones\/\">Publicaciones t\u00e9cnicas<\/a><\/li>\n<\/ul>\n<\/div>[\/vc_column_inner][\/vc_row_inner][vc_row_inner][vc_column_inner css=\u00bb.vc_custom_1523889687397{padding-bottom: 25px !important;}\u00bb][vc_column_text el_class=\u00bbtit\u00bb]Servicios relacionados[\/vc_column_text]<div class=\"minti_list wpb_content_element color-grey circle\" style=\"\">\n<ul>\n<li><a href=\"https:\/\/www.hipradermic.com\" target=\"_blank\" rel=\"noopener\">Hipradermic\u00ae<\/a><\/li>\n<\/ul>\n<\/div>[\/vc_column_inner][\/vc_row_inner][vc_row_inner][vc_column_inner css=\u00bb.vc_custom_1523889697564{padding-bottom: 25px !important;}\u00bb][vc_column_text el_class=\u00bbtit\u00bb]V\u00eddeos relacionados[\/vc_column_text]<div class=\"video-embed  wpb_content_element\"><iframe loading=\"lazy\" title=\"ERYSENG\u00ae PARVO + UNISTRAIN\u00ae PRRS\" width=\"1161\" height=\"653\" src=\"https:\/\/www.youtube.com\/embed\/wAVEGgSofNI?feature=oembed\" frameborder=\"0\" allow=\"accelerometer; autoplay; clipboard-write; encrypted-media; gyroscope; picture-in-picture; web-share\" referrerpolicy=\"strict-origin-when-cross-origin\" allowfullscreen><\/iframe><\/div>[\/vc_column_inner][\/vc_row_inner][vc_row_inner][vc_column_inner][vc_column_text el_class=\u00bbinfo\u00bb]La informaci\u00f3n contenida en esta p\u00e1gina es meramente informativa y no debe interpretarse de ninguna manera como pauta de prescripci\u00f3n estricta. Esta informaci\u00f3n puede variar de un pa\u00eds a otro de acuerdo con la legislaci\u00f3n local. Para conocer la informaci\u00f3n t\u00e9cnica exacta y v\u00e1lida para su pa\u00eds, <a href=\"\/es\/contacto\/\">p\u00f3ngase en contacto con nosotros.<\/a>[\/vc_column_text][\/vc_column_inner][\/vc_row_inner][\/vc_column][\/vc_row]<\/p>\n<div style=\"text-align:center\" class=\"yasr-auto-insert-visitor\"><\/div><\/div>","protected":false},"excerpt":{"rendered":"<p>[vc_row bg_image=\u00bb16196&#8243; bg_color=\u00bb#f9f9f9&#8243; top_padding=\u00bb260&#8243; bottom_padding=\u00bb170&#8243; class=\u00bbtitulo\u00bb bg_position=\u00bbcenter center\u00bb][vc_column el_class=\u00bbtitular\u00bb width=\u00bb1\/1&#8243;][\/vc_column][\/vc_row][vc_row bottom_padding=\u00bb50&#8243;][vc_column el_class=\u00bbcontenido\u00bb width=\u00bb8\/12&#8243;][vc_column_text] COMPOSICI\u00d3N: Cada dosis contiene: Principio activo: PRRSV vivo atenuado, cepa VP-046 BIS: 103,5-105,5 CCID50. (Dosis infectiva en cultivo celular) INDICACIONES:\u00a0 Hembras reproductoras: Inmunizaci\u00f3n activa de las hembras reproductoras en granjas afectadas por el virus europeo del PRRS a efectos de reducir los trastornos reproductivos, la incidencia y la duraci\u00f3n de la viremia, la transmisi\u00f3n transplacentaria del virus, la carga tisular del virus y los signos cl\u00ednicos asociados con la infecci\u00f3n por cepas del virus del PRRS. En condiciones de laboratorio, la vacunaci\u00f3n de las hembras redujo el impacto negativo de la infecci\u00f3n por el virus del PRRS sobre el rendimiento de los lechones (mortalidad y aumento de peso) en los 28\u00a0primeros d\u00edas de vida. Cerdos a partir de 4\u00a0semanas de edad:\u00a0Inmunizaci\u00f3n activa de cerdos en granjas afectadas por el virus europeo del PRRS a efectos de reducir los signos cl\u00ednicos asociados a la infecci\u00f3n por el virus del PRRS, la incidencia y la duraci\u00f3n de la viremia, y la duraci\u00f3n de la excreci\u00f3n del virus por los animales infectados. En condiciones experimentales, se ha demostrado que la vacunaci\u00f3n reduce la carga v\u00edrica en el tejido pulmonar. En [&hellip;]<\/p>\n","protected":false},"author":19,"featured_media":17056,"parent":0,"menu_order":0,"comment_status":"open","ping_status":"open","template":"","meta":{"_acf_changed":false,"_cbd_carousel_blocks":"[]","yasr_overall_rating":0,"yasr_post_is_review":"","yasr_auto_insert_disabled":"","yasr_review_type":"","footnotes":""},"categories":[],"tags":[],"class_list":["post-20970","page","type-page","status-publish","has-post-thumbnail","hentry"],"acf":[],"yasr_visitor_votes":{"number_of_votes":0,"sum_votes":0,"stars_attributes":{"read_only":false,"span_bottom":false}},"_links":{"self":[{"href":"https:\/\/prrscontrol.com\/es\/wp-json\/wp\/v2\/pages\/20970","targetHints":{"allow":["GET"]}}],"collection":[{"href":"https:\/\/prrscontrol.com\/es\/wp-json\/wp\/v2\/pages"}],"about":[{"href":"https:\/\/prrscontrol.com\/es\/wp-json\/wp\/v2\/types\/page"}],"author":[{"embeddable":true,"href":"https:\/\/prrscontrol.com\/es\/wp-json\/wp\/v2\/users\/19"}],"replies":[{"embeddable":true,"href":"https:\/\/prrscontrol.com\/es\/wp-json\/wp\/v2\/comments?post=20970"}],"version-history":[{"count":15,"href":"https:\/\/prrscontrol.com\/es\/wp-json\/wp\/v2\/pages\/20970\/revisions"}],"predecessor-version":[{"id":25120,"href":"https:\/\/prrscontrol.com\/es\/wp-json\/wp\/v2\/pages\/20970\/revisions\/25120"}],"wp:featuredmedia":[{"embeddable":true,"href":"https:\/\/prrscontrol.com\/es\/wp-json\/wp\/v2\/media\/17056"}],"wp:attachment":[{"href":"https:\/\/prrscontrol.com\/es\/wp-json\/wp\/v2\/media?parent=20970"}],"wp:term":[{"taxonomy":"category","embeddable":true,"href":"https:\/\/prrscontrol.com\/es\/wp-json\/wp\/v2\/categories?post=20970"},{"taxonomy":"post_tag","embeddable":true,"href":"https:\/\/prrscontrol.com\/es\/wp-json\/wp\/v2\/tags?post=20970"}],"curies":[{"name":"wp","href":"https:\/\/api.w.org\/{rel}","templated":true}]}}