{"id":20975,"date":"2021-06-16T08:19:40","date_gmt":"2021-06-16T08:19:40","guid":{"rendered":"http:\/\/prrscontrolidiomas.advertis.es\/hipradermic\/"},"modified":"2023-06-27T09:57:28","modified_gmt":"2023-06-27T09:57:28","slug":"hipradermic","status":"publish","type":"page","link":"https:\/\/prrscontrol.com\/es\/hipradermic\/","title":{"rendered":"Hipradermic\u00ae"},"content":{"rendered":"<div class=\"wpb-content-wrapper\"><p>[vc_row bg_image=\u00bb19799&#8243; bg_color=\u00bb#003896&#8243; top_padding=\u00bb260&#8243; bottom_padding=\u00bb170&#8243; class=\u00bbtitulo\u00bb bg_position=\u00bbcenter center\u00bb][vc_column el_class=\u00bbtitular\u00bb width=\u00bb1\/1&#8243;]<h1 class=\"headline font-inherit fontsize-inherit fontweight-inherit lh-inherit align-left transform-inherit \" style=\" color: #e75e13;\">Hipradermic\u00ae<\/h1><h2 class=\"headline font-inherit fontsize-inherit fontweight-400 lh-inherit align-left transform-inherit \" style=\"margin: 0; color: rgba(191,191,191,0.71);\">El dispositivo sin aguja m\u00e1s ligero para la vacunaci\u00f3n intrad\u00e9rmica porcina<\/h2>[\/vc_column][\/vc_row][vc_row top_padding=\u00bb70&#8243; bottom_padding=\u00bb50&#8243;][vc_column el_class=\u00bbcontenido\u00bb width=\u00bb1\/12&#8243;][\/vc_column][vc_column width=\u00bb10\/12&#8243;]<div class=\"video-embed  wpb_content_element\"><iframe loading=\"lazy\" title=\"Hipradermic 3.0 - ES\" width=\"1161\" height=\"653\" src=\"https:\/\/www.youtube.com\/embed\/EpghviLYr-Q?feature=oembed\" frameborder=\"0\" allow=\"accelerometer; autoplay; clipboard-write; encrypted-media; gyroscope; picture-in-picture; web-share\" referrerpolicy=\"strict-origin-when-cross-origin\" allowfullscreen><\/iframe><\/div><div class=\"minti_list wpb_content_element color-grey circle\" style=\"\">\n<ul>\n<li><a href=\"https:\/\/hipradermic.com\/es\" target=\"_blank\" rel=\"noopener\">M\u00e1s informaci\u00f3n<\/a><\/li>\n<\/ul>\n<\/div>[\/vc_column][vc_column width=\u00bb1\/12&#8243;][\/vc_column][\/vc_row]<\/p>\n<div style=\"text-align:center\" class=\"yasr-auto-insert-visitor\"><\/div><\/div>","protected":false},"excerpt":{"rendered":"<p>[vc_row bg_image=\u00bb19799&#8243; bg_color=\u00bb#003896&#8243; top_padding=\u00bb260&#8243; bottom_padding=\u00bb170&#8243; class=\u00bbtitulo\u00bb bg_position=\u00bbcenter center\u00bb][vc_column el_class=\u00bbtitular\u00bb width=\u00bb1\/1&#8243;][\/vc_column][\/vc_row][vc_row top_padding=\u00bb70&#8243; bottom_padding=\u00bb50&#8243;][vc_column el_class=\u00bbcontenido\u00bb width=\u00bb1\/12&#8243;][\/vc_column][vc_column width=\u00bb10\/12&#8243;][\/vc_column][vc_column width=\u00bb1\/12&#8243;][\/vc_column][\/vc_row]<\/p>\n","protected":false},"author":19,"featured_media":20980,"parent":0,"menu_order":0,"comment_status":"open","ping_status":"open","template":"","meta":{"_acf_changed":false,"_cbd_carousel_blocks":"[]","yasr_overall_rating":0,"yasr_post_is_review":"","yasr_auto_insert_disabled":"","yasr_review_type":"","footnotes":""},"categories":[],"tags":[],"class_list":["post-20975","page","type-page","status-publish","has-post-thumbnail","hentry"],"acf":[],"yasr_visitor_votes":{"number_of_votes":0,"sum_votes":0,"stars_attributes":{"read_only":false,"span_bottom":false}},"_links":{"self":[{"href":"https:\/\/prrscontrol.com\/es\/wp-json\/wp\/v2\/pages\/20975","targetHints":{"allow":["GET"]}}],"collection":[{"href":"https:\/\/prrscontrol.com\/es\/wp-json\/wp\/v2\/pages"}],"about":[{"href":"https:\/\/prrscontrol.com\/es\/wp-json\/wp\/v2\/types\/page"}],"author":[{"embeddable":true,"href":"https:\/\/prrscontrol.com\/es\/wp-json\/wp\/v2\/users\/19"}],"replies":[{"embeddable":true,"href":"https:\/\/prrscontrol.com\/es\/wp-json\/wp\/v2\/comments?post=20975"}],"version-history":[{"count":13,"href":"https:\/\/prrscontrol.com\/es\/wp-json\/wp\/v2\/pages\/20975\/revisions"}],"predecessor-version":[{"id":25603,"href":"https:\/\/prrscontrol.com\/es\/wp-json\/wp\/v2\/pages\/20975\/revisions\/25603"}],"wp:featuredmedia":[{"embeddable":true,"href":"https:\/\/prrscontrol.com\/es\/wp-json\/wp\/v2\/media\/20980"}],"wp:attachment":[{"href":"https:\/\/prrscontrol.com\/es\/wp-json\/wp\/v2\/media?parent=20975"}],"wp:term":[{"taxonomy":"category","embeddable":true,"href":"https:\/\/prrscontrol.com\/es\/wp-json\/wp\/v2\/categories?post=20975"},{"taxonomy":"post_tag","embeddable":true,"href":"https:\/\/prrscontrol.com\/es\/wp-json\/wp\/v2\/tags?post=20975"}],"curies":[{"name":"wp","href":"https:\/\/api.w.org\/{rel}","templated":true}]}}