{"id":21024,"date":"2021-06-23T11:57:44","date_gmt":"2021-06-23T11:57:44","guid":{"rendered":"http:\/\/prrscontrolidiomas.advertis.es\/condiciones-de-uso\/"},"modified":"2021-06-23T11:57:44","modified_gmt":"2021-06-23T11:57:44","slug":"condiciones-de-uso","status":"publish","type":"page","link":"https:\/\/prrscontrol.com\/es\/condiciones-de-uso\/","title":{"rendered":"Condiciones de uso"},"content":{"rendered":"<div class=\"row ng-binding\">\n<p dir=\"ltr\">Bienvenido al sitio web de HIPRA. La informaci\u00f3n proporcionada en este sitio se ofrece con fines meramente informativos. Lea y examine detenidamente estas condiciones de uso antes de utilizar este sitio web o acceder a \u00e9l. Al utilizar este sitio web o acceder a \u00e9l reconoce que ha le\u00eddo, comprendido y aceptado las siguientes condiciones de uso. Si no est\u00e1 de acuerdo con estas condiciones de uso, no podr\u00e1 utilizar este sitio web ni acceder a \u00e9l.<\/p>\n<h4>CONDICIONES DE USO:<\/h4>\n<p>Laboratorios HIPRA, SA (en adelante, HIPRA) es una empresa espa\u00f1ola, inscrita en el Registro Mercantil de Girona, con domicilio en Avenida La Selva, n\u00fam.\u00a0135, 17170, Amer (Girona), Espa\u00f1a (Tel: +34 972 43 06 60). HIPRA es propietaria exclusiva de este sitio web; salvo que se indique expresamente lo contrario, la titularidad de todos los derechos de propiedad intelectual de los contenidos del sitio web pertenece a HIPRA.<\/p>\n<h4>Informaci\u00f3n<\/h4>\n<p>La informaci\u00f3n que contiene este sitio web debe considerarse informaci\u00f3n general proporcionada \u00fanicamente con fines orientativos. Esta informaci\u00f3n no debe tomarse como una regla estricta para la prescripci\u00f3n, dado que algunos detalles pueden variar de un pa\u00eds a otro dependiendo de la legislaci\u00f3n local (para saber cu\u00e1l el reglamento exacto en su pa\u00eds, contacte con la oficina de HIPRA m\u00e1s cercana). Esta informaci\u00f3n no puede adaptarse al caso espec\u00edfico de cada animal y no exime a los usuarios de consultar con un veterinario, que es la \u00fanica persona cualificada en esta \u00e1rea. La informaci\u00f3n proporcionada en este sitio web, que se refiere espec\u00edficamente a la salud animal y a los productos HIPRA, no puede compararse con el asesoramiento dado por un veterinario y que se basa en el an\u00e1lisis individual de cada caso. De la misma manera, HIPRA rechaza toda responsabilidad por la interpretaci\u00f3n o el uso de esta informaci\u00f3n por parte del usuario, o por las decisiones que puedan tomarse bas\u00e1ndose en esta informaci\u00f3n.<\/p>\n<p>Parte de la informaci\u00f3n o de los servicios del sitio web se dirige exclusivamente a los profesionales de salud animal facultados para recetar o dispensar medicamentos veterinarios. Si no pertenece a estos grupos, le rogamos que se abstenga de continuar.<\/p>\n<p>El objetivo de HIPRA es ofrecer en este sitio web informaci\u00f3n actualizada, veraz, precisa y completa en todo momento. Sin embargo, la informaci\u00f3n de este sitio web puede contener imprecisiones t\u00e9cnicas, errores tipogr\u00e1ficos o puede que no est\u00e9 actualizada. HIPRA no es responsable de la idoneidad de la informaci\u00f3n proporcionada en este sitio web. En ning\u00fan caso ser\u00e1 HIPRA responsable de los da\u00f1os causados por p\u00e9rdidas derivadas de la visualizaci\u00f3n, el uso del software, los documentos, la informaci\u00f3n o los servicios, que se ofrecen en este sitio web.<\/p>\n<p>En esta p\u00e1gina se muestra el cat\u00e1logo de productos HIPRA fabricados en Espa\u00f1a. Algunos de los productos que se muestran en esta p\u00e1gina web pueden estar sujetos a uso o distribuci\u00f3n restringidos en algunos pa\u00edses o pueden no estar disponibles. Toda oferta de alg\u00fan producto o servicio en este sitio web se considerar\u00e1 nula si est\u00e1 prohibida. Para saber qu\u00e9 productos hay disponibles en su pa\u00eds, p\u00f3ngase en contacto con la oficina de HIPRA m\u00e1s cercana.<\/p>\n<h4>Propiedad intelectual<\/h4>\n<p>Todo el contenido de este sitio web (incluyendo, a t\u00edtulo meramente ilustrativo: marcas, marcas comerciales, logotipos y emblemas distintivos de cualquier tipo, derechos de autor, bases de datos, im\u00e1genes, ilustraciones, gr\u00e1ficos, archivos de texto, audio y v\u00eddeo, software, combinaciones de colores, etc.) pertenecen a HIPRA o a sus autores, y est\u00e1n protegidos por normas nacionales e internacionales que rigen, entre otras cosas, los derechos de propiedad intelectual. No se concede a los usuarios ninguna licencia ni derecho alguno para explotar, en parte ni en su totalidad, este sitio web ni ninguno de los elementos ni contenidos que lo integran.<\/p>\n<p>En consecuencia, los elementos o contenidos de este sitio web no pueden ser objeto de manipulaci\u00f3n alguna (modificaci\u00f3n, copia, alteraci\u00f3n, reproducci\u00f3n, transmisi\u00f3n, adaptaci\u00f3n, traducci\u00f3n, etc.) por parte del usuario ni de terceros, en parte ni en su totalidad, sin autorizaci\u00f3n expresa de HIPRA.<\/p>\n<p><strong>Protecci\u00f3n de datos<\/strong><\/p>\n<p>A continuaci\u00f3n se muestran los criterios aplicados por HIPRA en relaci\u00f3n con el tratamiento de los datos personales y los que la empresa proporciona voluntariamente a trav\u00e9s de este sitio web.<\/p>\n<p>De conformidad con la normativa europea en materia de datos personales y de la libre circulaci\u00f3n de estos datos, y con la normativa local que la desarrolla, los datos personales que desee facilitarnos se incluir\u00e1n en la base de datos que pertenece a HIPRA y de la cual es responsable dicha empresa. Estos datos se tratar\u00e1n exclusivamente para la finalidad descrita en el correspondiente formulario de recogida de datos (al enviar sus datos, consiente libremente el tratamiento de estos datos para estos fines).<\/p>\n<p>Los datos personales que nos proporcione no se ceder\u00e1n a ning\u00fan tercero y solo se emplear\u00e1n para enviarle, si as\u00ed lo desea, informaci\u00f3n sobre productos, recursos, art\u00edculos, noticias, informes, avances o cualquier otra informaci\u00f3n relevante relativa al sector de la salud animal.<\/p>\n<p>Puede ejercer su derecho de oposici\u00f3n, acceso, rectificaci\u00f3n o eliminaci\u00f3n en las condiciones establecidas en la normativa vigente, solicit\u00e1ndolo por escrito a HIPRA. Nuestra pol\u00edtica de protecci\u00f3n de datos puede cambiar para adaptarse a la legislaci\u00f3n vigente y a los criterios de protecci\u00f3n aplicables. Le mantendremos informado de cualquier cambio a trav\u00e9s de este sitio web. Para cualquier consulta o comentario con respecto a este tema, p\u00f3ngase en contacto personalmente con nosotros, ya sea por correo postal o electr\u00f3nico <a href=\"mailto:hipra@hipra.com\" target=\"_blank\" rel=\"noopener\">hipra@hipra.com.<\/a><\/p>\n<p><strong>Sitios web de terceros<\/strong><\/p>\n<p>Este sitio web puede contener enlaces o referencias a otros sitios web mantenidos por terceros sobre los cuales HIPRA no ejerce ning\u00fan control. Estos enlaces solo se incluyen para facilitar la consulta. Del mismo modo, puede accederse a este sitio web desde enlaces de terceros sobre los cuales HIPRA no tiene control alguno. HIPRA no otorga ninguna garant\u00eda ni hace ninguna declaraci\u00f3n con respecto a si la informaci\u00f3n en estos sitios web es completa, precisa, actualizada o exhaustiva, y no ser\u00e1 responsable de ning\u00fan da\u00f1o de ning\u00fan tipo que resulte de estos sitios web.<\/p>\n<h4>Enmiendas<\/h4>\n<p>Por la presente, HIPRA se reserva el derecho de modificar o corregir el contenido del sitio web en cualquier momento y sin previo aviso, o a interrumpir o suspender, en parte o en su totalidad, las funcionalidades del sitio web. HIPRA no ser\u00e1 responsable en ning\u00fan caso de las consecuencias de estas modificaciones, interrupciones o suspensiones.<\/p>\n<h4>Ley y jurisdicci\u00f3n aplicable<\/h4>\n<p>Estas condiciones est\u00e1n sujetas a la legislaci\u00f3n espa\u00f1ola. La resoluci\u00f3n de cualquier controversia o divergencia relativa a este sitio web corresponder\u00e1 exclusivamente a los juzgados y tribunales de Girona (Espa\u00f1a).<\/p>\n<p><strong>Divisibilidad<\/strong><\/p>\n<p>En el caso de que alguna disposici\u00f3n de estas condiciones de uso se declare ilegal o nula, esta disposici\u00f3n se omitir\u00e1 sin afectar la naturaleza vinculante de las disposiciones restantes.<\/p>\n<h4>Informaci\u00f3n general<\/h4>\n<p>En cumplimiento de la ley\u00a034\/2002, que rige los servicios de la sociedad de la informaci\u00f3n y de comercio electr\u00f3nico, le facilitamos los datos que se indican a continuaci\u00f3n:<\/p>\n<p>Datos de empresas espa\u00f1olas:<\/p>\n<p>Laboratorios HIPRA, S.\u00a0A.<\/p>\n<p>N.\u00ba de ID fiscal (NIF): A-28063675<\/p>\n<p>Avenida La Selva, 135 17170, Amer, Girona<\/p>\n<p>Espa\u00f1a<\/p>\n<p>Tel.: +34 972 43 06 60<\/p>\n<p>Sitio web: www.prrscontrol.com<\/p>\n<p>Direcci\u00f3n electr\u00f3nica: <a href=\"mailto:hipra@hipra.com\" target=\"_blank\" rel=\"noopener\">hipra@hipra.com<\/a><\/p>\n<\/div>\n<div style=\"text-align:center\" class=\"yasr-auto-insert-visitor\"><\/div>","protected":false},"excerpt":{"rendered":"<p>Bienvenido al sitio web de HIPRA. La informaci\u00f3n proporcionada en este sitio se ofrece con fines meramente informativos. Lea y examine detenidamente estas condiciones de uso antes de utilizar este sitio web o acceder a \u00e9l. Al utilizar este sitio web o acceder a \u00e9l reconoce que ha le\u00eddo, comprendido y aceptado las siguientes condiciones de uso. Si no est\u00e1 de acuerdo con estas condiciones de uso, no podr\u00e1 utilizar este sitio web ni acceder a \u00e9l. CONDICIONES DE USO: Laboratorios HIPRA, SA (en adelante, HIPRA) es una empresa espa\u00f1ola, inscrita en el Registro Mercantil de Girona, con domicilio en Avenida La Selva, n\u00fam.\u00a0135, 17170, Amer (Girona), Espa\u00f1a (Tel: +34 972 43 06 60). HIPRA es propietaria exclusiva de este sitio web; salvo que se indique expresamente lo contrario, la titularidad de todos los derechos de propiedad intelectual de los contenidos del sitio web pertenece a HIPRA. Informaci\u00f3n La informaci\u00f3n que contiene este sitio web debe considerarse informaci\u00f3n general proporcionada \u00fanicamente con fines orientativos. Esta informaci\u00f3n no debe tomarse como una regla estricta para la prescripci\u00f3n, dado que algunos detalles pueden variar de un pa\u00eds a otro dependiendo de la legislaci\u00f3n local (para saber cu\u00e1l el reglamento exacto en su [&hellip;]<\/p>\n","protected":false},"author":19,"featured_media":17056,"parent":0,"menu_order":0,"comment_status":"closed","ping_status":"closed","template":"","meta":{"_acf_changed":false,"_cbd_carousel_blocks":"[]","yasr_overall_rating":0,"yasr_post_is_review":"","yasr_auto_insert_disabled":"","yasr_review_type":"","footnotes":""},"categories":[],"tags":[],"class_list":["post-21024","page","type-page","status-publish","has-post-thumbnail","hentry"],"acf":[],"yasr_visitor_votes":{"number_of_votes":0,"sum_votes":0,"stars_attributes":{"read_only":false,"span_bottom":false}},"_links":{"self":[{"href":"https:\/\/prrscontrol.com\/es\/wp-json\/wp\/v2\/pages\/21024","targetHints":{"allow":["GET"]}}],"collection":[{"href":"https:\/\/prrscontrol.com\/es\/wp-json\/wp\/v2\/pages"}],"about":[{"href":"https:\/\/prrscontrol.com\/es\/wp-json\/wp\/v2\/types\/page"}],"author":[{"embeddable":true,"href":"https:\/\/prrscontrol.com\/es\/wp-json\/wp\/v2\/users\/19"}],"replies":[{"embeddable":true,"href":"https:\/\/prrscontrol.com\/es\/wp-json\/wp\/v2\/comments?post=21024"}],"version-history":[{"count":0,"href":"https:\/\/prrscontrol.com\/es\/wp-json\/wp\/v2\/pages\/21024\/revisions"}],"wp:featuredmedia":[{"embeddable":true,"href":"https:\/\/prrscontrol.com\/es\/wp-json\/wp\/v2\/media\/17056"}],"wp:attachment":[{"href":"https:\/\/prrscontrol.com\/es\/wp-json\/wp\/v2\/media?parent=21024"}],"wp:term":[{"taxonomy":"category","embeddable":true,"href":"https:\/\/prrscontrol.com\/es\/wp-json\/wp\/v2\/categories?post=21024"},{"taxonomy":"post_tag","embeddable":true,"href":"https:\/\/prrscontrol.com\/es\/wp-json\/wp\/v2\/tags?post=21024"}],"curies":[{"name":"wp","href":"https:\/\/api.w.org\/{rel}","templated":true}]}}