{"id":21026,"date":"2021-06-23T11:57:46","date_gmt":"2021-06-23T11:57:46","guid":{"rendered":"http:\/\/prrscontrolidiomas.advertis.es\/politica-de-privacidad\/"},"modified":"2021-06-23T11:57:46","modified_gmt":"2021-06-23T11:57:46","slug":"politica-de-privacidad","status":"publish","type":"page","link":"https:\/\/prrscontrol.com\/es\/politica-de-privacidad\/","title":{"rendered":"Pol\u00edtica de privacidad"},"content":{"rendered":"<div class=\"row ng-binding\">\n<h4>A continuaci\u00f3n se muestran los criterios aplicados por HIPRA en relaci\u00f3n con el tratamiento de los datos personales y que la empresa proporciona voluntariamente a trav\u00e9s de esta p\u00e1gina web.<\/h4>\n<p>Cuando usa este sitio web o nuestras aplicaciones, o se comunica electr\u00f3nicamente con HIPRA, podemos recopilar y tratar sus datos personales. El tratamiento que hagamos de sus datos personales se rige por esta pol\u00edtica de privacidad.<\/p>\n<p>El responsable del tratamiento de sus datos personales es <strong>LABORATORIOS HIPRA, S.\u00a0A.<\/strong>, con domicilio social en Avda. La Selva 135, 17170, Amer (Girona, Espa\u00f1a).<\/p>\n<p>El prop\u00f3sito del tratamiento de sus datos personales puede consistir en: (i) gestionar sus operaciones comerciales o relaciones contractuales con HIPRA; (ii) usar su informaci\u00f3n como punto de contacto con HIPRA; (iii) enviarle informaci\u00f3n sobre actividades formativas o de otro tipo en el campo profesional de HIPRA; o (iv) responder a consultas o preguntas que env\u00ede a trav\u00e9s de nuestro sitio web o de alguna aplicaci\u00f3n.<\/p>\n<p>La base legal para el tratamiento es el inter\u00e9s leg\u00edtimo de HIPRA en mantener nuestra relaci\u00f3n con usted y su con consentimiento, cuando proceda. En consecuencia, HIPRA recopilar\u00e1 y tratar\u00e1 sus datos mientras siga vigente nuestra relaci\u00f3n y mientras no retire su consentimiento para que tratemos sus datos. Cuando sus datos personales ya no sean necesarios para los fines para los que se recopilaron, los conservaremos de forma segura hasta que al fin se eliminen.<\/p>\n<p>Como grupo de empresas con presencia internacional, HIPRA puede ceder sus datos e intercambiarlos con las empresas del Grupo HIPRA que se enumeran en el sitio web, para los mismos fines indicados antes. Sus datos se tratar\u00e1n siempre con el nivel de protecci\u00f3n especificado en la legislaci\u00f3n vigente.<\/p>\n<p>HIPRA tambi\u00e9n puede transferir sus datos personales: (i) a proveedores de servicios subcontratados para brindar servicios (<em>por ejemplo, alojamiento web, an\u00e1lisis de datos, provisi\u00f3n de tecnolog\u00edas de la informaci\u00f3n e infraestructuras relacionadas, servicio al cliente, env\u00edo de correos electr\u00f3nicos, auditor\u00eda y otros servicios<\/em>); (ii) a otras empresas con las que trabajamos para productos o servicios espec\u00edficos; y (iii) para cumplir con la legislaci\u00f3n vigente y responder a las solicitudes de las autoridades p\u00fablicas.<\/p>\n<p>Por la presente le notificamos que puede ejercer en cualquier momento su derecho legal a solicitar el acceso a sus datos personales, su rectificaci\u00f3n o borrado, a restringir nuestro tratamiento u oponerse a \u00e9l, a disfrutar de la portabilidad de los datos y a retirar su consentimiento escribiendo a: Avda. La Selva 135, 17170 Amer (Girona, Espa\u00f1a) o enviando un mensaje electr\u00f3nico a <a href=\"mailto:hipra@hipra.com\">privacy@hipra.com<\/a>. Tambi\u00e9n puede ponerse en contacto con la Agencia Espa\u00f1ola de Protecci\u00f3n de Datos.<\/p>\n<p>Acepta informarnos sobre cualquier cambio en los datos personales que nos proporcione. HIPRA no es responsable de ninguna p\u00e9rdida ni da\u00f1o derivado de que usted nos proporcione datos err\u00f3neos, inexactos o incompletos.<\/p>\n<\/div>\n<div style=\"text-align:center\" class=\"yasr-auto-insert-visitor\"><\/div>","protected":false},"excerpt":{"rendered":"<p>A continuaci\u00f3n se muestran los criterios aplicados por HIPRA en relaci\u00f3n con el tratamiento de los datos personales y que la empresa proporciona voluntariamente a trav\u00e9s de esta p\u00e1gina web. Cuando usa este sitio web o nuestras aplicaciones, o se comunica electr\u00f3nicamente con HIPRA, podemos recopilar y tratar sus datos personales. El tratamiento que hagamos de sus datos personales se rige por esta pol\u00edtica de privacidad. El responsable del tratamiento de sus datos personales es LABORATORIOS HIPRA, S.\u00a0A., con domicilio social en Avda. La Selva 135, 17170, Amer (Girona, Espa\u00f1a). El prop\u00f3sito del tratamiento de sus datos personales puede consistir en: (i) gestionar sus operaciones comerciales o relaciones contractuales con HIPRA; (ii) usar su informaci\u00f3n como punto de contacto con HIPRA; (iii) enviarle informaci\u00f3n sobre actividades formativas o de otro tipo en el campo profesional de HIPRA; o (iv) responder a consultas o preguntas que env\u00ede a trav\u00e9s de nuestro sitio web o de alguna aplicaci\u00f3n. La base legal para el tratamiento es el inter\u00e9s leg\u00edtimo de HIPRA en mantener nuestra relaci\u00f3n con usted y su con consentimiento, cuando proceda. En consecuencia, HIPRA recopilar\u00e1 y tratar\u00e1 sus datos mientras siga vigente nuestra relaci\u00f3n y mientras no retire su consentimiento para [&hellip;]<\/p>\n","protected":false},"author":19,"featured_media":17056,"parent":0,"menu_order":0,"comment_status":"closed","ping_status":"closed","template":"","meta":{"_acf_changed":false,"_cbd_carousel_blocks":"[]","yasr_overall_rating":0,"yasr_post_is_review":"","yasr_auto_insert_disabled":"","yasr_review_type":"","footnotes":""},"categories":[],"tags":[],"class_list":["post-21026","page","type-page","status-publish","has-post-thumbnail","hentry"],"acf":[],"yasr_visitor_votes":{"number_of_votes":0,"sum_votes":0,"stars_attributes":{"read_only":false,"span_bottom":false}},"_links":{"self":[{"href":"https:\/\/prrscontrol.com\/es\/wp-json\/wp\/v2\/pages\/21026","targetHints":{"allow":["GET"]}}],"collection":[{"href":"https:\/\/prrscontrol.com\/es\/wp-json\/wp\/v2\/pages"}],"about":[{"href":"https:\/\/prrscontrol.com\/es\/wp-json\/wp\/v2\/types\/page"}],"author":[{"embeddable":true,"href":"https:\/\/prrscontrol.com\/es\/wp-json\/wp\/v2\/users\/19"}],"replies":[{"embeddable":true,"href":"https:\/\/prrscontrol.com\/es\/wp-json\/wp\/v2\/comments?post=21026"}],"version-history":[{"count":0,"href":"https:\/\/prrscontrol.com\/es\/wp-json\/wp\/v2\/pages\/21026\/revisions"}],"wp:featuredmedia":[{"embeddable":true,"href":"https:\/\/prrscontrol.com\/es\/wp-json\/wp\/v2\/media\/17056"}],"wp:attachment":[{"href":"https:\/\/prrscontrol.com\/es\/wp-json\/wp\/v2\/media?parent=21026"}],"wp:term":[{"taxonomy":"category","embeddable":true,"href":"https:\/\/prrscontrol.com\/es\/wp-json\/wp\/v2\/categories?post=21026"},{"taxonomy":"post_tag","embeddable":true,"href":"https:\/\/prrscontrol.com\/es\/wp-json\/wp\/v2\/tags?post=21026"}],"curies":[{"name":"wp","href":"https:\/\/api.w.org\/{rel}","templated":true}]}}