{"id":21040,"date":"2021-06-23T11:58:12","date_gmt":"2021-06-23T11:58:12","guid":{"rendered":"http:\/\/prrscontrolidiomas.advertis.es\/politica-de-cookies\/"},"modified":"2025-03-27T15:46:54","modified_gmt":"2025-03-27T15:46:54","slug":"politica-de-cookies","status":"publish","type":"page","link":"https:\/\/prrscontrol.com\/es\/politica-de-cookies\/","title":{"rendered":"Pol\u00edtica de cookies"},"content":{"rendered":"<p><strong>Declaraci\u00f3n sobre el uso de cookies:<br \/>\n<\/strong><span style=\"color: var( --e-global-color-text );\"><br \/>\nLas cookies son archivos de texto que instalan los sitios web que visita en su navegador o en el disco duro de su ordenador (o dispositivo similar). Entre otras cosas, las cookies permiten que un sitio web almacene y recupere informaci\u00f3n sobre los h\u00e1bitos de navegaci\u00f3n de los usuarios o los de su dispositivo y, dependiendo de la informaci\u00f3n que contengan y de la forma en que se utilice el dispositivo, pueden utilizarse para reconocer al usuario. La informaci\u00f3n recopilada por las cookies nos ayuda a mejorar la navegaci\u00f3n en nuestro sitio web y brindar una experiencia m\u00e1s personalizada. Espec\u00edficamente, nos permiten:<\/span><\/p>\n<ol>\n<li>almacenar informaci\u00f3n sobre las preferencias e intereses de los usuarios y personalizar el sitio web en base a esta informaci\u00f3n recopilada;<\/li>\n<li>brindar un mejor servicio a los usuarios sin almacenar ning\u00fan dato personal que permita identificarlos;<\/li>\n<li>reconocer el ordenador cuando el usuario regresa a nuestro sitio web;<\/li>\n<li>recopilar datos estad\u00edsticos derivados del tr\u00e1fico y la interacci\u00f3n de los usuarios en nuestro sitio web para identificar tendencias y conductas.<\/li>\n<\/ol>\n<p><strong style=\"color: var( --e-global-color-text );\"><br \/>\n\u00bfQu\u00e9 tipo de cookies utiliza este sitio web?<\/strong><\/p>\n<ul>\n<li>Cookies t\u00e9cnicas: permiten a los usuarios navegar por un sitio web, plataforma o aplicaci\u00f3n y utilizar distintas opciones o servicios; por ejemplo, controlar el tr\u00e1fico y la comunicaci\u00f3n de datos, identificar una sesi\u00f3n, acceder a partes con acceso restringido, recordar elementos de un pedido, realizar un proceso de compra de un pedido, realizar una solicitud de registro o participaci\u00f3n en una actividad, utilizar funciones de seguridad durante la navegaci\u00f3n, almacenar contenido para distribuir v\u00eddeos o sonido, o compartir contenido a trav\u00e9s de las redes sociales.<\/li>\n<li>Cookies personalizadas: permiten a los usuarios acceder a un servicio con caracter\u00edsticas de car\u00e1cter general predefinidas en funci\u00f3n de una serie de criterios en el dispositivo del usuario, como el idioma, el tipo de navegador que utiliza para acceder al servicio, la configuraci\u00f3n regional desde donde se accede al servicio y otras.<\/li>\n<li>Cookies de an\u00e1lisis: tras el procesamiento por nosotros o por terceros, nos permiten cuantificar el n\u00famero de usuarios y medir y analizar as\u00ed estad\u00edsticas sobre lo que hacen los usuarios con el servicio prestado. Para ello, para mejorar la oferta de productos o servicios que prestamos, se analiza c\u00f3mo navegan los usuarios en nuestro sitio web.<\/li>\n<\/ul>\n<p><strong>Cookies de terceros:<\/strong><\/p>\n<p>Este sitio web utiliza cookies de terceros:<br \/>\n<span style=\"color: var( --e-global-color-text );\"><br \/>\nGoogle Analytics: se utiliza para recopilar informaci\u00f3n de navegaci\u00f3n y comportamiento de los usuarios con el fin de proporcionar estad\u00edsticas de uso de los sitios web sin identificar personalmente a los usuarios.<\/span><\/p>\n<div class=\"cky-audit-table-element\"><\/div>\n<p>El usuario puede rechazar el tratamiento de tales datos o informaci\u00f3n desactivando las cookies seleccionando la configuraci\u00f3n correspondiente en su navegador. Sin embargo, la decisi\u00f3n de bloquear las cookies en su navegador podr\u00eda impedir el uso de todas las funciones del sitio web. Puede permitir, bloquear o eliminar las cookies instaladas en su dispositivo cambiando la configuraci\u00f3n del navegador instalado en su ordenador:<\/p>\n<p><a href=\"http:\/\/support.google.com\/chrome\/bin\/answer.py?hl=es&amp;answer=95647\" target=\"_blank\" rel=\"noopener noreferrer\">Chrome<\/a><br \/>\n<a href=\"http:\/\/windows.microsoft.com\/en-US\/internet-explorer\/delete-manage-cookies#ie=ie-11\" target=\"_blank\" rel=\"noopener noreferrer\">Explorer<\/a><br \/>\n<a href=\"https:\/\/support.mozilla.org\/en-US\/kb\/enable-and-disable-cookies-website-preferences\" target=\"_blank\" rel=\"noopener noreferrer\">Firefox<\/a><br \/>\n<a href=\"https:\/\/support.apple.com\/kb\/PH21411\" target=\"_blank\" rel=\"noopener noreferrer\">Safari<\/a><br \/>\n<span style=\"color: var( --e-global-color-text );\"><br \/>\nSi tiene alguna pregunta sobre esta pol\u00edtica de cookies, puede ponerse en contacto con nosotros en la siguiente direcci\u00f3n electr\u00f3nica: <\/span><a href=\"mailto:hipra@hipra.com\">hipra@hipra.com<\/a><span style=\"color: var( --e-global-color-text );\">.<\/span><\/p>\n<div style=\"text-align:center\" class=\"yasr-auto-insert-visitor\"><\/div>","protected":false},"excerpt":{"rendered":"<p>Declaraci\u00f3n sobre el uso de cookies: Las cookies son archivos de texto que instalan los sitios web que visita en su navegador o en el disco duro de su ordenador (o dispositivo similar). Entre otras cosas, las cookies permiten que un sitio web almacene y recupere informaci\u00f3n sobre los h\u00e1bitos de navegaci\u00f3n de los usuarios o los de su dispositivo y, dependiendo de la informaci\u00f3n que contengan y de la forma en que se utilice el dispositivo, pueden utilizarse para reconocer al usuario. La informaci\u00f3n recopilada por las cookies nos ayuda a mejorar la navegaci\u00f3n en nuestro sitio web y brindar una experiencia m\u00e1s personalizada. Espec\u00edficamente, nos permiten: almacenar informaci\u00f3n sobre las preferencias e intereses de los usuarios y personalizar el sitio web en base a esta informaci\u00f3n recopilada; brindar un mejor servicio a los usuarios sin almacenar ning\u00fan dato personal que permita identificarlos; reconocer el ordenador cuando el usuario regresa a nuestro sitio web; recopilar datos estad\u00edsticos derivados del tr\u00e1fico y la interacci\u00f3n de los usuarios en nuestro sitio web para identificar tendencias y conductas. \u00bfQu\u00e9 tipo de cookies utiliza este sitio web? Cookies t\u00e9cnicas: permiten a los usuarios navegar por un sitio web, plataforma o aplicaci\u00f3n y utilizar [&hellip;]<\/p>\n","protected":false},"author":19,"featured_media":17056,"parent":0,"menu_order":0,"comment_status":"closed","ping_status":"closed","template":"","meta":{"_acf_changed":false,"_cbd_carousel_blocks":"[]","yasr_overall_rating":0,"yasr_post_is_review":"","yasr_auto_insert_disabled":"","yasr_review_type":"","footnotes":""},"categories":[],"tags":[],"class_list":["post-21040","page","type-page","status-publish","has-post-thumbnail","hentry"],"acf":[],"yasr_visitor_votes":{"number_of_votes":0,"sum_votes":0,"stars_attributes":{"read_only":false,"span_bottom":false}},"_links":{"self":[{"href":"https:\/\/prrscontrol.com\/es\/wp-json\/wp\/v2\/pages\/21040","targetHints":{"allow":["GET"]}}],"collection":[{"href":"https:\/\/prrscontrol.com\/es\/wp-json\/wp\/v2\/pages"}],"about":[{"href":"https:\/\/prrscontrol.com\/es\/wp-json\/wp\/v2\/types\/page"}],"author":[{"embeddable":true,"href":"https:\/\/prrscontrol.com\/es\/wp-json\/wp\/v2\/users\/19"}],"replies":[{"embeddable":true,"href":"https:\/\/prrscontrol.com\/es\/wp-json\/wp\/v2\/comments?post=21040"}],"version-history":[{"count":2,"href":"https:\/\/prrscontrol.com\/es\/wp-json\/wp\/v2\/pages\/21040\/revisions"}],"predecessor-version":[{"id":27156,"href":"https:\/\/prrscontrol.com\/es\/wp-json\/wp\/v2\/pages\/21040\/revisions\/27156"}],"wp:featuredmedia":[{"embeddable":true,"href":"https:\/\/prrscontrol.com\/es\/wp-json\/wp\/v2\/media\/17056"}],"wp:attachment":[{"href":"https:\/\/prrscontrol.com\/es\/wp-json\/wp\/v2\/media?parent=21040"}],"wp:term":[{"taxonomy":"category","embeddable":true,"href":"https:\/\/prrscontrol.com\/es\/wp-json\/wp\/v2\/categories?post=21040"},{"taxonomy":"post_tag","embeddable":true,"href":"https:\/\/prrscontrol.com\/es\/wp-json\/wp\/v2\/tags?post=21040"}],"curies":[{"name":"wp","href":"https:\/\/api.w.org\/{rel}","templated":true}]}}