{"id":21649,"date":"2021-01-11T09:21:22","date_gmt":"2021-01-11T09:21:22","guid":{"rendered":"https:\/\/prrscontrol.com\/?page_id=21649"},"modified":"2022-03-02T13:20:21","modified_gmt":"2022-03-02T13:20:21","slug":"suipravac-prrs","status":"publish","type":"page","link":"https:\/\/prrscontrol.com\/es\/suipravac-prrs\/","title":{"rendered":"SUIPRAVAC PRRS"},"content":{"rendered":"<div class=\"wpb-content-wrapper\"><p>[vc_row bg_image=\u00bb16196&#8243; bg_color=\u00bb#f9f9f9&#8243; top_padding=\u00bb260&#8243; bottom_padding=\u00bb170&#8243; class=\u00bbtitulo\u00bb bg_position=\u00bbcenter center\u00bb][vc_column el_class=\u00bbtitular\u00bb width=\u00bb1\/1&#8243;]<h1 class=\"headline font-inherit fontsize-inherit fontweight-inherit lh-inherit align-left transform-inherit \" style=\" color: #e75e13;\">SUIPRAVAC\u00ae <strong>PRRS<\/strong><\/h1><h2 class=\"headline font-inherit fontsize-inherit fontweight-400 lh-inherit align-left transform-inherit \" style=\"margin: 0; color: rgba(191,191,191,0.71);\">Vacuna inactivada contra el virus del S\u00edndrome Reproductivo y Respiratorio Porcino(PRRS)<\/h2>[\/vc_column][\/vc_row][vc_row bottom_padding=\u00bb50&#8243;][vc_column el_class=\u00bbcontenido\u00bb width=\u00bb8\/12&#8243;]<div class=\"single_image wpb_content_element align-left  animate   logounstrain\" data-animation=\"fade-in\" data-delay=\"0\"><img loading=\"lazy\" decoding=\"async\" width=\"188\" height=\"75\" src=\"https:\/\/prrscontrol.com\/wp-content\/uploads\/2021\/11\/suipravac-hipra-logo.jpg\" class=\"attachment-full\" alt=\"\" title=\"suipravac-hipra-logo\" \/><\/div><div class=\"single_image wpb_content_element align-center  animate   \" data-animation=\"fade-in\" data-delay=\"0\"><img loading=\"lazy\" decoding=\"async\" width=\"450\" height=\"550\" src=\"https:\/\/prrscontrol.com\/wp-content\/uploads\/2021\/12\/SUIPRAVAC_PRRS.jpg\" class=\"attachment-full\" alt=\"\" title=\"SUIPRAVAC_PRRS\" srcset=\"https:\/\/prrscontrol.com\/wp-content\/uploads\/2021\/12\/SUIPRAVAC_PRRS.jpg 450w, https:\/\/prrscontrol.com\/wp-content\/uploads\/2021\/12\/SUIPRAVAC_PRRS-245x300.jpg 245w\" sizes=\"auto, (max-width: 450px) 100vw, 450px\" \/><\/div>[vc_column_text]<\/p>\n<div class=\"itemBody\">\n<p id=\"composicionTitulo\" class=\"titulo_naranja\" dir=\"ltr\"><strong>COMPOSICI\u00d3N:<\/strong><\/p>\n<p dir=\"ltr\"><strong><span style=\"color: #003896;\">Cada dosis contiene:<\/span><\/strong><\/p>\n<p>Principio activo:<br \/>\nVirus PRRS inactivado (linaje europeo), cepa VP-046 BIS \u2265 80 % ER30<\/p>\n<p>Adyuvantes:<br \/>\nParafina l\u00edquida 874,65 mg<\/p>\n<p>Excipientes:<br \/>\nTiomersal 0,20 mg<\/p>\n<p class=\"titulo_naranja\" dir=\"ltr\"><strong>INDICACIONES:\u00a0<\/strong><\/p>\n<p dir=\"ltr\"><span style=\"color: #003896;\"><strong>Porcino (cerdas reproductoras):\u00a0<\/strong><\/span>Inmunizaci\u00f3n activa para prevenir los trastornos reproductivos provocados por el Virus del S\u00edndrome Reproductivo y Respiratorio Porcino (PRRS) europeo en cerdas reproductoras.<\/p>\n<p class=\"titulo_naranja\" dir=\"ltr\"><strong>POSOLOG\u00cdA Y V\u00cdA DE ADMINISTRACI\u00d3N:<\/strong><\/p>\n<p dir=\"ltr\"><span style=\"color: #003896;\"><strong>Dosis: <\/strong><\/span>2 ml \/ cerdo, independientemente de su peso, edad y sexo.<\/p>\n<p>El m\u00e9todo de administraci\u00f3n es por inyecci\u00f3n intramuscular profunda en los m\u00fasculos del cuello, detr\u00e1s de la base de la oreja.<\/p>\n<p dir=\"ltr\"><strong><span style=\"color: #003896;\"><b>Programa vacunal:<br \/>\n<\/b><\/span><\/strong><\/p>\n<ul dir=\"ltr\">\n<li><strong><strong><span style=\"color: #003896;\"><b>Cerdas j\u00f3venes:\u00a0<\/b><\/span><\/strong><\/strong>Administrar 2 dosis a partir de 6 semanas de edad en un intervalo de unas 3 semanas al entrar en la explotaci\u00f3n. Luego, se seguir\u00e1 el mismo plan vacunal de las cerdas adultas.<\/li>\n<li><strong><strong><span style=\"color: #003896;\">Cerdas adultas: <\/span><\/strong><\/strong>Administrar 2 dosis en un intervalo de 3 a 4 semanas.<\/li>\n<li><strong><strong><span style=\"color: #003896;\"><b>Revacunaci\u00f3n:\u00a0<\/b><\/span><\/strong><\/strong>Administrar una dosis de recuerdo cada 4 meses.<\/li>\n<\/ul>\n<p class=\"titulo_naranja\" dir=\"ltr\"><strong>CONTRAINDICACIONES:<\/strong><\/p>\n<ul dir=\"ltr\">\n<li>Ninguna<\/li>\n<\/ul>\n<p class=\"titulo_naranja\" dir=\"ltr\"><strong>INTERACCI\u00d3N CON OTROS F\u00c1RMACOS:<\/strong><\/p>\n<p dir=\"ltr\">No existe informaci\u00f3n disponible sobre la seguridad ni la eficacia del uso de esta vacuna con cualquier otro medicamento veterinario. La decisi\u00f3n sobre el uso de esta vacuna antes o despu\u00e9s de la administraci\u00f3n de cualquier otro medicamento veterinario se deber\u00e1 realizar caso por caso.<\/p>\n<p class=\"titulo_naranja\" dir=\"ltr\"><strong>PRECAUCIONES ESPECIALES:<\/strong><\/p>\n<p dir=\"ltr\">Vacunar \u00fanicamente animales sanos.<\/p>\n<p class=\"titulo_naranja\" dir=\"ltr\"><strong>USO DURANTE LA GESTACI\u00d3N Y LA LACTANCIA:<br \/>\n<\/strong><\/p>\n<p dir=\"ltr\">Puede utilizarse durante la gestaci\u00f3n y la lactancia.<\/p>\n<\/div>\n<p>[\/vc_column_text][\/vc_column][vc_column el_class=\u00bbsidebar-pagina\u00bb width=\u00bb4\/12&#8243;][vc_row_inner][vc_column_inner css=\u00bb.vc_custom_1523889679021{padding-bottom: 25px !important;}\u00bb][vc_column_text el_class=\u00bbtit\u00bb]Material relacionado[\/vc_column_text]<div class=\"minti_list wpb_content_element color-grey circle\" style=\"\">\n<ul>\n<li><a href=\"https:\/\/prrscontrol.com\/es\/publicaciones\/\">Publicaciones t\u00e9cnicas<\/a><\/li>\n<\/ul>\n<\/div>[\/vc_column_inner][\/vc_row_inner][vc_row_inner][vc_column_inner][vc_column_text el_class=\u00bbinfo\u00bb]La informaci\u00f3n contenida en esta p\u00e1gina es meramente informativa y no debe interpretarse de ninguna manera como pauta de prescripci\u00f3n estricta. Esta informaci\u00f3n puede variar de un pa\u00eds a otro de acuerdo con la legislaci\u00f3n local. Para conocer la informaci\u00f3n t\u00e9cnica exacta y v\u00e1lida para su pa\u00eds, <a href=\"https:\/\/prrscontrol.com\/es\/contacto\/\">p\u00f3ngase en contacto con nosotros.<\/a>[\/vc_column_text][\/vc_column_inner][\/vc_row_inner][\/vc_column][\/vc_row]<\/p>\n<div style=\"text-align:center\" class=\"yasr-auto-insert-visitor\"><\/div><\/div>","protected":false},"excerpt":{"rendered":"<p>[vc_row bg_image=\u00bb16196&#8243; bg_color=\u00bb#f9f9f9&#8243; top_padding=\u00bb260&#8243; bottom_padding=\u00bb170&#8243; class=\u00bbtitulo\u00bb bg_position=\u00bbcenter center\u00bb][vc_column el_class=\u00bbtitular\u00bb width=\u00bb1\/1&#8243;][\/vc_column][\/vc_row][vc_row bottom_padding=\u00bb50&#8243;][vc_column el_class=\u00bbcontenido\u00bb width=\u00bb8\/12&#8243;][vc_column_text] COMPOSICI\u00d3N: Cada dosis contiene: Principio activo: Virus PRRS inactivado (linaje europeo), cepa VP-046 BIS \u2265 80 % ER30 Adyuvantes: Parafina l\u00edquida 874,65 mg Excipientes: Tiomersal 0,20 mg INDICACIONES:\u00a0 Porcino (cerdas reproductoras):\u00a0Inmunizaci\u00f3n activa para prevenir los trastornos reproductivos provocados por el Virus del S\u00edndrome Reproductivo y Respiratorio Porcino (PRRS) europeo en cerdas reproductoras. POSOLOG\u00cdA Y V\u00cdA DE ADMINISTRACI\u00d3N: Dosis: 2 ml \/ cerdo, independientemente de su peso, edad y sexo. El m\u00e9todo de administraci\u00f3n es por inyecci\u00f3n intramuscular profunda en los m\u00fasculos del cuello, detr\u00e1s de la base de la oreja. Programa vacunal: Cerdas j\u00f3venes:\u00a0Administrar 2 dosis a partir de 6 semanas de edad en un intervalo de unas 3 semanas al entrar en la explotaci\u00f3n. Luego, se seguir\u00e1 el mismo plan vacunal de las cerdas adultas. Cerdas adultas: Administrar 2 dosis en un intervalo de 3 a 4 semanas. Revacunaci\u00f3n:\u00a0Administrar una dosis de recuerdo cada 4 meses. CONTRAINDICACIONES: Ninguna INTERACCI\u00d3N CON OTROS F\u00c1RMACOS: No existe informaci\u00f3n disponible sobre la seguridad ni la eficacia del uso de esta vacuna con cualquier otro medicamento veterinario. La decisi\u00f3n sobre el uso de esta vacuna antes o despu\u00e9s de la administraci\u00f3n [&hellip;]<\/p>\n","protected":false},"author":19,"featured_media":17056,"parent":0,"menu_order":0,"comment_status":"open","ping_status":"open","template":"","meta":{"_acf_changed":false,"_cbd_carousel_blocks":"[]","yasr_overall_rating":0,"yasr_post_is_review":"","yasr_auto_insert_disabled":"","yasr_review_type":"","footnotes":""},"categories":[],"tags":[],"class_list":["post-21649","page","type-page","status-publish","has-post-thumbnail","hentry"],"acf":[],"yasr_visitor_votes":{"number_of_votes":0,"sum_votes":0,"stars_attributes":{"read_only":false,"span_bottom":false}},"_links":{"self":[{"href":"https:\/\/prrscontrol.com\/es\/wp-json\/wp\/v2\/pages\/21649","targetHints":{"allow":["GET"]}}],"collection":[{"href":"https:\/\/prrscontrol.com\/es\/wp-json\/wp\/v2\/pages"}],"about":[{"href":"https:\/\/prrscontrol.com\/es\/wp-json\/wp\/v2\/types\/page"}],"author":[{"embeddable":true,"href":"https:\/\/prrscontrol.com\/es\/wp-json\/wp\/v2\/users\/19"}],"replies":[{"embeddable":true,"href":"https:\/\/prrscontrol.com\/es\/wp-json\/wp\/v2\/comments?post=21649"}],"version-history":[{"count":11,"href":"https:\/\/prrscontrol.com\/es\/wp-json\/wp\/v2\/pages\/21649\/revisions"}],"predecessor-version":[{"id":23056,"href":"https:\/\/prrscontrol.com\/es\/wp-json\/wp\/v2\/pages\/21649\/revisions\/23056"}],"wp:featuredmedia":[{"embeddable":true,"href":"https:\/\/prrscontrol.com\/es\/wp-json\/wp\/v2\/media\/17056"}],"wp:attachment":[{"href":"https:\/\/prrscontrol.com\/es\/wp-json\/wp\/v2\/media?parent=21649"}],"wp:term":[{"taxonomy":"category","embeddable":true,"href":"https:\/\/prrscontrol.com\/es\/wp-json\/wp\/v2\/categories?post=21649"},{"taxonomy":"post_tag","embeddable":true,"href":"https:\/\/prrscontrol.com\/es\/wp-json\/wp\/v2\/tags?post=21649"}],"curies":[{"name":"wp","href":"https:\/\/api.w.org\/{rel}","templated":true}]}}