{"id":25486,"date":"2023-05-23T12:46:35","date_gmt":"2023-05-23T12:46:35","guid":{"rendered":"https:\/\/prrscontrol.com\/lideres-de-opinion-de-prrs\/"},"modified":"2023-06-05T07:35:09","modified_gmt":"2023-06-05T07:35:09","slug":"lideres-de-opinion-de-prrs","status":"publish","type":"page","link":"https:\/\/prrscontrol.com\/es\/lideres-de-opinion-de-prrs\/","title":{"rendered":"Perspectivas actuales del PRRS: los expertos opinan"},"content":{"rendered":"<div id=\"integration-video-gallery\" class=\"emd-container emd-integration-wrap\">\n\t\t\t\t<div id='video_items_1_emd_video-cont' class='emd-container '>\n\t\t\t\t\t\t\t\t<div id='video_items_1_emd_video-view' class='emd-view-results'>\n\t\t\t\t\t\t\t\t<input type='hidden' id='emd_entity' name='emd_entity' value='emd_video'>\n\t\t\t\t<input type='hidden' id='emd_view' name='emd_view' value='video_items'>\n\t\t\t\t<input type='hidden' id='emd_view_count' name='emd_view_count' value='1'>\t\n\t\t\t\t<input type='hidden' id='emd_app' name='emd_app' value='youtube_showcase'>\n\t\t\t\t\t\t\t\t\t\t\t<input type='hidden' id='atts_filter' name='atts_filter' value='attr::emd_video_featured::is::1;tax::category::is::koles;misc::order::is::ASC'>\n\t\t\t\t\t\t<div data-interval=\"false\" id=\"emdvideos\" class=\"carousel slide article-slide\">\n    <div class=\"carousel-inner cont-slider\"><div id=\"emd-videos\" class=\"item active\">\n\t<div class=\"emd-embed-responsive\">\n\t<iframe src=\"https:\/\/www.youtube-nocookie.com\/embed\/trgPTSkPdHg\" frameborder=\"0\" allowfullscreen referrerpolicy=\"strict-origin-when-cross-origin\" allow=\"autoplay; encrypted-media; fullscreen\"><\/iframe>\n\t<\/div>\t\n<div class=\"panel panel-default\">\n  <div class=\"video-summary\">\n<p><a title=\"\u00bfPor qu\u00e9 y cu\u00e1ndo vacunar a los lechones frente al PRRS?\" href=\"https:\/\/prrscontrol.com\/es\/videos\/vacunar-lechones-prrs\/\">\u00bfPor qu\u00e9 y cu\u00e1ndo vacunar a los lechones frente al PRRS?<\/a><\/p>\n <div class=\"video-excerpt\"> Carlo Lasagna, C\u00e9sar Corzo, Iv\u00e1n D\u00edaz y Umberto Rolla nos cuentan su opini\u00f3n sobre cu\u00e1ndo y por qu\u00e9 vacunar lechones frente al PRRS. Partiendo de granjas estables en las que destetamos lechones negativos a PRRS; nos anticiparemos a una infecci\u00f3n posterior, reduciendo el impacto de la enfermedad.\u00a0\u00a0<\/div>\n  <\/div>\n      <!-- Controls -->\n      <div class=\"controls visible-xs-block\">\n      <a data-slide=\"prev\" role=\"button\" href=\"#emdvideos\" class=\"left carousel-control\">\n        <span class=\"icon-prev\"><\/span>\n        <span class=\"sr-only\">Previous<\/span>\n      <\/a>\n      <a data-slide=\"next\" role=\"button\" href=\"#emdvideos\" class=\"right carousel-control\">\n        <span class=\"icon-next\"><\/span>\n        <span class=\"sr-only\">Next<\/span>\n      <\/a>\n      <\/div>\n<\/div>\n <\/div><div id=\"emd-videos\" class=\"item \">\n\t<div class=\"emd-embed-responsive\">\n\t<iframe src=\"https:\/\/www.youtube-nocookie.com\/embed\/SpOFlrhFyMk\" frameborder=\"0\" allowfullscreen referrerpolicy=\"strict-origin-when-cross-origin\" allow=\"autoplay; encrypted-media; fullscreen\"><\/iframe>\n\t<\/div>\t\n<div class=\"panel panel-default\">\n  <div class=\"video-summary\">\n<p><a title=\"Cepas altamente pat\u00f3genas de PRRS\" href=\"https:\/\/prrscontrol.com\/es\/videos\/cepas-hipopatogenas-prrs\/\">Cepas altamente pat\u00f3genas de PRRS<\/a><\/p>\n <div class=\"video-excerpt\"> Despu\u00e9s de casi tres a\u00f1os de circulaci\u00f3n de la cepa \u201cRosal\u00eda\u201d en las granjas espa\u00f1olas, \u00bfQu\u00e9 sabemos de ella? Jordi Baliellas y Enric Mateu te cuentan lo vivido en Espa\u00f1a, y en esta ocasi\u00f3n adem\u00e1s Carlo Lasagna y Cesar Corzo nos compartir\u00e1n su experiencia tras a\u00f1os de convivencia con este tipo de cepas en Italia y EE. UU. \r\n<\/div>\n  <\/div>\n      <!-- Controls -->\n      <div class=\"controls visible-xs-block\">\n      <a data-slide=\"prev\" role=\"button\" href=\"#emdvideos\" class=\"left carousel-control\">\n        <span class=\"icon-prev\"><\/span>\n        <span class=\"sr-only\">Previous<\/span>\n      <\/a>\n      <a data-slide=\"next\" role=\"button\" href=\"#emdvideos\" class=\"right carousel-control\">\n        <span class=\"icon-next\"><\/span>\n        <span class=\"sr-only\">Next<\/span>\n      <\/a>\n      <\/div>\n<\/div>\n <\/div><div id=\"emd-videos\" class=\"item \">\n\t<div class=\"emd-embed-responsive\">\n\t<iframe src=\"https:\/\/www.youtube-nocookie.com\/embed\/aV4biCwoWlw\" frameborder=\"0\" allowfullscreen referrerpolicy=\"strict-origin-when-cross-origin\" allow=\"autoplay; encrypted-media; fullscreen\"><\/iframe>\n\t<\/div>\t\n<div class=\"panel panel-default\">\n  <div class=\"video-summary\">\n<p><a title=\"La bioseguridad en el control del PRRS\" href=\"https:\/\/prrscontrol.com\/es\/videos\/bioseguridad-prrs\/\">La bioseguridad en el control del PRRS<\/a><\/p>\n <div class=\"video-excerpt\"> Analizamos los puntos clave de la bioseguridad en el control del PRRS como la monitorizaci\u00f3n de animales y semen o la recogida de cad\u00e1veres, entre otros.<\/div>\n  <\/div>\n      <!-- Controls -->\n      <div class=\"controls visible-xs-block\">\n      <a data-slide=\"prev\" role=\"button\" href=\"#emdvideos\" class=\"left carousel-control\">\n        <span class=\"icon-prev\"><\/span>\n        <span class=\"sr-only\">Previous<\/span>\n      <\/a>\n      <a data-slide=\"next\" role=\"button\" href=\"#emdvideos\" class=\"right carousel-control\">\n        <span class=\"icon-next\"><\/span>\n        <span class=\"sr-only\">Next<\/span>\n      <\/a>\n      <\/div>\n<\/div>\n <\/div><div id=\"emd-videos\" class=\"item \">\n\t<div class=\"emd-embed-responsive\">\n\t<iframe src=\"https:\/\/www.youtube-nocookie.com\/embed\/Fe4Lu5JmtT0\" frameborder=\"0\" allowfullscreen referrerpolicy=\"strict-origin-when-cross-origin\" allow=\"autoplay; encrypted-media; fullscreen\"><\/iframe>\n\t<\/div>\t\n<div class=\"panel panel-default\">\n  <div class=\"video-summary\">\n<p><a title=\"Vacuna inactivada de PRRS\" href=\"https:\/\/prrscontrol.com\/es\/videos\/vacuna-inactivada-prrs\/\">Vacuna inactivada de PRRS<\/a><\/p>\n <div class=\"video-excerpt\"> \u00bfTiene sentido la vacunaci\u00f3n frente a PRRS con vacuna inactivada? \r\n\r\n\u00bfCu\u00e1l es su mecanismo de acci\u00f3n y cu\u00e1l ser\u00eda el momento \u00f3ptimo de aplicaci\u00f3n?  \u00bfPuede usarse en granjas positivas? Iv\u00e1n D\u00edaz, Investigador del IRTA-CRESA nos responde a estas preguntas y aclara m\u00e1s dudas acerca de este tema de actualidad.\r\n<\/div>\n  <\/div>\n      <!-- Controls -->\n      <div class=\"controls visible-xs-block\">\n      <a data-slide=\"prev\" role=\"button\" href=\"#emdvideos\" class=\"left carousel-control\">\n        <span class=\"icon-prev\"><\/span>\n        <span class=\"sr-only\">Previous<\/span>\n      <\/a>\n      <a data-slide=\"next\" role=\"button\" href=\"#emdvideos\" class=\"right carousel-control\">\n        <span class=\"icon-next\"><\/span>\n        <span class=\"sr-only\">Next<\/span>\n      <\/a>\n      <\/div>\n<\/div>\n <\/div><div id=\"emd-videos\" class=\"item \">\n\t<div class=\"emd-embed-responsive\">\n\t<iframe src=\"https:\/\/www.youtube-nocookie.com\/embed\/CqWXfCoV2vA\" frameborder=\"0\" allowfullscreen referrerpolicy=\"strict-origin-when-cross-origin\" allow=\"autoplay; encrypted-media; fullscreen\"><\/iframe>\n\t<\/div>\t\n<div class=\"panel panel-default\">\n  <div class=\"video-summary\">\n<p><a title=\"La secuenciacio\u0301n como herramienta de control del PRRS\" href=\"https:\/\/prrscontrol.com\/es\/videos\/secuenciacion-prrs\/\">La secuenciacio\u0301n como herramienta de control del PRRS<\/a><\/p>\n <div class=\"video-excerpt\"> Enric Mateu, Lars E.Larsen y Carlo Lasagna nos cuentan su opini\u00f3n sobre utilidad de la secuenciaci\u00f3n como herramienta en el control del PRRS. La gran variabilidad del PRRS hace que la secuenciaci\u00f3n sea una forma muy \u00fatil para tener informaci\u00f3n epidemiol\u00f3gica de nuestras cepas de PRRS, pudiendo compararlas entre ellas, diferenciar cepas campo y vacunales, estudiar la variaci\u00f3n del virus a lo largo del tiempo o detectar la entrada de nuevas cepas.\r\n<\/div>\n  <\/div>\n      <!-- Controls -->\n      <div class=\"controls visible-xs-block\">\n      <a data-slide=\"prev\" role=\"button\" href=\"#emdvideos\" class=\"left carousel-control\">\n        <span class=\"icon-prev\"><\/span>\n        <span class=\"sr-only\">Previous<\/span>\n      <\/a>\n      <a data-slide=\"next\" role=\"button\" href=\"#emdvideos\" class=\"right carousel-control\">\n        <span class=\"icon-next\"><\/span>\n        <span class=\"sr-only\">Next<\/span>\n      <\/a>\n      <\/div>\n<\/div>\n <\/div><div id=\"emd-videos\" class=\"item \">\n\t<div class=\"emd-embed-responsive\">\n\t<iframe src=\"https:\/\/www.youtube-nocookie.com\/embed\/ztgUYFEdUKE\" frameborder=\"0\" allowfullscreen referrerpolicy=\"strict-origin-when-cross-origin\" allow=\"autoplay; encrypted-media; fullscreen\"><\/iframe>\n\t<\/div>\t\n<div class=\"panel panel-default\">\n  <div class=\"video-summary\">\n<p><a title=\"Recombinacio\u0301n del virus de PRRS\" href=\"https:\/\/prrscontrol.com\/es\/videos\/recombinacion-virus-prrs\/\">Recombinacio\u0301n del virus de PRRS<\/a><\/p>\n <div class=\"video-excerpt\"> Lars E. Larsen y Cesar Corzo nos explican por qu\u00e9 el virus PRRS tiene tanta facilidad para recombinarse, remarcando que esto no siempre genera problemas en granja. Adem\u00e1s, Enric Mateu resalta la importancia de seguir planes de vacunaci\u00f3n adecuados para minimizar la posibilidad de recombinaciones.<\/div>\n  <\/div>\n      <!-- Controls -->\n      <div class=\"controls visible-xs-block\">\n      <a data-slide=\"prev\" role=\"button\" href=\"#emdvideos\" class=\"left carousel-control\">\n        <span class=\"icon-prev\"><\/span>\n        <span class=\"sr-only\">Previous<\/span>\n      <\/a>\n      <a data-slide=\"next\" role=\"button\" href=\"#emdvideos\" class=\"right carousel-control\">\n        <span class=\"icon-next\"><\/span>\n        <span class=\"sr-only\">Next<\/span>\n      <\/a>\n      <\/div>\n<\/div>\n <\/div><\/div>\n<\/div>\t\t\t\t<\/div>\n\t\t\t\t<\/div>\n\t\t\t\t\n\t\t\t\t<div id='video_indicators_2_emd_video-cont' class='emd-container '>\n\t\t\t\t\t\t\t\t<div id='video_indicators_2_emd_video-view' class='emd-view-results'>\n\t\t\t\t\t\t\t\t<input type='hidden' id='emd_entity' name='emd_entity' value='emd_video'>\n\t\t\t\t<input type='hidden' id='emd_view' name='emd_view' value='video_indicators'>\n\t\t\t\t<input type='hidden' id='emd_view_count' name='emd_view_count' value='2'>\t\n\t\t\t\t<input type='hidden' id='emd_app' name='emd_app' value='youtube_showcase'>\n\t\t\t\t\t\t\t\t\t\t\t<input type='hidden' id='atts_filter' name='atts_filter' value='attr::emd_video_featured::is::1;tax::category::is::koles;misc::order::is::ASC'>\n\t\t\t\t\t\t<div class=\"row \"><div style=\"cursor: pointer;\" class=\"col-lg-3 col-sm-4 col-xs-6 active\" data-slide-to=\"0\" data-target=\"#emdvideos\" onclick=\"[removed]='#emdvideos'\">\n<div class=\"panel panel-info item-video\">\n  <div class=\"panel-body emd-vid\">\n            <div class=\"thumbnail\" style=\"padding:0;border: 0;border-bottom-left-radius: 0;border-bottom-right-radius: 0;\">\n                <img decoding=\"async\" style=\"width:100%;height:auto;\" src=\"https:\/\/img.youtube.com\/vi\/trgPTSkPdHg\/mqdefault.jpg\" alt=\"\u00bfPor qu\u00e9 y cu\u00e1ndo vacunar a los lechones frente al PRRS?\" \/>\n            <\/div>\n  <\/div>\n  <div class=\"panel-footer\" style=\"background-color: rgba(0, 0, 0, 0);\">\u00bfPor qu\u00e9 y cu\u00e1ndo vacunar a los lechones frente al PRRS?<\/div>\n<\/div>\n <\/div><div style=\"cursor: pointer;\" class=\"col-lg-3 col-sm-4 col-xs-6 \" data-slide-to=\"1\" data-target=\"#emdvideos\" onclick=\"[removed]='#emdvideos'\">\n<div class=\"panel panel-info item-video\">\n  <div class=\"panel-body emd-vid\">\n            <div class=\"thumbnail\" style=\"padding:0;border: 0;border-bottom-left-radius: 0;border-bottom-right-radius: 0;\">\n                <img decoding=\"async\" style=\"width:100%;height:auto;\" src=\"https:\/\/img.youtube.com\/vi\/SpOFlrhFyMk\/mqdefault.jpg\" alt=\"Cepas altamente pat\u00f3genas de PRRS\" \/>\n            <\/div>\n  <\/div>\n  <div class=\"panel-footer\" style=\"background-color: rgba(0, 0, 0, 0);\">Cepas altamente pat\u00f3genas de PRRS<\/div>\n<\/div>\n <\/div><div style=\"cursor: pointer;\" class=\"col-lg-3 col-sm-4 col-xs-6 \" data-slide-to=\"2\" data-target=\"#emdvideos\" onclick=\"[removed]='#emdvideos'\">\n<div class=\"panel panel-info item-video\">\n  <div class=\"panel-body emd-vid\">\n            <div class=\"thumbnail\" style=\"padding:0;border: 0;border-bottom-left-radius: 0;border-bottom-right-radius: 0;\">\n                <img decoding=\"async\" style=\"width:100%;height:auto;\" src=\"https:\/\/img.youtube.com\/vi\/aV4biCwoWlw\/mqdefault.jpg\" alt=\"La bioseguridad en el control del PRRS\" \/>\n            <\/div>\n  <\/div>\n  <div class=\"panel-footer\" style=\"background-color: rgba(0, 0, 0, 0);\">La bioseguridad en el control del PRRS<\/div>\n<\/div>\n <\/div><div style=\"cursor: pointer;\" class=\"col-lg-3 col-sm-4 col-xs-6 \" data-slide-to=\"3\" data-target=\"#emdvideos\" onclick=\"[removed]='#emdvideos'\">\n<div class=\"panel panel-info item-video\">\n  <div class=\"panel-body emd-vid\">\n            <div class=\"thumbnail\" style=\"padding:0;border: 0;border-bottom-left-radius: 0;border-bottom-right-radius: 0;\">\n                <img decoding=\"async\" style=\"width:100%;height:auto;\" src=\"https:\/\/img.youtube.com\/vi\/Fe4Lu5JmtT0\/mqdefault.jpg\" alt=\"Vacuna inactivada de PRRS\" \/>\n            <\/div>\n  <\/div>\n  <div class=\"panel-footer\" style=\"background-color: rgba(0, 0, 0, 0);\">Vacuna inactivada de PRRS<\/div>\n<\/div>\n <\/div><div style=\"cursor: pointer;\" class=\"col-lg-3 col-sm-4 col-xs-6 \" data-slide-to=\"4\" data-target=\"#emdvideos\" onclick=\"[removed]='#emdvideos'\">\n<div class=\"panel panel-info item-video\">\n  <div class=\"panel-body emd-vid\">\n            <div class=\"thumbnail\" style=\"padding:0;border: 0;border-bottom-left-radius: 0;border-bottom-right-radius: 0;\">\n                <img decoding=\"async\" style=\"width:100%;height:auto;\" src=\"https:\/\/img.youtube.com\/vi\/CqWXfCoV2vA\/mqdefault.jpg\" alt=\"La secuenciacio\u0301n como herramienta de control del PRRS\" \/>\n            <\/div>\n  <\/div>\n  <div class=\"panel-footer\" style=\"background-color: rgba(0, 0, 0, 0);\">La secuenciacio\u0301n como herramienta de control del PRRS<\/div>\n<\/div>\n <\/div><div style=\"cursor: pointer;\" class=\"col-lg-3 col-sm-4 col-xs-6 \" data-slide-to=\"5\" data-target=\"#emdvideos\" onclick=\"[removed]='#emdvideos'\">\n<div class=\"panel panel-info item-video\">\n  <div class=\"panel-body emd-vid\">\n            <div class=\"thumbnail\" style=\"padding:0;border: 0;border-bottom-left-radius: 0;border-bottom-right-radius: 0;\">\n                <img decoding=\"async\" style=\"width:100%;height:auto;\" src=\"https:\/\/img.youtube.com\/vi\/ztgUYFEdUKE\/mqdefault.jpg\" alt=\"Recombinacio\u0301n del virus de PRRS\" \/>\n            <\/div>\n  <\/div>\n  <div class=\"panel-footer\" style=\"background-color: rgba(0, 0, 0, 0);\">Recombinacio\u0301n del virus de PRRS<\/div>\n<\/div>\n <\/div><\/div>\t\t\t\t<\/div>\n\t\t\t\t<\/div>\n\t\t\t\t<\/div><!--container-end-->\n<div style=\"text-align:center\" class=\"yasr-auto-insert-visitor\"><\/div>","protected":false},"excerpt":{"rendered":"Lars E. Larsen y Cesar Corzo nos explican por qu\u00e9 el virus PRRS tiene tanta facilidad para recombinarse, remarcando que esto no siempre genera problemas en granja. Adem\u00e1s, Enric Mateu resalta la importancia de seguir planes de vacunaci\u00f3n adecuados para minimizar la posibilidad de recombinaciones.","protected":false},"author":23,"featured_media":25545,"parent":0,"menu_order":0,"comment_status":"closed","ping_status":"closed","template":"","meta":{"_acf_changed":false,"_cbd_carousel_blocks":"[]","yasr_overall_rating":0,"yasr_post_is_review":"","yasr_auto_insert_disabled":"","yasr_review_type":"","footnotes":""},"categories":[],"tags":[],"class_list":["post-25486","page","type-page","status-publish","has-post-thumbnail","hentry"],"acf":[],"yasr_visitor_votes":{"number_of_votes":0,"sum_votes":0,"stars_attributes":{"read_only":false,"span_bottom":false}},"_links":{"self":[{"href":"https:\/\/prrscontrol.com\/es\/wp-json\/wp\/v2\/pages\/25486","targetHints":{"allow":["GET"]}}],"collection":[{"href":"https:\/\/prrscontrol.com\/es\/wp-json\/wp\/v2\/pages"}],"about":[{"href":"https:\/\/prrscontrol.com\/es\/wp-json\/wp\/v2\/types\/page"}],"author":[{"embeddable":true,"href":"https:\/\/prrscontrol.com\/es\/wp-json\/wp\/v2\/users\/23"}],"replies":[{"embeddable":true,"href":"https:\/\/prrscontrol.com\/es\/wp-json\/wp\/v2\/comments?post=25486"}],"version-history":[{"count":8,"href":"https:\/\/prrscontrol.com\/es\/wp-json\/wp\/v2\/pages\/25486\/revisions"}],"predecessor-version":[{"id":25544,"href":"https:\/\/prrscontrol.com\/es\/wp-json\/wp\/v2\/pages\/25486\/revisions\/25544"}],"wp:featuredmedia":[{"embeddable":true,"href":"https:\/\/prrscontrol.com\/es\/wp-json\/wp\/v2\/media\/25545"}],"wp:attachment":[{"href":"https:\/\/prrscontrol.com\/es\/wp-json\/wp\/v2\/media?parent=25486"}],"wp:term":[{"taxonomy":"category","embeddable":true,"href":"https:\/\/prrscontrol.com\/es\/wp-json\/wp\/v2\/categories?post=25486"},{"taxonomy":"post_tag","embeddable":true,"href":"https:\/\/prrscontrol.com\/es\/wp-json\/wp\/v2\/tags?post=25486"}],"curies":[{"name":"wp","href":"https:\/\/api.w.org\/{rel}","templated":true}]}}