{"id":27336,"date":"2025-12-16T10:37:17","date_gmt":"2025-12-16T10:37:17","guid":{"rendered":"https:\/\/prrscontrol.com\/?page_id=27336"},"modified":"2026-01-27T11:16:02","modified_gmt":"2026-01-27T10:16:02","slug":"experiences-challenge-prrs-control","status":"publish","type":"page","link":"https:\/\/prrscontrol.com\/es\/experiences-challenge-prrs-control\/","title":{"rendered":"Experiences Challenge: PRRS CONTROL"},"content":{"rendered":"<div class=\"wpb-content-wrapper\"><p>[vc_row][vc_column][vc_single_image image=\u00bb27321&#8243; img_size=\u00bblarge\u00bb alignment=\u00bbcenter\u00bb css=\u00bb\u00bb][vc_column_text css=\u00bb\u00bb]<\/p>\n<h1>Comparte tu caso. Impulsa el conocimiento del sector.<\/h1>\n<p>El PRRS sigue siendo uno de los mayores desaf\u00edos para la producci\u00f3n porcina. Y, a pesar de los avances, todav\u00eda hay mucho conocimiento valioso en el campo que merece ser analizado y compartido.<\/p>\n<p>El <strong>Experiences Challenge: PRRS CONTROL<\/strong> nace con este prop\u00f3sito: dar visibilidad a experiencias reales que han contribuido a mejorar el control del PRRS mediante el uso de la vacuna <strong>UNISTRAIN\u00ae PRRS<\/strong>.[\/vc_column_text][vc_column_text css=\u00bb\u00bb]Si cuentas con un caso s\u00f3lido, claro y bien documentado, este es tu espacio. Las <strong>4 experiencias m\u00e1s relevantes<\/strong> ser\u00e1n seleccionadas para su presentaci\u00f3n en el <strong>Congreso AASV 2027 en Orlando<\/strong>, una oportunidad excepcional para compartir resultados con la comunidad cient\u00edfica internacional.<\/p>\n<p>&nbsp;<\/p>\n<h2>\u00bfQuieres aportar tu experiencia y ayudar a avanzar en el control del PRRS?<\/h2>\n<p>Consulta todos los detalles en la siguiente p\u00e1gina:[\/vc_column_text][vc_btn title=\u00bbExperiences Challenge\u00bb style=\u00bbcustom\u00bb custom_background=\u00bb#E86E34&#8243; custom_text=\u00bb#FFFFFF\u00bb size=\u00bblg\u00bb align=\u00bbcenter\u00bb css=\u00bb.vc_custom_1765882989931{border-color: #DD9933 !important;}\u00bb link=\u00bburl:https%3A%2F%2Fhipra.com%2Fes%2Fsalud-animal%2Fconocimiento%2Fexperiences-challenge-prrs-control|target:_blank\u00bb][vc_column_text css=\u00bb\u00bb]<\/p>\n<h2>Fechas clave<\/h2>\n<p><strong>Cierre de inscripciones<\/strong>: 15 de julio de 2026<\/p>\n<p><strong>Comunicaci\u00f3n de ganadores<\/strong>: 1 de septiembre de 2026[\/vc_column_text][\/vc_column][vc_column][\/vc_column][\/vc_row]<\/p>\n<div style=\"text-align:center\" class=\"yasr-auto-insert-visitor\"><\/div><\/div>","protected":false},"excerpt":{"rendered":"<p>El Experiences Challenge: PRRS CONTROL nace con este prop\u00f3sito: dar visibilidad a experiencias reales que han contribuido a mejorar el control del PRRS mediante el uso de la vacuna UNISTRAIN\u00ae PRRS.<\/p>\n","protected":false},"author":22,"featured_media":26716,"parent":0,"menu_order":0,"comment_status":"closed","ping_status":"closed","template":"","meta":{"_acf_changed":false,"_cbd_carousel_blocks":"[]","yasr_overall_rating":0,"yasr_post_is_review":"","yasr_auto_insert_disabled":"","yasr_review_type":"","footnotes":""},"categories":[],"tags":[],"class_list":["post-27336","page","type-page","status-publish","has-post-thumbnail","hentry"],"acf":[],"yasr_visitor_votes":{"number_of_votes":0,"sum_votes":0,"stars_attributes":{"read_only":false,"span_bottom":false}},"_links":{"self":[{"href":"https:\/\/prrscontrol.com\/es\/wp-json\/wp\/v2\/pages\/27336","targetHints":{"allow":["GET"]}}],"collection":[{"href":"https:\/\/prrscontrol.com\/es\/wp-json\/wp\/v2\/pages"}],"about":[{"href":"https:\/\/prrscontrol.com\/es\/wp-json\/wp\/v2\/types\/page"}],"author":[{"embeddable":true,"href":"https:\/\/prrscontrol.com\/es\/wp-json\/wp\/v2\/users\/22"}],"replies":[{"embeddable":true,"href":"https:\/\/prrscontrol.com\/es\/wp-json\/wp\/v2\/comments?post=27336"}],"version-history":[{"count":5,"href":"https:\/\/prrscontrol.com\/es\/wp-json\/wp\/v2\/pages\/27336\/revisions"}],"predecessor-version":[{"id":27472,"href":"https:\/\/prrscontrol.com\/es\/wp-json\/wp\/v2\/pages\/27336\/revisions\/27472"}],"wp:featuredmedia":[{"embeddable":true,"href":"https:\/\/prrscontrol.com\/es\/wp-json\/wp\/v2\/media\/26716"}],"wp:attachment":[{"href":"https:\/\/prrscontrol.com\/es\/wp-json\/wp\/v2\/media?parent=27336"}],"wp:term":[{"taxonomy":"category","embeddable":true,"href":"https:\/\/prrscontrol.com\/es\/wp-json\/wp\/v2\/categories?post=27336"},{"taxonomy":"post_tag","embeddable":true,"href":"https:\/\/prrscontrol.com\/es\/wp-json\/wp\/v2\/tags?post=27336"}],"curies":[{"name":"wp","href":"https:\/\/api.w.org\/{rel}","templated":true}]}}