{"id":21372,"date":"2021-08-31T13:40:49","date_gmt":"2021-08-31T13:40:49","guid":{"rendered":"https:\/\/prrscontrol.com\/termini-duso\/"},"modified":"2021-08-31T13:40:49","modified_gmt":"2021-08-31T13:40:49","slug":"termini-duso","status":"publish","type":"page","link":"https:\/\/prrscontrol.com\/it\/termini-duso\/","title":{"rendered":"Termini d&#8217;uso"},"content":{"rendered":"<div class=\"row ng-binding\">\n<p dir=\"ltr\">Benvenuto al sito web di HIPRA. Le informazioni fornite in questo sito hanno esclusivamente scopi informativi. La preghiamo di leggere ed esaminare in modo scrupoloso le presenti Condizioni d&#8217;uso prima di utilizzare o accedere a questa pagina web. Mediante l&#8217;uso o l&#8217;accesso a questa pagina web, Lei riconosce di aver letto, compreso ed accettato le seguenti Condizioni d&#8217;uso. Se non \u00e8 d\u2019accordo con queste Condizioni d&#8217;uso, non pu\u00f2 usare n\u00e9 accedere a questa pagina web.<\/p>\n<h4>CONDIZIONI D&#8217;USO<\/h4>\n<p>LABORATORIOS HIPRA, S.A. (da ora in poi HIPRA) \u00e8 una societ\u00e0 spagnola, iscritta al Registro delle Imprese di Girona, con domicilio in Avenida La Selva, n. 135, 17170, Amer (Girona) Spagna (telefono: +34 972 43 06 60). HIPRA \u00e8 la titolare esclusiva di questa pagina web; fatta eccezione in caso di indicazione esplicita che asserisce il contrario, la titolarit\u00e0 di tutti i diritti di propriet\u00e0 intellettuale dei contenuti di questa pagina web corrisponde a HIPRA.<\/p>\n<h4>Informazioni<\/h4>\n<p>Le informazioni contenute in questa pagina web devono essere considerate informazioni generali, a carattere meramente orientativo. Tali informazioni non devono essere prese come norme strette di prescrizione, giacch\u00e9 alcuni dati possono variare da un paese all&#8217;altro in funzione della legislazione locale (per conoscere i regolamenti esatti vigenti nel Suo paese, La preghiamo di mettersi in contatto con l&#8217;ufficio HIPRA a Lei pi\u00f9 vicino). Queste informazioni potrebbero non adattarsi al caso particolare di ogni animale e non dispensano gli utenti dalla consultazione di un veterinario, che \u00e8 l\u2019unico professionista qualificato in quest\u2019ambito. Le informazioni offerte da questa pagina web, che si riferiscono in modo particolare alla salute animale ed ai prodotti HIPRA, non possono essere messe a confronto con i consigli di un veterinario, basati sull&#8217;analisi di ogni caso specifico. Allo stesso tempo, HIPRA declina ogni responsabilit\u00e0 per l\u2019interpretazione o l\u2019uso che l\u2019utente pu\u00f2 fare di tali informazioni o per le decisioni che potrebbe prendere basandosi sulle stesse.<\/p>\n<p>Alcune delle informazioni o servizi contenuti nella pagina web sono destinati esclusivamente a professionisti della salute animale con facolt\u00e0 di prescrizione o somministrazione di farmaci veterinari. Pertanto, nel caso in cui non si faccia parte di tale gruppo, preghiamo di astenersi dal continuare.<\/p>\n<p>\u00c8 intenzione di HIPRA offrire in ogni momento informazioni aggiornate, vere, esatte e complete in questa pagina web. Tuttavia, le informazioni contenute nella pagina web potrebbero contenere erroneit\u00e0 tecniche, errori tipografici, oppure potrebbero non essere aggiornate. HIPRA non si assume nessuna responsabilit\u00e0 circa l\u2019idoneit\u00e0 delle informazioni contenute in questa pagina web. In nessun caso HIPRA si assumer\u00e0 responsabilit\u00e0 per eventuali danni dovuti a perdite derivanti da visualizzazione, uso del software, documenti, informazioni o servizi in generale disponibili in questa pagina web.<\/p>\n<p>Questa pagina mostra il catalogo generale di prodotti HIPRA fabbricati in Spagna. Alcuni dei prodotti presenti in questa pagina web potrebbero avere un uso o distribuzione ristretti o non essere disponibili in tutti i paesi. Eventuali offerte di prodotti o servizi su questa pagina web devono essere considerate nulle se soggette a divieti. Per conoscere i prodotti disponibili nel proprio paese, mettersi in contatto con l&#8217;ufficio pi\u00f9 vicino di HIPRA.<\/p>\n<h4>Propriet\u00e0 intellettuale<\/h4>\n<p>Tutti i contenuti di questa pagina web (inclusi, a titolo enunciativo e non limitativo: marchi, nomi commerciali, loghi e segni identificativi di qualsiasi tipo, diritti d\u2019autore, database, immagini, disegni, grafici, testi, file audio e video, software, combinazioni di colori, ecc.) sono di propriet\u00e0 di HIPRA o dei rispettivi autori e sono protetti dalle norme nazionali e internazionali di propriet\u00e0 intellettuale, tra gli altri. Non si conferisce all\u2019utente nessuna licenza n\u00e9 diritto alcuno di sfruttamento della totalit\u00e0 o di parte di questa pagina web o degli elementi o contenuti che la formano.<\/p>\n<p>Pertanto, gli elementi o contenuti di questa pagina web non potranno essere oggetto di manipolazione alcuna (modifica, copia, alterazione, riproduzione, trasmissione, adattamento, traduzione, ecc.) da parte dell\u2019utente o di terzi, n\u00e9 totalmente n\u00e9 parzialmente, senza autorizzazione esplicita di HIPRA.<\/p>\n<p><strong>Protezione dei dati<\/strong><\/p>\n<p>Di seguito esponiamo i criteri applicati da HIPRA a proposito del trattamento dei dati di carattere personale che la societ\u00e0 fornisce volontariamente tramite questa pagina web.<\/p>\n<p>In conformit\u00e0 con le norme e i regolamenti europei in merito ai dati personali e alla libera circolazione di tali dati e con la normativa locale che li recepisce, i dati di carattere personale che Lei desidera fornirci saranno incorporati in un database di propriet\u00e0 e responsabilit\u00e0 di HIPRA. Questi dati saranno trattati esclusivamente per gli scopi descritti nel corrispondente modulo per la raccolta dei dati stessi (mediante l\u2019invio dei Suoi dati, Lei presta libero consenso al trattamento degli stessi per tali finalit\u00e0).<\/p>\n<p>I dati di carattere personale che ci fornisce non saranno ceduti a nessun terzo e verranno utilizzati esclusivamente per inviarLe, se lo desidera, informazioni su prodotti, risorse, articoli, notizie, reportage, novit\u00e0 o qualsiasi altra informazione di rilievo relativa al settore della salute animale.<\/p>\n<p>Se lo desidera, potr\u00e0 esercitare il Suo diritto di opposizione, accesso, rettifica e\/o cancellazione, nei termini stabiliti dalla normativa in vigore, comunicandolo per iscritto a HIPRA. La nostra Politica in materia di protezione dei dati pu\u00f2 subire variazioni per adattarsi alla normativa in vigore e ai criteri di protezione applicabili. Nel caso in cui si verifichino variazioni La informeremo attraverso questo stesso mezzo. Per qualsiasi consultazione o commento rispetto a questo tema, \u00e8 possibile mettersi in contatto con noi direttamente per posta convenzionale oppure utilizzando l\u2019indirizzo e-mail <a href=\"mailto:hipra@hipra.com\" target=\"_blank\" rel=\"noopener\">hipra@hipra.com.<\/a><\/p>\n<p><strong>Siti web di terzi<\/strong><\/p>\n<p>Questo sito web pu\u00f2 contenere link o riferimenti ad altri siti web mantenuti da terzi sui quali HIPRA non ha alcun controllo. Tali link vengono inclusi soltanto per facilitare la consultazione. Allo stesso modo, \u00e8 possibile accedere a questo sito web da link di terzi sui quali HIPRA non ha alcun controllo. HIPRA non concede alcuna garanzia n\u00e9 rilascia alcuna dichiarazione circa la completezza, esattezza, aggiornamento o precisione delle informazioni e non risponder\u00e0 dei danni o difetti di nessun tipo derivanti da tali siti.<\/p>\n<h4>Modifiche<\/h4>\n<p>HIPRA si riserva il diritto di modificare o correggere, in qualsiasi momento e senza preavviso, il contenuto della pagina web e\/o di interrompere o sospendere totalmente o parzialmente le funzionalit\u00e0 della stessa. In nessun caso HIPRA sar\u00e0 responsabile delle conseguenze di tali modifiche, interruzioni o sospensioni.<\/p>\n<h4>Legge applicabile e giurisdizione<\/h4>\n<p>Queste condizioni sono soggette alla legge spagnola. La risoluzione di qualsiasi controversia o divergenza relativa al presente sito web sar\u00e0 di competenza esclusiva dei Tribunali e delle Preture della citt\u00e0 di Girona (Spagna).<\/p>\n<p><strong>Separazione<\/strong><\/p>\n<p>Se una qualsiasi disposizione di queste condizioni d&#8217;uso dovesse essere dichiarata illegale o nulla, questa disposizione sar\u00e0 omessa senza influenzare il carattere duraturo delle restanti disposizioni.<\/p>\n<h4>Informazioni generali<\/h4>\n<p>Nell\u2019osservanza della Legge spagnola 34\/2002 sui servizi della societ\u00e0 dell&#8217;informazione e del commercio elettronico, La informiamo dei seguenti dati:<\/p>\n<p>Dati sulle societ\u00e0 spagnole:<\/p>\n<p>Laboratorios HIPRA, S.A.<\/p>\n<p>Numero di identificazione fiscale (NIF): A-28063675<\/p>\n<p>Avenida La Selva, 135 17170, Amer, Girona<\/p>\n<p>Spagna<\/p>\n<p>Tel: +34 972 43 06 60<\/p>\n<p>Sito web: www.prrscontrol.com<\/p>\n<p>E-mail: <a href=\"mailto:hipra@hipra.com\" target=\"_blank\" rel=\"noopener\">hipra@hipra.com<\/a><\/p>\n<\/div>\n<div style=\"text-align:center\" class=\"yasr-auto-insert-visitor\"><\/div>","protected":false},"excerpt":{"rendered":"<p>Benvenuto al sito web di HIPRA. Le informazioni fornite in questo sito hanno esclusivamente scopi informativi. La preghiamo di leggere ed esaminare in modo scrupoloso le presenti Condizioni d&#8217;uso prima di utilizzare o accedere a questa pagina web. Mediante l&#8217;uso o l&#8217;accesso a questa pagina web, Lei riconosce di aver letto, compreso ed accettato le seguenti Condizioni d&#8217;uso. Se non \u00e8 d\u2019accordo con queste Condizioni d&#8217;uso, non pu\u00f2 usare n\u00e9 accedere a questa pagina web. CONDIZIONI D&#8217;USO LABORATORIOS HIPRA, S.A. (da ora in poi HIPRA) \u00e8 una societ\u00e0 spagnola, iscritta al Registro delle Imprese di Girona, con domicilio in Avenida La Selva, n. 135, 17170, Amer (Girona) Spagna (telefono: +34 972 43 06 60). HIPRA \u00e8 la titolare esclusiva di questa pagina web; fatta eccezione in caso di indicazione esplicita che asserisce il contrario, la titolarit\u00e0 di tutti i diritti di propriet\u00e0 intellettuale dei contenuti di questa pagina web corrisponde a HIPRA. Informazioni Le informazioni contenute in questa pagina web devono essere considerate informazioni generali, a carattere meramente orientativo. Tali informazioni non devono essere prese come norme strette di prescrizione, giacch\u00e9 alcuni dati possono variare da un paese all&#8217;altro in funzione della legislazione locale (per conoscere i regolamenti esatti vigenti [&hellip;]<\/p>\n","protected":false},"author":19,"featured_media":17056,"parent":0,"menu_order":0,"comment_status":"closed","ping_status":"closed","template":"","meta":{"_acf_changed":false,"_cbd_carousel_blocks":"[]","yasr_overall_rating":0,"yasr_post_is_review":"","yasr_auto_insert_disabled":"","yasr_review_type":"","footnotes":""},"categories":[],"tags":[],"class_list":["post-21372","page","type-page","status-publish","has-post-thumbnail","hentry"],"acf":[],"yasr_visitor_votes":{"number_of_votes":0,"sum_votes":0,"stars_attributes":{"read_only":false,"span_bottom":false}},"_links":{"self":[{"href":"https:\/\/prrscontrol.com\/it\/wp-json\/wp\/v2\/pages\/21372","targetHints":{"allow":["GET"]}}],"collection":[{"href":"https:\/\/prrscontrol.com\/it\/wp-json\/wp\/v2\/pages"}],"about":[{"href":"https:\/\/prrscontrol.com\/it\/wp-json\/wp\/v2\/types\/page"}],"author":[{"embeddable":true,"href":"https:\/\/prrscontrol.com\/it\/wp-json\/wp\/v2\/users\/19"}],"replies":[{"embeddable":true,"href":"https:\/\/prrscontrol.com\/it\/wp-json\/wp\/v2\/comments?post=21372"}],"version-history":[{"count":0,"href":"https:\/\/prrscontrol.com\/it\/wp-json\/wp\/v2\/pages\/21372\/revisions"}],"wp:featuredmedia":[{"embeddable":true,"href":"https:\/\/prrscontrol.com\/it\/wp-json\/wp\/v2\/media\/17056"}],"wp:attachment":[{"href":"https:\/\/prrscontrol.com\/it\/wp-json\/wp\/v2\/media?parent=21372"}],"wp:term":[{"taxonomy":"category","embeddable":true,"href":"https:\/\/prrscontrol.com\/it\/wp-json\/wp\/v2\/categories?post=21372"},{"taxonomy":"post_tag","embeddable":true,"href":"https:\/\/prrscontrol.com\/it\/wp-json\/wp\/v2\/tags?post=21372"}],"curies":[{"name":"wp","href":"https:\/\/api.w.org\/{rel}","templated":true}]}}