{"id":21373,"date":"2021-08-31T13:40:49","date_gmt":"2021-08-31T13:40:49","guid":{"rendered":"https:\/\/prrscontrol.com\/politica-sulla-privacy\/"},"modified":"2021-08-31T13:40:49","modified_gmt":"2021-08-31T13:40:49","slug":"politica-sulla-privacy","status":"publish","type":"page","link":"https:\/\/prrscontrol.com\/it\/politica-sulla-privacy\/","title":{"rendered":"Politica sulla privacy"},"content":{"rendered":"<div class=\"row ng-binding\">\n<h4>Di seguito esponiamo i criteri applicati da HIPRA a proposito del trattamento dei dati di carattere personale che la societ\u00e0 fornisce volontariamente tramite questa pagina web.<\/h4>\n<p>Quando l&#8217;Utente utilizza questo sito web e\/o le nostre app e\/o comunica elettronicamente con HIPRA, potremmo raccogliere ed elaborare i suoi dati personali. Il nostro trattamento dei dati personali dell&#8217;Utente \u00e8 disciplinato dalla presente Politica sulla privacy.<\/p>\n<p>Il titolare del trattamento dei dati personali \u00e8 <strong>LABORATORIOS HIPRA, S.A.<\/strong>, con sede legale in Avda. La Selva, 135, 17170 Amer (Girona), Spagna.<\/p>\n<p>Lo scopo del nostro trattamento dei dati personali dell&#8217;Utente pu\u00f2 consistere in: (i) gestione del rapporto aziendale e\/o contrattuale dell&#8217;Utente con HIPRA; (ii) uso dei dati dell&#8217;Utente come punto di contatto di HIPRA; (iii) invio di informazioni su iniziative di formazione o eventi nell&#8217;ambito professionale di HIPRA; e\/o (iv) risposta a richieste o domande inviate dall&#8217;Utente tramite il nostro sito web o le app.<\/p>\n<p>La base legale del trattamento \u00e8 l&#8217;interesse legittimo di HIPRA nel mantenere il nostro rapporto con l&#8217;Utente e\/o il suo consenso, ove applicabile. Di conseguenza HIPRA raccoglier\u00e0 e tratter\u00e0 i dati dell&#8217;Utente mentre il nostro rapporto resta in vigore e finch\u00e9 l&#8217;Utente non ritira il suo consenso al trattamento dei suoi dati. Quando i dati personali dell&#8217;Utente non saranno pi\u00f9 necessari per gli scopi per i quali sono stati raccolti, verranno conservati in modo sicuro fino alla loro cancellazione definitiva.<\/p>\n<p>In quanto gruppo di societ\u00e0 con una presenza internazionale, HIPRA pu\u00f2 comunicare i dati dell&#8217;Utente e scambiarli con le aziende del Gruppo HIPRA, elencate sul sito, per le stesse finalit\u00e0 indicate sopra. I dati dell&#8217;Utente saranno sempre trattati con il livello di protezione specificato nella legislazione vigente.<\/p>\n<p>HIPRA potr\u00e0 inoltre trasferire i dati personali dell&#8217;Utente: (i) a fornitori di servizi subappaltati per la fornitura di servizi (<em>ad es., hosting web, analisi dei dati, fornitura di infrastrutture informatiche e simili, servizio clienti, invio di e-mail, auditing e altri servizi<\/em>); (ii) ad altre aziende con cui collaboriamo per prodotti o servizi specifici e (iii) per ottemperare alle leggi vigenti e alle richieste inoltrate da autorit\u00e0 pubbliche.<\/p>\n<p>L&#8217;Utente pu\u00f2 esercitare il proprio diritto legale di richiedere l&#8217;accesso e la rettifica o la cancellazione dei suoi dati personali, limitare il trattamento dei suoi dati, opporsi al trattamento, chiedere la portabilit\u00e0 dei dati e revocare il consenso in qualsiasi momento scrivendo a: Avda. La Selva 135, 17170 Amer (Girona), Spagna, o via e-mail <a href=\"mailto:hipra@hipra.com\">privacy@hipra.com<\/a>. L&#8217;Utente pu\u00f2 anche contattare l&#8217;Agenzia spagnola per la protezione dei dati.<\/p>\n<p>L&#8217;Utente accetta di comunicarci eventuali cambiamenti dei dati personali forniti. HIPRA non \u00e8 responsabile per eventuali perdite o danni derivanti dalla comunicazione da parte dell&#8217;Utente di dati errati, imprecisi o incompleti.<\/p>\n<\/div>\n<div style=\"text-align:center\" class=\"yasr-auto-insert-visitor\"><\/div>","protected":false},"excerpt":{"rendered":"<p>Di seguito esponiamo i criteri applicati da HIPRA a proposito del trattamento dei dati di carattere personale che la societ\u00e0 fornisce volontariamente tramite questa pagina web. Quando l&#8217;Utente utilizza questo sito web e\/o le nostre app e\/o comunica elettronicamente con HIPRA, potremmo raccogliere ed elaborare i suoi dati personali. Il nostro trattamento dei dati personali dell&#8217;Utente \u00e8 disciplinato dalla presente Politica sulla privacy. Il titolare del trattamento dei dati personali \u00e8 LABORATORIOS HIPRA, S.A., con sede legale in Avda. La Selva, 135, 17170 Amer (Girona), Spagna. Lo scopo del nostro trattamento dei dati personali dell&#8217;Utente pu\u00f2 consistere in: (i) gestione del rapporto aziendale e\/o contrattuale dell&#8217;Utente con HIPRA; (ii) uso dei dati dell&#8217;Utente come punto di contatto di HIPRA; (iii) invio di informazioni su iniziative di formazione o eventi nell&#8217;ambito professionale di HIPRA; e\/o (iv) risposta a richieste o domande inviate dall&#8217;Utente tramite il nostro sito web o le app. La base legale del trattamento \u00e8 l&#8217;interesse legittimo di HIPRA nel mantenere il nostro rapporto con l&#8217;Utente e\/o il suo consenso, ove applicabile. Di conseguenza HIPRA raccoglier\u00e0 e tratter\u00e0 i dati dell&#8217;Utente mentre il nostro rapporto resta in vigore e finch\u00e9 l&#8217;Utente non ritira il suo consenso al trattamento dei [&hellip;]<\/p>\n","protected":false},"author":19,"featured_media":17056,"parent":0,"menu_order":0,"comment_status":"closed","ping_status":"closed","template":"","meta":{"_acf_changed":false,"_cbd_carousel_blocks":"[]","yasr_overall_rating":0,"yasr_post_is_review":"","yasr_auto_insert_disabled":"","yasr_review_type":"","footnotes":""},"categories":[],"tags":[],"class_list":["post-21373","page","type-page","status-publish","has-post-thumbnail","hentry"],"acf":[],"yasr_visitor_votes":{"number_of_votes":0,"sum_votes":0,"stars_attributes":{"read_only":false,"span_bottom":false}},"_links":{"self":[{"href":"https:\/\/prrscontrol.com\/it\/wp-json\/wp\/v2\/pages\/21373","targetHints":{"allow":["GET"]}}],"collection":[{"href":"https:\/\/prrscontrol.com\/it\/wp-json\/wp\/v2\/pages"}],"about":[{"href":"https:\/\/prrscontrol.com\/it\/wp-json\/wp\/v2\/types\/page"}],"author":[{"embeddable":true,"href":"https:\/\/prrscontrol.com\/it\/wp-json\/wp\/v2\/users\/19"}],"replies":[{"embeddable":true,"href":"https:\/\/prrscontrol.com\/it\/wp-json\/wp\/v2\/comments?post=21373"}],"version-history":[{"count":0,"href":"https:\/\/prrscontrol.com\/it\/wp-json\/wp\/v2\/pages\/21373\/revisions"}],"wp:featuredmedia":[{"embeddable":true,"href":"https:\/\/prrscontrol.com\/it\/wp-json\/wp\/v2\/media\/17056"}],"wp:attachment":[{"href":"https:\/\/prrscontrol.com\/it\/wp-json\/wp\/v2\/media?parent=21373"}],"wp:term":[{"taxonomy":"category","embeddable":true,"href":"https:\/\/prrscontrol.com\/it\/wp-json\/wp\/v2\/categories?post=21373"},{"taxonomy":"post_tag","embeddable":true,"href":"https:\/\/prrscontrol.com\/it\/wp-json\/wp\/v2\/tags?post=21373"}],"curies":[{"name":"wp","href":"https:\/\/api.w.org\/{rel}","templated":true}]}}