{"id":22993,"date":"2022-03-02T10:49:36","date_gmt":"2022-03-02T10:49:36","guid":{"rendered":"https:\/\/prrscontrol.com\/unistrain-prrs\/"},"modified":"2022-12-12T13:25:24","modified_gmt":"2022-12-12T13:25:24","slug":"unistrain-prrs","status":"publish","type":"page","link":"https:\/\/prrscontrol.com\/it\/unistrain-prrs\/","title":{"rendered":"Unistrain PRRS"},"content":{"rendered":"<div class=\"wpb-content-wrapper\"><p>[vc_row bg_image=&#8221;16196&#8243; bg_color=&#8221;#f9f9f9&#8243; top_padding=&#8221;160&#8243; bottom_padding=&#8221;100&#8243; class=&#8221;titulo&#8221; bg_position=&#8221;center center&#8221;][vc_column el_class=&#8221;titular&#8221; width=&#8221;1\/1&#8243;]<h1 class=\"headline font-inherit fontsize-inherit fontweight-inherit lh-inherit align-left transform-inherit \" style=\" color: #e75e13;\">UNISTRAIN\u00ae <strong>PRRS<\/strong><\/h1><h2 class=\"headline font-inherit fontsize-l fontweight-400 lh-inherit align-left transform-inherit \" style=\"margin: 0; color: rgba(191,191,191,0.71);\">Vaccino vivo attenuato contro la<br \/>\nSindrome Riproduttiva e Respiratoria del Suino<\/h2>[\/vc_column][\/vc_row][vc_row bottom_padding=&#8221;50&#8243;][vc_column el_class=&#8221;contenido&#8221; width=&#8221;8\/12&#8243;]<div class=\"single_image wpb_content_element align-left  animate   logounstrain\" data-animation=\"fade-in\" data-delay=\"0\"><img loading=\"lazy\" decoding=\"async\" width=\"306\" height=\"103\" src=\"https:\/\/prrscontrol.com\/wp-content\/uploads\/2018\/04\/UNISTRAIN_PRRS_vaccine_logo.jpg\" class=\"attachment-full\" alt=\"UNISTRAIN PRRS vaccine logo\" title=\"UNISTRAIN_PRRS_vaccine_logo\" srcset=\"https:\/\/prrscontrol.com\/wp-content\/uploads\/2018\/04\/UNISTRAIN_PRRS_vaccine_logo.jpg 306w, https:\/\/prrscontrol.com\/wp-content\/uploads\/2018\/04\/UNISTRAIN_PRRS_vaccine_logo-300x101.jpg 300w\" sizes=\"auto, (max-width: 306px) 100vw, 306px\" \/><\/div><div class=\"single_image wpb_content_element align-center  animate   \" data-animation=\"fade-in\" data-delay=\"0\"><img loading=\"lazy\" decoding=\"async\" width=\"650\" height=\"416\" src=\"https:\/\/prrscontrol.com\/wp-content\/uploads\/2022\/12\/unistrain-HIPRA.png\" class=\"attachment-full\" alt=\"\" title=\"unistrain-HIPRA\" srcset=\"https:\/\/prrscontrol.com\/wp-content\/uploads\/2022\/12\/unistrain-HIPRA.png 650w, https:\/\/prrscontrol.com\/wp-content\/uploads\/2022\/12\/unistrain-HIPRA-300x192.png 300w\" sizes=\"auto, (max-width: 650px) 100vw, 650px\" \/><\/div>[vc_column_text]<\/p>\n<div class=\"itemBody\">\n<p id=\"composicionTitulo\" class=\"titulo_naranja\" dir=\"ltr\"><strong>COMPOSIZIONE:<\/strong><\/p>\n<p dir=\"ltr\"><strong><span style=\"color: #003896;\">Ogni dose contiene:<\/span><\/strong><\/p>\n<p>Principio attivo: Virus della sindrome riproduttiva e respiratoria del suino (PRRSV) vivo ed attenuato, ceppo VP-046 BIS: 103.5-105.5 CCID50. (Dose infettante la cultura cellulare).<\/p>\n<p class=\"titulo_naranja\" dir=\"ltr\"><strong>INDICAZIONI:\u00a0 <\/strong><\/p>\n<p dir=\"ltr\"><span style=\"color: #003896;\"><strong>Scrofe da riproduzione: <\/strong><\/span>per l&#8217;immunizzazione attiva di femmine da riproduzione in allevamenti affetti dal virus PRRS europeo, al fine di ridurre i disturbi riproduttivi, l&#8217;incidenza e la durata della viremia, la trasmissione transplacentare del virus, la carica virale nei tessuti e i segni clinici nella prole associati all&#8217;infezione da ceppi del virus della PRRS. In condizioni di laboratorio, la vaccinazione delle femmine ha ridotto l&#8217;impatto negativo dell&#8217;infezione da virus della PRRS sulla performance dei suinetti (mortalit\u00e0 e aumento ponderale) nei primi 28 giorni di vita.<\/p>\n<p dir=\"ltr\"><span style=\"color: #003896;\"><b>Suini a partire da 4 settimane di et\u00e0:<\/b><\/span> per l&#8217;immunizzazione attiva di suini di allevamento affetti dal virus PRRS europeo, al fine di ridurre i segni clinici associati all&#8217;infezione virale da PRRS, l&#8217;incidenza e la durata della viremia e la durata dell&#8217;eliminazione del virus da animali infetti. In condizioni di laboratorio, \u00e8 stato dimostrato che la vaccinazione riduce la carica virale nei tessuti polmonari. In condizioni di campo, dove si \u00e8 verificata un&#8217;infezione da PRRSV durante il periodo dell&#8217;ingrasso, \u00e8 stata dimostrata una riduzione della mortalit\u00e0 e degli effetti negativi dell&#8217;infezione sull&#8217;aumento del peso giornaliero.<\/p>\n<p class=\"titulo_naranja\" dir=\"ltr\"><strong>VIA DI SOMMINISTRAZIONE:<\/strong><\/p>\n<p dir=\"ltr\">Metodo di somministrazione per via intramuscolare o intradermica. Nel caso della via intradermica, il dispositivo ID deve essere fornito da titolari di autorizzazione di fabbricazione oppure deve trattarsi di dispositivi privi di ago in grado di somministrare dosi da 0,2 ml (forza della molla di iniezione: 400-190N; diametro dell&#8217;ugello: 0,25 mm). Entrambe le vie di somministrazione devono essere praticate nella regione del collo.<\/p>\n<p class=\"titulo_naranja\" dir=\"ltr\"><strong>POSOLOGIA:<\/strong><\/p>\n<p dir=\"ltr\"><strong><span style=\"color: #003896;\"><b>Suini a partire da 4 settimane di et\u00e0: <\/b><\/span><\/strong>2 ml per via intramuscolare o 0,2 ml per via intradermica.<\/p>\n<p dir=\"ltr\"><strong><span style=\"color: #003896;\"><b>Scrofe da riproduzione: <\/b><\/span><\/strong>2 ml per via intramuscolare o 0,2 ml per via intradermica. Una vaccinazione singola dovrebbe essere somministrata una volta durante ciascun ciclo riproduttivo per la protezione durante la gravidanza successiva.<\/p>\n<ul dir=\"ltr\">\n<li><strong><strong><span style=\"color: #003896;\"><b>In scrofette<\/b><\/span><\/strong><\/strong>, somministrare un&#8217;iniezione di vaccino ricostituito per animale 4 settimane dopo l&#8217;accoppiamento.<\/li>\n<li><strong><strong><span style=\"color: #003896;\">In scrofe<\/span><\/strong><\/strong>, somministrare un&#8217;iniezione di vaccino ricostruito per animale, 2 settimane dopo l&#8217;accoppiamento o a 8- 9 settimane di gestazione (circa 60 giorni dopo l&#8217;accoppiamento) o\u00a0vaccinare le scrofe ogni 4 mesi. In ogni gestazione, vaccinare le scrofe seguendo il programma di vaccinazione summenzionato.<\/li>\n<\/ul>\n<p class=\"titulo_naranja\" dir=\"ltr\"><strong>CONTROINDICAZIONI:<\/strong><\/p>\n<ul dir=\"ltr\">\n<li>Non usare in caso di ipersensibilit\u00e0 al principio attivo o ad uno qualsiasi degli eccipienti.<\/li>\n<li>Non usare in mandrie na\u00efve in cui la presenza del PRRSV europeo non sia stata stabilita mediante metodi di diagnosi virologica affidabili.<\/li>\n<li>Non sono disponibili dati sulla sicurezza del vaccino per il comportamento riproduttivo degli animali maschi.<\/li>\n<\/ul>\n<p class=\"titulo_naranja\" dir=\"ltr\"><strong>INTERAZIONE CON ALTRI MEDICINALI VETERINARI:<\/strong><\/p>\n<p dir=\"ltr\">Sono disponibili dati di sicurezza ed efficacia che dimostrano che il vaccino pu\u00f2 essere miscelato con <a href=\"https:\/\/www.hipra.com\/portal\/it\/hipra\/animalhealth\/products\/detail\/eryseng-parvo\" target=\"_blank\" rel=\"noopener\">ERYSENG\u00ae PARVO<\/a>\u00a0e somministrato in un&#8217;iniezione unica per via intramuscolare. Prima della somministrazione della miscela delle preparazioni consultare le informazioni sul prodotto ERYSENG\u00ae PARVO. La somministrazione congiunta di UNISTRAIN\u00ae PRRS ed ERYSENG\u00ae PARVO deve essere utilizzata esclusivamente per la vaccinazione di animali prima dell&#8217;accoppiamento\/IA.<\/p>\n<p class=\"titulo_naranja\" dir=\"ltr\"><strong>AVVERTENZE SPECIALI:<\/strong><\/p>\n<p dir=\"ltr\">Vaccinare solo gli animali sani. Non utilizzare sistematicamente a rotazione due o pi\u00f9 vaccini PRRS MLV commerciali basati su ceppi diversi in un allevamento. Al fine di limitare il potenziale rischio di ricombinazione tra i ceppi vaccinali PRRS MLV dello stesso genotipo, non utilizzare contemporaneamente nello stesso allevamento differenti vaccini PRRS MLV basati su ceppi diversi dello stesso genotipo. In caso di transizione da un vaccino PRRS MLV a un altro vaccino PRRS MLV deve essere rispettato un periodo di transizione tra l\u2019ultima somministrazione del vaccino in atto e la prima somministrazione del nuovo vaccino. Questo periodo di transizione deve essere pi\u00f9 lungo del periodo di trasmissione del vaccino in atto dopo la vaccinazione. Le femmine introdotte recentemente nell&#8217;allevamento e na\u00efve al PRRSV (ad esempio femmine da rimonta provenienti da mandrie negative al PRRSV) devono essere vaccinate prima della gravidanza. Il virus del vaccino potrebbe diffondersi dopo la vaccinazione, ad esempio nelle feci e\/o nelle secrezioni nasali e orali degli animali vaccinati.<\/p>\n<p>Dopo la vaccinazione di scrofe da riproduzione il ceppo vaccinale pu\u00f2 diffondersi per un massimo di 9 giorni. Dopo la vaccinazione di suini di 4 settimane di et\u00e0, la diffusione del ceppo vaccinale potrebbe avvenire fi\u00adno a 29 giorni. Il ceppo vaccinale pu\u00f2 diffondersi ad animali coabitanti non vaccinati, inclusi i feti durante la gravidanza e i suinetti dopo il parto, senza alcuna conseguenza clinica. Devono quindi essere prese precauzioni speciali per evitare la diffusione agli animali suscettibili, se necessario. \u00c8 necessario prendere delle precauzioni per evitare il trasferimento del virus nell&#8217;allevamento, ad esempio da animali sieropositivi ad animali sieronegativi. Gli anticorpi di origine materna possono interferire sull&#8217;efficacia del vaccino. In presenza di un alto tasso di anticorpi di origine materna, i tempi della vaccinazione iniziale dei suinetti devono essere pianifi\u00adcati di conseguenza.<\/p>\n<\/div>\n<p>[\/vc_column_text][\/vc_column][vc_column el_class=&#8221;sidebar-pagina&#8221; width=&#8221;4\/12&#8243;][vc_row_inner][vc_column_inner css=&#8221;.vc_custom_1523889679021{padding-bottom: 25px !important;}&#8221;][vc_column_text el_class=&#8221;tit&#8221;]Materiale correlato[\/vc_column_text]<div class=\"minti_list wpb_content_element color-grey circle\" style=\"\">\n<ul>\n<li><a href=\"http:\/\/prrscontrol.com\/publications\/\"> Pubblicazioni tecniche<\/a><\/li>\n<\/ul>\n<\/div>[\/vc_column_inner][\/vc_row_inner][vc_row_inner][vc_column_inner css=&#8221;.vc_custom_1523889687397{padding-bottom: 25px !important;}&#8221;][vc_column_text el_class=&#8221;tit&#8221;]Servizi correlati[\/vc_column_text]<div class=\"minti_list wpb_content_element color-grey circle\" style=\"\">\n<ul>\n<li><a href=\"https:\/\/www.hipradermic.com\" target=\"_blank\" rel=\"noopener\">Hipradermic\u00ae<\/a><\/li>\n<\/ul>\n<\/div>[\/vc_column_inner][\/vc_row_inner][vc_row_inner][vc_column_inner css=&#8221;.vc_custom_1523889697564{padding-bottom: 25px !important;}&#8221;][vc_column_text el_class=&#8221;tit&#8221;]Video correlati[\/vc_column_text]<div class=\"video-embed  wpb_content_element\"><iframe loading=\"lazy\" title=\"ERYSENG\u00ae PARVO + UNISTRAIN\u00ae PRRS\" width=\"1161\" height=\"653\" src=\"https:\/\/www.youtube.com\/embed\/wAVEGgSofNI?feature=oembed\" frameborder=\"0\" allow=\"accelerometer; autoplay; clipboard-write; encrypted-media; gyroscope; picture-in-picture; web-share\" referrerpolicy=\"strict-origin-when-cross-origin\" allowfullscreen><\/iframe><\/div>[\/vc_column_inner][\/vc_row_inner][vc_row_inner][vc_column_inner][vc_column_text el_class=&#8221;info&#8221;]Le informazioni contenute in questa pagina sono puramente informative e non sono da considerare come linee guida alla prescrizione. Queste informazioni possono variare da Paese a Paese in base alle legislazioni locali. Per conoscere le corrette informazioni valide al fine della prescrizione nel tuo Paese, ti preghiamo di <a href=\"https:\/\/prrscontrol.com\/it\/contatti\/\">contattarci<\/a>.[\/vc_column_text][\/vc_column_inner][\/vc_row_inner][\/vc_column][\/vc_row]<\/p>\n<div style=\"text-align:center\" class=\"yasr-auto-insert-visitor\"><\/div><\/div>","protected":false},"excerpt":{"rendered":"<p>[vc_row bg_image=&#8221;16196&#8243; bg_color=&#8221;#f9f9f9&#8243; top_padding=&#8221;160&#8243; bottom_padding=&#8221;100&#8243; class=&#8221;titulo&#8221; bg_position=&#8221;center center&#8221;][vc_column el_class=&#8221;titular&#8221; width=&#8221;1\/1&#8243;][\/vc_column][\/vc_row][vc_row bottom_padding=&#8221;50&#8243;][vc_column el_class=&#8221;contenido&#8221; width=&#8221;8\/12&#8243;][vc_column_text] COMPOSIZIONE: Ogni dose contiene: Principio attivo: Virus della sindrome riproduttiva e respiratoria del suino (PRRSV) vivo ed attenuato, ceppo VP-046 BIS: 103.5-105.5 CCID50. (Dose infettante la cultura cellulare). INDICAZIONI:\u00a0 Scrofe da riproduzione: per l&#8217;immunizzazione attiva di femmine da riproduzione in allevamenti affetti dal virus PRRS europeo, al fine di ridurre i disturbi riproduttivi, l&#8217;incidenza e la durata della viremia, la trasmissione transplacentare del virus, la carica virale nei tessuti e i segni clinici nella prole associati all&#8217;infezione da ceppi del virus della PRRS. In condizioni di laboratorio, la vaccinazione delle femmine ha ridotto l&#8217;impatto negativo dell&#8217;infezione da virus della PRRS sulla performance dei suinetti (mortalit\u00e0 e aumento ponderale) nei primi 28 giorni di vita. Suini a partire da 4 settimane di et\u00e0: per l&#8217;immunizzazione attiva di suini di allevamento affetti dal virus PRRS europeo, al fine di ridurre i segni clinici associati all&#8217;infezione virale da PRRS, l&#8217;incidenza e la durata della viremia e la durata dell&#8217;eliminazione del virus da animali infetti. In condizioni di laboratorio, \u00e8 stato dimostrato che la vaccinazione riduce la carica virale nei tessuti polmonari. In condizioni di campo, dove si \u00e8 verificata un&#8217;infezione [&hellip;]<\/p>\n","protected":false},"author":19,"featured_media":17056,"parent":0,"menu_order":0,"comment_status":"open","ping_status":"open","template":"","meta":{"_acf_changed":false,"_cbd_carousel_blocks":"[]","yasr_overall_rating":0,"yasr_post_is_review":"","yasr_auto_insert_disabled":"","yasr_review_type":"","footnotes":""},"categories":[],"tags":[],"class_list":["post-22993","page","type-page","status-publish","has-post-thumbnail","hentry"],"acf":[],"yasr_visitor_votes":{"number_of_votes":0,"sum_votes":0,"stars_attributes":{"read_only":false,"span_bottom":false}},"_links":{"self":[{"href":"https:\/\/prrscontrol.com\/it\/wp-json\/wp\/v2\/pages\/22993","targetHints":{"allow":["GET"]}}],"collection":[{"href":"https:\/\/prrscontrol.com\/it\/wp-json\/wp\/v2\/pages"}],"about":[{"href":"https:\/\/prrscontrol.com\/it\/wp-json\/wp\/v2\/types\/page"}],"author":[{"embeddable":true,"href":"https:\/\/prrscontrol.com\/it\/wp-json\/wp\/v2\/users\/19"}],"replies":[{"embeddable":true,"href":"https:\/\/prrscontrol.com\/it\/wp-json\/wp\/v2\/comments?post=22993"}],"version-history":[{"count":20,"href":"https:\/\/prrscontrol.com\/it\/wp-json\/wp\/v2\/pages\/22993\/revisions"}],"predecessor-version":[{"id":23023,"href":"https:\/\/prrscontrol.com\/it\/wp-json\/wp\/v2\/pages\/22993\/revisions\/23023"}],"wp:featuredmedia":[{"embeddable":true,"href":"https:\/\/prrscontrol.com\/it\/wp-json\/wp\/v2\/media\/17056"}],"wp:attachment":[{"href":"https:\/\/prrscontrol.com\/it\/wp-json\/wp\/v2\/media?parent=22993"}],"wp:term":[{"taxonomy":"category","embeddable":true,"href":"https:\/\/prrscontrol.com\/it\/wp-json\/wp\/v2\/categories?post=22993"},{"taxonomy":"post_tag","embeddable":true,"href":"https:\/\/prrscontrol.com\/it\/wp-json\/wp\/v2\/tags?post=22993"}],"curies":[{"name":"wp","href":"https:\/\/api.w.org\/{rel}","templated":true}]}}