{"id":25509,"date":"2023-05-23T13:45:52","date_gmt":"2023-05-23T13:45:52","guid":{"rendered":"https:\/\/prrscontrol.com\/prrs-key-opinion-leaders\/"},"modified":"2024-02-20T09:07:16","modified_gmt":"2024-02-20T09:07:16","slug":"prrs-discussioni-esperti","status":"publish","type":"page","link":"https:\/\/prrscontrol.com\/it\/prrs-discussioni-esperti\/","title":{"rendered":"Approfondimenti attuali sulla PRRS: discussioni di esperti"},"content":{"rendered":"<p><!--[video_gallery filter=\"attr::emd_video_featured::is::1;\"]--><\/p>\n<div id=\"integration-video-gallery\" class=\"emd-container emd-integration-wrap\">\n\t\t\t\t<div id='video_items_1_emd_video-cont' class='emd-container '>\n\t\t\t\t\t\t\t\t<div id='video_items_1_emd_video-view' class='emd-view-results'>\n\t\t\t\t\t\t\t\t<input type='hidden' id='emd_entity' name='emd_entity' value='emd_video'>\n\t\t\t\t<input type='hidden' id='emd_view' name='emd_view' value='video_items'>\n\t\t\t\t<input type='hidden' id='emd_view_count' name='emd_view_count' value='1'>\t\n\t\t\t\t<input type='hidden' id='emd_app' name='emd_app' value='youtube_showcase'>\n\t\t\t\t\t\t\t\t\t\t\t<input type='hidden' id='atts_filter' name='atts_filter' value='attr::emd_video_featured::is::1;tax::category::is::kolit;misc::order::is::ASC'>\n\t\t\t\t\t\t<div data-interval=\"false\" id=\"emdvideos\" class=\"carousel slide article-slide\">\n    <div class=\"carousel-inner cont-slider\"><div id=\"emd-videos\" class=\"item active\">\n\t<div class=\"emd-embed-responsive\">\n\t<iframe src=\"https:\/\/www.youtube-nocookie.com\/embed\/DdNcnQQ9zX0\" frameborder=\"0\" allowfullscreen referrerpolicy=\"strict-origin-when-cross-origin\" allow=\"autoplay; encrypted-media; fullscreen\"><\/iframe>\n\t<\/div>\t\n<div class=\"panel panel-default\">\n  <div class=\"video-summary\">\n<p><a title=\"Cosa possiamo aspettarci dalla vaccinazione dei suinetti contro la PRRS?\" href=\"https:\/\/prrscontrol.com\/it\/videos\/cosa-possiamo-aspettarci-dalla-vaccinazione-dei-suinetti-contro-la-prrs\/\">Cosa possiamo aspettarci dalla vaccinazione dei suinetti contro la PRRS?<\/a><\/p>\n <div class=\"video-excerpt\"> La PRRS svolge un ruolo importante nel complesso delle malattie respiratorie dei suini, in quanto \u00e8 un agente primario che causa segni clinici e perdite economiche. Inoltre, l'infezione nei suinetti funziona come apriporta a infezioni secondarie, con un enorme impatto sugli allevamenti.<\/div>\n  <\/div>\n      <!-- Controls -->\n      <div class=\"controls visible-xs-block\">\n      <a data-slide=\"prev\" role=\"button\" href=\"#emdvideos\" class=\"left carousel-control\">\n        <span class=\"icon-prev\"><\/span>\n        <span class=\"sr-only\">Previous<\/span>\n      <\/a>\n      <a data-slide=\"next\" role=\"button\" href=\"#emdvideos\" class=\"right carousel-control\">\n        <span class=\"icon-next\"><\/span>\n        <span class=\"sr-only\">Next<\/span>\n      <\/a>\n      <\/div>\n<\/div>\n <\/div><div id=\"emd-videos\" class=\"item \">\n\t<div class=\"emd-embed-responsive\">\n\t<iframe src=\"https:\/\/www.youtube-nocookie.com\/embed\/utM2UOw4mDY\" frameborder=\"0\" allowfullscreen referrerpolicy=\"strict-origin-when-cross-origin\" allow=\"autoplay; encrypted-media; fullscreen\"><\/iframe>\n\t<\/div>\t\n<div class=\"panel panel-default\">\n  <div class=\"video-summary\">\n<p><a title=\"Qual \u00e8 la migliore strategia per la vaccinazione dei suinetti contro la PRRS?\" href=\"https:\/\/prrscontrol.com\/it\/videos\/qual-e-la-migliore-strategia-per-la-vaccinazione-dei-suinetti-contro-la-prrs\/\">Qual \u00e8 la migliore strategia per la vaccinazione dei suinetti contro la PRRS?<\/a><\/p>\n <div class=\"video-excerpt\"> Per massimizzare l'efficacia della vaccinazione dei suinetti contro la PRRS, gli esperti ci illustrano il momento ideale per posizionarla, le dinamiche dell'infezione in sala parto e il ruolo degli anticorpi materni. Seguite i loro consigli per ottenere il massimo dalla vaccinazione dei suinetti contro la PRRS.<\/div>\n  <\/div>\n      <!-- Controls -->\n      <div class=\"controls visible-xs-block\">\n      <a data-slide=\"prev\" role=\"button\" href=\"#emdvideos\" class=\"left carousel-control\">\n        <span class=\"icon-prev\"><\/span>\n        <span class=\"sr-only\">Previous<\/span>\n      <\/a>\n      <a data-slide=\"next\" role=\"button\" href=\"#emdvideos\" class=\"right carousel-control\">\n        <span class=\"icon-next\"><\/span>\n        <span class=\"sr-only\">Next<\/span>\n      <\/a>\n      <\/div>\n<\/div>\n <\/div><div id=\"emd-videos\" class=\"item \">\n\t<div class=\"emd-embed-responsive\">\n\t<iframe src=\"https:\/\/www.youtube-nocookie.com\/embed\/x_2DvUXG4Yo\" frameborder=\"0\" allowfullscreen referrerpolicy=\"strict-origin-when-cross-origin\" allow=\"autoplay; encrypted-media; fullscreen\"><\/iframe>\n\t<\/div>\t\n<div class=\"panel panel-default\">\n  <div class=\"video-summary\">\n<p><a title=\"Interferenza degli anticorpi materni con la vaccinazione dei suinetti\" href=\"https:\/\/prrscontrol.com\/it\/videos\/interferenza-degli-anticorpi-materni-con-la-vaccinazione-dei-suinetti\/\">Interferenza degli anticorpi materni con la vaccinazione dei suinetti<\/a><\/p>\n <div class=\"video-excerpt\"> La presenza di anticorpi materni nei suinetti potrebbe interferire con l'efficacia del vaccino contro la PRRS. Esistono opzioni per ridurre questa interferenza, come la vaccinazione a doppia dose, il ritardo del momento della vaccinazione o l'uso di una via alternativa come la vaccinazione ID. Ascoltate l'esperto per scoprire i punti chiave.<\/div>\n  <\/div>\n      <!-- Controls -->\n      <div class=\"controls visible-xs-block\">\n      <a data-slide=\"prev\" role=\"button\" href=\"#emdvideos\" class=\"left carousel-control\">\n        <span class=\"icon-prev\"><\/span>\n        <span class=\"sr-only\">Previous<\/span>\n      <\/a>\n      <a data-slide=\"next\" role=\"button\" href=\"#emdvideos\" class=\"right carousel-control\">\n        <span class=\"icon-next\"><\/span>\n        <span class=\"sr-only\">Next<\/span>\n      <\/a>\n      <\/div>\n<\/div>\n <\/div><div id=\"emd-videos\" class=\"item \">\n\t<div class=\"emd-embed-responsive\">\n\t<iframe src=\"https:\/\/www.youtube-nocookie.com\/embed\/IHWHn1O5px8\" frameborder=\"0\" allowfullscreen referrerpolicy=\"strict-origin-when-cross-origin\" allow=\"autoplay; encrypted-media; fullscreen\"><\/iframe>\n\t<\/div>\t\n<div class=\"panel panel-default\">\n  <div class=\"video-summary\">\n<p><a title=\"Possiamo vaccinare i suinetti contro diverse malattie contemporaneamente?\" href=\"https:\/\/prrscontrol.com\/it\/videos\/possiamo-vaccinare-i-suinetti-contro-diverse-malattie-contemporaneamente\/\">Possiamo vaccinare i suinetti contro diverse malattie contemporaneamente?<\/a><\/p>\n <div class=\"video-excerpt\"> Il normale programma di vaccinazione per i suinetti comprende la vaccinazione contro la PRRS, il Mycoplasma e il Circovirus. Pertanto, qualsiasi strategia in grado di ridurre il lavoro in azienda \u00e8 molto apprezzato. Ma il sistema immunitario pu\u00f2 generare immunit\u00e0 contro diversi antigeni contemporaneamente? Ce lo spiegano gli esperti.<\/div>\n  <\/div>\n      <!-- Controls -->\n      <div class=\"controls visible-xs-block\">\n      <a data-slide=\"prev\" role=\"button\" href=\"#emdvideos\" class=\"left carousel-control\">\n        <span class=\"icon-prev\"><\/span>\n        <span class=\"sr-only\">Previous<\/span>\n      <\/a>\n      <a data-slide=\"next\" role=\"button\" href=\"#emdvideos\" class=\"right carousel-control\">\n        <span class=\"icon-next\"><\/span>\n        <span class=\"sr-only\">Next<\/span>\n      <\/a>\n      <\/div>\n<\/div>\n <\/div><div id=\"emd-videos\" class=\"item \">\n\t<div class=\"emd-embed-responsive\">\n\t<iframe src=\"https:\/\/www.youtube-nocookie.com\/embed\/JzMSJ0sjbFg\" frameborder=\"0\" allowfullscreen referrerpolicy=\"strict-origin-when-cross-origin\" allow=\"autoplay; encrypted-media; fullscreen\"><\/iframe>\n\t<\/div>\t\n<div class=\"panel panel-default\">\n  <div class=\"video-summary\">\n<p><a title=\"Vaccinazione intradermica contro la PRRS\" href=\"https:\/\/prrscontrol.com\/it\/videos\/vaccinazione-intradermica-contro-la-prrs\/\">Vaccinazione intradermica contro la PRRS<\/a><\/p>\n <div class=\"video-excerpt\"> La vaccinazione intradermica contro la PRRS tramite un dispositivo privo di ago rappresenta un passo avanti nel management aziendale. Porta vantaggi in termini di limitazione della diffusione iatrogena di virus e batteri, miglioramento del benessere dei suinetti, maggiore efficacia e allevatori pi\u00f9 soddisfatti. Scoprite cosa pensano gli esperti della vaccinazione intradermica contro la PRRS.<\/div>\n  <\/div>\n      <!-- Controls -->\n      <div class=\"controls visible-xs-block\">\n      <a data-slide=\"prev\" role=\"button\" href=\"#emdvideos\" class=\"left carousel-control\">\n        <span class=\"icon-prev\"><\/span>\n        <span class=\"sr-only\">Previous<\/span>\n      <\/a>\n      <a data-slide=\"next\" role=\"button\" href=\"#emdvideos\" class=\"right carousel-control\">\n        <span class=\"icon-next\"><\/span>\n        <span class=\"sr-only\">Next<\/span>\n      <\/a>\n      <\/div>\n<\/div>\n <\/div><div id=\"emd-videos\" class=\"item \">\n\t<div class=\"emd-embed-responsive\">\n\t<iframe src=\"https:\/\/www.youtube-nocookie.com\/embed\/LQczMAxJYEA\" frameborder=\"0\" allowfullscreen referrerpolicy=\"strict-origin-when-cross-origin\" allow=\"autoplay; encrypted-media; fullscreen\"><\/iframe>\n\t<\/div>\t\n<div class=\"panel panel-default\">\n  <div class=\"video-summary\">\n<p><a title=\"Il sequenziamento nel controllo della PRRS\" href=\"https:\/\/prrscontrol.com\/it\/videos\/il-sequenziamento-nel-controllo-della-prrs\/\">Il sequenziamento nel controllo della PRRS<\/a><\/p>\n <div class=\"video-excerpt\"> Il sequenziamento \u00e8 un potente strumento diagnostico che oggi viene utilizzato regolarmente per monitorare la PRRS. Che tipo di informazioni fornisce? \u00c8 uno strumento fondamentale per l'epidemiologia del virus della PRRS in un'azienda, in un\u2019area o in una regione. Chiediamo agli esperti come interpretare il sequenziamento e come utilizzare uno strumento cos\u00ec potente.<\/div>\n  <\/div>\n      <!-- Controls -->\n      <div class=\"controls visible-xs-block\">\n      <a data-slide=\"prev\" role=\"button\" href=\"#emdvideos\" class=\"left carousel-control\">\n        <span class=\"icon-prev\"><\/span>\n        <span class=\"sr-only\">Previous<\/span>\n      <\/a>\n      <a data-slide=\"next\" role=\"button\" href=\"#emdvideos\" class=\"right carousel-control\">\n        <span class=\"icon-next\"><\/span>\n        <span class=\"sr-only\">Next<\/span>\n      <\/a>\n      <\/div>\n<\/div>\n <\/div><div id=\"emd-videos\" class=\"item \">\n\t<div class=\"emd-embed-responsive\">\n\t<iframe src=\"https:\/\/www.youtube-nocookie.com\/embed\/LAYebU-leCw\" frameborder=\"0\" allowfullscreen referrerpolicy=\"strict-origin-when-cross-origin\" allow=\"autoplay; encrypted-media; fullscreen\"><\/iframe>\n\t<\/div>\t\n<div class=\"panel panel-default\">\n  <div class=\"video-summary\">\n<p><a title=\"Ricombinazione del virus PRRS\" href=\"https:\/\/prrscontrol.com\/it\/videos\/ricombinazione-del-virus-prrs\/\">Ricombinazione del virus PRRS<\/a><\/p>\n <div class=\"video-excerpt\"> Eventi di ricombinazione sono stati rilevati frequentemente nel genoma del virus della PRRS, indicando questo fenomeno come una spiegazione naturale della diversit\u00e0 genetica di questo virus. Il crescente utilizzo del sequenziamento consentir\u00e0 di identificare un maggior numero di eventi di ricombinazione. Gli esperti ci aiutano a comprendere e interpretare la ricombinazione del virus della PRRS.<\/div>\n  <\/div>\n      <!-- Controls -->\n      <div class=\"controls visible-xs-block\">\n      <a data-slide=\"prev\" role=\"button\" href=\"#emdvideos\" class=\"left carousel-control\">\n        <span class=\"icon-prev\"><\/span>\n        <span class=\"sr-only\">Previous<\/span>\n      <\/a>\n      <a data-slide=\"next\" role=\"button\" href=\"#emdvideos\" class=\"right carousel-control\">\n        <span class=\"icon-next\"><\/span>\n        <span class=\"sr-only\">Next<\/span>\n      <\/a>\n      <\/div>\n<\/div>\n <\/div><div id=\"emd-videos\" class=\"item \">\n\t<div class=\"emd-embed-responsive\">\n\t<iframe src=\"https:\/\/www.youtube-nocookie.com\/embed\/2FmvG6_Pjdc\" frameborder=\"0\" allowfullscreen referrerpolicy=\"strict-origin-when-cross-origin\" allow=\"autoplay; encrypted-media; fullscreen\"><\/iframe>\n\t<\/div>\t\n<div class=\"panel panel-default\">\n  <div class=\"video-summary\">\n<p><a title=\"Campioni alternativi per il monitoraggio della PRRS\" href=\"https:\/\/prrscontrol.com\/it\/videos\/campioni-alternativi-per-il-monitoraggio-della-prrs\/\">Campioni alternativi per il monitoraggio della PRRS<\/a><\/p>\n <div class=\"video-excerpt\"> Uno dei pilastri per il corretto controllo della malattia della PRRS consiste in un regolare monitoraggio del virus in allevamento. Per questo motivo, sono fondamentali metodi di campionamento alternativi che rendano il processo pi\u00f9 semplice, rapido ed economico. Gli esperti condividono con noi le tecniche e i metodi di campionamento pi\u00f9 aggiornati.<\/div>\n  <\/div>\n      <!-- Controls -->\n      <div class=\"controls visible-xs-block\">\n      <a data-slide=\"prev\" role=\"button\" href=\"#emdvideos\" class=\"left carousel-control\">\n        <span class=\"icon-prev\"><\/span>\n        <span class=\"sr-only\">Previous<\/span>\n      <\/a>\n      <a data-slide=\"next\" role=\"button\" href=\"#emdvideos\" class=\"right carousel-control\">\n        <span class=\"icon-next\"><\/span>\n        <span class=\"sr-only\">Next<\/span>\n      <\/a>\n      <\/div>\n<\/div>\n <\/div><\/div>\n<\/div>\t\t\t\t\t<div class='pagination-bar' style='clear:both;'>\n\t\t\t\t\t<ul class='emd-pagination hidden'><li><span class=\"page-numbers current\">1<\/span><\/li><li><a class=\"page-numbers\" href=\"https:\/\/prrscontrol.com\/it\/\/\/page\/2\/\">2<\/a><\/li><li><a class=\"next page-numbers\" href=\"https:\/\/prrscontrol.com\/it\/\/\/page\/2\/\">Successivo &raquo;<\/a><\/li><\/ul>\t\t\t\t\t<\/div>\n\t\t\t\t\t\t\t\t<\/div>\n\t\t\t\t<\/div>\n\t\t\t\t\n\t\t\t\t<div id='video_indicators_2_emd_video-cont' class='emd-container '>\n\t\t\t\t\t\t\t\t<div id='video_indicators_2_emd_video-view' class='emd-view-results'>\n\t\t\t\t\t\t\t\t<input type='hidden' id='emd_entity' name='emd_entity' value='emd_video'>\n\t\t\t\t<input type='hidden' id='emd_view' name='emd_view' value='video_indicators'>\n\t\t\t\t<input type='hidden' id='emd_view_count' name='emd_view_count' value='2'>\t\n\t\t\t\t<input type='hidden' id='emd_app' name='emd_app' value='youtube_showcase'>\n\t\t\t\t\t\t\t\t\t\t\t<input type='hidden' id='atts_filter' name='atts_filter' value='attr::emd_video_featured::is::1;tax::category::is::kolit;misc::order::is::ASC'>\n\t\t\t\t\t\t<div class=\"row \"><div style=\"cursor: pointer;\" class=\"col-lg-3 col-sm-4 col-xs-6 active\" data-slide-to=\"0\" data-target=\"#emdvideos\" onclick=\"[removed]='#emdvideos'\">\n<div class=\"panel panel-info item-video\">\n  <div class=\"panel-body emd-vid\">\n            <div class=\"thumbnail\" style=\"padding:0;border: 0;border-bottom-left-radius: 0;border-bottom-right-radius: 0;\">\n                <img decoding=\"async\" style=\"width:100%;height:auto;\" src=\"https:\/\/img.youtube.com\/vi\/DdNcnQQ9zX0\/mqdefault.jpg\" alt=\"Cosa possiamo aspettarci dalla vaccinazione dei suinetti contro la PRRS?\" \/>\n            <\/div>\n  <\/div>\n  <div class=\"panel-footer\" style=\"background-color: rgba(0, 0, 0, 0);\">Cosa possiamo aspettarci dalla vaccinazione dei suinetti contro la PRRS?<\/div>\n<\/div>\n <\/div><div style=\"cursor: pointer;\" class=\"col-lg-3 col-sm-4 col-xs-6 \" data-slide-to=\"1\" data-target=\"#emdvideos\" onclick=\"[removed]='#emdvideos'\">\n<div class=\"panel panel-info item-video\">\n  <div class=\"panel-body emd-vid\">\n            <div class=\"thumbnail\" style=\"padding:0;border: 0;border-bottom-left-radius: 0;border-bottom-right-radius: 0;\">\n                <img decoding=\"async\" style=\"width:100%;height:auto;\" src=\"https:\/\/img.youtube.com\/vi\/utM2UOw4mDY\/mqdefault.jpg\" alt=\"Qual \u00e8 la migliore strategia per la vaccinazione dei suinetti contro la PRRS?\" \/>\n            <\/div>\n  <\/div>\n  <div class=\"panel-footer\" style=\"background-color: rgba(0, 0, 0, 0);\">Qual \u00e8 la migliore strategia per la vaccinazione dei suinetti contro la PRRS?<\/div>\n<\/div>\n <\/div><div style=\"cursor: pointer;\" class=\"col-lg-3 col-sm-4 col-xs-6 \" data-slide-to=\"2\" data-target=\"#emdvideos\" onclick=\"[removed]='#emdvideos'\">\n<div class=\"panel panel-info item-video\">\n  <div class=\"panel-body emd-vid\">\n            <div class=\"thumbnail\" style=\"padding:0;border: 0;border-bottom-left-radius: 0;border-bottom-right-radius: 0;\">\n                <img decoding=\"async\" style=\"width:100%;height:auto;\" src=\"https:\/\/img.youtube.com\/vi\/x_2DvUXG4Yo\/mqdefault.jpg\" alt=\"Interferenza degli anticorpi materni con la vaccinazione dei suinetti\" \/>\n            <\/div>\n  <\/div>\n  <div class=\"panel-footer\" style=\"background-color: rgba(0, 0, 0, 0);\">Interferenza degli anticorpi materni con la vaccinazione dei suinetti<\/div>\n<\/div>\n <\/div><div style=\"cursor: pointer;\" class=\"col-lg-3 col-sm-4 col-xs-6 \" data-slide-to=\"3\" data-target=\"#emdvideos\" onclick=\"[removed]='#emdvideos'\">\n<div class=\"panel panel-info item-video\">\n  <div class=\"panel-body emd-vid\">\n            <div class=\"thumbnail\" style=\"padding:0;border: 0;border-bottom-left-radius: 0;border-bottom-right-radius: 0;\">\n                <img decoding=\"async\" style=\"width:100%;height:auto;\" src=\"https:\/\/img.youtube.com\/vi\/IHWHn1O5px8\/mqdefault.jpg\" alt=\"Possiamo vaccinare i suinetti contro diverse malattie contemporaneamente?\" \/>\n            <\/div>\n  <\/div>\n  <div class=\"panel-footer\" style=\"background-color: rgba(0, 0, 0, 0);\">Possiamo vaccinare i suinetti contro diverse malattie contemporaneamente?<\/div>\n<\/div>\n <\/div><div style=\"cursor: pointer;\" class=\"col-lg-3 col-sm-4 col-xs-6 \" data-slide-to=\"4\" data-target=\"#emdvideos\" onclick=\"[removed]='#emdvideos'\">\n<div class=\"panel panel-info item-video\">\n  <div class=\"panel-body emd-vid\">\n            <div class=\"thumbnail\" style=\"padding:0;border: 0;border-bottom-left-radius: 0;border-bottom-right-radius: 0;\">\n                <img decoding=\"async\" style=\"width:100%;height:auto;\" src=\"https:\/\/img.youtube.com\/vi\/JzMSJ0sjbFg\/mqdefault.jpg\" alt=\"Vaccinazione intradermica contro la PRRS\" \/>\n            <\/div>\n  <\/div>\n  <div class=\"panel-footer\" style=\"background-color: rgba(0, 0, 0, 0);\">Vaccinazione intradermica contro la PRRS<\/div>\n<\/div>\n <\/div><div style=\"cursor: pointer;\" class=\"col-lg-3 col-sm-4 col-xs-6 \" data-slide-to=\"5\" data-target=\"#emdvideos\" onclick=\"[removed]='#emdvideos'\">\n<div class=\"panel panel-info item-video\">\n  <div class=\"panel-body emd-vid\">\n            <div class=\"thumbnail\" style=\"padding:0;border: 0;border-bottom-left-radius: 0;border-bottom-right-radius: 0;\">\n                <img decoding=\"async\" style=\"width:100%;height:auto;\" src=\"https:\/\/img.youtube.com\/vi\/LQczMAxJYEA\/mqdefault.jpg\" alt=\"Il sequenziamento nel controllo della PRRS\" \/>\n            <\/div>\n  <\/div>\n  <div class=\"panel-footer\" style=\"background-color: rgba(0, 0, 0, 0);\">Il sequenziamento nel controllo della PRRS<\/div>\n<\/div>\n <\/div><div style=\"cursor: pointer;\" class=\"col-lg-3 col-sm-4 col-xs-6 \" data-slide-to=\"6\" data-target=\"#emdvideos\" onclick=\"[removed]='#emdvideos'\">\n<div class=\"panel panel-info item-video\">\n  <div class=\"panel-body emd-vid\">\n            <div class=\"thumbnail\" style=\"padding:0;border: 0;border-bottom-left-radius: 0;border-bottom-right-radius: 0;\">\n                <img decoding=\"async\" style=\"width:100%;height:auto;\" src=\"https:\/\/img.youtube.com\/vi\/LAYebU-leCw\/mqdefault.jpg\" alt=\"Ricombinazione del virus PRRS\" \/>\n            <\/div>\n  <\/div>\n  <div class=\"panel-footer\" style=\"background-color: rgba(0, 0, 0, 0);\">Ricombinazione del virus PRRS<\/div>\n<\/div>\n <\/div><div style=\"cursor: pointer;\" class=\"col-lg-3 col-sm-4 col-xs-6 \" data-slide-to=\"7\" data-target=\"#emdvideos\" onclick=\"[removed]='#emdvideos'\">\n<div class=\"panel panel-info item-video\">\n  <div class=\"panel-body emd-vid\">\n            <div class=\"thumbnail\" style=\"padding:0;border: 0;border-bottom-left-radius: 0;border-bottom-right-radius: 0;\">\n                <img decoding=\"async\" style=\"width:100%;height:auto;\" src=\"https:\/\/img.youtube.com\/vi\/2FmvG6_Pjdc\/mqdefault.jpg\" alt=\"Campioni alternativi per il monitoraggio della PRRS\" \/>\n            <\/div>\n  <\/div>\n  <div class=\"panel-footer\" style=\"background-color: rgba(0, 0, 0, 0);\">Campioni alternativi per il monitoraggio della PRRS<\/div>\n<\/div>\n <\/div><\/div>\t\t\t\t\t<div class='pagination-bar' style='clear:both;'>\n\t\t\t\t\t<ul class='emd-pagination '><li><span class=\"page-numbers current\">1<\/span><\/li><li><a class=\"page-numbers\" href=\"https:\/\/prrscontrol.com\/it\/\/\/page\/2\/\">2<\/a><\/li><li><a class=\"next page-numbers\" href=\"https:\/\/prrscontrol.com\/it\/\/\/page\/2\/\">Successivo &raquo;<\/a><\/li><\/ul>\t\t\t\t\t<\/div>\n\t\t\t\t\t\t\t\t<\/div>\n\t\t\t\t<\/div>\n\t\t\t\t<\/div><!--container-end-->\n<div style=\"text-align:center\" class=\"yasr-auto-insert-visitor\"><\/div>","protected":false},"excerpt":{"rendered":"Uno dei pilastri per il corretto controllo della malattia della PRRS consiste in un regolare monitoraggio del virus in allevamento. Per questo motivo, sono fondamentali metodi di campionamento alternativi che rendano il processo pi\u00f9 semplice, rapido ed economico. Gli esperti condividono con noi le tecniche e i metodi di campionamento pi\u00f9 aggiornati.","protected":false},"author":23,"featured_media":25549,"parent":0,"menu_order":0,"comment_status":"closed","ping_status":"closed","template":"","meta":{"_acf_changed":false,"_cbd_carousel_blocks":"[]","yasr_overall_rating":0,"yasr_post_is_review":"","yasr_auto_insert_disabled":"","yasr_review_type":"","footnotes":""},"categories":[222],"tags":[],"class_list":["post-25509","page","type-page","status-publish","has-post-thumbnail","hentry","category-kolit"],"acf":[],"yasr_visitor_votes":{"number_of_votes":0,"sum_votes":0,"stars_attributes":{"read_only":false,"span_bottom":false}},"_links":{"self":[{"href":"https:\/\/prrscontrol.com\/it\/wp-json\/wp\/v2\/pages\/25509","targetHints":{"allow":["GET"]}}],"collection":[{"href":"https:\/\/prrscontrol.com\/it\/wp-json\/wp\/v2\/pages"}],"about":[{"href":"https:\/\/prrscontrol.com\/it\/wp-json\/wp\/v2\/types\/page"}],"author":[{"embeddable":true,"href":"https:\/\/prrscontrol.com\/it\/wp-json\/wp\/v2\/users\/23"}],"replies":[{"embeddable":true,"href":"https:\/\/prrscontrol.com\/it\/wp-json\/wp\/v2\/comments?post=25509"}],"version-history":[{"count":20,"href":"https:\/\/prrscontrol.com\/it\/wp-json\/wp\/v2\/pages\/25509\/revisions"}],"predecessor-version":[{"id":26462,"href":"https:\/\/prrscontrol.com\/it\/wp-json\/wp\/v2\/pages\/25509\/revisions\/26462"}],"wp:featuredmedia":[{"embeddable":true,"href":"https:\/\/prrscontrol.com\/it\/wp-json\/wp\/v2\/media\/25549"}],"wp:attachment":[{"href":"https:\/\/prrscontrol.com\/it\/wp-json\/wp\/v2\/media?parent=25509"}],"wp:term":[{"taxonomy":"category","embeddable":true,"href":"https:\/\/prrscontrol.com\/it\/wp-json\/wp\/v2\/categories?post=25509"},{"taxonomy":"post_tag","embeddable":true,"href":"https:\/\/prrscontrol.com\/it\/wp-json\/wp\/v2\/tags?post=25509"}],"curies":[{"name":"wp","href":"https:\/\/api.w.org\/{rel}","templated":true}]}}